{"id":24,"date":"2026-02-28T18:46:26","date_gmt":"2026-02-28T18:46:26","guid":{"rendered":"https:\/\/europe-visa.eu\/?page_id=24"},"modified":"2026-02-28T20:16:36","modified_gmt":"2026-02-28T20:16:36","slug":"who-needs-etias","status":"publish","type":"page","link":"https:\/\/europe-visa.eu\/es\/who-needs-etias\/","title":{"rendered":"\u00bfQui\u00e9n necesita ETIAS?"},"content":{"rendered":"<div style=\"background:#e8f4f8;border-left:4px solid #0073aa;padding:20px;margin-bottom:30px;\">\n<strong>Lo m\u00e1s importante:<\/strong> Los ciudadanos de 62 pa\u00edses exentos de visado -entre ellos Estados Unidos, Reino Unido, Canad\u00e1, Australia, Jap\u00f3n y Brasil- necesitar\u00e1n una autorizaci\u00f3n de viaje ETIAS para entrar en el espacio Schengen europeo a partir del cuarto trimestre de 2026. Los ciudadanos de la UE\/Schengen y los nacionales con visado obligatorio no necesitan ETIAS.\n<\/div>\n<h2>\u00bfQui\u00e9n necesita el ETIAS para viajar a Europa?<\/h2>\n<p><strong>El ETIAS es obligatorio para los ciudadanos de 62 pa\u00edses<\/strong> que actualmente disfrutan de la exenci\u00f3n de visado para viajar al espacio Schengen de la Uni\u00f3n Europea. Seg\u00fan la Comisi\u00f3n Europea, se trata de pa\u00edses cuyos nacionales est\u00e1n exentos de la obligaci\u00f3n de visado en virtud del Reglamento 2018\/1806 de la UE (anexo II). A partir del cuarto trimestre de 2026, los viajeros de estos pa\u00edses deber\u00e1n obtener un ETIAS aprobado antes de embarcar en un vuelo, un barco o cruzar una frontera terrestre hacia cualquiera de los 30 pa\u00edses europeos cubiertos por el ETIAS.<\/p>\n<h3>Lista completa de pa\u00edses elegibles para ETIAS por regi\u00f3n<\/h3>\n<p>Los siguientes 62 pa\u00edses se enumeran en el reglamento oficial ETIAS (Reglamento de la UE 2018\/1240, art\u00edculo 2). Los ciudadanos y titulares de pasaporte de estas naciones deben solicitarlo:<\/p>\n<h4>Am\u00e9rica (26 pa\u00edses)<\/h4>\n<table>\n<thead>\n<tr>\n<th>Pa\u00eds<\/th>\n<th>Regi\u00f3n<\/th>\n<th>Estimaci\u00f3n anual de viajeros a la UE<\/th>\n<\/tr>\n<\/thead>\n<tbody>\n<tr>\n<td>\ud83c\uddfa\ud83c\uddf8 Estados Unidos<\/td>\n<td>Norteam\u00e9rica<\/td>\n<td>~15 millones<\/td>\n<\/tr>\n<tr>\n<td>\ud83c\udde8\ud83c\udde6 Canad\u00e1<\/td>\n<td>Norteam\u00e9rica<\/td>\n<td>~4,5 millones<\/td>\n<\/tr>\n<tr>\n<td>\ud83c\udde7\ud83c\uddf7 Brasil<\/td>\n<td>Am\u00e9rica del Sur<\/td>\n<td>~2,5 millones<\/td>\n<\/tr>\n<tr>\n<td>\ud83c\uddf2\ud83c\uddfd M\u00e9xico<\/td>\n<td>Norteam\u00e9rica<\/td>\n<td>~1,5 millones<\/td>\n<\/tr>\n<tr>\n<td>\ud83c\udde6\ud83c\uddf7 Argentina<\/td>\n<td>Am\u00e9rica del Sur<\/td>\n<td>~1,2 millones<\/td>\n<\/tr>\n<tr>\n<td>\ud83c\udde8\ud83c\uddf1 Chile<\/td>\n<td>Am\u00e9rica del Sur<\/td>\n<td>~500,000<\/td>\n<\/tr>\n<tr>\n<td>\ud83c\udde8\ud83c\uddf4 Colombia<\/td>\n<td>Am\u00e9rica del Sur<\/td>\n<td>~400,000<\/td>\n<\/tr>\n<tr>\n<td>\ud83c\udde8\ud83c\uddf7 Costa Rica<\/td>\n<td>Am\u00e9rica Central<\/td>\n<td>-<\/td>\n<\/tr>\n<tr>\n<td>\ud83c\uddfa\ud83c\uddfe Uruguay<\/td>\n<td>Am\u00e9rica del Sur<\/td>\n<td>-<\/td>\n<\/tr>\n<tr>\n<td>\ud83c\uddf5\ud83c\udde6 Panam\u00e1<\/td>\n<td>Am\u00e9rica Central<\/td>\n<td>-<\/td>\n<\/tr>\n<tr>\n<td>\ud83c\uddf5\ud83c\uddfe Paraguay<\/td>\n<td>Am\u00e9rica del Sur<\/td>\n<td>-<\/td>\n<\/tr>\n<tr>\n<td>\ud83c\uddf5\ud83c\uddea Per\u00fa<\/td>\n<td>Am\u00e9rica del Sur<\/td>\n<td>-<\/td>\n<\/tr>\n<tr>\n<td>\ud83c\uddfb\ud83c\uddea Venezuela<\/td>\n<td>Am\u00e9rica del Sur<\/td>\n<td>-<\/td>\n<\/tr>\n<tr>\n<td>\ud83c\udded\ud83c\uddf3 Honduras<\/td>\n<td>Am\u00e9rica Central<\/td>\n<td>-<\/td>\n<\/tr>\n<tr>\n<td>\ud83c\uddf8\ud83c\uddfb El Salvador<\/td>\n<td>Am\u00e9rica Central<\/td>\n<td>-<\/td>\n<\/tr>\n<tr>\n<td>\ud83c\uddec\ud83c\uddf9 Guatemala<\/td>\n<td>Am\u00e9rica Central<\/td>\n<td>-<\/td>\n<\/tr>\n<tr>\n<td>\ud83c\uddf3\ud83c\uddee Nicaragua<\/td>\n<td>Am\u00e9rica Central<\/td>\n<td>-<\/td>\n<\/tr>\n<tr>\n<td>\ud83c\udde9\ud83c\uddf2 Dominica<\/td>\n<td>Caribe<\/td>\n<td>-<\/td>\n<\/tr>\n<tr>\n<td>\ud83c\uddec\ud83c\udde9 Granada<\/td>\n<td>Caribe<\/td>\n<td>-<\/td>\n<\/tr>\n<tr>\n<td>\ud83c\uddf0\ud83c\uddf3 San Crist\u00f3bal y Nieves<\/td>\n<td>Caribe<\/td>\n<td>-<\/td>\n<\/tr>\n<tr>\n<td>\ud83c\uddf1\ud83c\udde8 Santa Luc\u00eda<\/td>\n<td>Caribe<\/td>\n<td>-<\/td>\n<\/tr>\n<tr>\n<td>\ud83c\uddfb\ud83c\udde8 San Vicente y las Granadinas<\/td>\n<td>Caribe<\/td>\n<td>-<\/td>\n<\/tr>\n<tr>\n<td>\ud83c\udde6\ud83c\uddec Antigua y Barbuda<\/td>\n<td>Caribe<\/td>\n<td>-<\/td>\n<\/tr>\n<tr>\n<td>\ud83c\udde7\ud83c\uddf8 Bahamas<\/td>\n<td>Caribe<\/td>\n<td>-<\/td>\n<\/tr>\n<tr>\n<td>\ud83c\udde7\ud83c\udde7 Barbados<\/td>\n<td>Caribe<\/td>\n<td>-<\/td>\n<\/tr>\n<tr>\n<td>\ud83c\uddf9\ud83c\uddf9 Trinidad y Tobago<\/td>\n<td>Caribe<\/td>\n<td>-<\/td>\n<\/tr>\n<\/tbody>\n<\/table>\n<h4>Asia y Pac\u00edfico (18 pa\u00edses)<\/h4>\n<table>\n<thead>\n<tr>\n<th>Pa\u00eds<\/th>\n<th>Regi\u00f3n<\/th>\n<th>Estimaci\u00f3n anual de viajeros a la UE<\/th>\n<\/tr>\n<\/thead>\n<tbody>\n<tr>\n<td>\ud83c\uddef\ud83c\uddf5 Jap\u00f3n<\/td>\n<td>Asia Oriental<\/td>\n<td>~3 millones<\/td>\n<\/tr>\n<tr>\n<td>\ud83c\uddf0\ud83c\uddf7 Corea del Sur<\/td>\n<td>Asia Oriental<\/td>\n<td>~2,5 millones<\/td>\n<\/tr>\n<tr>\n<td>\ud83c\udde6\ud83c\uddfa Australia<\/td>\n<td>Ocean\u00eda<\/td>\n<td>~2 millones<\/td>\n<\/tr>\n<tr>\n<td>\ud83c\uddf3\ud83c\uddff Nueva Zelanda<\/td>\n<td>Ocean\u00eda<\/td>\n<td>~500,000<\/td>\n<\/tr>\n<tr>\n<td>\ud83c\uddf8\ud83c\uddec Singapur<\/td>\n<td>Sudeste asi\u00e1tico<\/td>\n<td>-<\/td>\n<\/tr>\n<tr>\n<td>\ud83c\uddf2\ud83c\uddfe Malasia<\/td>\n<td>Sudeste asi\u00e1tico<\/td>\n<td>-<\/td>\n<\/tr>\n<tr>\n<td>\ud83c\uddf9\ud83c\uddfc Taiw\u00e1n<\/td>\n<td>Asia Oriental<\/td>\n<td>-<\/td>\n<\/tr>\n<tr>\n<td>\ud83c\udde7\ud83c\uddf3 Brunei<\/td>\n<td>Sudeste asi\u00e1tico<\/td>\n<td>-<\/td>\n<\/tr>\n<tr>\n<td>\ud83c\uddf9\ud83c\uddf4 Tonga<\/td>\n<td>Ocean\u00eda<\/td>\n<td>-<\/td>\n<\/tr>\n<tr>\n<td>\ud83c\uddfc\ud83c\uddf8 Samoa<\/td>\n<td>Ocean\u00eda<\/td>\n<td>-<\/td>\n<\/tr>\n<tr>\n<td>\ud83c\uddf8\ud83c\udde7 Islas Salom\u00f3n<\/td>\n<td>Ocean\u00eda<\/td>\n<td>-<\/td>\n<\/tr>\n<tr>\n<td>\ud83c\uddf2\ud83c\udded Islas Marshall<\/td>\n<td>Ocean\u00eda<\/td>\n<td>-<\/td>\n<\/tr>\n<tr>\n<td>\ud83c\uddeb\ud83c\uddf2 Micronesia<\/td>\n<td>Ocean\u00eda<\/td>\n<td>-<\/td>\n<\/tr>\n<tr>\n<td>\ud83c\uddf5\ud83c\uddfc Palau<\/td>\n<td>Ocean\u00eda<\/td>\n<td>-<\/td>\n<\/tr>\n<tr>\n<td>\ud83c\uddf9\ud83c\uddf1 Timor Oriental<\/td>\n<td>Sudeste asi\u00e1tico<\/td>\n<td>-<\/td>\n<\/tr>\n<tr>\n<td>\ud83c\uddfb\ud83c\uddfa Vanuatu<\/td>\n<td>Ocean\u00eda<\/td>\n<td>-<\/td>\n<\/tr>\n<tr>\n<td>\ud83c\uddf9\ud83c\uddfb Tuvalu<\/td>\n<td>Ocean\u00eda<\/td>\n<td>-<\/td>\n<\/tr>\n<tr>\n<td>\ud83c\uddf0\ud83c\uddee Kiribati<\/td>\n<td>Ocean\u00eda<\/td>\n<td>-<\/td>\n<\/tr>\n<\/tbody>\n<\/table>\n<h4>Europa y Oriente Medio (13 pa\u00edses)<\/h4>\n<table>\n<thead>\n<tr>\n<th>Pa\u00eds<\/th>\n<th>Regi\u00f3n<\/th>\n<th>Estimaci\u00f3n anual de viajeros a la UE<\/th>\n<\/tr>\n<\/thead>\n<tbody>\n<tr>\n<td>\ud83c\uddec\ud83c\udde7 Reino Unido<\/td>\n<td>Europa Occidental<\/td>\n<td>~50 millones<\/td>\n<\/tr>\n<tr>\n<td>\ud83c\uddfa\ud83c\udde6 Ucrania<\/td>\n<td>Europa del Este<\/td>\n<td>~5 millones<\/td>\n<\/tr>\n<tr>\n<td>\ud83c\uddee\ud83c\uddf1 Israel<\/td>\n<td>Oriente Pr\u00f3ximo<\/td>\n<td>~2 millones<\/td>\n<\/tr>\n<tr>\n<td>\ud83c\udde6\ud83c\uddea Emiratos \u00c1rabes Unidos<\/td>\n<td>Oriente Pr\u00f3ximo<\/td>\n<td>~1 mill\u00f3n<\/td>\n<\/tr>\n<tr>\n<td>\ud83c\uddf7\ud83c\uddf8 Serbia<\/td>\n<td>Balcanes<\/td>\n<td>-<\/td>\n<\/tr>\n<tr>\n<td>\ud83c\uddec\ud83c\uddea Georgia<\/td>\n<td>C\u00e1ucaso<\/td>\n<td>-<\/td>\n<\/tr>\n<tr>\n<td>\ud83c\udde6\ud83c\uddf1 Albania<\/td>\n<td>Balcanes<\/td>\n<td>-<\/td>\n<\/tr>\n<tr>\n<td>\ud83c\uddf2\ud83c\udde9 Moldavia<\/td>\n<td>Europa del Este<\/td>\n<td>-<\/td>\n<\/tr>\n<tr>\n<td>\ud83c\udde7\ud83c\udde6 Bosnia y Herzegovina<\/td>\n<td>Balcanes<\/td>\n<td>-<\/td>\n<\/tr>\n<tr>\n<td>\ud83c\uddf2\ud83c\uddea Montenegro<\/td>\n<td>Balcanes<\/td>\n<td>-<\/td>\n<\/tr>\n<tr>\n<td>\ud83c\uddf2\ud83c\uddf0 Macedonia del Norte<\/td>\n<td>Balcanes<\/td>\n<td>-<\/td>\n<\/tr>\n<tr>\n<td>\ud83c\uddf2\ud83c\uddfa Mauricio<\/td>\n<td>\u00c1frica<\/td>\n<td>-<\/td>\n<\/tr>\n<tr>\n<td>\ud83c\uddf8\ud83c\udde8 Seychelles<\/td>\n<td>\u00c1frica<\/td>\n<td>-<\/td>\n<\/tr>\n<\/tbody>\n<\/table>\n<h3>\u00bfQui\u00e9n NO necesita ETIAS?<\/h3>\n<p>Los siguientes grupos son <strong>exento de ETIAS<\/strong>, tal como se especifica en el art\u00edculo 2 del Reglamento 2018\/1240 de la UE:<\/p>\n<ul>\n<li><strong>Ciudadanos de la UE y de Schengen<\/strong> - Nacionales de los 27 Estados miembros de la UE y de 4 pa\u00edses de la AELC\/Schengen (Islandia, Liechtenstein, Noruega y Suiza).<\/li>\n<li><strong>Nacionales con visado obligatorio<\/strong> - Los ciudadanos de los pa\u00edses enumerados en el anexo I del Reglamento 2018\/1806 de la UE que necesiten un visado Schengen<\/li>\n<li><strong>Titulares de permiso de residencia de la UE<\/strong> - No nacionales de la UE con permiso de residencia de larga duraci\u00f3n v\u00e1lido en cualquier pa\u00eds de la UE\/Schengen<\/li>\n<li><strong>Familiares de ciudadanos de la UE<\/strong> - Nacionales de terceros pa\u00edses titulares de una tarjeta de residencia en virtud de la Directiva de la UE sobre libre circulaci\u00f3n (2004\/38\/CE)<\/li>\n<li><strong>Titulares de pasaportes diplom\u00e1ticos y de servicio<\/strong> - Viajeros en misi\u00f3n diplom\u00e1tica oficial<\/li>\n<\/ul>\n<h3>\u00bfQu\u00e9 tipos de viajes requieren ETIAS?<\/h3>\n<p>ETIAS es necesario para <strong>visitas de corta duraci\u00f3n<\/strong> de hasta 90 d\u00edas dentro de un periodo de 180 d\u00edas. Cubre:<\/p>\n<table>\n<thead>\n<tr>\n<th>Prop\u00f3sito del viaje<\/th>\n<th>\u00bfEs necesario el ETIAS?<\/th>\n<th>Notas<\/th>\n<\/tr>\n<\/thead>\n<tbody>\n<tr>\n<td><strong>Turismo<\/strong><\/td>\n<td>S\u00ed<\/td>\n<td>Vacaciones, turismo, visitas culturales<\/td>\n<\/tr>\n<tr>\n<td><strong>Empresas<\/strong><\/td>\n<td>S\u00ed<\/td>\n<td>Reuniones, conferencias, ferias<\/td>\n<\/tr>\n<tr>\n<td><strong>Tr\u00e1nsito<\/strong><\/td>\n<td>S\u00ed<\/td>\n<td>Vuelos de conexi\u00f3n a trav\u00e9s de aeropuertos Schengen<\/td>\n<\/tr>\n<tr>\n<td><strong>Tratamiento m\u00e9dico<\/strong><\/td>\n<td>S\u00ed<\/td>\n<td>Visitas m\u00e9dicas de corta duraci\u00f3n<\/td>\n<\/tr>\n<tr>\n<td><strong>Cursos cortos<\/strong><\/td>\n<td>S\u00ed<\/td>\n<td>Programas de menos de 90 d\u00edas<\/td>\n<\/tr>\n<tr>\n<td><strong>Estudio a largo plazo<\/strong><\/td>\n<td>No - visado obligatorio<\/td>\n<td>Los programas de m\u00e1s de 90 d\u00edas necesitan un visado nacional<\/td>\n<\/tr>\n<tr>\n<td><strong>Empleo<\/strong><\/td>\n<td>No - se requiere permiso de trabajo<\/td>\n<td>El trabajo remunerado requiere visado\/permiso de trabajo<\/td>\n<\/tr>\n<\/tbody>\n<\/table>\n<p><em>Fuentes: Comisi\u00f3n Europea (ec.europa.eu), Reglamento de la UE 2018\/1240, Reglamento de la UE 2018\/1806. Estimaciones del volumen de viajes basadas en datos de Eurostat y la OMT. \u00daltima actualizaci\u00f3n: Febrero de 2026.<\/em><\/p>","protected":false},"excerpt":{"rendered":"<p>Key Takeaway: Citizens of 62 visa-exempt countries &mdash; including the United States, United Kingdom, Canada, Australia, Japan, and Brazil &mdash; [&hellip;]<\/p>\n","protected":false},"author":2,"featured_media":0,"parent":0,"menu_order":0,"comment_status":"closed","ping_status":"closed","template":"","meta":{"site-sidebar-layout":"default","site-content-layout":"","ast-site-content-layout":"default","site-content-style":"default","site-sidebar-style":"default","ast-global-header-display":"","ast-banner-title-visibility":"","ast-main-header-display":"","ast-hfb-above-header-display":"","ast-hfb-below-header-display":"","ast-hfb-mobile-header-display":"","site-post-title":"","ast-breadcrumbs-content":"","ast-featured-img":"","footer-sml-layout":"","ast-disable-related-posts":"","theme-transparent-header-meta":"","adv-header-id-meta":"","stick-header-meta":"","header-above-stick-meta":"","header-main-stick-meta":"","header-below-stick-meta":"","astra-migrate-meta-layouts":"default","ast-page-background-enabled":"default","ast-page-background-meta":{"desktop":{"background-color":"var(--ast-global-color-5)","background-image":"","background-repeat":"repeat","background-position":"center center","background-size":"auto","background-attachment":"scroll","background-type":"","background-media":"","overlay-type":"","overlay-color":"","overlay-opacity":"","overlay-gradient":""},"tablet":{"background-color":"","background-image":"","background-repeat":"repeat","background-position":"center center","background-size":"auto","background-attachment":"scroll","background-type":"","background-media":"","overlay-type":"","overlay-color":"","overlay-opacity":"","overlay-gradient":""},"mobile":{"background-color":"","background-image":"","background-repeat":"repeat","background-position":"center center","background-size":"auto","background-attachment":"scroll","background-type":"","background-media":"","overlay-type":"","overlay-color":"","overlay-opacity":"","overlay-gradient":""}},"ast-content-background-meta":{"desktop":{"background-color":"var(--ast-global-color-4)","background-image":"","background-repeat":"repeat","background-position":"center center","background-size":"auto","background-attachment":"scroll","background-type":"","background-media":"","overlay-type":"","overlay-color":"","overlay-opacity":"","overlay-gradient":""},"tablet":{"background-color":"var(--ast-global-color-4)","background-image":"","background-repeat":"repeat","background-position":"center center","background-size":"auto","background-attachment":"scroll","background-type":"","background-media":"","overlay-type":"","overlay-color":"","overlay-opacity":"","overlay-gradient":""},"mobile":{"background-color":"var(--ast-global-color-4)","background-image":"","background-repeat":"repeat","background-position":"center center","background-size":"auto","background-attachment":"scroll","background-type":"","background-media":"","overlay-type":"","overlay-color":"","overlay-opacity":"","overlay-gradient":""}},"footnotes":""},"class_list":["post-24","page","type-page","status-publish","hentry"],"yoast_head":"<!-- This site is optimized with the Yoast SEO plugin v27.0 - https:\/\/yoast.com\/product\/yoast-seo-wordpress\/ -->\n<title>Who Needs ETIAS? - ETIAS - Travel to Europe<\/title>\n<meta name=\"robots\" content=\"index, follow, max-snippet:-1, max-image-preview:large, max-video-preview:-1\" \/>\n<link rel=\"canonical\" href=\"https:\/\/europe-visa.eu\/es\/who-needs-etias\/\" \/>\n<meta property=\"og:locale\" content=\"es_ES\" \/>\n<meta property=\"og:type\" content=\"article\" \/>\n<meta property=\"og:title\" content=\"Who Needs ETIAS? - ETIAS - Travel to Europe\" \/>\n<meta property=\"og:description\" content=\"Key Takeaway: Citizens of 62 visa-exempt countries &mdash; including the United States, United Kingdom, Canada, Australia, Japan, and Brazil &mdash; [&hellip;]\" \/>\n<meta property=\"og:url\" content=\"https:\/\/europe-visa.eu\/es\/who-needs-etias\/\" \/>\n<meta property=\"og:site_name\" content=\"ETIAS - Travel to Europe\" \/>\n<meta property=\"article:modified_time\" content=\"2026-02-28T20:16:36+00:00\" \/>\n<meta name=\"twitter:card\" content=\"summary_large_image\" \/>\n<meta name=\"twitter:label1\" content=\"Tiempo de lectura\" \/>\n\t<meta name=\"twitter:data1\" content=\"4 minutos\" \/>\n<script type=\"application\/ld+json\" class=\"yoast-schema-graph\">{\"@context\":\"https:\/\/schema.org\",\"@graph\":[{\"@type\":\"WebPage\",\"@id\":\"https:\/\/europe-visa.eu\/who-needs-etias\/\",\"url\":\"https:\/\/europe-visa.eu\/who-needs-etias\/\",\"name\":\"Who Needs ETIAS? - ETIAS - Travel to Europe\",\"isPartOf\":{\"@id\":\"https:\/\/europe-visa.eu\/#website\"},\"datePublished\":\"2026-02-28T18:46:26+00:00\",\"dateModified\":\"2026-02-28T20:16:36+00:00\",\"breadcrumb\":{\"@id\":\"https:\/\/europe-visa.eu\/who-needs-etias\/#breadcrumb\"},\"inLanguage\":\"es\",\"potentialAction\":[{\"@type\":\"ReadAction\",\"target\":[\"https:\/\/europe-visa.eu\/who-needs-etias\/\"]}]},{\"@type\":\"BreadcrumbList\",\"@id\":\"https:\/\/europe-visa.eu\/who-needs-etias\/#breadcrumb\",\"itemListElement\":[{\"@type\":\"ListItem\",\"position\":1,\"name\":\"Home\",\"item\":\"https:\/\/europe-visa.eu\/\"},{\"@type\":\"ListItem\",\"position\":2,\"name\":\"Who Needs ETIAS?\"}]},{\"@type\":\"WebSite\",\"@id\":\"https:\/\/europe-visa.eu\/#website\",\"url\":\"https:\/\/europe-visa.eu\/\",\"name\":\"ETIAS - Travel to Europe\",\"description\":\"\",\"publisher\":{\"@id\":\"https:\/\/europe-visa.eu\/#organization\"},\"potentialAction\":[{\"@type\":\"SearchAction\",\"target\":{\"@type\":\"EntryPoint\",\"urlTemplate\":\"https:\/\/europe-visa.eu\/?s={search_term_string}\"},\"query-input\":{\"@type\":\"PropertyValueSpecification\",\"valueRequired\":true,\"valueName\":\"search_term_string\"}}],\"inLanguage\":\"es\"},{\"@type\":\"Organization\",\"@id\":\"https:\/\/europe-visa.eu\/#organization\",\"name\":\"Europe-Visa.eu\",\"url\":\"https:\/\/europe-visa.eu\/\",\"logo\":{\"@type\":\"ImageObject\",\"inLanguage\":\"es\",\"@id\":\"https:\/\/europe-visa.eu\/#\/schema\/logo\/image\/\",\"url\":\"https:\/\/europe-visa.eu\/wp-content\/uploads\/2026\/02\/etias-favicon.png\",\"contentUrl\":\"https:\/\/europe-visa.eu\/wp-content\/uploads\/2026\/02\/etias-favicon.png\",\"width\":512,\"height\":512,\"caption\":\"Europe-Visa.eu\"},\"image\":{\"@id\":\"https:\/\/europe-visa.eu\/#\/schema\/logo\/image\/\"}}]}<\/script>\n<!-- \/ Yoast SEO plugin. -->","yoast_head_json":{"title":"\u00bfQui\u00e9n necesita ETIAS? - ETIAS - Viajar a Europa","robots":{"index":"index","follow":"follow","max-snippet":"max-snippet:-1","max-image-preview":"max-image-preview:large","max-video-preview":"max-video-preview:-1"},"canonical":"https:\/\/europe-visa.eu\/es\/who-needs-etias\/","og_locale":"es_ES","og_type":"article","og_title":"Who Needs ETIAS? - ETIAS - Travel to Europe","og_description":"Key Takeaway: Citizens of 62 visa-exempt countries &mdash; including the United States, United Kingdom, Canada, Australia, Japan, and Brazil &mdash; [&hellip;]","og_url":"https:\/\/europe-visa.eu\/es\/who-needs-etias\/","og_site_name":"ETIAS - Travel to Europe","article_modified_time":"2026-02-28T20:16:36+00:00","twitter_card":"summary_large_image","twitter_misc":{"Tiempo de lectura":"4 minutos"},"schema":{"@context":"https:\/\/schema.org","@graph":[{"@type":"WebPage","@id":"https:\/\/europe-visa.eu\/who-needs-etias\/","url":"https:\/\/europe-visa.eu\/who-needs-etias\/","name":"\u00bfQui\u00e9n necesita ETIAS? - ETIAS - Viajar a Europa","isPartOf":{"@id":"https:\/\/europe-visa.eu\/#website"},"datePublished":"2026-02-28T18:46:26+00:00","dateModified":"2026-02-28T20:16:36+00:00","breadcrumb":{"@id":"https:\/\/europe-visa.eu\/who-needs-etias\/#breadcrumb"},"inLanguage":"es","potentialAction":[{"@type":"ReadAction","target":["https:\/\/europe-visa.eu\/who-needs-etias\/"]}]},{"@type":"BreadcrumbList","@id":"https:\/\/europe-visa.eu\/who-needs-etias\/#breadcrumb","itemListElement":[{"@type":"ListItem","position":1,"name":"Home","item":"https:\/\/europe-visa.eu\/"},{"@type":"ListItem","position":2,"name":"Who Needs ETIAS?"}]},{"@type":"WebSite","@id":"https:\/\/europe-visa.eu\/#website","url":"https:\/\/europe-visa.eu\/","name":"ETIAS - Viajar a Europa","description":"","publisher":{"@id":"https:\/\/europe-visa.eu\/#organization"},"potentialAction":[{"@type":"SearchAction","target":{"@type":"EntryPoint","urlTemplate":"https:\/\/europe-visa.eu\/?s={search_term_string}"},"query-input":{"@type":"PropertyValueSpecification","valueRequired":true,"valueName":"search_term_string"}}],"inLanguage":"es"},{"@type":"Organization","@id":"https:\/\/europe-visa.eu\/#organization","name":"Europa-Visa.eu","url":"https:\/\/europe-visa.eu\/","logo":{"@type":"ImageObject","inLanguage":"es","@id":"https:\/\/europe-visa.eu\/#\/schema\/logo\/image\/","url":"https:\/\/europe-visa.eu\/wp-content\/uploads\/2026\/02\/etias-favicon.png","contentUrl":"https:\/\/europe-visa.eu\/wp-content\/uploads\/2026\/02\/etias-favicon.png","width":512,"height":512,"caption":"Europe-Visa.eu"},"image":{"@id":"https:\/\/europe-visa.eu\/#\/schema\/logo\/image\/"}}]}},"_links":{"self":[{"href":"https:\/\/europe-visa.eu\/es\/wp-json\/wp\/v2\/pages\/24","targetHints":{"allow":["GET"]}}],"collection":[{"href":"https:\/\/europe-visa.eu\/es\/wp-json\/wp\/v2\/pages"}],"about":[{"href":"https:\/\/europe-visa.eu\/es\/wp-json\/wp\/v2\/types\/page"}],"author":[{"embeddable":true,"href":"https:\/\/europe-visa.eu\/es\/wp-json\/wp\/v2\/users\/2"}],"replies":[{"embeddable":true,"href":"https:\/\/europe-visa.eu\/es\/wp-json\/wp\/v2\/comments?post=24"}],"version-history":[{"count":3,"href":"https:\/\/europe-visa.eu\/es\/wp-json\/wp\/v2\/pages\/24\/revisions"}],"predecessor-version":[{"id":111,"href":"https:\/\/europe-visa.eu\/es\/wp-json\/wp\/v2\/pages\/24\/revisions\/111"}],"wp:attachment":[{"href":"https:\/\/europe-visa.eu\/es\/wp-json\/wp\/v2\/media?parent=24"}],"curies":[{"name":"wp","href":"https:\/\/api.w.org\/{rel}","templated":true}]}}