{"id":25,"date":"2026-02-28T18:46:27","date_gmt":"2026-02-28T18:46:27","guid":{"rendered":"https:\/\/europe-visa.eu\/?page_id=25"},"modified":"2026-02-28T20:16:37","modified_gmt":"2026-02-28T20:16:37","slug":"etias-requirements","status":"publish","type":"page","link":"https:\/\/europe-visa.eu\/es\/etias-requirements\/","title":{"rendered":"Requisitos ETIAS"},"content":{"rendered":"<div style=\"background:#e8f4f8;border-left:4px solid #0073aa;padding:20px;margin-bottom:30px;\">\n<strong>Lo m\u00e1s importante:<\/strong> Para solicitar el ETIAS, necesita un pasaporte biom\u00e9trico v\u00e1lido de uno de los 62 pa\u00edses que cumplen los requisitos, una direcci\u00f3n de correo electr\u00f3nico v\u00e1lida y una tarjeta de cr\u00e9dito o d\u00e9bito para pagar la tasa de 20 euros. La solicitud en l\u00ednea tarda unos 10 minutos en completarse y pide informaci\u00f3n personal, sobre el pasaporte, el viaje y la seguridad.\n<\/div>\n<h2>Requisitos de la solicitud ETIAS<\/h2>\n<p><strong>La solicitud ETIAS requiere tres elementos esenciales<\/strong>un pasaporte biom\u00e9trico v\u00e1lido de un pa\u00eds que cumpla los requisitos del ETIAS, una direcci\u00f3n de correo electr\u00f3nico y un m\u00e9todo de pago de la tasa de solicitud de 20 euros. Seg\u00fan la Comisi\u00f3n Europea, el formulario de solicitud se rellena en unos 10 minutos y est\u00e1 disponible en las 24 lenguas oficiales de la UE.<\/p>\n<h3>Qu\u00e9 necesita para solicitar el ETIAS<\/h3>\n<p>Antes de iniciar su solicitud ETIAS, aseg\u00farese de tener preparado lo siguiente:<\/p>\n<table>\n<thead>\n<tr>\n<th>Requisito<\/th>\n<th>Detalles<\/th>\n<th>Notas importantes<\/th>\n<\/tr>\n<\/thead>\n<tbody>\n<tr>\n<td><strong>1. Pasaporte v\u00e1lido<\/strong><\/td>\n<td>Pasaporte biom\u00e9trico de un pa\u00eds admisible al ETIAS<\/td>\n<td>Debe tener una validez m\u00ednima de 3 meses despu\u00e9s de la fecha prevista de salida del espacio Schengen<\/td>\n<\/tr>\n<tr>\n<td><strong>2. 2. Direcci\u00f3n de correo electr\u00f3nico<\/strong><\/td>\n<td>Cuenta de correo electr\u00f3nico activa<\/td>\n<td>Se utiliza para recibir su autorizaci\u00f3n ETIAS y cualquier correspondencia<\/td>\n<\/tr>\n<tr>\n<td><strong>3. 3. Forma de pago<\/strong><\/td>\n<td>Tarjeta de cr\u00e9dito o d\u00e9bito<\/td>\n<td>Tasa de 20 euros (gratuita para viajeros menores de 18 a\u00f1os o mayores de 70)<\/td>\n<\/tr>\n<\/tbody>\n<\/table>\n<h3>Informaci\u00f3n requerida durante la solicitud ETIAS<\/h3>\n<p>El formulario de solicitud ETIAS recoge cuatro categor\u00edas de informaci\u00f3n, tal como se especifica en <strong>Art\u00edculo 17 del Reglamento de la UE 2018\/1240<\/strong>:<\/p>\n<h4>1. 1. Datos personales<\/h4>\n<ul>\n<li>Nombre legal completo (exactamente como figura en el pasaporte)<\/li>\n<li>Fecha y lugar de nacimiento<\/li>\n<li>Nacionalidad (actual y de nacimiento, si es diferente)<\/li>\n<li>G\u00e9nero<\/li>\n<li>Domicilio<\/li>\n<li>Direcci\u00f3n de correo electr\u00f3nico y n\u00famero de tel\u00e9fono<\/li>\n<li>Nombre y apellidos de los padres<\/li>\n<li>Profesi\u00f3n actual y empleador (si procede)<\/li>\n<\/ul>\n<h4>2. Informaci\u00f3n sobre el pasaporte<\/h4>\n<ul>\n<li>N\u00famero de pasaporte<\/li>\n<li>Pa\u00eds de expedici\u00f3n<\/li>\n<li>Fecha de expedici\u00f3n y fecha de expiraci\u00f3n<\/li>\n<\/ul>\n<h4>3. 3. Informaci\u00f3n sobre viajes<\/h4>\n<ul>\n<li>Primer pa\u00eds de entrada en la UE\/Schengen<\/li>\n<li>Prop\u00f3sito del viaje (turismo, negocios, m\u00e9dico, tr\u00e1nsito, educaci\u00f3n u otro)<\/li>\n<li>Direcci\u00f3n de alojamiento prevista en Europa<\/li>\n<\/ul>\n<h4>4. Cuestiones de seguridad, salud y antecedentes<\/h4>\n<ul>\n<li>Antecedentes penales (condenas por delitos graves)<\/li>\n<li>Decisiones anteriores en materia de inmigraci\u00f3n (expulsiones, denegaci\u00f3n de visado, rebasamiento de la duraci\u00f3n de estancia autorizada)<\/li>\n<li>Historial de viajes a zonas de conflicto o regiones afectadas por la guerra<\/li>\n<li>Preguntas relacionadas con la salud (seg\u00fan proceda con arreglo a la normativa de salud p\u00fablica de la UE)<\/li>\n<\/ul>\n<h3>Criterios de admisibilidad del ETIAS<\/h3>\n<p>Para poder optar a una autorizaci\u00f3n de viaje ETIAS, los solicitantes deben cumplir las siguientes condiciones:<\/p>\n<ol>\n<li><strong>Poseer la nacionalidad<\/strong> de uno de los <a href=\"\/es\/who-needs-etias\/\">62 pa\u00edses elegibles para el ETIAS<\/a><\/li>\n<li><strong>Poseer un pasaporte biom\u00e9trico v\u00e1lido<\/strong> con una validez m\u00ednima de 3 meses despu\u00e9s de la estancia prevista<\/li>\n<li><strong>No ser titular de un visado Schengen o de un permiso de residencia de la UE<\/strong> (estos documentos sustituyen la necesidad de ETIAS)<\/li>\n<li><strong>No suponer un riesgo para la seguridad, la salud o la inmigraci\u00f3n ilegal<\/strong> seg\u00fan determine el proceso de selecci\u00f3n automatizado<\/li>\n<\/ol>\n<h3>Estructura de las tasas de solicitud del ETIAS<\/h3>\n<table>\n<thead>\n<tr>\n<th>Categor\u00eda de solicitante<\/th>\n<th>Tasa<\/th>\n<th>Forma de pago<\/th>\n<\/tr>\n<\/thead>\n<tbody>\n<tr>\n<td>Adultos de 18 a 70 a\u00f1os<\/td>\n<td><strong>\u20ac20<\/strong><\/td>\n<td>Tarjeta de cr\u00e9dito o d\u00e9bito<\/td>\n<\/tr>\n<tr>\n<td>Menores de 18 a\u00f1os<\/td>\n<td><strong>Gratis<\/strong><\/td>\n<td>No es necesario pagar<\/td>\n<\/tr>\n<tr>\n<td>Adultos mayores de 70 a\u00f1os<\/td>\n<td><strong>Gratis<\/strong><\/td>\n<td>No es necesario pagar<\/td>\n<\/tr>\n<\/tbody>\n<\/table>\n<p>La tasa de 20 euros fue fijada por la Comisi\u00f3n Europea para cubrir los costes operativos del sistema ETIAS sin dejar de ser accesible a los viajeros. En comparaci\u00f3n, el ESTA estadounidense cuesta $21 USD y el ETA brit\u00e1nico 10 \u00a3.<\/p>\n<h3>Tiempo de tramitaci\u00f3n de ETIAS<\/h3>\n<p>Seg\u00fan eu-LISA, las solicitudes ETIAS siguen un calendario de tramitaci\u00f3n escalonado:<\/p>\n<table>\n<thead>\n<tr>\n<th>Fase de procesamiento<\/th>\n<th>Cronolog\u00eda<\/th>\n<th>Porcentaje de solicitudes<\/th>\n<\/tr>\n<\/thead>\n<tbody>\n<tr>\n<td><strong>Aprobaci\u00f3n automatizada<\/strong><\/td>\n<td>En pocos minutos<\/td>\n<td>~95% de todas las aplicaciones<\/td>\n<\/tr>\n<tr>\n<td><strong>Informaci\u00f3n adicional solicitada<\/strong><\/td>\n<td>Hasta 96 horas<\/td>\n<td>~3% de aplicaciones<\/td>\n<\/tr>\n<tr>\n<td><strong>Revisi\u00f3n manual por las autoridades nacionales<\/strong><\/td>\n<td>Hasta 4 semanas (30 d\u00edas)<\/td>\n<td>~2% de aplicaciones<\/td>\n<\/tr>\n<\/tbody>\n<\/table>\n<p><strong>Recomendaci\u00f3n:<\/strong> Aplique al menos <strong>72 horas antes de la salida<\/strong> para dar tiempo a cualquier tr\u00e1mite adicional. Aunque la mayor\u00eda de las solicitudes se aprueban al instante, planificarlas con antelaci\u00f3n garantiza que su viaje no se vea interrumpido.<\/p>\n<h3>\u00bfQu\u00e9 ocurre tras la aprobaci\u00f3n del ETIAS?<\/h3>\n<p>Una vez aprobada, su autorizaci\u00f3n ETIAS es <strong>vinculado electr\u00f3nicamente a su pasaporte<\/strong>. No existe ning\u00fan documento f\u00edsico, pegatina o sello. Cuando llega a un paso fronterizo Schengen, los guardias fronterizos verifican autom\u00e1ticamente su estatus ETIAS escaneando su pasaporte. Su ETIAS es v\u00e1lido durante:<\/p>\n<ul>\n<li><strong>3 a\u00f1os<\/strong> a partir de la fecha de aprobaci\u00f3n (o hasta que caduque su pasaporte, lo que suceda primero)<\/li>\n<li><strong>Entradas m\u00faltiples<\/strong> en el espacio Schengen durante el per\u00edodo de validez<\/li>\n<li><strong>M\u00e1ximo 90 d\u00edas<\/strong> en un periodo de 180 d\u00edas por estancia<\/li>\n<\/ul>\n<h3>Motivos habituales de denegaci\u00f3n del ETIAS<\/h3>\n<p>Sobre la base de los criterios descritos en el Reglamento 2018\/1240 de la UE, una solicitud ETIAS puede ser denegada si:<\/p>\n<ul>\n<li>El solicitante tiene antecedentes penales por delitos graves<\/li>\n<li>Hay antecedentes de estancia excesiva en el espacio Schengen<\/li>\n<li>Los datos del solicitante coinciden con una alerta de seguridad en las bases de datos del SIS, Europol o Interpol<\/li>\n<li>Se considera que el solicitante supone un riesgo de inmigraci\u00f3n ilegal<\/li>\n<li>Se revoc\u00f3 o anul\u00f3 un visado Schengen anterior<\/li>\n<\/ul>\n<p>Los solicitantes rechazados tienen derecho a <strong>recurrir la decisi\u00f3n<\/strong> a trav\u00e9s de la autoridad nacional del Estado miembro de la UE que tramit\u00f3 la solicitud. El recurso debe presentarse dentro del plazo especificado en la notificaci\u00f3n de denegaci\u00f3n.<\/p>\n<p><em>Fuentes: Comisi\u00f3n Europea (ec.europa.eu), Reglamento de la UE 2018\/1240 Art\u00edculos 17-20, eu-LISA (eulisa.europa.eu). \u00daltima actualizaci\u00f3n: Febrero de 2026.<\/em><\/p>","protected":false},"excerpt":{"rendered":"<p>Key Takeaway: To apply for ETIAS, you need a valid biometric passport from one of 62 eligible countries, a working [&hellip;]<\/p>\n","protected":false},"author":2,"featured_media":0,"parent":0,"menu_order":0,"comment_status":"closed","ping_status":"closed","template":"","meta":{"site-sidebar-layout":"default","site-content-layout":"","ast-site-content-layout":"default","site-content-style":"default","site-sidebar-style":"default","ast-global-header-display":"","ast-banner-title-visibility":"","ast-main-header-display":"","ast-hfb-above-header-display":"","ast-hfb-below-header-display":"","ast-hfb-mobile-header-display":"","site-post-title":"","ast-breadcrumbs-content":"","ast-featured-img":"","footer-sml-layout":"","ast-disable-related-posts":"","theme-transparent-header-meta":"","adv-header-id-meta":"","stick-header-meta":"","header-above-stick-meta":"","header-main-stick-meta":"","header-below-stick-meta":"","astra-migrate-meta-layouts":"default","ast-page-background-enabled":"default","ast-page-background-meta":{"desktop":{"background-color":"var(--ast-global-color-5)","background-image":"","background-repeat":"repeat","background-position":"center center","background-size":"auto","background-attachment":"scroll","background-type":"","background-media":"","overlay-type":"","overlay-color":"","overlay-opacity":"","overlay-gradient":""},"tablet":{"background-color":"","background-image":"","background-repeat":"repeat","background-position":"center center","background-size":"auto","background-attachment":"scroll","background-type":"","background-media":"","overlay-type":"","overlay-color":"","overlay-opacity":"","overlay-gradient":""},"mobile":{"background-color":"","background-image":"","background-repeat":"repeat","background-position":"center center","background-size":"auto","background-attachment":"scroll","background-type":"","background-media":"","overlay-type":"","overlay-color":"","overlay-opacity":"","overlay-gradient":""}},"ast-content-background-meta":{"desktop":{"background-color":"var(--ast-global-color-4)","background-image":"","background-repeat":"repeat","background-position":"center center","background-size":"auto","background-attachment":"scroll","background-type":"","background-media":"","overlay-type":"","overlay-color":"","overlay-opacity":"","overlay-gradient":""},"tablet":{"background-color":"var(--ast-global-color-4)","background-image":"","background-repeat":"repeat","background-position":"center center","background-size":"auto","background-attachment":"scroll","background-type":"","background-media":"","overlay-type":"","overlay-color":"","overlay-opacity":"","overlay-gradient":""},"mobile":{"background-color":"var(--ast-global-color-4)","background-image":"","background-repeat":"repeat","background-position":"center center","background-size":"auto","background-attachment":"scroll","background-type":"","background-media":"","overlay-type":"","overlay-color":"","overlay-opacity":"","overlay-gradient":""}},"footnotes":""},"class_list":["post-25","page","type-page","status-publish","hentry"],"yoast_head":"<!-- This site is optimized with the Yoast SEO plugin v27.0 - https:\/\/yoast.com\/product\/yoast-seo-wordpress\/ -->\n<title>ETIAS Requirements - ETIAS - Travel to Europe<\/title>\n<meta name=\"robots\" content=\"index, follow, max-snippet:-1, max-image-preview:large, max-video-preview:-1\" \/>\n<link rel=\"canonical\" href=\"https:\/\/europe-visa.eu\/es\/etias-requirements\/\" \/>\n<meta property=\"og:locale\" content=\"es_ES\" \/>\n<meta property=\"og:type\" content=\"article\" \/>\n<meta property=\"og:title\" content=\"ETIAS Requirements - ETIAS - Travel to Europe\" \/>\n<meta property=\"og:description\" content=\"Key Takeaway: To apply for ETIAS, you need a valid biometric passport from one of 62 eligible countries, a working [&hellip;]\" \/>\n<meta property=\"og:url\" content=\"https:\/\/europe-visa.eu\/es\/etias-requirements\/\" \/>\n<meta property=\"og:site_name\" content=\"ETIAS - Travel to Europe\" \/>\n<meta property=\"article:modified_time\" content=\"2026-02-28T20:16:37+00:00\" \/>\n<meta name=\"twitter:card\" content=\"summary_large_image\" \/>\n<meta name=\"twitter:label1\" content=\"Tiempo de lectura\" \/>\n\t<meta name=\"twitter:data1\" content=\"4 minutos\" \/>\n<script type=\"application\/ld+json\" class=\"yoast-schema-graph\">{\"@context\":\"https:\/\/schema.org\",\"@graph\":[{\"@type\":\"WebPage\",\"@id\":\"https:\/\/europe-visa.eu\/etias-requirements\/\",\"url\":\"https:\/\/europe-visa.eu\/etias-requirements\/\",\"name\":\"ETIAS Requirements - ETIAS - Travel to Europe\",\"isPartOf\":{\"@id\":\"https:\/\/europe-visa.eu\/#website\"},\"datePublished\":\"2026-02-28T18:46:27+00:00\",\"dateModified\":\"2026-02-28T20:16:37+00:00\",\"breadcrumb\":{\"@id\":\"https:\/\/europe-visa.eu\/etias-requirements\/#breadcrumb\"},\"inLanguage\":\"es\",\"potentialAction\":[{\"@type\":\"ReadAction\",\"target\":[\"https:\/\/europe-visa.eu\/etias-requirements\/\"]}]},{\"@type\":\"BreadcrumbList\",\"@id\":\"https:\/\/europe-visa.eu\/etias-requirements\/#breadcrumb\",\"itemListElement\":[{\"@type\":\"ListItem\",\"position\":1,\"name\":\"Home\",\"item\":\"https:\/\/europe-visa.eu\/\"},{\"@type\":\"ListItem\",\"position\":2,\"name\":\"ETIAS Requirements\"}]},{\"@type\":\"WebSite\",\"@id\":\"https:\/\/europe-visa.eu\/#website\",\"url\":\"https:\/\/europe-visa.eu\/\",\"name\":\"ETIAS - Travel to Europe\",\"description\":\"\",\"publisher\":{\"@id\":\"https:\/\/europe-visa.eu\/#organization\"},\"potentialAction\":[{\"@type\":\"SearchAction\",\"target\":{\"@type\":\"EntryPoint\",\"urlTemplate\":\"https:\/\/europe-visa.eu\/?s={search_term_string}\"},\"query-input\":{\"@type\":\"PropertyValueSpecification\",\"valueRequired\":true,\"valueName\":\"search_term_string\"}}],\"inLanguage\":\"es\"},{\"@type\":\"Organization\",\"@id\":\"https:\/\/europe-visa.eu\/#organization\",\"name\":\"Europe-Visa.eu\",\"url\":\"https:\/\/europe-visa.eu\/\",\"logo\":{\"@type\":\"ImageObject\",\"inLanguage\":\"es\",\"@id\":\"https:\/\/europe-visa.eu\/#\/schema\/logo\/image\/\",\"url\":\"https:\/\/europe-visa.eu\/wp-content\/uploads\/2026\/02\/etias-favicon.png\",\"contentUrl\":\"https:\/\/europe-visa.eu\/wp-content\/uploads\/2026\/02\/etias-favicon.png\",\"width\":512,\"height\":512,\"caption\":\"Europe-Visa.eu\"},\"image\":{\"@id\":\"https:\/\/europe-visa.eu\/#\/schema\/logo\/image\/\"}}]}<\/script>\n<!-- \/ Yoast SEO plugin. -->","yoast_head_json":{"title":"Requisitos ETIAS - ETIAS - Viajar a Europa","robots":{"index":"index","follow":"follow","max-snippet":"max-snippet:-1","max-image-preview":"max-image-preview:large","max-video-preview":"max-video-preview:-1"},"canonical":"https:\/\/europe-visa.eu\/es\/etias-requirements\/","og_locale":"es_ES","og_type":"article","og_title":"ETIAS Requirements - ETIAS - Travel to Europe","og_description":"Key Takeaway: To apply for ETIAS, you need a valid biometric passport from one of 62 eligible countries, a working [&hellip;]","og_url":"https:\/\/europe-visa.eu\/es\/etias-requirements\/","og_site_name":"ETIAS - Travel to Europe","article_modified_time":"2026-02-28T20:16:37+00:00","twitter_card":"summary_large_image","twitter_misc":{"Tiempo de lectura":"4 minutos"},"schema":{"@context":"https:\/\/schema.org","@graph":[{"@type":"WebPage","@id":"https:\/\/europe-visa.eu\/etias-requirements\/","url":"https:\/\/europe-visa.eu\/etias-requirements\/","name":"Requisitos ETIAS - ETIAS - Viajar a Europa","isPartOf":{"@id":"https:\/\/europe-visa.eu\/#website"},"datePublished":"2026-02-28T18:46:27+00:00","dateModified":"2026-02-28T20:16:37+00:00","breadcrumb":{"@id":"https:\/\/europe-visa.eu\/etias-requirements\/#breadcrumb"},"inLanguage":"es","potentialAction":[{"@type":"ReadAction","target":["https:\/\/europe-visa.eu\/etias-requirements\/"]}]},{"@type":"BreadcrumbList","@id":"https:\/\/europe-visa.eu\/etias-requirements\/#breadcrumb","itemListElement":[{"@type":"ListItem","position":1,"name":"Home","item":"https:\/\/europe-visa.eu\/"},{"@type":"ListItem","position":2,"name":"ETIAS Requirements"}]},{"@type":"WebSite","@id":"https:\/\/europe-visa.eu\/#website","url":"https:\/\/europe-visa.eu\/","name":"ETIAS - Viajar a Europa","description":"","publisher":{"@id":"https:\/\/europe-visa.eu\/#organization"},"potentialAction":[{"@type":"SearchAction","target":{"@type":"EntryPoint","urlTemplate":"https:\/\/europe-visa.eu\/?s={search_term_string}"},"query-input":{"@type":"PropertyValueSpecification","valueRequired":true,"valueName":"search_term_string"}}],"inLanguage":"es"},{"@type":"Organization","@id":"https:\/\/europe-visa.eu\/#organization","name":"Europa-Visa.eu","url":"https:\/\/europe-visa.eu\/","logo":{"@type":"ImageObject","inLanguage":"es","@id":"https:\/\/europe-visa.eu\/#\/schema\/logo\/image\/","url":"https:\/\/europe-visa.eu\/wp-content\/uploads\/2026\/02\/etias-favicon.png","contentUrl":"https:\/\/europe-visa.eu\/wp-content\/uploads\/2026\/02\/etias-favicon.png","width":512,"height":512,"caption":"Europe-Visa.eu"},"image":{"@id":"https:\/\/europe-visa.eu\/#\/schema\/logo\/image\/"}}]}},"_links":{"self":[{"href":"https:\/\/europe-visa.eu\/es\/wp-json\/wp\/v2\/pages\/25","targetHints":{"allow":["GET"]}}],"collection":[{"href":"https:\/\/europe-visa.eu\/es\/wp-json\/wp\/v2\/pages"}],"about":[{"href":"https:\/\/europe-visa.eu\/es\/wp-json\/wp\/v2\/types\/page"}],"author":[{"embeddable":true,"href":"https:\/\/europe-visa.eu\/es\/wp-json\/wp\/v2\/users\/2"}],"replies":[{"embeddable":true,"href":"https:\/\/europe-visa.eu\/es\/wp-json\/wp\/v2\/comments?post=25"}],"version-history":[{"count":3,"href":"https:\/\/europe-visa.eu\/es\/wp-json\/wp\/v2\/pages\/25\/revisions"}],"predecessor-version":[{"id":112,"href":"https:\/\/europe-visa.eu\/es\/wp-json\/wp\/v2\/pages\/25\/revisions\/112"}],"wp:attachment":[{"href":"https:\/\/europe-visa.eu\/es\/wp-json\/wp\/v2\/media?parent=25"}],"curies":[{"name":"wp","href":"https:\/\/api.w.org\/{rel}","templated":true}]}}