{"id":28,"date":"2026-02-28T18:46:31","date_gmt":"2026-02-28T18:46:31","guid":{"rendered":"https:\/\/europe-visa.eu\/?page_id=28"},"modified":"2026-03-02T01:13:19","modified_gmt":"2026-03-02T01:13:19","slug":"etias-countries","status":"publish","type":"page","link":"https:\/\/europe-visa.eu\/es\/etias-countries\/","title":{"rendered":"Pa\u00edses ETIAS"},"content":{"rendered":"<div style=\"background: #e8f4f8; border-left: 4px solid #0073aa; padding: 20px; margin-bottom: 30px;\"><strong>Lo m\u00e1s importante:<\/strong> ETIAS abarca 30 pa\u00edses europeos: 27 Estados miembros del espacio Schengen m\u00e1s Bulgaria, Chipre y Ruman\u00eda. Estos pa\u00edses se extienden desde Islandia en el norte hasta Malta en el sur, cubriendo m\u00e1s de 4 millones de kil\u00f3metros cuadrados y m\u00e1s de 400 millones de residentes.<\/div>\n<h2>Pa\u00edses ETIAS: Lista completa de 30 destinos europeos<\/h2>\n<p><strong>Un ETIAS homologado da acceso a 30 pa\u00edses europeos<\/strong>, El Espacio Schengen, que abarca los 27 Estados miembros del Espacio Schengen m\u00e1s otros 3 pa\u00edses que participan en el sistema ETIAS. Juntas, estas naciones forman la mayor zona de libre circulaci\u00f3n del mundo, que permite a los titulares del ETIAS cruzar las fronteras sin controles adicionales durante su estancia. El Espacio Schengen se estableci\u00f3 mediante el Acuerdo de Schengen de 1985 y se ha ampliado de los 5 miembros fundadores originales a 27 pa\u00edses a partir de 2023.<\/p>\n<h3>Los 27 pa\u00edses del espacio Schengen<\/h3>\n<p>Los siguientes pa\u00edses son miembros de pleno derecho del Espacio Schengen. El ETIAS es obligatorio para los viajeros exentos de visado que entren en cualquiera de estas naciones:<\/p>\n<table>\n<thead>\n<tr>\n<th>Pa\u00eds<\/th>\n<th>Capital<\/th>\n<th>Miembro de Schengen desde<\/th>\n<th>Visitantes anuales (millones)<\/th>\n<\/tr>\n<\/thead>\n<tbody>\n<tr>\n<td>\ud83c\udde6\ud83c\uddf9 Austria<\/td>\n<td>Viena<\/td>\n<td>1997<\/td>\n<td>~31<\/td>\n<\/tr>\n<tr>\n<td>\ud83c\udde7\ud83c\uddea B\u00e9lgica<\/td>\n<td>Bruselas<\/td>\n<td>1995<\/td>\n<td>~10<\/td>\n<\/tr>\n<tr>\n<td>\ud83c\udded\ud83c\uddf7 Croacia<\/td>\n<td>Zagreb<\/td>\n<td>2023<\/td>\n<td>~20<\/td>\n<\/tr>\n<tr>\n<td>\ud83c\udde8\ud83c\uddff Rep\u00fablica Checa<\/td>\n<td>Praga<\/td>\n<td>2007<\/td>\n<td>~14<\/td>\n<\/tr>\n<tr>\n<td>\ud83c\udde9\ud83c\uddf0 Dinamarca<\/td>\n<td>Copenhague<\/td>\n<td>2001<\/td>\n<td>~12<\/td>\n<\/tr>\n<tr>\n<td>\ud83c\uddea\ud83c\uddea Estonia<\/td>\n<td>Tallin<\/td>\n<td>2007<\/td>\n<td>~4<\/td>\n<\/tr>\n<tr>\n<td>\ud83c\uddeb\ud83c\uddee Finlandia<\/td>\n<td>Helsinki<\/td>\n<td>2001<\/td>\n<td>~7<\/td>\n<\/tr>\n<tr>\n<td>\ud83c\uddeb\ud83c\uddf7 Francia<\/td>\n<td>Par\u00eds<\/td>\n<td>1995<\/td>\n<td>~100<\/td>\n<\/tr>\n<tr>\n<td>\ud83c\udde9\ud83c\uddea Alemania<\/td>\n<td>Berl\u00edn<\/td>\n<td>1995<\/td>\n<td>~40<\/td>\n<\/tr>\n<tr>\n<td>\ud83c\uddec\ud83c\uddf7 Grecia<\/td>\n<td>Atenas<\/td>\n<td>2000<\/td>\n<td>~33<\/td>\n<\/tr>\n<tr>\n<td>\ud83c\udded\ud83c\uddfa Hungr\u00eda<\/td>\n<td>Budapest<\/td>\n<td>2007<\/td>\n<td>~16<\/td>\n<\/tr>\n<tr>\n<td>\ud83c\uddee\ud83c\uddf8 Islandia<\/td>\n<td>Reikiavik<\/td>\n<td>2001<\/td>\n<td>~2<\/td>\n<\/tr>\n<tr>\n<td>\ud83c\uddee\ud83c\uddf9 Italia<\/td>\n<td>Roma<\/td>\n<td>1997<\/td>\n<td>~65<\/td>\n<\/tr>\n<tr>\n<td>\ud83c\uddf1\ud83c\uddfb Letonia<\/td>\n<td>Riga<\/td>\n<td>2007<\/td>\n<td>~3<\/td>\n<\/tr>\n<tr>\n<td>\ud83c\uddf1\ud83c\uddee Liechtenstein<\/td>\n<td>Vaduz<\/td>\n<td>2011<\/td>\n<td>&lt;1<\/td>\n<\/tr>\n<tr>\n<td>\ud83c\uddf1\ud83c\uddf9 Lituania<\/td>\n<td>Vilna<\/td>\n<td>2007<\/td>\n<td>~3<\/td>\n<\/tr>\n<tr>\n<td>\ud83c\uddf1\ud83c\uddfa Luxemburgo<\/td>\n<td>Ciudad de Luxemburgo<\/td>\n<td>1995<\/td>\n<td>~1<\/td>\n<\/tr>\n<tr>\n<td>\ud83c\uddf2\ud83c\uddf9 Malta<\/td>\n<td>La Valeta<\/td>\n<td>2007<\/td>\n<td>~3<\/td>\n<\/tr>\n<tr>\n<td>\ud83c\uddf3\ud83c\uddf1 Pa\u00edses Bajos<\/td>\n<td>\u00c1msterdam<\/td>\n<td>1995<\/td>\n<td>~21<\/td>\n<\/tr>\n<tr>\n<td>\ud83c\uddf3\ud83c\uddf4 Noruega<\/td>\n<td>Oslo<\/td>\n<td>2001<\/td>\n<td>~7<\/td>\n<\/tr>\n<tr>\n<td>\ud83c\uddf5\ud83c\uddf1 Polonia<\/td>\n<td>Varsovia<\/td>\n<td>2007<\/td>\n<td>~21<\/td>\n<\/tr>\n<tr>\n<td>\ud83c\uddf5\ud83c\uddf9 Portugal<\/td>\n<td>Lisboa<\/td>\n<td>1995<\/td>\n<td>~27<\/td>\n<\/tr>\n<tr>\n<td>\ud83c\uddf8\ud83c\uddf0 Eslovaquia<\/td>\n<td>Bratislava<\/td>\n<td>2007<\/td>\n<td>~6<\/td>\n<\/tr>\n<tr>\n<td>\ud83c\uddf8\ud83c\uddee Eslovenia<\/td>\n<td>Liubliana<\/td>\n<td>2007<\/td>\n<td>~6<\/td>\n<\/tr>\n<tr>\n<td>\ud83c\uddea\ud83c\uddf8 Espa\u00f1a<\/td>\n<td>Madrid<\/td>\n<td>1995<\/td>\n<td>~85<\/td>\n<\/tr>\n<tr>\n<td>\ud83c\uddf8\ud83c\uddea Suecia<\/td>\n<td>Estocolmo<\/td>\n<td>2001<\/td>\n<td>~10<\/td>\n<\/tr>\n<tr>\n<td>\ud83c\udde8\ud83c\udded Suiza<\/td>\n<td>Berna<\/td>\n<td>2008<\/td>\n<td>~12<\/td>\n<\/tr>\n<\/tbody>\n<\/table>\n<h3>3 Pa\u00edses ETIAS adicionales<\/h3>\n<p>Estos pa\u00edses no son miembros de pleno derecho de Schengen, pero participan en el sistema ETIAS:<\/p>\n<table>\n<thead>\n<tr>\n<th>Pa\u00eds<\/th>\n<th>Capital<\/th>\n<th>Estado<\/th>\n<th>Notas<\/th>\n<\/tr>\n<\/thead>\n<tbody>\n<tr>\n<td>\ud83c\udde7\ud83c\uddec Bulgaria<\/td>\n<td>Sof\u00eda<\/td>\n<td>Fronteras a\u00e9reas y mar\u00edtimas Schengen (2024)<\/td>\n<td>Pr\u00f3ximo acceso completo a la frontera terrestre<\/td>\n<\/tr>\n<tr>\n<td>\ud83c\udde8\ud83c\uddfe Chipre<\/td>\n<td>Nicosia<\/td>\n<td>Miembro de la UE, participante en ETIAS<\/td>\n<td>A\u00fan no es miembro de Schengen pero est\u00e1 incluido en ETIAS<\/td>\n<\/tr>\n<tr>\n<td>\ud83c\uddf7\ud83c\uddf4 Ruman\u00eda<\/td>\n<td>Bucarest<\/td>\n<td>Fronteras a\u00e9reas y mar\u00edtimas Schengen (2024)<\/td>\n<td>Pr\u00f3ximo acceso completo a la frontera terrestre<\/td>\n<\/tr>\n<\/tbody>\n<\/table>\n<h3>Comprender la regla de los 90\/180 d\u00edas<\/h3>\n<p>Con el ETIAS, puede viajar libremente entre los 30 pa\u00edses mencionados sin controles fronterizos adicionales. Sin embargo, debe seguir las <strong>Regla de los 90\/180 d\u00edas<\/strong>:<\/p>\n<table>\n<thead>\n<tr>\n<th>Regla<\/th>\n<th>Detalles<\/th>\n<\/tr>\n<\/thead>\n<tbody>\n<tr>\n<td><strong>Estancia m\u00e1xima<\/strong><\/td>\n<td>90 d\u00edas dentro de un periodo m\u00f3vil de 180 d\u00edas<\/td>\n<\/tr>\n<tr>\n<td><strong>M\u00e9todo de c\u00e1lculo<\/strong><\/td>\n<td>Ventana m\u00f3vil (no basada en el calendario)<\/td>\n<\/tr>\n<tr>\n<td><strong>Alcance<\/strong><\/td>\n<td>Los 30 pa\u00edses ETIAS juntos (los d\u00edas no se cuentan por pa\u00eds)<\/td>\n<\/tr>\n<tr>\n<td><strong>Entradas m\u00faltiples<\/strong><\/td>\n<td>Permitido: puede entrar y salir varias veces dentro del l\u00edmite de 90 d\u00edas.<\/td>\n<\/tr>\n<tr>\n<td><strong>Superaci\u00f3n del l\u00edmite<\/strong><\/td>\n<td>Quedarse m\u00e1s tiempo del permitido puede acarrear multas, deportaci\u00f3n y futuras prohibiciones de entrada.<\/td>\n<\/tr>\n<\/tbody>\n<\/table>\n<h3>Pa\u00edses europeos NO cubiertos por ETIAS<\/h3>\n<p>Los siguientes pa\u00edses europeos son <strong>no forma parte del sistema ETIAS<\/strong> y tienen sus propios requisitos de acceso:<\/p>\n<table>\n<thead>\n<tr>\n<th>Pa\u00eds<\/th>\n<th>Sistema de entrada<\/th>\n<th>Notas<\/th>\n<\/tr>\n<\/thead>\n<tbody>\n<tr>\n<td>\ud83c\uddec\ud83c\udde7 Reino Unido<\/td>\n<td>ETA REINO UNIDO (20)<\/td>\n<td>Abandon\u00f3 la UE en 2020; tiene su propio sistema de autorizaci\u00f3n electr\u00f3nica de viaje<\/td>\n<\/tr>\n<tr>\n<td>\ud83c\uddee\ud83c\uddea Irlanda<\/td>\n<td>No se requiere ETA (para la mayor\u00eda de las nacionalidades)<\/td>\n<td>Miembro de la UE pero no del espacio Schengen; mantiene controles fronterizos independientes<\/td>\n<\/tr>\n<tr>\n<td>\ud83c\uddf7\ud83c\uddfa Rusia<\/td>\n<td>Visado obligatorio<\/td>\n<td>No forma parte de la UE ni de Schengen<\/td>\n<\/tr>\n<tr>\n<td>\ud83c\uddf9\ud83c\uddf7 Turqu\u00eda<\/td>\n<td>Visado electr\u00f3nico o visado a la llegada<\/td>\n<td>No forma parte de la UE ni de Schengen<\/td>\n<\/tr>\n<tr>\n<td>\ud83c\uddfa\ud83c\udde6 Ucrania<\/td>\n<td>Exenci\u00f3n de visado para la UE (hasta 90 d\u00edas)<\/td>\n<td>Pa\u00eds candidato a la UE; los viajeros con destino a Ucrania no necesitan el ETIAS<\/td>\n<\/tr>\n<\/tbody>\n<\/table>\n<h3>Espacio Schengen: Datos clave<\/h3>\n<table>\n<thead>\n<tr>\n<th>Dato<\/th>\n<th>Detalles<\/th>\n<\/tr>\n<\/thead>\n<tbody>\n<tr>\n<td><strong>Fundada<\/strong><\/td>\n<td>1985 (Acuerdo de Schengen firmado por 5 pa\u00edses)<\/td>\n<\/tr>\n<tr>\n<td><strong>Miembros actuales<\/strong><\/td>\n<td>27 pa\u00edses (a partir de 2023, con la adhesi\u00f3n de Croacia)<\/td>\n<\/tr>\n<tr>\n<td><strong>Superficie total<\/strong><\/td>\n<td>M\u00e1s de 4,3 millones de km\u00b2<\/td>\n<\/tr>\n<tr>\n<td><strong>Poblaci\u00f3n total<\/strong><\/td>\n<td>Aproximadamente 420 millones de personas<\/td>\n<\/tr>\n<tr>\n<td><strong>Controles en las fronteras interiores<\/strong><\/td>\n<td>Suprimido entre Estados miembros<\/td>\n<\/tr>\n<tr>\n<td><strong>Pasos fronterizos exteriores<\/strong><\/td>\n<td>M\u00e1s de 1.800 pasos fronterizos designados<\/td>\n<\/tr>\n<tr>\n<td><strong>Visitantes anuales de pa\u00edses exentos de visado<\/strong><\/td>\n<td>M\u00e1s de 30 millones (estimaci\u00f3n de la Comisi\u00f3n Europea)<\/td>\n<\/tr>\n<\/tbody>\n<\/table>\n<h2>Gu\u00edas de nacionalidad ETIAS: Informaci\u00f3n espec\u00edfica por pa\u00edses<\/h2>\n<p>Seleccione su pa\u00eds a continuaci\u00f3n para obtener una gu\u00eda detallada sobre los pasos para solicitar el ETIAS, los costes en su moneda local, los documentos necesarios y los destinos europeos m\u00e1s populares para los viajeros de su naci\u00f3n.<\/p>\n<div style=\"background:#f0f7ff;border:1px solid #bee3f8;border-radius:8px;padding:20px;margin:20px 0;\">\n<h3 style=\"color:#2b6cb0;margin-top:0;\">\ud83c\uddea\ud83c\uddfa Am\u00e9rica<\/h3>\n<ul style=\"column-count:2;column-gap:20px;list-style:none;padding:0;\">\n<li style=\"margin-bottom:8px;\">\ud83c\uddfa\ud83c\uddf8 <a href=\"\/es\/etias-for-american-citizens\/\">ETIAS para ciudadanos estadounidenses<\/a><\/li>\n<li style=\"margin-bottom:8px;\">\ud83c\udde8\ud83c\udde6 <a href=\"\/es\/etias-for-canadian-citizens\/\">ETIAS para ciudadanos canadienses<\/a><\/li>\n<li style=\"margin-bottom:8px;\">\ud83c\udde7\ud83c\uddf7 <a href=\"\/es\/etias-for-brazilian-citizens\/\">ETIAS para ciudadanos brasile\u00f1os<\/a><\/li>\n<li style=\"margin-bottom:8px;\">\ud83c\uddf2\ud83c\uddfd <a href=\"\/es\/etias-for-mexican-citizens\/\">ETIAS para ciudadanos mexicanos<\/a><\/li>\n<li style=\"margin-bottom:8px;\">\ud83c\udde6\ud83c\uddf7 <a href=\"\/es\/etias-for-argentinian-citizens\/\">ETIAS para ciudadanos argentinos<\/a><\/li>\n<li style=\"margin-bottom:8px;\">\ud83c\udde8\ud83c\uddf4 <a href=\"\/es\/etias-for-colombian-citizens\/\">ETIAS para ciudadanos colombianos<\/a><\/li>\n<li style=\"margin-bottom:8px;\">\ud83c\udde8\ud83c\uddf1 <a href=\"\/es\/etias-for-chilean-citizens\/\">ETIAS para ciudadanos chilenos<\/a><\/li>\n<li style=\"margin-bottom:8px;\">\ud83c\uddf5\ud83c\uddea <a href=\"\/es\/etias-for-peruvian-citizens\/\">ETIAS para ciudadanos peruanos<\/a><\/li>\n<li style=\"margin-bottom:8px;\">\ud83c\uddfa\ud83c\uddfe <a href=\"\/es\/etias-for-uruguayan-citizens\/\">ETIAS para ciudadanos uruguayos<\/a><\/li>\n<li style=\"margin-bottom:8px;\">\ud83c\udde8\ud83c\uddf7 <a href=\"\/es\/etias-for-costa-rican-citizens\/\">ETIAS para ciudadanos costarricenses<\/a><\/li>\n<\/ul>\n<\/div>\n<div style=\"background:#f0fff4;border:1px solid #c6f6d5;border-radius:8px;padding:20px;margin:20px 0;\">\n<h3 style=\"color:#276749;margin-top:0;\">\ud83c\udf0f Asia y Pac\u00edfico<\/h3>\n<ul style=\"column-count:2;column-gap:20px;list-style:none;padding:0;\">\n<li style=\"margin-bottom:8px;\">\ud83c\udde6\ud83c\uddfa <a href=\"\/es\/etias-for-australian-citizens\/\">ETIAS para ciudadanos australianos<\/a><\/li>\n<li style=\"margin-bottom:8px;\">\ud83c\uddef\ud83c\uddf5 <a href=\"\/es\/etias-for-japanese-citizens\/\">ETIAS para ciudadanos japoneses<\/a><\/li>\n<li style=\"margin-bottom:8px;\">\ud83c\uddf0\ud83c\uddf7 <a href=\"\/es\/etias-for-south-korean-citizens\/\">ETIAS para ciudadanos surcoreanos<\/a><\/li>\n<li style=\"margin-bottom:8px;\">\ud83c\uddf3\ud83c\uddff <a href=\"\/es\/etias-for-new-zealand-citizens\/\">ETIAS para ciudadanos neozelandeses<\/a><\/li>\n<li style=\"margin-bottom:8px;\">\ud83c\uddf8\ud83c\uddec <a href=\"\/es\/etias-for-singaporean-citizens\/\">ETIAS para ciudadanos de Singapur<\/a><\/li>\n<li style=\"margin-bottom:8px;\">\ud83c\uddf2\ud83c\uddfe <a href=\"\/es\/etias-for-malaysian-citizens\/\">ETIAS para ciudadanos malasios<\/a><\/li>\n<li style=\"margin-bottom:8px;\">\ud83c\uddf9\ud83c\uddfc <a href=\"\/es\/etias-for-taiwanese-citizens\/\">ETIAS para ciudadanos taiwaneses<\/a><\/li>\n<li style=\"margin-bottom:8px;\">\ud83c\udded\ud83c\uddf0 <a href=\"\/es\/etias-for-hong-kong-citizens\/\">ETIAS para ciudadanos de Hong Kong<\/a><\/li>\n<li style=\"margin-bottom:8px;\">\ud83c\udde6\ud83c\uddea <a href=\"\/es\/etias-for-emirati-citizens\/\">ETIAS para ciudadanos de los EAU\/Emirati<\/a><\/li>\n<li style=\"margin-bottom:8px;\">\ud83c\uddee\ud83c\uddf1 <a href=\"\/es\/etias-for-israeli-citizens\/\">ETIAS para ciudadanos israel\u00edes<\/a><\/li>\n<\/ul>\n<\/div>\n<div style=\"background:#faf5ff;border:1px solid #e9d8fd;border-radius:8px;padding:20px;margin:20px 0;\">\n<h3 style=\"color:#553c9a;margin-top:0;\">\ud83c\uddea\ud83c\uddfa Europa y otros<\/h3>\n<ul style=\"column-count:2;column-gap:20px;list-style:none;padding:0;\">\n<li style=\"margin-bottom:8px;\">\ud83c\uddec\ud83c\udde7 <a href=\"\/es\/etias-for-british-citizens\/\">ETIAS para ciudadanos brit\u00e1nicos<\/a><\/li>\n<li style=\"margin-bottom:8px;\">\ud83c\uddfa\ud83c\udde6 <a href=\"\/es\/etias-for-ukrainian-citizens\/\">ETIAS para ciudadanos ucranianos<\/a><\/li>\n<li style=\"margin-bottom:8px;\">\ud83c\uddf7\ud83c\uddf8 <a href=\"\/es\/etias-for-serbian-citizens\/\">ETIAS para ciudadanos serbios<\/a><\/li>\n<li style=\"margin-bottom:8px;\">\ud83c\udde6\ud83c\uddf1 <a href=\"\/es\/etias-for-albanian-citizens\/\">ETIAS para ciudadanos albaneses<\/a><\/li>\n<li style=\"margin-bottom:8px;\">\ud83c\udde7\ud83c\udde6 <a href=\"\/es\/etias-for-bosnian-citizens\/\">ETIAS para ciudadanos bosnios<\/a><\/li>\n<li style=\"margin-bottom:8px;\">\ud83c\uddf2\ud83c\udde9 <a href=\"\/es\/etias-for-moldovan-citizens\/\">ETIAS para ciudadanos moldavos<\/a><\/li>\n<li style=\"margin-bottom:8px;\">\ud83c\uddf2\ud83c\uddf0 <a href=\"\/es\/etias-for-north-macedonian-citizens\/\">ETIAS para ciudadanos de Macedonia del Norte<\/a><\/li>\n<li style=\"margin-bottom:8px;\">\ud83c\uddf2\ud83c\uddea <a href=\"\/es\/etias-for-montenegrin-citizens\/\">ETIAS para ciudadanos montenegrinos<\/a><\/li>\n<li style=\"margin-bottom:8px;\">\ud83c\uddec\ud83c\uddea <a href=\"\/es\/etias-for-georgian-citizens\/\">ETIAS para ciudadanos georgianos<\/a><\/li>\n<\/ul>\n<\/div>\n<p><em>Fuentes: Comisi\u00f3n Europea (ec.europa.eu), estad\u00edsticas de turismo de Eurostat, Bar\u00f3metro OMT del Turismo Mundial, estad\u00edsticas de visados Schengen (datos de 2024). \u00daltima actualizaci\u00f3n: Febrero de 2026.<\/em><\/p>","protected":false},"excerpt":{"rendered":"<p>Key Takeaway: ETIAS covers 30 European countries: 27 Schengen Area member states plus Bulgaria, Cyprus, and Romania. These countries span [&hellip;]<\/p>\n","protected":false},"author":2,"featured_media":0,"parent":0,"menu_order":0,"comment_status":"closed","ping_status":"closed","template":"","meta":{"site-sidebar-layout":"default","site-content-layout":"","ast-site-content-layout":"default","site-content-style":"default","site-sidebar-style":"default","ast-global-header-display":"","ast-banner-title-visibility":"","ast-main-header-display":"","ast-hfb-above-header-display":"","ast-hfb-below-header-display":"","ast-hfb-mobile-header-display":"","site-post-title":"","ast-breadcrumbs-content":"","ast-featured-img":"","footer-sml-layout":"","ast-disable-related-posts":"","theme-transparent-header-meta":"default","adv-header-id-meta":"","stick-header-meta":"","header-above-stick-meta":"","header-main-stick-meta":"","header-below-stick-meta":"","astra-migrate-meta-layouts":"set","ast-page-background-enabled":"default","ast-page-background-meta":{"desktop":{"background-color":"var(--ast-global-color-5)","background-image":"","background-repeat":"repeat","background-position":"center center","background-size":"auto","background-attachment":"scroll","background-type":"","background-media":"","overlay-type":"","overlay-color":"","overlay-opacity":"","overlay-gradient":""},"tablet":{"background-color":"","background-image":"","background-repeat":"repeat","background-position":"center center","background-size":"auto","background-attachment":"scroll","background-type":"","background-media":"","overlay-type":"","overlay-color":"","overlay-opacity":"","overlay-gradient":""},"mobile":{"background-color":"","background-image":"","background-repeat":"repeat","background-position":"center center","background-size":"auto","background-attachment":"scroll","background-type":"","background-media":"","overlay-type":"","overlay-color":"","overlay-opacity":"","overlay-gradient":""}},"ast-content-background-meta":{"desktop":{"background-color":"var(--ast-global-color-4)","background-image":"","background-repeat":"repeat","background-position":"center center","background-size":"auto","background-attachment":"scroll","background-type":"","background-media":"","overlay-type":"","overlay-color":"","overlay-opacity":"","overlay-gradient":""},"tablet":{"background-color":"var(--ast-global-color-4)","background-image":"","background-repeat":"repeat","background-position":"center center","background-size":"auto","background-attachment":"scroll","background-type":"","background-media":"","overlay-type":"","overlay-color":"","overlay-opacity":"","overlay-gradient":""},"mobile":{"background-color":"var(--ast-global-color-4)","background-image":"","background-repeat":"repeat","background-position":"center center","background-size":"auto","background-attachment":"scroll","background-type":"","background-media":"","overlay-type":"","overlay-color":"","overlay-opacity":"","overlay-gradient":""}},"footnotes":""},"class_list":["post-28","page","type-page","status-publish","hentry"],"yoast_head":"<!-- This site is optimized with the Yoast SEO plugin v27.0 - https:\/\/yoast.com\/product\/yoast-seo-wordpress\/ -->\n<title>ETIAS Countries - ETIAS - Travel to Europe<\/title>\n<meta name=\"robots\" content=\"index, follow, max-snippet:-1, max-image-preview:large, max-video-preview:-1\" \/>\n<link rel=\"canonical\" href=\"https:\/\/europe-visa.eu\/es\/etias-countries\/\" \/>\n<meta property=\"og:locale\" content=\"es_ES\" \/>\n<meta property=\"og:type\" content=\"article\" \/>\n<meta property=\"og:title\" content=\"ETIAS Countries - ETIAS - Travel to Europe\" \/>\n<meta property=\"og:description\" content=\"Key Takeaway: ETIAS covers 30 European countries: 27 Schengen Area member states plus Bulgaria, Cyprus, and Romania. These countries span [&hellip;]\" \/>\n<meta property=\"og:url\" content=\"https:\/\/europe-visa.eu\/es\/etias-countries\/\" \/>\n<meta property=\"og:site_name\" content=\"ETIAS - Travel to Europe\" \/>\n<meta property=\"article:modified_time\" content=\"2026-03-02T01:13:19+00:00\" \/>\n<meta name=\"twitter:card\" content=\"summary_large_image\" \/>\n<meta name=\"twitter:label1\" content=\"Tiempo de lectura\" \/>\n\t<meta name=\"twitter:data1\" content=\"3 minutos\" \/>\n<script type=\"application\/ld+json\" class=\"yoast-schema-graph\">{\"@context\":\"https:\/\/schema.org\",\"@graph\":[{\"@type\":\"WebPage\",\"@id\":\"https:\/\/europe-visa.eu\/etias-countries\/\",\"url\":\"https:\/\/europe-visa.eu\/etias-countries\/\",\"name\":\"ETIAS Countries - ETIAS - Travel to Europe\",\"isPartOf\":{\"@id\":\"https:\/\/europe-visa.eu\/#website\"},\"datePublished\":\"2026-02-28T18:46:31+00:00\",\"dateModified\":\"2026-03-02T01:13:19+00:00\",\"breadcrumb\":{\"@id\":\"https:\/\/europe-visa.eu\/etias-countries\/#breadcrumb\"},\"inLanguage\":\"es\",\"potentialAction\":[{\"@type\":\"ReadAction\",\"target\":[\"https:\/\/europe-visa.eu\/etias-countries\/\"]}]},{\"@type\":\"BreadcrumbList\",\"@id\":\"https:\/\/europe-visa.eu\/etias-countries\/#breadcrumb\",\"itemListElement\":[{\"@type\":\"ListItem\",\"position\":1,\"name\":\"Home\",\"item\":\"https:\/\/europe-visa.eu\/\"},{\"@type\":\"ListItem\",\"position\":2,\"name\":\"ETIAS Countries\"}]},{\"@type\":\"WebSite\",\"@id\":\"https:\/\/europe-visa.eu\/#website\",\"url\":\"https:\/\/europe-visa.eu\/\",\"name\":\"ETIAS - Travel to Europe\",\"description\":\"\",\"publisher\":{\"@id\":\"https:\/\/europe-visa.eu\/#organization\"},\"potentialAction\":[{\"@type\":\"SearchAction\",\"target\":{\"@type\":\"EntryPoint\",\"urlTemplate\":\"https:\/\/europe-visa.eu\/?s={search_term_string}\"},\"query-input\":{\"@type\":\"PropertyValueSpecification\",\"valueRequired\":true,\"valueName\":\"search_term_string\"}}],\"inLanguage\":\"es\"},{\"@type\":\"Organization\",\"@id\":\"https:\/\/europe-visa.eu\/#organization\",\"name\":\"Europe-Visa.eu\",\"url\":\"https:\/\/europe-visa.eu\/\",\"logo\":{\"@type\":\"ImageObject\",\"inLanguage\":\"es\",\"@id\":\"https:\/\/europe-visa.eu\/#\/schema\/logo\/image\/\",\"url\":\"https:\/\/europe-visa.eu\/wp-content\/uploads\/2026\/02\/etias-favicon.png\",\"contentUrl\":\"https:\/\/europe-visa.eu\/wp-content\/uploads\/2026\/02\/etias-favicon.png\",\"width\":512,\"height\":512,\"caption\":\"Europe-Visa.eu\"},\"image\":{\"@id\":\"https:\/\/europe-visa.eu\/#\/schema\/logo\/image\/\"}}]}<\/script>\n<!-- \/ Yoast SEO plugin. -->","yoast_head_json":{"title":"Pa\u00edses ETIAS - ETIAS - Viajar a Europa","robots":{"index":"index","follow":"follow","max-snippet":"max-snippet:-1","max-image-preview":"max-image-preview:large","max-video-preview":"max-video-preview:-1"},"canonical":"https:\/\/europe-visa.eu\/es\/etias-countries\/","og_locale":"es_ES","og_type":"article","og_title":"ETIAS Countries - ETIAS - Travel to Europe","og_description":"Key Takeaway: ETIAS covers 30 European countries: 27 Schengen Area member states plus Bulgaria, Cyprus, and Romania. These countries span [&hellip;]","og_url":"https:\/\/europe-visa.eu\/es\/etias-countries\/","og_site_name":"ETIAS - Travel to Europe","article_modified_time":"2026-03-02T01:13:19+00:00","twitter_card":"summary_large_image","twitter_misc":{"Tiempo de lectura":"3 minutos"},"schema":{"@context":"https:\/\/schema.org","@graph":[{"@type":"WebPage","@id":"https:\/\/europe-visa.eu\/etias-countries\/","url":"https:\/\/europe-visa.eu\/etias-countries\/","name":"Pa\u00edses ETIAS - ETIAS - Viajar a Europa","isPartOf":{"@id":"https:\/\/europe-visa.eu\/#website"},"datePublished":"2026-02-28T18:46:31+00:00","dateModified":"2026-03-02T01:13:19+00:00","breadcrumb":{"@id":"https:\/\/europe-visa.eu\/etias-countries\/#breadcrumb"},"inLanguage":"es","potentialAction":[{"@type":"ReadAction","target":["https:\/\/europe-visa.eu\/etias-countries\/"]}]},{"@type":"BreadcrumbList","@id":"https:\/\/europe-visa.eu\/etias-countries\/#breadcrumb","itemListElement":[{"@type":"ListItem","position":1,"name":"Home","item":"https:\/\/europe-visa.eu\/"},{"@type":"ListItem","position":2,"name":"ETIAS Countries"}]},{"@type":"WebSite","@id":"https:\/\/europe-visa.eu\/#website","url":"https:\/\/europe-visa.eu\/","name":"ETIAS - Viajar a Europa","description":"","publisher":{"@id":"https:\/\/europe-visa.eu\/#organization"},"potentialAction":[{"@type":"SearchAction","target":{"@type":"EntryPoint","urlTemplate":"https:\/\/europe-visa.eu\/?s={search_term_string}"},"query-input":{"@type":"PropertyValueSpecification","valueRequired":true,"valueName":"search_term_string"}}],"inLanguage":"es"},{"@type":"Organization","@id":"https:\/\/europe-visa.eu\/#organization","name":"Europa-Visa.eu","url":"https:\/\/europe-visa.eu\/","logo":{"@type":"ImageObject","inLanguage":"es","@id":"https:\/\/europe-visa.eu\/#\/schema\/logo\/image\/","url":"https:\/\/europe-visa.eu\/wp-content\/uploads\/2026\/02\/etias-favicon.png","contentUrl":"https:\/\/europe-visa.eu\/wp-content\/uploads\/2026\/02\/etias-favicon.png","width":512,"height":512,"caption":"Europe-Visa.eu"},"image":{"@id":"https:\/\/europe-visa.eu\/#\/schema\/logo\/image\/"}}]}},"_links":{"self":[{"href":"https:\/\/europe-visa.eu\/es\/wp-json\/wp\/v2\/pages\/28","targetHints":{"allow":["GET"]}}],"collection":[{"href":"https:\/\/europe-visa.eu\/es\/wp-json\/wp\/v2\/pages"}],"about":[{"href":"https:\/\/europe-visa.eu\/es\/wp-json\/wp\/v2\/types\/page"}],"author":[{"embeddable":true,"href":"https:\/\/europe-visa.eu\/es\/wp-json\/wp\/v2\/users\/2"}],"replies":[{"embeddable":true,"href":"https:\/\/europe-visa.eu\/es\/wp-json\/wp\/v2\/comments?post=28"}],"version-history":[{"count":6,"href":"https:\/\/europe-visa.eu\/es\/wp-json\/wp\/v2\/pages\/28\/revisions"}],"predecessor-version":[{"id":1059,"href":"https:\/\/europe-visa.eu\/es\/wp-json\/wp\/v2\/pages\/28\/revisions\/1059"}],"wp:attachment":[{"href":"https:\/\/europe-visa.eu\/es\/wp-json\/wp\/v2\/media?parent=28"}],"curies":[{"name":"wp","href":"https:\/\/api.w.org\/{rel}","templated":true}]}}