{"id":24,"date":"2026-02-28T18:46:26","date_gmt":"2026-02-28T18:46:26","guid":{"rendered":"https:\/\/europe-visa.eu\/?page_id=24"},"modified":"2026-02-28T20:16:36","modified_gmt":"2026-02-28T20:16:36","slug":"who-needs-etias","status":"publish","type":"page","link":"https:\/\/europe-visa.eu\/fr\/who-needs-etias\/","title":{"rendered":"Qui a besoin d'ETIAS ?"},"content":{"rendered":"<div style=\"background:#e8f4f8;border-left:4px solid #0073aa;padding:20px;margin-bottom:30px;\">\n<strong>Principaux enseignements :<\/strong> Les citoyens de 62 pays exempt\u00e9s de visa - dont les \u00c9tats-Unis, le Royaume-Uni, le Canada, l'Australie, le Japon et le Br\u00e9sil - auront besoin d'une autorisation de voyage ETIAS pour entrer dans l'espace Schengen europ\u00e9en \u00e0 partir du quatri\u00e8me trimestre 2026. Les citoyens de l'UE\/Schengen et les ressortissants soumis \u00e0 l'obligation de visa n'ont pas besoin d'ETIAS.\n<\/div>\n<h2>Qui a besoin d'ETIAS pour voyager en Europe ?<\/h2>\n<p><strong>L'ETIAS est obligatoire pour les citoyens de 62 pays.<\/strong> qui b\u00e9n\u00e9ficient actuellement d'une exemption de visa pour se rendre dans l'espace Schengen de l'Union europ\u00e9enne. Selon la Commission europ\u00e9enne, il s'agit des pays dont les ressortissants sont exempt\u00e9s de l'obligation de visa en vertu du r\u00e8glement (UE) 2018\/1806 (annexe II). \u00c0 partir du quatri\u00e8me trimestre 2026, les voyageurs de ces pays devront obtenir un ETIAS approuv\u00e9 avant d'embarquer sur un vol, un bateau ou de franchir une fronti\u00e8re terrestre dans l'un des 30 pays europ\u00e9ens couverts par l'ETIAS.<\/p>\n<h3>Liste compl\u00e8te des pays \u00e9ligibles au programme ETIAS par r\u00e9gion<\/h3>\n<p>Les 62 pays suivants sont \u00e9num\u00e9r\u00e9s dans le r\u00e8glement officiel ETIAS (r\u00e8glement UE 2018\/1240, article 2). Les citoyens et les titulaires de passeport de ces nations doivent pr\u00e9senter une demande :<\/p>\n<h4>Am\u00e9riques (26 pays)<\/h4>\n<table>\n<thead>\n<tr>\n<th>Pays<\/th>\n<th>R\u00e9gion<\/th>\n<th>Estimation du nombre de voyageurs annuels vers l'UE<\/th>\n<\/tr>\n<\/thead>\n<tbody>\n<tr>\n<td>\ud83c\uddfa\ud83c\uddf8 \u00c9tats-Unis<\/td>\n<td>Am\u00e9rique du Nord<\/td>\n<td>~15 millions<\/td>\n<\/tr>\n<tr>\n<td>\ud83c\udde8\ud83c\udde6 Canada<\/td>\n<td>Am\u00e9rique du Nord<\/td>\n<td>~4,5 millions<\/td>\n<\/tr>\n<tr>\n<td>\ud83c\udde7\ud83c\uddf7 Br\u00e9sil<\/td>\n<td>Am\u00e9rique du Sud<\/td>\n<td>~2,5 millions<\/td>\n<\/tr>\n<tr>\n<td>\ud83c\uddf2\ud83c\uddfd Mexique<\/td>\n<td>Am\u00e9rique du Nord<\/td>\n<td>~1,5 million<\/td>\n<\/tr>\n<tr>\n<td>\ud83c\udde6\ud83c\uddf7 Argentine<\/td>\n<td>Am\u00e9rique du Sud<\/td>\n<td>~1,2 million<\/td>\n<\/tr>\n<tr>\n<td>\ud83c\udde8\ud83c\uddf1 Chili<\/td>\n<td>Am\u00e9rique du Sud<\/td>\n<td>~500,000<\/td>\n<\/tr>\n<tr>\n<td>\ud83c\udde8\ud83c\uddf4 Colombie<\/td>\n<td>Am\u00e9rique du Sud<\/td>\n<td>~400,000<\/td>\n<\/tr>\n<tr>\n<td>\ud83c\udde8\ud83c\uddf7 Costa Rica<\/td>\n<td>Am\u00e9rique centrale<\/td>\n<td>-<\/td>\n<\/tr>\n<tr>\n<td>\ud83c\uddfa\ud83c\uddfe Uruguay<\/td>\n<td>Am\u00e9rique du Sud<\/td>\n<td>-<\/td>\n<\/tr>\n<tr>\n<td>\ud83c\uddf5\ud83c\udde6 Panama<\/td>\n<td>Am\u00e9rique centrale<\/td>\n<td>-<\/td>\n<\/tr>\n<tr>\n<td>\ud83c\uddf5\ud83c\uddfe Paraguay<\/td>\n<td>Am\u00e9rique du Sud<\/td>\n<td>-<\/td>\n<\/tr>\n<tr>\n<td>\ud83c\uddf5\ud83c\uddea P\u00e9rou<\/td>\n<td>Am\u00e9rique du Sud<\/td>\n<td>-<\/td>\n<\/tr>\n<tr>\n<td>\ud83c\uddfb\ud83c\uddea Venezuela<\/td>\n<td>Am\u00e9rique du Sud<\/td>\n<td>-<\/td>\n<\/tr>\n<tr>\n<td>\ud83c\udded\ud83c\uddf3 Honduras<\/td>\n<td>Am\u00e9rique centrale<\/td>\n<td>-<\/td>\n<\/tr>\n<tr>\n<td>\ud83c\uddf8\ud83c\uddfb El Salvador<\/td>\n<td>Am\u00e9rique centrale<\/td>\n<td>-<\/td>\n<\/tr>\n<tr>\n<td>\ud83c\uddec\ud83c\uddf9 Guatemala<\/td>\n<td>Am\u00e9rique centrale<\/td>\n<td>-<\/td>\n<\/tr>\n<tr>\n<td>\ud83c\uddf3\ud83c\uddee Nicaragua<\/td>\n<td>Am\u00e9rique centrale<\/td>\n<td>-<\/td>\n<\/tr>\n<tr>\n<td>\ud83c\udde9\ud83c\uddf2 Dominique<\/td>\n<td>Cara\u00efbes<\/td>\n<td>-<\/td>\n<\/tr>\n<tr>\n<td>\ud83c\uddec\ud83c\udde9 Grenade<\/td>\n<td>Cara\u00efbes<\/td>\n<td>-<\/td>\n<\/tr>\n<tr>\n<td>\ud83c\uddf0\ud83c\uddf3 Saint-Kitts-et-Nevis<\/td>\n<td>Cara\u00efbes<\/td>\n<td>-<\/td>\n<\/tr>\n<tr>\n<td>\ud83c\uddf1\ud83c\udde8 Sainte-Lucie<\/td>\n<td>Cara\u00efbes<\/td>\n<td>-<\/td>\n<\/tr>\n<tr>\n<td>\ud83c\uddfb\ud83c\udde8 Saint-Vincent-et-les-Grenadines<\/td>\n<td>Cara\u00efbes<\/td>\n<td>-<\/td>\n<\/tr>\n<tr>\n<td>\ud83c\udde6\ud83c\uddec Antigua et Barbuda<\/td>\n<td>Cara\u00efbes<\/td>\n<td>-<\/td>\n<\/tr>\n<tr>\n<td>\ud83c\udde7\ud83c\uddf8 Bahamas<\/td>\n<td>Cara\u00efbes<\/td>\n<td>-<\/td>\n<\/tr>\n<tr>\n<td>\ud83c\udde7\ud83c\udde7 Barbade<\/td>\n<td>Cara\u00efbes<\/td>\n<td>-<\/td>\n<\/tr>\n<tr>\n<td>\ud83c\uddf9\ud83c\uddf9 Trinit\u00e9-et-Tobago<\/td>\n<td>Cara\u00efbes<\/td>\n<td>-<\/td>\n<\/tr>\n<\/tbody>\n<\/table>\n<h4>Asie et Pacifique (18 pays)<\/h4>\n<table>\n<thead>\n<tr>\n<th>Pays<\/th>\n<th>R\u00e9gion<\/th>\n<th>Estimation du nombre de voyageurs annuels vers l'UE<\/th>\n<\/tr>\n<\/thead>\n<tbody>\n<tr>\n<td>\ud83c\uddef\ud83c\uddf5 Japon<\/td>\n<td>Asie de l'Est<\/td>\n<td>~3 millions<\/td>\n<\/tr>\n<tr>\n<td>\ud83c\uddf0\ud83c\uddf7 Cor\u00e9e du Sud<\/td>\n<td>Asie de l'Est<\/td>\n<td>~2,5 millions<\/td>\n<\/tr>\n<tr>\n<td>\ud83c\udde6\ud83c\uddfa Australie<\/td>\n<td>Oc\u00e9anie<\/td>\n<td>~2 millions<\/td>\n<\/tr>\n<tr>\n<td>\ud83c\uddf3\ud83c\uddff Nouvelle-Z\u00e9lande<\/td>\n<td>Oc\u00e9anie<\/td>\n<td>~500,000<\/td>\n<\/tr>\n<tr>\n<td>\ud83c\uddf8\ud83c\uddec Singapour<\/td>\n<td>Asie du Sud-Est<\/td>\n<td>-<\/td>\n<\/tr>\n<tr>\n<td>\ud83c\uddf2\ud83c\uddfe Malaisie<\/td>\n<td>Asie du Sud-Est<\/td>\n<td>-<\/td>\n<\/tr>\n<tr>\n<td>\ud83c\uddf9\ud83c\uddfc Ta\u00efwan<\/td>\n<td>Asie de l'Est<\/td>\n<td>-<\/td>\n<\/tr>\n<tr>\n<td>\ud83c\udde7\ud83c\uddf3 Brunei<\/td>\n<td>Asie du Sud-Est<\/td>\n<td>-<\/td>\n<\/tr>\n<tr>\n<td>\ud83c\uddf9\ud83c\uddf4 Tonga<\/td>\n<td>Oc\u00e9anie<\/td>\n<td>-<\/td>\n<\/tr>\n<tr>\n<td>\ud83c\uddfc\ud83c\uddf8 Samoa<\/td>\n<td>Oc\u00e9anie<\/td>\n<td>-<\/td>\n<\/tr>\n<tr>\n<td>\ud83c\uddf8\ud83c\udde7 \u00celes Salomon<\/td>\n<td>Oc\u00e9anie<\/td>\n<td>-<\/td>\n<\/tr>\n<tr>\n<td>\ud83c\uddf2\ud83c\udded \u00celes Marshall<\/td>\n<td>Oc\u00e9anie<\/td>\n<td>-<\/td>\n<\/tr>\n<tr>\n<td>\ud83c\uddeb\ud83c\uddf2 Micron\u00e9sie<\/td>\n<td>Oc\u00e9anie<\/td>\n<td>-<\/td>\n<\/tr>\n<tr>\n<td>\ud83c\uddf5\ud83c\uddfc Palau<\/td>\n<td>Oc\u00e9anie<\/td>\n<td>-<\/td>\n<\/tr>\n<tr>\n<td>\ud83c\uddf9\ud83c\uddf1 Timor-Leste<\/td>\n<td>Asie du Sud-Est<\/td>\n<td>-<\/td>\n<\/tr>\n<tr>\n<td>\ud83c\uddfb\ud83c\uddfa Vanuatu<\/td>\n<td>Oc\u00e9anie<\/td>\n<td>-<\/td>\n<\/tr>\n<tr>\n<td>\ud83c\uddf9\ud83c\uddfb Tuvalu<\/td>\n<td>Oc\u00e9anie<\/td>\n<td>-<\/td>\n<\/tr>\n<tr>\n<td>\ud83c\uddf0\ud83c\uddee Kiribati<\/td>\n<td>Oc\u00e9anie<\/td>\n<td>-<\/td>\n<\/tr>\n<\/tbody>\n<\/table>\n<h4>Europe et Moyen-Orient (13 pays)<\/h4>\n<table>\n<thead>\n<tr>\n<th>Pays<\/th>\n<th>R\u00e9gion<\/th>\n<th>Estimation du nombre de voyageurs annuels vers l'UE<\/th>\n<\/tr>\n<\/thead>\n<tbody>\n<tr>\n<td>\ud83c\uddec\ud83c\udde7 Royaume-Uni<\/td>\n<td>Europe occidentale<\/td>\n<td>~50 millions<\/td>\n<\/tr>\n<tr>\n<td>\ud83c\uddfa\ud83c\udde6 Ukraine<\/td>\n<td>Europe de l'Est<\/td>\n<td>~5 millions<\/td>\n<\/tr>\n<tr>\n<td>\ud83c\uddee\ud83c\uddf1 Isra\u00ebl<\/td>\n<td>Moyen-Orient<\/td>\n<td>~2 millions<\/td>\n<\/tr>\n<tr>\n<td>\ud83c\udde6\ud83c\uddea \u00c9mirats arabes unis<\/td>\n<td>Moyen-Orient<\/td>\n<td>~1 million<\/td>\n<\/tr>\n<tr>\n<td>\ud83c\uddf7\ud83c\uddf8 Serbie<\/td>\n<td>Balkans<\/td>\n<td>-<\/td>\n<\/tr>\n<tr>\n<td>\ud83c\uddec\ud83c\uddea G\u00e9orgie<\/td>\n<td>Caucase<\/td>\n<td>-<\/td>\n<\/tr>\n<tr>\n<td>\ud83c\udde6\ud83c\uddf1 Albanie<\/td>\n<td>Balkans<\/td>\n<td>-<\/td>\n<\/tr>\n<tr>\n<td>\ud83c\uddf2\ud83c\udde9 Moldavie<\/td>\n<td>Europe de l'Est<\/td>\n<td>-<\/td>\n<\/tr>\n<tr>\n<td>\ud83c\udde7\ud83c\udde6 Bosnie-Herz\u00e9govine<\/td>\n<td>Balkans<\/td>\n<td>-<\/td>\n<\/tr>\n<tr>\n<td>\ud83c\uddf2\ud83c\uddea Mont\u00e9n\u00e9gro<\/td>\n<td>Balkans<\/td>\n<td>-<\/td>\n<\/tr>\n<tr>\n<td>\ud83c\uddf2\ud83c\uddf0 Mac\u00e9doine du Nord<\/td>\n<td>Balkans<\/td>\n<td>-<\/td>\n<\/tr>\n<tr>\n<td>\ud83c\uddf2\ud83c\uddfa Maurice<\/td>\n<td>Afrique<\/td>\n<td>-<\/td>\n<\/tr>\n<tr>\n<td>\ud83c\uddf8\ud83c\udde8 Seychelles<\/td>\n<td>Afrique<\/td>\n<td>-<\/td>\n<\/tr>\n<\/tbody>\n<\/table>\n<h3>Qui n'a pas besoin d'ETIAS ?<\/h3>\n<p>Les groupes suivants sont <strong>exempt\u00e9 de l'ETIAS<\/strong>, tel que sp\u00e9cifi\u00e9 \u00e0 l'article 2 du r\u00e8glement (UE) 2018\/1240 :<\/p>\n<ul>\n<li><strong>Citoyens de l'UE et de l'espace Schengen<\/strong> - Ressortissants des 27 \u00c9tats membres de l'UE et de 4 pays de l'AELE\/Schengen (Islande, Liechtenstein, Norv\u00e8ge, Suisse)<\/li>\n<li><strong>Ressortissants soumis \u00e0 l'obligation de visa<\/strong> - Les citoyens des pays \u00e9num\u00e9r\u00e9s \u00e0 l'annexe I du r\u00e8glement (UE) 2018\/1806 qui ont besoin d'un visa Schengen.<\/li>\n<li><strong>Titulaires d'un permis de s\u00e9jour de l'UE<\/strong> - Ressortissants de pays tiers titulaires d'un permis de s\u00e9jour de longue dur\u00e9e en cours de validit\u00e9 dans un pays de l'UE ou de l'espace Schengen<\/li>\n<li><strong>Membres de la famille de citoyens de l'UE<\/strong> - Ressortissants de pays tiers titulaires d'une carte de s\u00e9jour en vertu de la directive europ\u00e9enne sur la libre circulation (2004\/38\/CE)<\/li>\n<li><strong>Titulaires de passeports diplomatiques et de service<\/strong> - Voyageurs en mission diplomatique officielle<\/li>\n<\/ul>\n<h3>Quels sont les types de voyages n\u00e9cessitant l'utilisation d'ETIAS ?<\/h3>\n<p>ETIAS est n\u00e9cessaire pour <strong>s\u00e9jours de courte dur\u00e9e<\/strong> d'une dur\u00e9e maximale de 90 jours sur une p\u00e9riode de 180 jours. Cette assurance couvre<\/p>\n<table>\n<thead>\n<tr>\n<th>Objectif du voyage<\/th>\n<th>L'ETIAS est-il n\u00e9cessaire ?<\/th>\n<th>Notes<\/th>\n<\/tr>\n<\/thead>\n<tbody>\n<tr>\n<td><strong>Tourisme<\/strong><\/td>\n<td>Oui<\/td>\n<td>Vacances, tourisme, visites culturelles<\/td>\n<\/tr>\n<tr>\n<td><strong>Entreprises<\/strong><\/td>\n<td>Oui<\/td>\n<td>R\u00e9unions, conf\u00e9rences, foires commerciales<\/td>\n<\/tr>\n<tr>\n<td><strong>Transit<\/strong><\/td>\n<td>Oui<\/td>\n<td>Vols de correspondance dans les a\u00e9roports Schengen<\/td>\n<\/tr>\n<tr>\n<td><strong>Traitement m\u00e9dical<\/strong><\/td>\n<td>Oui<\/td>\n<td>Visites m\u00e9dicales de courte dur\u00e9e<\/td>\n<\/tr>\n<tr>\n<td><strong>Cours de courte dur\u00e9e<\/strong><\/td>\n<td>Oui<\/td>\n<td>Programmes de moins de 90 jours<\/td>\n<\/tr>\n<tr>\n<td><strong>\u00c9tude \u00e0 long terme<\/strong><\/td>\n<td>Non - visa requis<\/td>\n<td>Les programmes de plus de 90 jours n\u00e9cessitent un visa national<\/td>\n<\/tr>\n<tr>\n<td><strong>Emploi<\/strong><\/td>\n<td>Non - permis de travail requis<\/td>\n<td>Le travail r\u00e9mun\u00e9r\u00e9 n\u00e9cessite un visa\/permis de travail<\/td>\n<\/tr>\n<\/tbody>\n<\/table>\n<p><em>Sources : Commission europ\u00e9enne (ec.europa.eu), r\u00e8glement de l'UE 2018\/1240, r\u00e8glement de l'UE 2018\/1806. Estimations du volume de voyages bas\u00e9es sur les donn\u00e9es d'Eurostat et de l'OMT. Derni\u00e8re mise \u00e0 jour : f\u00e9vrier 2026.<\/em><\/p>","protected":false},"excerpt":{"rendered":"<p>Key Takeaway: Citizens of 62 visa-exempt countries &mdash; including the United States, United Kingdom, Canada, Australia, Japan, and Brazil &mdash; [&hellip;]<\/p>\n","protected":false},"author":2,"featured_media":0,"parent":0,"menu_order":0,"comment_status":"closed","ping_status":"closed","template":"","meta":{"site-sidebar-layout":"default","site-content-layout":"","ast-site-content-layout":"default","site-content-style":"default","site-sidebar-style":"default","ast-global-header-display":"","ast-banner-title-visibility":"","ast-main-header-display":"","ast-hfb-above-header-display":"","ast-hfb-below-header-display":"","ast-hfb-mobile-header-display":"","site-post-title":"","ast-breadcrumbs-content":"","ast-featured-img":"","footer-sml-layout":"","ast-disable-related-posts":"","theme-transparent-header-meta":"","adv-header-id-meta":"","stick-header-meta":"","header-above-stick-meta":"","header-main-stick-meta":"","header-below-stick-meta":"","astra-migrate-meta-layouts":"default","ast-page-background-enabled":"default","ast-page-background-meta":{"desktop":{"background-color":"var(--ast-global-color-5)","background-image":"","background-repeat":"repeat","background-position":"center center","background-size":"auto","background-attachment":"scroll","background-type":"","background-media":"","overlay-type":"","overlay-color":"","overlay-opacity":"","overlay-gradient":""},"tablet":{"background-color":"","background-image":"","background-repeat":"repeat","background-position":"center center","background-size":"auto","background-attachment":"scroll","background-type":"","background-media":"","overlay-type":"","overlay-color":"","overlay-opacity":"","overlay-gradient":""},"mobile":{"background-color":"","background-image":"","background-repeat":"repeat","background-position":"center center","background-size":"auto","background-attachment":"scroll","background-type":"","background-media":"","overlay-type":"","overlay-color":"","overlay-opacity":"","overlay-gradient":""}},"ast-content-background-meta":{"desktop":{"background-color":"var(--ast-global-color-4)","background-image":"","background-repeat":"repeat","background-position":"center center","background-size":"auto","background-attachment":"scroll","background-type":"","background-media":"","overlay-type":"","overlay-color":"","overlay-opacity":"","overlay-gradient":""},"tablet":{"background-color":"var(--ast-global-color-4)","background-image":"","background-repeat":"repeat","background-position":"center center","background-size":"auto","background-attachment":"scroll","background-type":"","background-media":"","overlay-type":"","overlay-color":"","overlay-opacity":"","overlay-gradient":""},"mobile":{"background-color":"var(--ast-global-color-4)","background-image":"","background-repeat":"repeat","background-position":"center center","background-size":"auto","background-attachment":"scroll","background-type":"","background-media":"","overlay-type":"","overlay-color":"","overlay-opacity":"","overlay-gradient":""}},"footnotes":""},"class_list":["post-24","page","type-page","status-publish","hentry"],"yoast_head":"<!-- This site is optimized with the Yoast SEO plugin v27.0 - https:\/\/yoast.com\/product\/yoast-seo-wordpress\/ -->\n<title>Who Needs ETIAS? - ETIAS - Travel to Europe<\/title>\n<meta name=\"robots\" content=\"index, follow, max-snippet:-1, max-image-preview:large, max-video-preview:-1\" \/>\n<link rel=\"canonical\" href=\"https:\/\/europe-visa.eu\/fr\/who-needs-etias\/\" \/>\n<meta property=\"og:locale\" content=\"fr_FR\" \/>\n<meta property=\"og:type\" content=\"article\" \/>\n<meta property=\"og:title\" content=\"Who Needs ETIAS? - ETIAS - Travel to Europe\" \/>\n<meta property=\"og:description\" content=\"Key Takeaway: Citizens of 62 visa-exempt countries &mdash; including the United States, United Kingdom, Canada, Australia, Japan, and Brazil &mdash; [&hellip;]\" \/>\n<meta property=\"og:url\" content=\"https:\/\/europe-visa.eu\/fr\/who-needs-etias\/\" \/>\n<meta property=\"og:site_name\" content=\"ETIAS - Travel to Europe\" \/>\n<meta property=\"article:modified_time\" content=\"2026-02-28T20:16:36+00:00\" \/>\n<meta name=\"twitter:card\" content=\"summary_large_image\" \/>\n<meta name=\"twitter:label1\" content=\"Dur\u00e9e de lecture estim\u00e9e\" \/>\n\t<meta name=\"twitter:data1\" content=\"4 minutes\" \/>\n<script type=\"application\/ld+json\" class=\"yoast-schema-graph\">{\"@context\":\"https:\/\/schema.org\",\"@graph\":[{\"@type\":\"WebPage\",\"@id\":\"https:\/\/europe-visa.eu\/who-needs-etias\/\",\"url\":\"https:\/\/europe-visa.eu\/who-needs-etias\/\",\"name\":\"Who Needs ETIAS? - ETIAS - Travel to Europe\",\"isPartOf\":{\"@id\":\"https:\/\/europe-visa.eu\/#website\"},\"datePublished\":\"2026-02-28T18:46:26+00:00\",\"dateModified\":\"2026-02-28T20:16:36+00:00\",\"breadcrumb\":{\"@id\":\"https:\/\/europe-visa.eu\/who-needs-etias\/#breadcrumb\"},\"inLanguage\":\"fr-FR\",\"potentialAction\":[{\"@type\":\"ReadAction\",\"target\":[\"https:\/\/europe-visa.eu\/who-needs-etias\/\"]}]},{\"@type\":\"BreadcrumbList\",\"@id\":\"https:\/\/europe-visa.eu\/who-needs-etias\/#breadcrumb\",\"itemListElement\":[{\"@type\":\"ListItem\",\"position\":1,\"name\":\"Home\",\"item\":\"https:\/\/europe-visa.eu\/\"},{\"@type\":\"ListItem\",\"position\":2,\"name\":\"Who Needs ETIAS?\"}]},{\"@type\":\"WebSite\",\"@id\":\"https:\/\/europe-visa.eu\/#website\",\"url\":\"https:\/\/europe-visa.eu\/\",\"name\":\"ETIAS - Travel to Europe\",\"description\":\"\",\"publisher\":{\"@id\":\"https:\/\/europe-visa.eu\/#organization\"},\"potentialAction\":[{\"@type\":\"SearchAction\",\"target\":{\"@type\":\"EntryPoint\",\"urlTemplate\":\"https:\/\/europe-visa.eu\/?s={search_term_string}\"},\"query-input\":{\"@type\":\"PropertyValueSpecification\",\"valueRequired\":true,\"valueName\":\"search_term_string\"}}],\"inLanguage\":\"fr-FR\"},{\"@type\":\"Organization\",\"@id\":\"https:\/\/europe-visa.eu\/#organization\",\"name\":\"Europe-Visa.eu\",\"url\":\"https:\/\/europe-visa.eu\/\",\"logo\":{\"@type\":\"ImageObject\",\"inLanguage\":\"fr-FR\",\"@id\":\"https:\/\/europe-visa.eu\/#\/schema\/logo\/image\/\",\"url\":\"https:\/\/europe-visa.eu\/wp-content\/uploads\/2026\/02\/etias-favicon.png\",\"contentUrl\":\"https:\/\/europe-visa.eu\/wp-content\/uploads\/2026\/02\/etias-favicon.png\",\"width\":512,\"height\":512,\"caption\":\"Europe-Visa.eu\"},\"image\":{\"@id\":\"https:\/\/europe-visa.eu\/#\/schema\/logo\/image\/\"}}]}<\/script>\n<!-- \/ Yoast SEO plugin. -->","yoast_head_json":{"title":"Qui a besoin d'ETIAS ? - ETIAS - Voyager en Europe","robots":{"index":"index","follow":"follow","max-snippet":"max-snippet:-1","max-image-preview":"max-image-preview:large","max-video-preview":"max-video-preview:-1"},"canonical":"https:\/\/europe-visa.eu\/fr\/who-needs-etias\/","og_locale":"fr_FR","og_type":"article","og_title":"Who Needs ETIAS? - ETIAS - Travel to Europe","og_description":"Key Takeaway: Citizens of 62 visa-exempt countries &mdash; including the United States, United Kingdom, Canada, Australia, Japan, and Brazil &mdash; [&hellip;]","og_url":"https:\/\/europe-visa.eu\/fr\/who-needs-etias\/","og_site_name":"ETIAS - Travel to Europe","article_modified_time":"2026-02-28T20:16:36+00:00","twitter_card":"summary_large_image","twitter_misc":{"Dur\u00e9e de lecture estim\u00e9e":"4 minutes"},"schema":{"@context":"https:\/\/schema.org","@graph":[{"@type":"WebPage","@id":"https:\/\/europe-visa.eu\/who-needs-etias\/","url":"https:\/\/europe-visa.eu\/who-needs-etias\/","name":"Qui a besoin d'ETIAS ? - ETIAS - Voyager en Europe","isPartOf":{"@id":"https:\/\/europe-visa.eu\/#website"},"datePublished":"2026-02-28T18:46:26+00:00","dateModified":"2026-02-28T20:16:36+00:00","breadcrumb":{"@id":"https:\/\/europe-visa.eu\/who-needs-etias\/#breadcrumb"},"inLanguage":"fr-FR","potentialAction":[{"@type":"ReadAction","target":["https:\/\/europe-visa.eu\/who-needs-etias\/"]}]},{"@type":"BreadcrumbList","@id":"https:\/\/europe-visa.eu\/who-needs-etias\/#breadcrumb","itemListElement":[{"@type":"ListItem","position":1,"name":"Home","item":"https:\/\/europe-visa.eu\/"},{"@type":"ListItem","position":2,"name":"Who Needs ETIAS?"}]},{"@type":"WebSite","@id":"https:\/\/europe-visa.eu\/#website","url":"https:\/\/europe-visa.eu\/","name":"ETIAS - Voyage en Europe","description":"","publisher":{"@id":"https:\/\/europe-visa.eu\/#organization"},"potentialAction":[{"@type":"SearchAction","target":{"@type":"EntryPoint","urlTemplate":"https:\/\/europe-visa.eu\/?s={search_term_string}"},"query-input":{"@type":"PropertyValueSpecification","valueRequired":true,"valueName":"search_term_string"}}],"inLanguage":"fr-FR"},{"@type":"Organization","@id":"https:\/\/europe-visa.eu\/#organization","name":"Europe-Visa.eu","url":"https:\/\/europe-visa.eu\/","logo":{"@type":"ImageObject","inLanguage":"fr-FR","@id":"https:\/\/europe-visa.eu\/#\/schema\/logo\/image\/","url":"https:\/\/europe-visa.eu\/wp-content\/uploads\/2026\/02\/etias-favicon.png","contentUrl":"https:\/\/europe-visa.eu\/wp-content\/uploads\/2026\/02\/etias-favicon.png","width":512,"height":512,"caption":"Europe-Visa.eu"},"image":{"@id":"https:\/\/europe-visa.eu\/#\/schema\/logo\/image\/"}}]}},"_links":{"self":[{"href":"https:\/\/europe-visa.eu\/fr\/wp-json\/wp\/v2\/pages\/24","targetHints":{"allow":["GET"]}}],"collection":[{"href":"https:\/\/europe-visa.eu\/fr\/wp-json\/wp\/v2\/pages"}],"about":[{"href":"https:\/\/europe-visa.eu\/fr\/wp-json\/wp\/v2\/types\/page"}],"author":[{"embeddable":true,"href":"https:\/\/europe-visa.eu\/fr\/wp-json\/wp\/v2\/users\/2"}],"replies":[{"embeddable":true,"href":"https:\/\/europe-visa.eu\/fr\/wp-json\/wp\/v2\/comments?post=24"}],"version-history":[{"count":3,"href":"https:\/\/europe-visa.eu\/fr\/wp-json\/wp\/v2\/pages\/24\/revisions"}],"predecessor-version":[{"id":111,"href":"https:\/\/europe-visa.eu\/fr\/wp-json\/wp\/v2\/pages\/24\/revisions\/111"}],"wp:attachment":[{"href":"https:\/\/europe-visa.eu\/fr\/wp-json\/wp\/v2\/media?parent=24"}],"curies":[{"name":"wp","href":"https:\/\/api.w.org\/{rel}","templated":true}]}}