{"id":25,"date":"2026-02-28T18:46:27","date_gmt":"2026-02-28T18:46:27","guid":{"rendered":"https:\/\/europe-visa.eu\/?page_id=25"},"modified":"2026-02-28T20:16:37","modified_gmt":"2026-02-28T20:16:37","slug":"etias-requirements","status":"publish","type":"page","link":"https:\/\/europe-visa.eu\/fr\/etias-requirements\/","title":{"rendered":"Exigences ETIAS"},"content":{"rendered":"<div style=\"background:#e8f4f8;border-left:4px solid #0073aa;padding:20px;margin-bottom:30px;\">\n<strong>Principaux enseignements :<\/strong> Pour demander ETIAS, vous avez besoin d'un passeport biom\u00e9trique valide de l'un des 62 pays \u00e9ligibles, d'une adresse \u00e9lectronique op\u00e9rationnelle et d'une carte de cr\u00e9dit ou de d\u00e9bit pour payer les frais de 20 euros. La demande en ligne prend environ 10 minutes et demande des informations personnelles, sur le passeport, le voyage et la s\u00e9curit\u00e9.\n<\/div>\n<h2>Exigences relatives \u00e0 la candidature ETIAS<\/h2>\n<p><strong>La demande ETIAS requiert trois \u00e9l\u00e9ments essentiels<\/strong>Le formulaire de demande est simple et accessible. Selon la Commission europ\u00e9enne, le formulaire de demande prend environ 10 minutes \u00e0 remplir et est disponible dans les 24 langues officielles de l'Union europ\u00e9enne. Le processus est con\u00e7u pour \u00eatre simple et accessible - selon la Commission europ\u00e9enne, le formulaire de demande prend environ 10 minutes \u00e0 remplir et est disponible dans les 24 langues officielles de l'UE.<\/p>\n<h3>Ce qu'il faut pour demander ETIAS<\/h3>\n<p>Avant de commencer votre demande ETIAS, assurez-vous d'avoir les \u00e9l\u00e9ments suivants \u00e0 port\u00e9e de main :<\/p>\n<table>\n<thead>\n<tr>\n<th>Exigence<\/th>\n<th>D\u00e9tails<\/th>\n<th>Remarques importantes<\/th>\n<\/tr>\n<\/thead>\n<tbody>\n<tr>\n<td><strong>1. Passeport en cours de validit\u00e9<\/strong><\/td>\n<td>Passeport biom\u00e9trique d'un pays \u00e9ligible \u00e0 ETIAS<\/td>\n<td>Doit \u00eatre valable au moins 3 mois apr\u00e8s la date pr\u00e9vue de votre d\u00e9part de l'espace Schengen.<\/td>\n<\/tr>\n<tr>\n<td><strong>2. Adresse \u00e9lectronique<\/strong><\/td>\n<td>Compte e-mail actif<\/td>\n<td>Utilis\u00e9 pour recevoir votre autorisation ETIAS et toute correspondance.<\/td>\n<\/tr>\n<tr>\n<td><strong>3. Mode de paiement<\/strong><\/td>\n<td>Carte de cr\u00e9dit ou de d\u00e9bit<\/td>\n<td>20 \u20ac (gratuit pour les voyageurs de moins de 18 ans ou de plus de 70 ans)<\/td>\n<\/tr>\n<\/tbody>\n<\/table>\n<h3>Informations requises dans le cadre de la demande ETIAS<\/h3>\n<p>Le formulaire de demande ETIAS recueille quatre cat\u00e9gories d'informations, comme sp\u00e9cifi\u00e9 dans le document <strong>Article 17 du r\u00e8glement (UE) 2018\/1240<\/strong>:<\/p>\n<h4>1. Donn\u00e9es personnelles<\/h4>\n<ul>\n<li>Nom l\u00e9gal complet (exactement comme indiqu\u00e9 sur le passeport)<\/li>\n<li>Date et lieu de naissance<\/li>\n<li>Nationalit\u00e9 (actuelle et \u00e0 la naissance, si diff\u00e9rente)<\/li>\n<li>Genre<\/li>\n<li>Adresse du domicile<\/li>\n<li>Adresse \u00e9lectronique et num\u00e9ro de t\u00e9l\u00e9phone<\/li>\n<li>Nom et pr\u00e9nom des parents<\/li>\n<li>Profession actuelle et employeur (le cas \u00e9ch\u00e9ant)<\/li>\n<\/ul>\n<h4>2. Informations sur le passeport<\/h4>\n<ul>\n<li>Num\u00e9ro de passeport<\/li>\n<li>Pays d'\u00e9mission<\/li>\n<li>Date de d\u00e9livrance et date d'expiration<\/li>\n<\/ul>\n<h4>3. Informations sur les voyages<\/h4>\n<ul>\n<li>Premier pays d'entr\u00e9e dans l'UE\/Schengen<\/li>\n<li>Objet du voyage (tourisme, affaires, soins m\u00e9dicaux, transit, \u00e9ducation ou autre)<\/li>\n<li>Adresse d'h\u00e9bergement pr\u00e9vue en Europe<\/li>\n<\/ul>\n<h4>4. Questions relatives \u00e0 la s\u00e9curit\u00e9, \u00e0 la sant\u00e9 et au contexte<\/h4>\n<ul>\n<li>Ant\u00e9c\u00e9dents judiciaires (condamnations pour des infractions p\u00e9nales graves)<\/li>\n<li>D\u00e9cisions ant\u00e9rieures en mati\u00e8re d'immigration (expulsions, refus de visa, s\u00e9jours prolong\u00e9s)<\/li>\n<li>Ant\u00e9c\u00e9dents de voyage dans des zones de conflit ou des r\u00e9gions touch\u00e9es par la guerre<\/li>\n<li>Questions relatives \u00e0 la sant\u00e9 (le cas \u00e9ch\u00e9ant, conform\u00e9ment \u00e0 la r\u00e9glementation de l'UE en mati\u00e8re de sant\u00e9 publique)<\/li>\n<\/ul>\n<h3>Crit\u00e8res d'\u00e9ligibilit\u00e9 ETIAS<\/h3>\n<p>Pour b\u00e9n\u00e9ficier d'une autorisation de voyage ETIAS, les demandeurs doivent remplir les conditions suivantes :<\/p>\n<ol>\n<li><strong>D\u00e9tenir la citoyennet\u00e9<\/strong> de l'un des <a href=\"\/fr\/who-needs-etias\/\">62 pays \u00e9ligibles au programme ETIAS<\/a><\/li>\n<li><strong>Poss\u00e9der un passeport biom\u00e9trique en cours de validit\u00e9<\/strong> d'une dur\u00e9e de validit\u00e9 d'au moins 3 mois au-del\u00e0 du s\u00e9jour pr\u00e9vu<\/li>\n<li><strong>Ne pas \u00eatre titulaire d'un visa Schengen ou d'un titre de s\u00e9jour de l'UE<\/strong> (ces documents remplacent l'ETIAS)<\/li>\n<li><strong>ne pas pr\u00e9senter de risque pour la s\u00e9curit\u00e9, la sant\u00e9 ou l'immigration ill\u00e9gale<\/strong> tel que d\u00e9termin\u00e9 par le processus de s\u00e9lection automatis\u00e9<\/li>\n<\/ol>\n<h3>Structure des frais d'inscription \u00e0 l'ETIAS<\/h3>\n<table>\n<thead>\n<tr>\n<th>Cat\u00e9gorie de demandeur<\/th>\n<th>Frais<\/th>\n<th>Mode de paiement<\/th>\n<\/tr>\n<\/thead>\n<tbody>\n<tr>\n<td>Adultes \u00e2g\u00e9s de 18 \u00e0 70 ans<\/td>\n<td><strong>\u20ac20<\/strong><\/td>\n<td>Carte de cr\u00e9dit ou de d\u00e9bit<\/td>\n<\/tr>\n<tr>\n<td>Enfants de moins de 18 ans<\/td>\n<td><strong>Gratuit<\/strong><\/td>\n<td>Aucun paiement n'est requis<\/td>\n<\/tr>\n<tr>\n<td>Adultes de plus de 70 ans<\/td>\n<td><strong>Gratuit<\/strong><\/td>\n<td>Aucun paiement n'est requis<\/td>\n<\/tr>\n<\/tbody>\n<\/table>\n<p>Le montant de 20 euros a \u00e9t\u00e9 fix\u00e9 par la Commission europ\u00e9enne pour couvrir les co\u00fbts op\u00e9rationnels du syst\u00e8me ETIAS tout en restant accessible aux voyageurs. \u00c0 titre de comparaison, l'ESTA am\u00e9ricain co\u00fbte $21 USD et l'ETA britannique 10 \u00a3.<\/p>\n<h3>D\u00e9lai de traitement ETIAS<\/h3>\n<p>Selon eu-LISA, les demandes ETIAS suivent un calendrier de traitement \u00e9chelonn\u00e9 :<\/p>\n<table>\n<thead>\n<tr>\n<th>\u00c9tape de transformation<\/th>\n<th>Chronologie<\/th>\n<th>Pourcentage de demandes<\/th>\n<\/tr>\n<\/thead>\n<tbody>\n<tr>\n<td><strong>Approbation automatis\u00e9e<\/strong><\/td>\n<td>En quelques minutes<\/td>\n<td>~95% de toutes les applications<\/td>\n<\/tr>\n<tr>\n<td><strong>Informations compl\u00e9mentaires demand\u00e9es<\/strong><\/td>\n<td>Jusqu'\u00e0 96 heures<\/td>\n<td>~3% d'applications<\/td>\n<\/tr>\n<tr>\n<td><strong>R\u00e9vision du manuel par les autorit\u00e9s nationales<\/strong><\/td>\n<td>Jusqu'\u00e0 4 semaines (30 jours)<\/td>\n<td>~2% d'applications<\/td>\n<\/tr>\n<\/tbody>\n<\/table>\n<p><strong>Recommandation :<\/strong> Appliquer au moins <strong>72 heures avant le d\u00e9part<\/strong> afin de pr\u00e9voir le temps n\u00e9cessaire pour tout traitement suppl\u00e9mentaire. Bien que la plupart des demandes soient approuv\u00e9es instantan\u00e9ment, le fait de planifier \u00e0 l'avance permet de ne pas perturber votre voyage.<\/p>\n<h3>Que se passe-t-il apr\u00e8s l'approbation de l'ETIAS ?<\/h3>\n<p>Une fois approuv\u00e9e, votre autorisation ETIAS est <strong>li\u00e9 \u00e9lectroniquement \u00e0 votre passeport<\/strong>. Il n'y a pas de document physique, d'autocollant ou de timbre. Lorsque vous arrivez \u00e0 un poste fronti\u00e8re Schengen, les gardes-fronti\u00e8res v\u00e9rifient automatiquement votre statut ETIAS en scannant votre passeport. Votre ETIAS est valable pour :<\/p>\n<ul>\n<li><strong>3 ans<\/strong> \u00e0 partir de la date d'approbation (ou jusqu'\u00e0 l'expiration de votre passeport, selon la premi\u00e8re \u00e9ventualit\u00e9)<\/li>\n<li><strong>Entr\u00e9es multiples<\/strong> dans l'espace Schengen pendant la p\u00e9riode de validit\u00e9<\/li>\n<li><strong>Maximum 90 jours<\/strong> au cours d'une p\u00e9riode de 180 jours par s\u00e9jour<\/li>\n<\/ul>\n<h3>Raisons courantes du refus de l'ETIAS<\/h3>\n<p>Sur la base des crit\u00e8res \u00e9nonc\u00e9s dans le r\u00e8glement (UE) 2018\/1240, une demande ETIAS peut \u00eatre refus\u00e9e si :<\/p>\n<ul>\n<li>Le demandeur a un casier judiciaire pour des d\u00e9lits graves<\/li>\n<li>Il y a des ant\u00e9c\u00e9dents de d\u00e9passement de s\u00e9jour dans l'espace Schengen.<\/li>\n<li>Les donn\u00e9es du demandeur correspondent \u00e0 un signalement de s\u00e9curit\u00e9 dans les bases de donn\u00e9es du SIS, d'Europol ou d'Interpol.<\/li>\n<li>Le demandeur est consid\u00e9r\u00e9 comme pr\u00e9sentant un risque en mati\u00e8re d'immigration ill\u00e9gale.<\/li>\n<li>Un pr\u00e9c\u00e9dent visa Schengen a \u00e9t\u00e9 r\u00e9voqu\u00e9 ou annul\u00e9.<\/li>\n<\/ul>\n<p>Les demandeurs d\u00e9bout\u00e9s ont le droit de <strong>faire appel de la d\u00e9cision<\/strong> par l'interm\u00e9diaire de l'autorit\u00e9 nationale de l'\u00c9tat membre de l'UE qui a trait\u00e9 la demande. Le recours doit \u00eatre d\u00e9pos\u00e9 dans le d\u00e9lai sp\u00e9cifi\u00e9 dans l'avis de refus.<\/p>\n<p><em>Sources : Commission europ\u00e9enne (ec.europa.eu), r\u00e8glement UE 2018\/1240 articles 17-20, eu-LISA (eulisa.europa.eu). Derni\u00e8re mise \u00e0 jour : f\u00e9vrier 2026.<\/em><\/p>","protected":false},"excerpt":{"rendered":"<p>Key Takeaway: To apply for ETIAS, you need a valid biometric passport from one of 62 eligible countries, a working [&hellip;]<\/p>\n","protected":false},"author":2,"featured_media":0,"parent":0,"menu_order":0,"comment_status":"closed","ping_status":"closed","template":"","meta":{"site-sidebar-layout":"default","site-content-layout":"","ast-site-content-layout":"default","site-content-style":"default","site-sidebar-style":"default","ast-global-header-display":"","ast-banner-title-visibility":"","ast-main-header-display":"","ast-hfb-above-header-display":"","ast-hfb-below-header-display":"","ast-hfb-mobile-header-display":"","site-post-title":"","ast-breadcrumbs-content":"","ast-featured-img":"","footer-sml-layout":"","ast-disable-related-posts":"","theme-transparent-header-meta":"","adv-header-id-meta":"","stick-header-meta":"","header-above-stick-meta":"","header-main-stick-meta":"","header-below-stick-meta":"","astra-migrate-meta-layouts":"default","ast-page-background-enabled":"default","ast-page-background-meta":{"desktop":{"background-color":"var(--ast-global-color-5)","background-image":"","background-repeat":"repeat","background-position":"center center","background-size":"auto","background-attachment":"scroll","background-type":"","background-media":"","overlay-type":"","overlay-color":"","overlay-opacity":"","overlay-gradient":""},"tablet":{"background-color":"","background-image":"","background-repeat":"repeat","background-position":"center center","background-size":"auto","background-attachment":"scroll","background-type":"","background-media":"","overlay-type":"","overlay-color":"","overlay-opacity":"","overlay-gradient":""},"mobile":{"background-color":"","background-image":"","background-repeat":"repeat","background-position":"center center","background-size":"auto","background-attachment":"scroll","background-type":"","background-media":"","overlay-type":"","overlay-color":"","overlay-opacity":"","overlay-gradient":""}},"ast-content-background-meta":{"desktop":{"background-color":"var(--ast-global-color-4)","background-image":"","background-repeat":"repeat","background-position":"center center","background-size":"auto","background-attachment":"scroll","background-type":"","background-media":"","overlay-type":"","overlay-color":"","overlay-opacity":"","overlay-gradient":""},"tablet":{"background-color":"var(--ast-global-color-4)","background-image":"","background-repeat":"repeat","background-position":"center center","background-size":"auto","background-attachment":"scroll","background-type":"","background-media":"","overlay-type":"","overlay-color":"","overlay-opacity":"","overlay-gradient":""},"mobile":{"background-color":"var(--ast-global-color-4)","background-image":"","background-repeat":"repeat","background-position":"center center","background-size":"auto","background-attachment":"scroll","background-type":"","background-media":"","overlay-type":"","overlay-color":"","overlay-opacity":"","overlay-gradient":""}},"footnotes":""},"class_list":["post-25","page","type-page","status-publish","hentry"],"yoast_head":"<!-- This site is optimized with the Yoast SEO plugin v27.0 - https:\/\/yoast.com\/product\/yoast-seo-wordpress\/ -->\n<title>ETIAS Requirements - ETIAS - Travel to Europe<\/title>\n<meta name=\"robots\" content=\"index, follow, max-snippet:-1, max-image-preview:large, max-video-preview:-1\" \/>\n<link rel=\"canonical\" href=\"https:\/\/europe-visa.eu\/fr\/etias-requirements\/\" \/>\n<meta property=\"og:locale\" content=\"fr_FR\" \/>\n<meta property=\"og:type\" content=\"article\" \/>\n<meta property=\"og:title\" content=\"ETIAS Requirements - ETIAS - Travel to Europe\" \/>\n<meta property=\"og:description\" content=\"Key Takeaway: To apply for ETIAS, you need a valid biometric passport from one of 62 eligible countries, a working [&hellip;]\" \/>\n<meta property=\"og:url\" content=\"https:\/\/europe-visa.eu\/fr\/etias-requirements\/\" \/>\n<meta property=\"og:site_name\" content=\"ETIAS - Travel to Europe\" \/>\n<meta property=\"article:modified_time\" content=\"2026-02-28T20:16:37+00:00\" \/>\n<meta name=\"twitter:card\" content=\"summary_large_image\" \/>\n<meta name=\"twitter:label1\" content=\"Dur\u00e9e de lecture estim\u00e9e\" \/>\n\t<meta name=\"twitter:data1\" content=\"4 minutes\" \/>\n<script type=\"application\/ld+json\" class=\"yoast-schema-graph\">{\"@context\":\"https:\/\/schema.org\",\"@graph\":[{\"@type\":\"WebPage\",\"@id\":\"https:\/\/europe-visa.eu\/etias-requirements\/\",\"url\":\"https:\/\/europe-visa.eu\/etias-requirements\/\",\"name\":\"ETIAS Requirements - ETIAS - Travel to Europe\",\"isPartOf\":{\"@id\":\"https:\/\/europe-visa.eu\/#website\"},\"datePublished\":\"2026-02-28T18:46:27+00:00\",\"dateModified\":\"2026-02-28T20:16:37+00:00\",\"breadcrumb\":{\"@id\":\"https:\/\/europe-visa.eu\/etias-requirements\/#breadcrumb\"},\"inLanguage\":\"fr-FR\",\"potentialAction\":[{\"@type\":\"ReadAction\",\"target\":[\"https:\/\/europe-visa.eu\/etias-requirements\/\"]}]},{\"@type\":\"BreadcrumbList\",\"@id\":\"https:\/\/europe-visa.eu\/etias-requirements\/#breadcrumb\",\"itemListElement\":[{\"@type\":\"ListItem\",\"position\":1,\"name\":\"Home\",\"item\":\"https:\/\/europe-visa.eu\/\"},{\"@type\":\"ListItem\",\"position\":2,\"name\":\"ETIAS Requirements\"}]},{\"@type\":\"WebSite\",\"@id\":\"https:\/\/europe-visa.eu\/#website\",\"url\":\"https:\/\/europe-visa.eu\/\",\"name\":\"ETIAS - Travel to Europe\",\"description\":\"\",\"publisher\":{\"@id\":\"https:\/\/europe-visa.eu\/#organization\"},\"potentialAction\":[{\"@type\":\"SearchAction\",\"target\":{\"@type\":\"EntryPoint\",\"urlTemplate\":\"https:\/\/europe-visa.eu\/?s={search_term_string}\"},\"query-input\":{\"@type\":\"PropertyValueSpecification\",\"valueRequired\":true,\"valueName\":\"search_term_string\"}}],\"inLanguage\":\"fr-FR\"},{\"@type\":\"Organization\",\"@id\":\"https:\/\/europe-visa.eu\/#organization\",\"name\":\"Europe-Visa.eu\",\"url\":\"https:\/\/europe-visa.eu\/\",\"logo\":{\"@type\":\"ImageObject\",\"inLanguage\":\"fr-FR\",\"@id\":\"https:\/\/europe-visa.eu\/#\/schema\/logo\/image\/\",\"url\":\"https:\/\/europe-visa.eu\/wp-content\/uploads\/2026\/02\/etias-favicon.png\",\"contentUrl\":\"https:\/\/europe-visa.eu\/wp-content\/uploads\/2026\/02\/etias-favicon.png\",\"width\":512,\"height\":512,\"caption\":\"Europe-Visa.eu\"},\"image\":{\"@id\":\"https:\/\/europe-visa.eu\/#\/schema\/logo\/image\/\"}}]}<\/script>\n<!-- \/ Yoast SEO plugin. -->","yoast_head_json":{"title":"Exigences ETIAS - ETIAS - Voyager en Europe","robots":{"index":"index","follow":"follow","max-snippet":"max-snippet:-1","max-image-preview":"max-image-preview:large","max-video-preview":"max-video-preview:-1"},"canonical":"https:\/\/europe-visa.eu\/fr\/etias-requirements\/","og_locale":"fr_FR","og_type":"article","og_title":"ETIAS Requirements - ETIAS - Travel to Europe","og_description":"Key Takeaway: To apply for ETIAS, you need a valid biometric passport from one of 62 eligible countries, a working [&hellip;]","og_url":"https:\/\/europe-visa.eu\/fr\/etias-requirements\/","og_site_name":"ETIAS - Travel to Europe","article_modified_time":"2026-02-28T20:16:37+00:00","twitter_card":"summary_large_image","twitter_misc":{"Dur\u00e9e de lecture estim\u00e9e":"4 minutes"},"schema":{"@context":"https:\/\/schema.org","@graph":[{"@type":"WebPage","@id":"https:\/\/europe-visa.eu\/etias-requirements\/","url":"https:\/\/europe-visa.eu\/etias-requirements\/","name":"Exigences ETIAS - ETIAS - Voyager en Europe","isPartOf":{"@id":"https:\/\/europe-visa.eu\/#website"},"datePublished":"2026-02-28T18:46:27+00:00","dateModified":"2026-02-28T20:16:37+00:00","breadcrumb":{"@id":"https:\/\/europe-visa.eu\/etias-requirements\/#breadcrumb"},"inLanguage":"fr-FR","potentialAction":[{"@type":"ReadAction","target":["https:\/\/europe-visa.eu\/etias-requirements\/"]}]},{"@type":"BreadcrumbList","@id":"https:\/\/europe-visa.eu\/etias-requirements\/#breadcrumb","itemListElement":[{"@type":"ListItem","position":1,"name":"Home","item":"https:\/\/europe-visa.eu\/"},{"@type":"ListItem","position":2,"name":"ETIAS Requirements"}]},{"@type":"WebSite","@id":"https:\/\/europe-visa.eu\/#website","url":"https:\/\/europe-visa.eu\/","name":"ETIAS - Voyage en Europe","description":"","publisher":{"@id":"https:\/\/europe-visa.eu\/#organization"},"potentialAction":[{"@type":"SearchAction","target":{"@type":"EntryPoint","urlTemplate":"https:\/\/europe-visa.eu\/?s={search_term_string}"},"query-input":{"@type":"PropertyValueSpecification","valueRequired":true,"valueName":"search_term_string"}}],"inLanguage":"fr-FR"},{"@type":"Organization","@id":"https:\/\/europe-visa.eu\/#organization","name":"Europe-Visa.eu","url":"https:\/\/europe-visa.eu\/","logo":{"@type":"ImageObject","inLanguage":"fr-FR","@id":"https:\/\/europe-visa.eu\/#\/schema\/logo\/image\/","url":"https:\/\/europe-visa.eu\/wp-content\/uploads\/2026\/02\/etias-favicon.png","contentUrl":"https:\/\/europe-visa.eu\/wp-content\/uploads\/2026\/02\/etias-favicon.png","width":512,"height":512,"caption":"Europe-Visa.eu"},"image":{"@id":"https:\/\/europe-visa.eu\/#\/schema\/logo\/image\/"}}]}},"_links":{"self":[{"href":"https:\/\/europe-visa.eu\/fr\/wp-json\/wp\/v2\/pages\/25","targetHints":{"allow":["GET"]}}],"collection":[{"href":"https:\/\/europe-visa.eu\/fr\/wp-json\/wp\/v2\/pages"}],"about":[{"href":"https:\/\/europe-visa.eu\/fr\/wp-json\/wp\/v2\/types\/page"}],"author":[{"embeddable":true,"href":"https:\/\/europe-visa.eu\/fr\/wp-json\/wp\/v2\/users\/2"}],"replies":[{"embeddable":true,"href":"https:\/\/europe-visa.eu\/fr\/wp-json\/wp\/v2\/comments?post=25"}],"version-history":[{"count":3,"href":"https:\/\/europe-visa.eu\/fr\/wp-json\/wp\/v2\/pages\/25\/revisions"}],"predecessor-version":[{"id":112,"href":"https:\/\/europe-visa.eu\/fr\/wp-json\/wp\/v2\/pages\/25\/revisions\/112"}],"wp:attachment":[{"href":"https:\/\/europe-visa.eu\/fr\/wp-json\/wp\/v2\/media?parent=25"}],"curies":[{"name":"wp","href":"https:\/\/api.w.org\/{rel}","templated":true}]}}