{"id":27,"date":"2026-02-28T18:46:30","date_gmt":"2026-02-28T18:46:30","guid":{"rendered":"https:\/\/europe-visa.eu\/?page_id=27"},"modified":"2026-02-28T20:16:38","modified_gmt":"2026-02-28T20:16:38","slug":"etias-faq","status":"publish","type":"page","link":"https:\/\/europe-visa.eu\/fr\/etias-faq\/","title":{"rendered":"ETIAS FAQ"},"content":{"rendered":"<div style=\"background:#e8f4f8;border-left:4px solid #0073aa;padding:20px;margin-bottom:30px;\">\n<strong>Principaux enseignements :<\/strong> L'ETIAS est une autorisation de voyage num\u00e9rique d'une valeur de 20 euros requise pour les citoyens de 62 pays exempt\u00e9s de visa qui se rendent dans l'espace Schengen de l'Europe \u00e0 partir du quatri\u00e8me trimestre 2026. Il ne s'agit pas d'un visa, il suffit de quelques minutes pour l'obtenir en ligne et elle est valable 3 ans.\n<\/div>\n<h2>Questions fr\u00e9quemment pos\u00e9es sur ETIAS<\/h2>\n<p>Trouvez des r\u00e9ponses compl\u00e8tes aux questions les plus courantes sur le syst\u00e8me europ\u00e9en d'information et d'autorisation de voyage (ETIAS), bas\u00e9es sur des sources officielles de l'UE, notamment le r\u00e8glement UE 2018\/1240 et les publications de la Commission europ\u00e9enne.<\/p>\n<h3>Questions g\u00e9n\u00e9rales sur l'ETIAS<\/h3>\n<details>\n<summary><strong>Qu'est-ce que ETIAS ?<\/strong><\/summary>\n<p><strong>ETIAS (Syst\u00e8me europ\u00e9en d'information et d'autorisation pour les voyages)<\/strong> est une autorisation de voyage num\u00e9rique obligatoire cr\u00e9\u00e9e par l'Union europ\u00e9enne en vertu du r\u00e8glement (UE) 2018\/1240. \u00c0 partir du quatri\u00e8me trimestre 2026, les citoyens de 62 pays exempt\u00e9s de visa devront obtenir un ETIAS approuv\u00e9 avant d'entrer dans l'un des 30 pays europ\u00e9ens de l'espace Schengen. L'ETIAS n'est pas un visa - il s'agit d'un syst\u00e8me de contr\u00f4le \u00e9lectronique pr\u00e9alable au voyage similaire \u00e0 l'ESTA am\u00e9ricain ou \u00e0 l'ETA britannique, con\u00e7u pour renforcer la s\u00e9curit\u00e9 aux fronti\u00e8res tout en pr\u00e9servant l'exemption de visa.<\/p>\n<\/details>\n<details>\n<summary><strong>Quand l'ETIAS commence-t-il ?<\/strong><\/summary>\n<p>Le lancement d'ETIAS est pr\u00e9vu en <strong>Q4 2026<\/strong>, selon le dernier calendrier de la Commission europ\u00e9enne. Apr\u00e8s le lancement, il y aura une <strong>P\u00e9riode transitoire de 6 mois<\/strong> pendant lequel les voyageurs ne disposant pas d'ETIAS peuvent encore \u00eatre autoris\u00e9s \u00e0 entrer sur le territoire. Apr\u00e8s cette p\u00e9riode de gr\u00e2ce, ETIAS devient obligatoire pour tous les voyageurs \u00e9ligibles. Le syst\u00e8me a \u00e9t\u00e9 d\u00e9velopp\u00e9 par eu-LISA (Agence de l'Union europ\u00e9enne pour les syst\u00e8mes d'information \u00e0 grande \u00e9chelle).<\/p>\n<\/details>\n<details>\n<summary><strong>ETIAS est-il un visa ?<\/strong><\/summary>\n<p><strong>Non, ETIAS n'est pas un visa.<\/strong> Il s'agit d'une autorisation de voyage \u00e9lectronique, fondamentalement diff\u00e9rente du visa Schengen. Principales diff\u00e9rences : La demande d'ETIAS se fait enti\u00e8rement en ligne (pas de visite \u00e0 l'ambassade), ne co\u00fbte que 20 euros (contre 80 euros pour un visa), est trait\u00e9e en quelques minutes (contre 15 \u00e0 45 jours) et ne n\u00e9cessite qu'un passeport, un courriel et une carte de paiement (contre de nombreux documents tels que des relev\u00e9s bancaires, une assurance voyage et des lettres d'invitation). ETIAS est comparable \u00e0 l'ESTA des \u00c9tats-Unis et \u00e0 l'ETA du Royaume-Uni.<\/p>\n<\/details>\n<details>\n<summary><strong>Quel est le co\u00fbt d'ETIAS ?<\/strong><\/summary>\n<p><strong>ETIAS co\u00fbte 20 euros<\/strong> pour les voyageurs \u00e2g\u00e9s de 18 \u00e0 70 ans. Il est <strong>totalement gratuit<\/strong> pour les enfants de moins de 18 ans et les adultes de plus de 70 ans. Les frais couvrent les co\u00fbts administratifs du traitement de la demande et sont pay\u00e9s en ligne par carte de cr\u00e9dit ou de d\u00e9bit. \u00c0 titre de comparaison, l'ESTA am\u00e9ricain co\u00fbte $21 USD et l'ETA britannique 10 \u00a3. Le montant de 20 euros a \u00e9t\u00e9 fix\u00e9 par la Commission europ\u00e9enne afin de rendre le syst\u00e8me abordable tout en couvrant les co\u00fbts op\u00e9rationnels.<\/p>\n<\/details>\n<details>\n<summary><strong>Quelle est la dur\u00e9e de validit\u00e9 d'ETIAS ?<\/strong><\/summary>\n<p>Un ETIAS approuv\u00e9 est valable pour <strong>3 ans<\/strong> \u00e0 compter de la date d'approbation ou jusqu'\u00e0 l'expiration de votre passeport, selon la premi\u00e8re \u00e9ventualit\u00e9. Pendant cette p\u00e9riode de validit\u00e9, vous pouvez effectuer <strong>voyages illimit\u00e9s<\/strong> dans l'un des 30 pays europ\u00e9ens couverts par ETIAS. Chaque visite est limit\u00e9e \u00e0 un maximum de <strong>90 jours au cours d'une p\u00e9riode de 180 jours<\/strong>. Si vous obtenez un nouveau passeport, vous devez demander un nouvel ETIAS.<\/p>\n<\/details>\n<details>\n<summary><strong>Quels sont les pays qui exigent l'ETIAS ?<\/strong><\/summary>\n<p>L'ETIAS est n\u00e9cessaire pour entrer dans <strong>30 pays europ\u00e9ens<\/strong>Les 27 \u00c9tats membres de l'espace Schengen (Allemagne, Autriche, Belgique, Croatie, Danemark, Espagne, Estonie, Finlande, France, Gr\u00e8ce, Hongrie, Islande, Italie, Lettonie, Liechtenstein, Lituanie, Luxembourg, Malte, Norv\u00e8ge, Pays-Bas, Pologne, Portugal, R\u00e9publique tch\u00e8que, Slovaquie, Slov\u00e9nie, Su\u00e8de, Suisse) ainsi que la Bulgarie, Chypre et la Roumanie. Voir notre <a href=\"\/fr\/etias-countries\/\">Liste compl\u00e8te des pays ETIAS<\/a> pour plus de d\u00e9tails.<\/p>\n<\/details>\n<h3>Processus de candidature ETIAS<\/h3>\n<details>\n<summary><strong>Comment puis-je poser ma candidature pour l'ETIAS ?<\/strong><\/summary>\n<p>La demande d'ETIAS se fait par l'interm\u00e9diaire du <strong>le site web ou l'application mobile officiels d'ETIAS<\/strong> (disponible pour iOS et Android \u00e0 partir du 4\u00e8me trimestre 2026). La proc\u00e9dure se d\u00e9roule en 5 \u00e9tapes : (1) acc\u00e9der au portail officiel, (2) remplir le formulaire de demande avec des informations personnelles, sur le passeport et sur le voyage (~10 minutes), (3) payer les frais de 20 \u20ac par carte, (4) recevoir votre d\u00e9cision par courriel (g\u00e9n\u00e9ralement en quelques minutes), et (5) voyager en Europe avec votre passeport (ETIAS est li\u00e9 \u00e9lectroniquement). Voir notre <a href=\"\/fr\/etias-application\/\">Guide de candidature complet<\/a>.<\/p>\n<\/details>\n<details>\n<summary><strong>Combien de temps dure le traitement d'un dossier ETIAS ?<\/strong><\/summary>\n<p>Selon eu-LISA, environ <strong>95% des demandes ETIAS sont trait\u00e9es automatiquement en quelques minutes<\/strong>. Si des informations suppl\u00e9mentaires sont demand\u00e9es, le d\u00e9lai de traitement s'\u00e9tend jusqu'\u00e0 <strong>96 heures<\/strong>. Dans les rares cas n\u00e9cessitant un examen manuel par les autorit\u00e9s nationales (environ 2% des demandes), le traitement peut prendre jusqu'\u00e0 <strong>4 semaines (30 jours)<\/strong>. La Commission europ\u00e9enne recommande de d\u00e9poser la demande au moins 72 heures avant le d\u00e9part.<\/p>\n<\/details>\n<details>\n<summary><strong>Puis-je poser ma candidature \u00e0 l'ETIAS maintenant ?<\/strong><\/summary>\n<p><strong>Non, les candidatures ETIAS ne sont pas encore ouvertes.<\/strong> Le lancement du syst\u00e8me est pr\u00e9vu pour le quatri\u00e8me trimestre 2026. Tout site web pr\u00e9tendant accepter les demandes ETIAS avant la date de lancement officielle n'est pas un service officiel de l'UE. Nous recommandons de mettre en signet le portail officiel des voyages de l'UE (travel-europe.europa.eu) et cette page pour obtenir des mises \u00e0 jour sur la date exacte de lancement.<\/p>\n<\/details>\n<details>\n<summary><strong>Les enfants ont-ils besoin d'ETIAS ?<\/strong><\/summary>\n<p><strong>Oui, tous les voyageurs ont besoin de leur propre ETIAS<\/strong>, y compris les enfants et les nourrissons. Toutefois, la demande pour les mineurs de moins de 18 ans est <strong>totalement gratuit<\/strong> (pas de frais de 20 \u20ac). Un parent ou un tuteur l\u00e9gal peut remplir la demande au nom de l'enfant. L'enfant a toujours besoin de son propre passeport biom\u00e9trique valide, et l'ETIAS est li\u00e9 au passeport de l'enfant.<\/p>\n<\/details>\n<details>\n<summary><strong>Puis-je d\u00e9poser une demande au nom d'une autre personne ?<\/strong><\/summary>\n<p><strong>Oui.<\/strong> Vous pouvez soumettre des demandes ETIAS pour les membres de votre famille, y compris les enfants, les parents \u00e2g\u00e9s et les autres personnes \u00e0 charge. Chaque personne a besoin de son propre ETIAS li\u00e9 \u00e0 son propre passeport. Le syst\u00e8me prend \u00e9galement en charge <strong>applications de groupe<\/strong>, vous permettant de soumettre plusieurs demandes en une seule session, ce qui est particuli\u00e8rement utile pour les familles qui voyagent ensemble.<\/p>\n<\/details>\n<details>\n<summary><strong>De quels documents ai-je besoin pour ETIAS ?<\/strong><\/summary>\n<p>Il suffit de trois choses : (1) un <strong>passeport biom\u00e9trique en cours de validit\u00e9<\/strong> d'un pays \u00e9ligible \u00e0 ETIAS avec une validit\u00e9 d'au moins 3 mois au-del\u00e0 du s\u00e9jour pr\u00e9vu, (2) une carte d'identit\u00e9 d'un pays \u00e9ligible \u00e0 ETIAS avec une validit\u00e9 d'au moins 3 mois au-del\u00e0 du s\u00e9jour pr\u00e9vu. <strong>adresse \u00e9lectronique professionnelle<\/strong> pour recevoir votre autorisation, et (3) une <strong>carte de cr\u00e9dit ou de d\u00e9bit<\/strong> pour un montant de 20 euros. Aucune photo, assurance voyage, relev\u00e9 bancaire ou lettre d'invitation n'est n\u00e9cessaire, contrairement \u00e0 une demande de visa Schengen. Voir notre <a href=\"\/fr\/etias-requirements\/\">page compl\u00e8te des exigences<\/a>.<\/p>\n<\/details>\n<h3>R\u00e8gles de voyage et de s\u00e9jour<\/h3>\n<details>\n<summary><strong>Quels sont les pays que je peux visiter avec ETIAS ?<\/strong><\/summary>\n<p>Avec un ETIAS approuv\u00e9, vous pouvez visiter <strong>30 pays europ\u00e9ens<\/strong>L'espace Schengen : les 27 \u00c9tats membres de l'espace Schengen ainsi que la Bulgarie, Chypre et la Roumanie. Vous pouvez circuler librement entre ces pays pendant votre s\u00e9jour. ETIAS fait <strong>pas<\/strong> couvrent les pays de l'UE n'appartenant pas \u00e0 l'espace Schengen, comme l'Irlande, ou les pays n'appartenant pas \u00e0 l'UE, comme le Royaume-Uni (qui dispose de son propre syst\u00e8me d'ATE). Voir notre <a href=\"\/fr\/etias-countries\/\">Page des pays ETIAS<\/a> pour la liste compl\u00e8te.<\/p>\n<\/details>\n<details>\n<summary><strong>Qu'est-ce que la r\u00e8gle des 90\/180 jours ?<\/strong><\/summary>\n<p>Le <strong>R\u00e8gle des 90\/180 jours<\/strong> signifie que vous pouvez rester dans l'espace Schengen pour une dur\u00e9e maximale de <strong>90 jours au cours d'une p\u00e9riode mobile de 180 jours<\/strong>. Cette r\u00e8gle s'applique \u00e0 tous les voyageurs exempt\u00e9s de visa, quel que soit le nombre de pays visit\u00e9s. La p\u00e9riode de 180 jours est calcul\u00e9e comme une fen\u00eatre mobile, et non comme une p\u00e9riode calendaire fixe. Par exemple, si vous entrez le 1er janvier et restez 90 jours, vous ne pouvez pas entrer \u00e0 nouveau avant le 1er juillet environ. Utilisez le site officiel de la Commission europ\u00e9enne <a href=\"https:\/\/ec.europa.eu\/home-affairs\/content\/visa\/short-stay-visa-calculator_en\" rel=\"nofollow noopener\" target=\"_blank\">calculateur de court s\u00e9jour<\/a> pour planifier vos voyages.<\/p>\n<\/details>\n<details>\n<summary><strong>Puis-je travailler en Europe avec ETIAS ?<\/strong><\/summary>\n<p><strong>Non, ETIAS n'autorise pas le travail r\u00e9mun\u00e9r\u00e9.<\/strong> dans n'importe quel pays europ\u00e9en. L'ETIAS couvre les s\u00e9jours de courte dur\u00e9e pour le tourisme, les r\u00e9unions d'affaires, les conf\u00e9rences, le transit, les traitements m\u00e9dicaux et les programmes \u00e9ducatifs de courte dur\u00e9e (moins de 90 jours). Si vous souhaitez travailler, \u00e9tudier \u00e0 long terme ou r\u00e9sider dans un pays europ\u00e9en, vous devez demander le visa national ou le permis de s\u00e9jour appropri\u00e9 aupr\u00e8s de l'ambassade ou du consulat de ce pays.<\/p>\n<\/details>\n<details>\n<summary><strong>Que se passe-t-il si mon ETIAS est refus\u00e9 ?<\/strong><\/summary>\n<p>Si votre demande ETIAS est refus\u00e9e, vous recevrez un courrier \u00e9lectronique pr\u00e9cisant les \u00e9l\u00e9ments suivants <strong>motifs de refus<\/strong>. En vertu de l'article 40 du r\u00e8glement (UE) 2018\/1240, vous avez le droit de . <strong>appel<\/strong> la d\u00e9cision par l'interm\u00e9diaire de l'autorit\u00e9 nationale de l'\u00c9tat membre de l'UE qui a trait\u00e9 votre demande. Vous pouvez \u00e9galement soumettre une <strong>nouvelle application<\/strong> si les circonstances changent. Vous pouvez \u00e9galement demander un <strong>Visa Schengen<\/strong> par l'interm\u00e9diaire d'une ambassade ou d'un consulat.<\/p>\n<\/details>\n<details>\n<summary><strong>Que se passe-t-il si j'obtiens un nouveau passeport ?<\/strong><\/summary>\n<p>Si vous obtenez un <strong>nouveau passeport<\/strong> tant que votre ETIAS est encore valable, vous devez <strong>demander un nouvel ETIAS<\/strong>. Votre ancien ETIAS \u00e9tait li\u00e9 \u00e0 votre ancien passeport et ne peut pas \u00eatre transf\u00e9r\u00e9. La nouvelle demande n\u00e9cessite le paiement des frais standard de 20 euros et suit la m\u00eame proc\u00e9dure. Votre nouvel ETIAS sera valable pendant 3 ans \u00e0 compter de la nouvelle date d'approbation.<\/p>\n<\/details>\n<p><em>Sources : Commission europ\u00e9enne (ec.europa.eu), r\u00e8glement de l'UE 2018\/1240, eu-LISA (eulisa.europa.eu). Derni\u00e8re mise \u00e0 jour : f\u00e9vrier 2026.<\/em><\/p>","protected":false},"excerpt":{"rendered":"<p>Key Takeaway: ETIAS is a &euro;20 digital travel authorisation required for citizens of 62 visa-exempt countries visiting Europe&#8217;s Schengen Area [&hellip;]<\/p>\n","protected":false},"author":2,"featured_media":0,"parent":0,"menu_order":0,"comment_status":"closed","ping_status":"closed","template":"","meta":{"site-sidebar-layout":"default","site-content-layout":"","ast-site-content-layout":"default","site-content-style":"default","site-sidebar-style":"default","ast-global-header-display":"","ast-banner-title-visibility":"","ast-main-header-display":"","ast-hfb-above-header-display":"","ast-hfb-below-header-display":"","ast-hfb-mobile-header-display":"","site-post-title":"","ast-breadcrumbs-content":"","ast-featured-img":"","footer-sml-layout":"","ast-disable-related-posts":"","theme-transparent-header-meta":"","adv-header-id-meta":"","stick-header-meta":"","header-above-stick-meta":"","header-main-stick-meta":"","header-below-stick-meta":"","astra-migrate-meta-layouts":"default","ast-page-background-enabled":"default","ast-page-background-meta":{"desktop":{"background-color":"var(--ast-global-color-5)","background-image":"","background-repeat":"repeat","background-position":"center center","background-size":"auto","background-attachment":"scroll","background-type":"","background-media":"","overlay-type":"","overlay-color":"","overlay-opacity":"","overlay-gradient":""},"tablet":{"background-color":"","background-image":"","background-repeat":"repeat","background-position":"center center","background-size":"auto","background-attachment":"scroll","background-type":"","background-media":"","overlay-type":"","overlay-color":"","overlay-opacity":"","overlay-gradient":""},"mobile":{"background-color":"","background-image":"","background-repeat":"repeat","background-position":"center center","background-size":"auto","background-attachment":"scroll","background-type":"","background-media":"","overlay-type":"","overlay-color":"","overlay-opacity":"","overlay-gradient":""}},"ast-content-background-meta":{"desktop":{"background-color":"var(--ast-global-color-4)","background-image":"","background-repeat":"repeat","background-position":"center center","background-size":"auto","background-attachment":"scroll","background-type":"","background-media":"","overlay-type":"","overlay-color":"","overlay-opacity":"","overlay-gradient":""},"tablet":{"background-color":"var(--ast-global-color-4)","background-image":"","background-repeat":"repeat","background-position":"center center","background-size":"auto","background-attachment":"scroll","background-type":"","background-media":"","overlay-type":"","overlay-color":"","overlay-opacity":"","overlay-gradient":""},"mobile":{"background-color":"var(--ast-global-color-4)","background-image":"","background-repeat":"repeat","background-position":"center center","background-size":"auto","background-attachment":"scroll","background-type":"","background-media":"","overlay-type":"","overlay-color":"","overlay-opacity":"","overlay-gradient":""}},"footnotes":""},"class_list":["post-27","page","type-page","status-publish","hentry"],"yoast_head":"<!-- This site is optimized with the Yoast SEO plugin v27.0 - https:\/\/yoast.com\/product\/yoast-seo-wordpress\/ -->\n<title>ETIAS FAQ - ETIAS - Travel to Europe<\/title>\n<meta name=\"robots\" content=\"index, follow, max-snippet:-1, max-image-preview:large, max-video-preview:-1\" \/>\n<link rel=\"canonical\" href=\"https:\/\/europe-visa.eu\/fr\/etias-faq\/\" \/>\n<meta property=\"og:locale\" content=\"fr_FR\" \/>\n<meta property=\"og:type\" content=\"article\" \/>\n<meta property=\"og:title\" content=\"ETIAS FAQ - ETIAS - Travel to Europe\" \/>\n<meta property=\"og:description\" content=\"Key Takeaway: ETIAS is a &euro;20 digital travel authorisation required for citizens of 62 visa-exempt countries visiting Europe&#8217;s Schengen Area [&hellip;]\" \/>\n<meta property=\"og:url\" content=\"https:\/\/europe-visa.eu\/fr\/etias-faq\/\" \/>\n<meta property=\"og:site_name\" content=\"ETIAS - Travel to Europe\" \/>\n<meta property=\"article:modified_time\" content=\"2026-02-28T20:16:38+00:00\" \/>\n<meta name=\"twitter:card\" content=\"summary_large_image\" \/>\n<meta name=\"twitter:label1\" content=\"Dur\u00e9e de lecture estim\u00e9e\" \/>\n\t<meta name=\"twitter:data1\" content=\"6 minutes\" \/>\n<script type=\"application\/ld+json\" class=\"yoast-schema-graph\">{\"@context\":\"https:\/\/schema.org\",\"@graph\":[{\"@type\":\"WebPage\",\"@id\":\"https:\/\/europe-visa.eu\/etias-faq\/\",\"url\":\"https:\/\/europe-visa.eu\/etias-faq\/\",\"name\":\"ETIAS FAQ - ETIAS - Travel to Europe\",\"isPartOf\":{\"@id\":\"https:\/\/europe-visa.eu\/#website\"},\"datePublished\":\"2026-02-28T18:46:30+00:00\",\"dateModified\":\"2026-02-28T20:16:38+00:00\",\"breadcrumb\":{\"@id\":\"https:\/\/europe-visa.eu\/etias-faq\/#breadcrumb\"},\"inLanguage\":\"fr-FR\",\"potentialAction\":[{\"@type\":\"ReadAction\",\"target\":[\"https:\/\/europe-visa.eu\/etias-faq\/\"]}]},{\"@type\":\"BreadcrumbList\",\"@id\":\"https:\/\/europe-visa.eu\/etias-faq\/#breadcrumb\",\"itemListElement\":[{\"@type\":\"ListItem\",\"position\":1,\"name\":\"Home\",\"item\":\"https:\/\/europe-visa.eu\/\"},{\"@type\":\"ListItem\",\"position\":2,\"name\":\"ETIAS FAQ\"}]},{\"@type\":\"WebSite\",\"@id\":\"https:\/\/europe-visa.eu\/#website\",\"url\":\"https:\/\/europe-visa.eu\/\",\"name\":\"ETIAS - Travel to Europe\",\"description\":\"\",\"publisher\":{\"@id\":\"https:\/\/europe-visa.eu\/#organization\"},\"potentialAction\":[{\"@type\":\"SearchAction\",\"target\":{\"@type\":\"EntryPoint\",\"urlTemplate\":\"https:\/\/europe-visa.eu\/?s={search_term_string}\"},\"query-input\":{\"@type\":\"PropertyValueSpecification\",\"valueRequired\":true,\"valueName\":\"search_term_string\"}}],\"inLanguage\":\"fr-FR\"},{\"@type\":\"Organization\",\"@id\":\"https:\/\/europe-visa.eu\/#organization\",\"name\":\"Europe-Visa.eu\",\"url\":\"https:\/\/europe-visa.eu\/\",\"logo\":{\"@type\":\"ImageObject\",\"inLanguage\":\"fr-FR\",\"@id\":\"https:\/\/europe-visa.eu\/#\/schema\/logo\/image\/\",\"url\":\"https:\/\/europe-visa.eu\/wp-content\/uploads\/2026\/02\/etias-favicon.png\",\"contentUrl\":\"https:\/\/europe-visa.eu\/wp-content\/uploads\/2026\/02\/etias-favicon.png\",\"width\":512,\"height\":512,\"caption\":\"Europe-Visa.eu\"},\"image\":{\"@id\":\"https:\/\/europe-visa.eu\/#\/schema\/logo\/image\/\"}}]}<\/script>\n<!-- \/ Yoast SEO plugin. -->","yoast_head_json":{"title":"ETIAS FAQ - ETIAS - Voyager en Europe","robots":{"index":"index","follow":"follow","max-snippet":"max-snippet:-1","max-image-preview":"max-image-preview:large","max-video-preview":"max-video-preview:-1"},"canonical":"https:\/\/europe-visa.eu\/fr\/etias-faq\/","og_locale":"fr_FR","og_type":"article","og_title":"ETIAS FAQ - ETIAS - Travel to Europe","og_description":"Key Takeaway: ETIAS is a &euro;20 digital travel authorisation required for citizens of 62 visa-exempt countries visiting Europe&#8217;s Schengen Area [&hellip;]","og_url":"https:\/\/europe-visa.eu\/fr\/etias-faq\/","og_site_name":"ETIAS - Travel to Europe","article_modified_time":"2026-02-28T20:16:38+00:00","twitter_card":"summary_large_image","twitter_misc":{"Dur\u00e9e de lecture estim\u00e9e":"6 minutes"},"schema":{"@context":"https:\/\/schema.org","@graph":[{"@type":"WebPage","@id":"https:\/\/europe-visa.eu\/etias-faq\/","url":"https:\/\/europe-visa.eu\/etias-faq\/","name":"ETIAS FAQ - ETIAS - Voyager en Europe","isPartOf":{"@id":"https:\/\/europe-visa.eu\/#website"},"datePublished":"2026-02-28T18:46:30+00:00","dateModified":"2026-02-28T20:16:38+00:00","breadcrumb":{"@id":"https:\/\/europe-visa.eu\/etias-faq\/#breadcrumb"},"inLanguage":"fr-FR","potentialAction":[{"@type":"ReadAction","target":["https:\/\/europe-visa.eu\/etias-faq\/"]}]},{"@type":"BreadcrumbList","@id":"https:\/\/europe-visa.eu\/etias-faq\/#breadcrumb","itemListElement":[{"@type":"ListItem","position":1,"name":"Home","item":"https:\/\/europe-visa.eu\/"},{"@type":"ListItem","position":2,"name":"ETIAS FAQ"}]},{"@type":"WebSite","@id":"https:\/\/europe-visa.eu\/#website","url":"https:\/\/europe-visa.eu\/","name":"ETIAS - Voyage en Europe","description":"","publisher":{"@id":"https:\/\/europe-visa.eu\/#organization"},"potentialAction":[{"@type":"SearchAction","target":{"@type":"EntryPoint","urlTemplate":"https:\/\/europe-visa.eu\/?s={search_term_string}"},"query-input":{"@type":"PropertyValueSpecification","valueRequired":true,"valueName":"search_term_string"}}],"inLanguage":"fr-FR"},{"@type":"Organization","@id":"https:\/\/europe-visa.eu\/#organization","name":"Europe-Visa.eu","url":"https:\/\/europe-visa.eu\/","logo":{"@type":"ImageObject","inLanguage":"fr-FR","@id":"https:\/\/europe-visa.eu\/#\/schema\/logo\/image\/","url":"https:\/\/europe-visa.eu\/wp-content\/uploads\/2026\/02\/etias-favicon.png","contentUrl":"https:\/\/europe-visa.eu\/wp-content\/uploads\/2026\/02\/etias-favicon.png","width":512,"height":512,"caption":"Europe-Visa.eu"},"image":{"@id":"https:\/\/europe-visa.eu\/#\/schema\/logo\/image\/"}}]}},"_links":{"self":[{"href":"https:\/\/europe-visa.eu\/fr\/wp-json\/wp\/v2\/pages\/27","targetHints":{"allow":["GET"]}}],"collection":[{"href":"https:\/\/europe-visa.eu\/fr\/wp-json\/wp\/v2\/pages"}],"about":[{"href":"https:\/\/europe-visa.eu\/fr\/wp-json\/wp\/v2\/types\/page"}],"author":[{"embeddable":true,"href":"https:\/\/europe-visa.eu\/fr\/wp-json\/wp\/v2\/users\/2"}],"replies":[{"embeddable":true,"href":"https:\/\/europe-visa.eu\/fr\/wp-json\/wp\/v2\/comments?post=27"}],"version-history":[{"count":3,"href":"https:\/\/europe-visa.eu\/fr\/wp-json\/wp\/v2\/pages\/27\/revisions"}],"predecessor-version":[{"id":114,"href":"https:\/\/europe-visa.eu\/fr\/wp-json\/wp\/v2\/pages\/27\/revisions\/114"}],"wp:attachment":[{"href":"https:\/\/europe-visa.eu\/fr\/wp-json\/wp\/v2\/media?parent=27"}],"curies":[{"name":"wp","href":"https:\/\/api.w.org\/{rel}","templated":true}]}}