{"id":28,"date":"2026-02-28T18:46:31","date_gmt":"2026-02-28T18:46:31","guid":{"rendered":"https:\/\/europe-visa.eu\/?page_id=28"},"modified":"2026-03-02T01:13:19","modified_gmt":"2026-03-02T01:13:19","slug":"etias-countries","status":"publish","type":"page","link":"https:\/\/europe-visa.eu\/fr\/etias-countries\/","title":{"rendered":"Pays ETIAS"},"content":{"rendered":"<div style=\"background: #e8f4f8; border-left: 4px solid #0073aa; padding: 20px; margin-bottom: 30px;\"><strong>Principaux enseignements :<\/strong> ETIAS couvre 30 pays europ\u00e9ens : 27 \u00c9tats membres de l'espace Schengen ainsi que la Bulgarie, Chypre et la Roumanie. Ces pays s'\u00e9tendent de l'Islande au nord \u00e0 Malte au sud, couvrant plus de 4 millions de kilom\u00e8tres carr\u00e9s et plus de 400 millions d'habitants.<\/div>\n<h2>Pays ETIAS : Liste compl\u00e8te des 30 destinations europ\u00e9ennes<\/h2>\n<p><strong>Un ETIAS approuv\u00e9 donne acc\u00e8s \u00e0 30 pays europ\u00e9ens<\/strong>, Il s'agit d'une zone de libre circulation qui englobe les 27 \u00c9tats membres de l'espace Schengen ainsi que trois autres pays participant au syst\u00e8me ETIAS. Ensemble, ces pays forment la plus grande zone de libre circulation au monde, permettant aux titulaires de l'ETIAS de franchir les fronti\u00e8res sans contr\u00f4le suppl\u00e9mentaire pendant leur s\u00e9jour. L'espace Schengen a \u00e9t\u00e9 cr\u00e9\u00e9 par l'accord de Schengen de 1985 et s'est \u00e9tendu des 5 membres fondateurs \u00e0 27 pays \u00e0 partir de 2023.<\/p>\n<h3>Les 27 pays de l'espace Schengen<\/h3>\n<p>Les pays suivants sont membres \u00e0 part enti\u00e8re de l'espace Schengen. ETIAS est obligatoire pour les voyageurs exempt\u00e9s de visa qui entrent dans l'un de ces pays :<\/p>\n<table>\n<thead>\n<tr>\n<th>Pays<\/th>\n<th>Le capital<\/th>\n<th>Membre de Schengen depuis<\/th>\n<th>Visiteurs annuels (millions)<\/th>\n<\/tr>\n<\/thead>\n<tbody>\n<tr>\n<td>\ud83c\udde6\ud83c\uddf9 Autriche<\/td>\n<td>Vienne<\/td>\n<td>1997<\/td>\n<td>~31<\/td>\n<\/tr>\n<tr>\n<td>\ud83c\udde7\ud83c\uddea Belgique<\/td>\n<td>Bruxelles<\/td>\n<td>1995<\/td>\n<td>~10<\/td>\n<\/tr>\n<tr>\n<td>\ud83c\udded\ud83c\uddf7 Croatie<\/td>\n<td>Zagreb<\/td>\n<td>2023<\/td>\n<td>~20<\/td>\n<\/tr>\n<tr>\n<td>\ud83c\udde8\ud83c\uddff R\u00e9publique tch\u00e8que<\/td>\n<td>Prague<\/td>\n<td>2007<\/td>\n<td>~14<\/td>\n<\/tr>\n<tr>\n<td>\ud83c\udde9\ud83c\uddf0 Danemark<\/td>\n<td>Copenhague<\/td>\n<td>2001<\/td>\n<td>~12<\/td>\n<\/tr>\n<tr>\n<td>\ud83c\uddea\ud83c\uddea Estonie<\/td>\n<td>Tallinn<\/td>\n<td>2007<\/td>\n<td>~4<\/td>\n<\/tr>\n<tr>\n<td>\ud83c\uddeb\ud83c\uddee Finlande<\/td>\n<td>Helsinki<\/td>\n<td>2001<\/td>\n<td>~7<\/td>\n<\/tr>\n<tr>\n<td>\ud83c\uddeb\ud83c\uddf7 France<\/td>\n<td>Paris<\/td>\n<td>1995<\/td>\n<td>~100<\/td>\n<\/tr>\n<tr>\n<td>\ud83c\udde9\ud83c\uddea Allemagne<\/td>\n<td>Berlin<\/td>\n<td>1995<\/td>\n<td>~40<\/td>\n<\/tr>\n<tr>\n<td>\ud83c\uddec\ud83c\uddf7 Gr\u00e8ce<\/td>\n<td>Ath\u00e8nes<\/td>\n<td>2000<\/td>\n<td>~33<\/td>\n<\/tr>\n<tr>\n<td>\ud83c\udded\ud83c\uddfa Hongrie<\/td>\n<td>Budapest<\/td>\n<td>2007<\/td>\n<td>~16<\/td>\n<\/tr>\n<tr>\n<td>\ud83c\uddee\ud83c\uddf8 Islande<\/td>\n<td>Reykjavik<\/td>\n<td>2001<\/td>\n<td>~2<\/td>\n<\/tr>\n<tr>\n<td>\ud83c\uddee\ud83c\uddf9 Italie<\/td>\n<td>Rome<\/td>\n<td>1997<\/td>\n<td>~65<\/td>\n<\/tr>\n<tr>\n<td>\ud83c\uddf1\ud83c\uddfb Lettonie<\/td>\n<td>Riga<\/td>\n<td>2007<\/td>\n<td>~3<\/td>\n<\/tr>\n<tr>\n<td>\ud83c\uddf1\ud83c\uddee Liechtenstein<\/td>\n<td>Vaduz<\/td>\n<td>2011<\/td>\n<td>&lt;1<\/td>\n<\/tr>\n<tr>\n<td>\ud83c\uddf1\ud83c\uddf9 Lituanie<\/td>\n<td>Vilnius<\/td>\n<td>2007<\/td>\n<td>~3<\/td>\n<\/tr>\n<tr>\n<td>\ud83c\uddf1\ud83c\uddfa Luxembourg<\/td>\n<td>Ville de Luxembourg<\/td>\n<td>1995<\/td>\n<td>~1<\/td>\n<\/tr>\n<tr>\n<td>\ud83c\uddf2\ud83c\uddf9 Malte<\/td>\n<td>La Valette<\/td>\n<td>2007<\/td>\n<td>~3<\/td>\n<\/tr>\n<tr>\n<td>\ud83c\uddf3\ud83c\uddf1 Pays-Bas<\/td>\n<td>Amsterdam<\/td>\n<td>1995<\/td>\n<td>~21<\/td>\n<\/tr>\n<tr>\n<td>\ud83c\uddf3\ud83c\uddf4 Norv\u00e8ge<\/td>\n<td>Oslo<\/td>\n<td>2001<\/td>\n<td>~7<\/td>\n<\/tr>\n<tr>\n<td>\ud83c\uddf5\ud83c\uddf1 Pologne<\/td>\n<td>Varsovie<\/td>\n<td>2007<\/td>\n<td>~21<\/td>\n<\/tr>\n<tr>\n<td>\ud83c\uddf5\ud83c\uddf9 Portugal<\/td>\n<td>Lisbonne<\/td>\n<td>1995<\/td>\n<td>~27<\/td>\n<\/tr>\n<tr>\n<td>\ud83c\uddf8\ud83c\uddf0 Slovaquie<\/td>\n<td>Bratislava<\/td>\n<td>2007<\/td>\n<td>~6<\/td>\n<\/tr>\n<tr>\n<td>\ud83c\uddf8\ud83c\uddee Slov\u00e9nie<\/td>\n<td>Ljubljana<\/td>\n<td>2007<\/td>\n<td>~6<\/td>\n<\/tr>\n<tr>\n<td>\ud83c\uddea\ud83c\uddf8 Espagne<\/td>\n<td>Madrid<\/td>\n<td>1995<\/td>\n<td>~85<\/td>\n<\/tr>\n<tr>\n<td>\ud83c\uddf8\ud83c\uddea Su\u00e8de<\/td>\n<td>Stockholm<\/td>\n<td>2001<\/td>\n<td>~10<\/td>\n<\/tr>\n<tr>\n<td>\ud83c\udde8\ud83c\udded Suisse<\/td>\n<td>Berne<\/td>\n<td>2008<\/td>\n<td>~12<\/td>\n<\/tr>\n<\/tbody>\n<\/table>\n<h3>3 Autres pays ETIAS<\/h3>\n<p>Ces pays ne sont pas membres \u00e0 part enti\u00e8re de l'espace Schengen mais participent au syst\u00e8me ETIAS :<\/p>\n<table>\n<thead>\n<tr>\n<th>Pays<\/th>\n<th>Le capital<\/th>\n<th>Statut<\/th>\n<th>Notes<\/th>\n<\/tr>\n<\/thead>\n<tbody>\n<tr>\n<td>\ud83c\udde7\ud83c\uddec Bulgarie<\/td>\n<td>Sofia<\/td>\n<td>Fronti\u00e8res a\u00e9riennes et maritimes de Schengen (2024)<\/td>\n<td>L'acc\u00e8s aux fronti\u00e8res terrestres devrait bient\u00f4t \u00eatre total<\/td>\n<\/tr>\n<tr>\n<td>\ud83c\udde8\ud83c\uddfe Chypre<\/td>\n<td>Nicosie<\/td>\n<td>Membre de l'UE, participant ETIAS<\/td>\n<td>Pas encore membre de Schengen mais inclus dans ETIAS<\/td>\n<\/tr>\n<tr>\n<td>\ud83c\uddf7\ud83c\uddf4 Roumanie<\/td>\n<td>Bucarest<\/td>\n<td>Fronti\u00e8res a\u00e9riennes et maritimes de Schengen (2024)<\/td>\n<td>L'acc\u00e8s aux fronti\u00e8res terrestres devrait bient\u00f4t \u00eatre total<\/td>\n<\/tr>\n<\/tbody>\n<\/table>\n<h3>Comprendre la r\u00e8gle des 90\/180 jours<\/h3>\n<p>Avec ETIAS, vous pouvez voyager librement entre les 30 pays \u00e9num\u00e9r\u00e9s ci-dessus sans contr\u00f4les frontaliers suppl\u00e9mentaires. Toutefois, vous devez respecter les <strong>R\u00e8gle des 90\/180 jours<\/strong>:<\/p>\n<table>\n<thead>\n<tr>\n<th>R\u00e8gle<\/th>\n<th>D\u00e9tails<\/th>\n<\/tr>\n<\/thead>\n<tbody>\n<tr>\n<td><strong>Dur\u00e9e maximale du s\u00e9jour<\/strong><\/td>\n<td>90 jours au cours d'une p\u00e9riode glissante de 180 jours<\/td>\n<\/tr>\n<tr>\n<td><strong>M\u00e9thode de calcul<\/strong><\/td>\n<td>Fen\u00eatre glissante (non bas\u00e9e sur un calendrier)<\/td>\n<\/tr>\n<tr>\n<td><strong>Champ d'application<\/strong><\/td>\n<td>Ensemble des 30 pays ETIAS (les jours ne sont pas compt\u00e9s par pays)<\/td>\n<\/tr>\n<tr>\n<td><strong>Entr\u00e9es multiples<\/strong><\/td>\n<td>Autoris\u00e9 - vous pouvez entrer et sortir plusieurs fois dans la limite de 90 jours.<\/td>\n<\/tr>\n<tr>\n<td><strong>D\u00e9passement de la limite<\/strong><\/td>\n<td>Le d\u00e9passement de la dur\u00e9e du s\u00e9jour peut entra\u00eener des amendes, l'expulsion et des interdictions d'entr\u00e9e \u00e0 l'avenir.<\/td>\n<\/tr>\n<\/tbody>\n<\/table>\n<h3>Pays europ\u00e9ens NON couverts par ETIAS<\/h3>\n<p>Les pays europ\u00e9ens suivants sont <strong>ne fait pas partie du syst\u00e8me ETIAS<\/strong> et ont leurs propres conditions d'admission :<\/p>\n<table>\n<thead>\n<tr>\n<th>Pays<\/th>\n<th>Syst\u00e8me d'entr\u00e9e<\/th>\n<th>Notes<\/th>\n<\/tr>\n<\/thead>\n<tbody>\n<tr>\n<td>\ud83c\uddec\ud83c\udde7 Royaume-Uni<\/td>\n<td>UK ETA (20)<\/td>\n<td>A quitt\u00e9 l'UE en 2020 ; dispose de son propre syst\u00e8me d'autorisation de voyage \u00e9lectronique.<\/td>\n<\/tr>\n<tr>\n<td>\ud83c\uddee\ud83c\uddea Irlande<\/td>\n<td>Pas d'ETA n\u00e9cessaire (pour la plupart des nationalit\u00e9s)<\/td>\n<td>Membre de l'UE mais ne faisant pas partie de l'espace Schengen ; maintient des contr\u00f4les frontaliers s\u00e9par\u00e9s<\/td>\n<\/tr>\n<tr>\n<td>\ud83c\uddf7\ud83c\uddfa Russie<\/td>\n<td>Visa requis<\/td>\n<td>Ne fait pas partie de l'UE ou de l'espace Schengen<\/td>\n<\/tr>\n<tr>\n<td>\ud83c\uddf9\ud83c\uddf7 Turquie<\/td>\n<td>Visa \u00e9lectronique ou visa \u00e0 l'arriv\u00e9e<\/td>\n<td>Ne fait pas partie de l'UE ou de l'espace Schengen<\/td>\n<\/tr>\n<tr>\n<td>\ud83c\uddfa\ud83c\udde6 Ukraine<\/td>\n<td>Exemption de visa pour l'UE (jusqu'\u00e0 90 jours)<\/td>\n<td>Pays candidat \u00e0 l'adh\u00e9sion \u00e0 l'UE ; les voyageurs \u00e0 destination de l'Ukraine n'ont pas besoin d'ETIAS<\/td>\n<\/tr>\n<\/tbody>\n<\/table>\n<h3>Espace Schengen : Faits marquants<\/h3>\n<table>\n<thead>\n<tr>\n<th>Faits<\/th>\n<th>D\u00e9tails<\/th>\n<\/tr>\n<\/thead>\n<tbody>\n<tr>\n<td><strong>Fond\u00e9e<\/strong><\/td>\n<td>1985 (Accord de Schengen sign\u00e9 par 5 pays)<\/td>\n<\/tr>\n<tr>\n<td><strong>Membres actuels<\/strong><\/td>\n<td>27 pays (\u00e0 partir de 2023, avec l'adh\u00e9sion de la Croatie)<\/td>\n<\/tr>\n<tr>\n<td><strong>Surface totale<\/strong><\/td>\n<td>Plus de 4,3 millions de km\u00b2<\/td>\n<\/tr>\n<tr>\n<td><strong>Population totale<\/strong><\/td>\n<td>Environ 420 millions de personnes<\/td>\n<\/tr>\n<tr>\n<td><strong>Contr\u00f4les aux fronti\u00e8res int\u00e9rieures<\/strong><\/td>\n<td>Supprim\u00e9e entre les \u00c9tats membres<\/td>\n<\/tr>\n<tr>\n<td><strong>Franchissement des fronti\u00e8res ext\u00e9rieures<\/strong><\/td>\n<td>Plus de 1 800 points de passage d\u00e9sign\u00e9s<\/td>\n<\/tr>\n<tr>\n<td><strong>Visiteurs annuels des pays exempt\u00e9s de visa<\/strong><\/td>\n<td>Plus de 30 millions (estimation de la Commission europ\u00e9enne)<\/td>\n<\/tr>\n<\/tbody>\n<\/table>\n<h2>Guides des nationalit\u00e9s ETIAS : Informations sur les pays<\/h2>\n<p>S\u00e9lectionnez votre pays ci-dessous pour obtenir un guide d\u00e9taill\u00e9 sur les \u00e9tapes de la demande ETIAS, les co\u00fbts dans votre monnaie locale, les documents requis et les destinations europ\u00e9ennes les plus populaires pour les voyageurs de votre pays.<\/p>\n<div style=\"background:#f0f7ff;border:1px solid #bee3f8;border-radius:8px;padding:20px;margin:20px 0;\">\n<h3 style=\"color:#2b6cb0;margin-top:0;\">\ud83c\uddea\ud83c\uddfa Am\u00e9riques<\/h3>\n<ul style=\"column-count:2;column-gap:20px;list-style:none;padding:0;\">\n<li style=\"margin-bottom:8px;\">\ud83c\uddfa\ud83c\uddf8 <a href=\"\/fr\/etias-for-american-citizens\/\">ETIAS pour les citoyens am\u00e9ricains<\/a><\/li>\n<li style=\"margin-bottom:8px;\">\ud83c\udde8\ud83c\udde6 <a href=\"\/fr\/etias-for-canadian-citizens\/\">ETIAS pour les citoyens canadiens<\/a><\/li>\n<li style=\"margin-bottom:8px;\">\ud83c\udde7\ud83c\uddf7 <a href=\"\/fr\/etias-for-brazilian-citizens\/\">ETIAS pour les citoyens br\u00e9siliens<\/a><\/li>\n<li style=\"margin-bottom:8px;\">\ud83c\uddf2\ud83c\uddfd <a href=\"\/fr\/etias-for-mexican-citizens\/\">ETIAS pour les citoyens mexicains<\/a><\/li>\n<li style=\"margin-bottom:8px;\">\ud83c\udde6\ud83c\uddf7 <a href=\"\/fr\/etias-for-argentinian-citizens\/\">ETIAS pour les citoyens argentins<\/a><\/li>\n<li style=\"margin-bottom:8px;\">\ud83c\udde8\ud83c\uddf4 <a href=\"\/fr\/etias-for-colombian-citizens\/\">ETIAS pour les citoyens colombiens<\/a><\/li>\n<li style=\"margin-bottom:8px;\">\ud83c\udde8\ud83c\uddf1 <a href=\"\/fr\/etias-for-chilean-citizens\/\">ETIAS pour les citoyens chiliens<\/a><\/li>\n<li style=\"margin-bottom:8px;\">\ud83c\uddf5\ud83c\uddea <a href=\"\/fr\/etias-for-peruvian-citizens\/\">ETIAS pour les citoyens p\u00e9ruviens<\/a><\/li>\n<li style=\"margin-bottom:8px;\">\ud83c\uddfa\ud83c\uddfe <a href=\"\/fr\/etias-for-uruguayan-citizens\/\">ETIAS pour les citoyens uruguayens<\/a><\/li>\n<li style=\"margin-bottom:8px;\">\ud83c\udde8\ud83c\uddf7 <a href=\"\/fr\/etias-for-costa-rican-citizens\/\">ETIAS pour les citoyens costariciens<\/a><\/li>\n<\/ul>\n<\/div>\n<div style=\"background:#f0fff4;border:1px solid #c6f6d5;border-radius:8px;padding:20px;margin:20px 0;\">\n<h3 style=\"color:#276749;margin-top:0;\">\ud83c\udf0f Asie et Pacifique<\/h3>\n<ul style=\"column-count:2;column-gap:20px;list-style:none;padding:0;\">\n<li style=\"margin-bottom:8px;\">\ud83c\udde6\ud83c\uddfa <a href=\"\/fr\/etias-for-australian-citizens\/\">ETIAS pour les citoyens australiens<\/a><\/li>\n<li style=\"margin-bottom:8px;\">\ud83c\uddef\ud83c\uddf5 <a href=\"\/fr\/etias-for-japanese-citizens\/\">ETIAS pour les citoyens japonais<\/a><\/li>\n<li style=\"margin-bottom:8px;\">\ud83c\uddf0\ud83c\uddf7 <a href=\"\/fr\/etias-for-south-korean-citizens\/\">ETIAS pour les citoyens sud-cor\u00e9ens<\/a><\/li>\n<li style=\"margin-bottom:8px;\">\ud83c\uddf3\ud83c\uddff <a href=\"\/fr\/etias-for-new-zealand-citizens\/\">ETIAS pour les citoyens n\u00e9o-z\u00e9landais<\/a><\/li>\n<li style=\"margin-bottom:8px;\">\ud83c\uddf8\ud83c\uddec <a href=\"\/fr\/etias-for-singaporean-citizens\/\">ETIAS pour les citoyens singapouriens<\/a><\/li>\n<li style=\"margin-bottom:8px;\">\ud83c\uddf2\ud83c\uddfe <a href=\"\/fr\/etias-for-malaysian-citizens\/\">ETIAS pour les citoyens malaisiens<\/a><\/li>\n<li style=\"margin-bottom:8px;\">\ud83c\uddf9\ud83c\uddfc <a href=\"\/fr\/etias-for-taiwanese-citizens\/\">ETIAS pour les citoyens ta\u00efwanais<\/a><\/li>\n<li style=\"margin-bottom:8px;\">\ud83c\udded\ud83c\uddf0 <a href=\"\/fr\/etias-for-hong-kong-citizens\/\">ETIAS pour les citoyens de Hong Kong<\/a><\/li>\n<li style=\"margin-bottom:8px;\">\ud83c\udde6\ud83c\uddea <a href=\"\/fr\/etias-for-emirati-citizens\/\">ETIAS pour les citoyens des EAU\/Emiratis<\/a><\/li>\n<li style=\"margin-bottom:8px;\">\ud83c\uddee\ud83c\uddf1 <a href=\"\/fr\/etias-for-israeli-citizens\/\">ETIAS pour les citoyens isra\u00e9liens<\/a><\/li>\n<\/ul>\n<\/div>\n<div style=\"background:#faf5ff;border:1px solid #e9d8fd;border-radius:8px;padding:20px;margin:20px 0;\">\n<h3 style=\"color:#553c9a;margin-top:0;\">\ud83c\uddea\ud83c\uddfa Europe et autres<\/h3>\n<ul style=\"column-count:2;column-gap:20px;list-style:none;padding:0;\">\n<li style=\"margin-bottom:8px;\">\ud83c\uddec\ud83c\udde7 <a href=\"\/fr\/etias-for-british-citizens\/\">ETIAS pour les citoyens britanniques<\/a><\/li>\n<li style=\"margin-bottom:8px;\">\ud83c\uddfa\ud83c\udde6 <a href=\"\/fr\/etias-for-ukrainian-citizens\/\">ETIAS pour les citoyens ukrainiens<\/a><\/li>\n<li style=\"margin-bottom:8px;\">\ud83c\uddf7\ud83c\uddf8 <a href=\"\/fr\/etias-for-serbian-citizens\/\">ETIAS pour les citoyens serbes<\/a><\/li>\n<li style=\"margin-bottom:8px;\">\ud83c\udde6\ud83c\uddf1 <a href=\"\/fr\/etias-for-albanian-citizens\/\">ETIAS pour les citoyens albanais<\/a><\/li>\n<li style=\"margin-bottom:8px;\">\ud83c\udde7\ud83c\udde6 <a href=\"\/fr\/etias-for-bosnian-citizens\/\">ETIAS pour les citoyens bosniaques<\/a><\/li>\n<li style=\"margin-bottom:8px;\">\ud83c\uddf2\ud83c\udde9 <a href=\"\/fr\/etias-for-moldovan-citizens\/\">ETIAS pour les citoyens moldaves<\/a><\/li>\n<li style=\"margin-bottom:8px;\">\ud83c\uddf2\ud83c\uddf0 <a href=\"\/fr\/etias-for-north-macedonian-citizens\/\">ETIAS pour les citoyens de Mac\u00e9doine du Nord<\/a><\/li>\n<li style=\"margin-bottom:8px;\">\ud83c\uddf2\ud83c\uddea <a href=\"\/fr\/etias-for-montenegrin-citizens\/\">ETIAS pour les citoyens mont\u00e9n\u00e9grins<\/a><\/li>\n<li style=\"margin-bottom:8px;\">\ud83c\uddec\ud83c\uddea <a href=\"\/fr\/etias-for-georgian-citizens\/\">ETIAS pour les citoyens g\u00e9orgiens<\/a><\/li>\n<\/ul>\n<\/div>\n<p><em>Sources : Commission europ\u00e9enne (ec.europa.eu) : Commission europ\u00e9enne (ec.europa.eu), statistiques touristiques d'Eurostat, barom\u00e8tre mondial du tourisme de l'OMT, statistiques sur les visas Schengen (donn\u00e9es 2024). Derni\u00e8re mise \u00e0 jour : f\u00e9vrier 2026.<\/em><\/p>","protected":false},"excerpt":{"rendered":"<p>Key Takeaway: ETIAS covers 30 European countries: 27 Schengen Area member states plus Bulgaria, Cyprus, and Romania. These countries span [&hellip;]<\/p>\n","protected":false},"author":2,"featured_media":0,"parent":0,"menu_order":0,"comment_status":"closed","ping_status":"closed","template":"","meta":{"site-sidebar-layout":"default","site-content-layout":"","ast-site-content-layout":"default","site-content-style":"default","site-sidebar-style":"default","ast-global-header-display":"","ast-banner-title-visibility":"","ast-main-header-display":"","ast-hfb-above-header-display":"","ast-hfb-below-header-display":"","ast-hfb-mobile-header-display":"","site-post-title":"","ast-breadcrumbs-content":"","ast-featured-img":"","footer-sml-layout":"","ast-disable-related-posts":"","theme-transparent-header-meta":"default","adv-header-id-meta":"","stick-header-meta":"","header-above-stick-meta":"","header-main-stick-meta":"","header-below-stick-meta":"","astra-migrate-meta-layouts":"set","ast-page-background-enabled":"default","ast-page-background-meta":{"desktop":{"background-color":"var(--ast-global-color-5)","background-image":"","background-repeat":"repeat","background-position":"center center","background-size":"auto","background-attachment":"scroll","background-type":"","background-media":"","overlay-type":"","overlay-color":"","overlay-opacity":"","overlay-gradient":""},"tablet":{"background-color":"","background-image":"","background-repeat":"repeat","background-position":"center center","background-size":"auto","background-attachment":"scroll","background-type":"","background-media":"","overlay-type":"","overlay-color":"","overlay-opacity":"","overlay-gradient":""},"mobile":{"background-color":"","background-image":"","background-repeat":"repeat","background-position":"center center","background-size":"auto","background-attachment":"scroll","background-type":"","background-media":"","overlay-type":"","overlay-color":"","overlay-opacity":"","overlay-gradient":""}},"ast-content-background-meta":{"desktop":{"background-color":"var(--ast-global-color-4)","background-image":"","background-repeat":"repeat","background-position":"center center","background-size":"auto","background-attachment":"scroll","background-type":"","background-media":"","overlay-type":"","overlay-color":"","overlay-opacity":"","overlay-gradient":""},"tablet":{"background-color":"var(--ast-global-color-4)","background-image":"","background-repeat":"repeat","background-position":"center center","background-size":"auto","background-attachment":"scroll","background-type":"","background-media":"","overlay-type":"","overlay-color":"","overlay-opacity":"","overlay-gradient":""},"mobile":{"background-color":"var(--ast-global-color-4)","background-image":"","background-repeat":"repeat","background-position":"center center","background-size":"auto","background-attachment":"scroll","background-type":"","background-media":"","overlay-type":"","overlay-color":"","overlay-opacity":"","overlay-gradient":""}},"footnotes":""},"class_list":["post-28","page","type-page","status-publish","hentry"],"yoast_head":"<!-- This site is optimized with the Yoast SEO plugin v27.0 - https:\/\/yoast.com\/product\/yoast-seo-wordpress\/ -->\n<title>ETIAS Countries - ETIAS - Travel to Europe<\/title>\n<meta name=\"robots\" content=\"index, follow, max-snippet:-1, max-image-preview:large, max-video-preview:-1\" \/>\n<link rel=\"canonical\" href=\"https:\/\/europe-visa.eu\/fr\/etias-countries\/\" \/>\n<meta property=\"og:locale\" content=\"fr_FR\" \/>\n<meta property=\"og:type\" content=\"article\" \/>\n<meta property=\"og:title\" content=\"ETIAS Countries - ETIAS - Travel to Europe\" \/>\n<meta property=\"og:description\" content=\"Key Takeaway: ETIAS covers 30 European countries: 27 Schengen Area member states plus Bulgaria, Cyprus, and Romania. These countries span [&hellip;]\" \/>\n<meta property=\"og:url\" content=\"https:\/\/europe-visa.eu\/fr\/etias-countries\/\" \/>\n<meta property=\"og:site_name\" content=\"ETIAS - Travel to Europe\" \/>\n<meta property=\"article:modified_time\" content=\"2026-03-02T01:13:19+00:00\" \/>\n<meta name=\"twitter:card\" content=\"summary_large_image\" \/>\n<meta name=\"twitter:label1\" content=\"Dur\u00e9e de lecture estim\u00e9e\" \/>\n\t<meta name=\"twitter:data1\" content=\"3 minutes\" \/>\n<script type=\"application\/ld+json\" class=\"yoast-schema-graph\">{\"@context\":\"https:\/\/schema.org\",\"@graph\":[{\"@type\":\"WebPage\",\"@id\":\"https:\/\/europe-visa.eu\/etias-countries\/\",\"url\":\"https:\/\/europe-visa.eu\/etias-countries\/\",\"name\":\"ETIAS Countries - ETIAS - Travel to Europe\",\"isPartOf\":{\"@id\":\"https:\/\/europe-visa.eu\/#website\"},\"datePublished\":\"2026-02-28T18:46:31+00:00\",\"dateModified\":\"2026-03-02T01:13:19+00:00\",\"breadcrumb\":{\"@id\":\"https:\/\/europe-visa.eu\/etias-countries\/#breadcrumb\"},\"inLanguage\":\"fr-FR\",\"potentialAction\":[{\"@type\":\"ReadAction\",\"target\":[\"https:\/\/europe-visa.eu\/etias-countries\/\"]}]},{\"@type\":\"BreadcrumbList\",\"@id\":\"https:\/\/europe-visa.eu\/etias-countries\/#breadcrumb\",\"itemListElement\":[{\"@type\":\"ListItem\",\"position\":1,\"name\":\"Home\",\"item\":\"https:\/\/europe-visa.eu\/\"},{\"@type\":\"ListItem\",\"position\":2,\"name\":\"ETIAS Countries\"}]},{\"@type\":\"WebSite\",\"@id\":\"https:\/\/europe-visa.eu\/#website\",\"url\":\"https:\/\/europe-visa.eu\/\",\"name\":\"ETIAS - Travel to Europe\",\"description\":\"\",\"publisher\":{\"@id\":\"https:\/\/europe-visa.eu\/#organization\"},\"potentialAction\":[{\"@type\":\"SearchAction\",\"target\":{\"@type\":\"EntryPoint\",\"urlTemplate\":\"https:\/\/europe-visa.eu\/?s={search_term_string}\"},\"query-input\":{\"@type\":\"PropertyValueSpecification\",\"valueRequired\":true,\"valueName\":\"search_term_string\"}}],\"inLanguage\":\"fr-FR\"},{\"@type\":\"Organization\",\"@id\":\"https:\/\/europe-visa.eu\/#organization\",\"name\":\"Europe-Visa.eu\",\"url\":\"https:\/\/europe-visa.eu\/\",\"logo\":{\"@type\":\"ImageObject\",\"inLanguage\":\"fr-FR\",\"@id\":\"https:\/\/europe-visa.eu\/#\/schema\/logo\/image\/\",\"url\":\"https:\/\/europe-visa.eu\/wp-content\/uploads\/2026\/02\/etias-favicon.png\",\"contentUrl\":\"https:\/\/europe-visa.eu\/wp-content\/uploads\/2026\/02\/etias-favicon.png\",\"width\":512,\"height\":512,\"caption\":\"Europe-Visa.eu\"},\"image\":{\"@id\":\"https:\/\/europe-visa.eu\/#\/schema\/logo\/image\/\"}}]}<\/script>\n<!-- \/ Yoast SEO plugin. -->","yoast_head_json":{"title":"Pays ETIAS - ETIAS - Voyager en Europe","robots":{"index":"index","follow":"follow","max-snippet":"max-snippet:-1","max-image-preview":"max-image-preview:large","max-video-preview":"max-video-preview:-1"},"canonical":"https:\/\/europe-visa.eu\/fr\/etias-countries\/","og_locale":"fr_FR","og_type":"article","og_title":"ETIAS Countries - ETIAS - Travel to Europe","og_description":"Key Takeaway: ETIAS covers 30 European countries: 27 Schengen Area member states plus Bulgaria, Cyprus, and Romania. These countries span [&hellip;]","og_url":"https:\/\/europe-visa.eu\/fr\/etias-countries\/","og_site_name":"ETIAS - Travel to Europe","article_modified_time":"2026-03-02T01:13:19+00:00","twitter_card":"summary_large_image","twitter_misc":{"Dur\u00e9e de lecture estim\u00e9e":"3 minutes"},"schema":{"@context":"https:\/\/schema.org","@graph":[{"@type":"WebPage","@id":"https:\/\/europe-visa.eu\/etias-countries\/","url":"https:\/\/europe-visa.eu\/etias-countries\/","name":"Pays ETIAS - ETIAS - Voyager en Europe","isPartOf":{"@id":"https:\/\/europe-visa.eu\/#website"},"datePublished":"2026-02-28T18:46:31+00:00","dateModified":"2026-03-02T01:13:19+00:00","breadcrumb":{"@id":"https:\/\/europe-visa.eu\/etias-countries\/#breadcrumb"},"inLanguage":"fr-FR","potentialAction":[{"@type":"ReadAction","target":["https:\/\/europe-visa.eu\/etias-countries\/"]}]},{"@type":"BreadcrumbList","@id":"https:\/\/europe-visa.eu\/etias-countries\/#breadcrumb","itemListElement":[{"@type":"ListItem","position":1,"name":"Home","item":"https:\/\/europe-visa.eu\/"},{"@type":"ListItem","position":2,"name":"ETIAS Countries"}]},{"@type":"WebSite","@id":"https:\/\/europe-visa.eu\/#website","url":"https:\/\/europe-visa.eu\/","name":"ETIAS - Voyage en Europe","description":"","publisher":{"@id":"https:\/\/europe-visa.eu\/#organization"},"potentialAction":[{"@type":"SearchAction","target":{"@type":"EntryPoint","urlTemplate":"https:\/\/europe-visa.eu\/?s={search_term_string}"},"query-input":{"@type":"PropertyValueSpecification","valueRequired":true,"valueName":"search_term_string"}}],"inLanguage":"fr-FR"},{"@type":"Organization","@id":"https:\/\/europe-visa.eu\/#organization","name":"Europe-Visa.eu","url":"https:\/\/europe-visa.eu\/","logo":{"@type":"ImageObject","inLanguage":"fr-FR","@id":"https:\/\/europe-visa.eu\/#\/schema\/logo\/image\/","url":"https:\/\/europe-visa.eu\/wp-content\/uploads\/2026\/02\/etias-favicon.png","contentUrl":"https:\/\/europe-visa.eu\/wp-content\/uploads\/2026\/02\/etias-favicon.png","width":512,"height":512,"caption":"Europe-Visa.eu"},"image":{"@id":"https:\/\/europe-visa.eu\/#\/schema\/logo\/image\/"}}]}},"_links":{"self":[{"href":"https:\/\/europe-visa.eu\/fr\/wp-json\/wp\/v2\/pages\/28","targetHints":{"allow":["GET"]}}],"collection":[{"href":"https:\/\/europe-visa.eu\/fr\/wp-json\/wp\/v2\/pages"}],"about":[{"href":"https:\/\/europe-visa.eu\/fr\/wp-json\/wp\/v2\/types\/page"}],"author":[{"embeddable":true,"href":"https:\/\/europe-visa.eu\/fr\/wp-json\/wp\/v2\/users\/2"}],"replies":[{"embeddable":true,"href":"https:\/\/europe-visa.eu\/fr\/wp-json\/wp\/v2\/comments?post=28"}],"version-history":[{"count":6,"href":"https:\/\/europe-visa.eu\/fr\/wp-json\/wp\/v2\/pages\/28\/revisions"}],"predecessor-version":[{"id":1059,"href":"https:\/\/europe-visa.eu\/fr\/wp-json\/wp\/v2\/pages\/28\/revisions\/1059"}],"wp:attachment":[{"href":"https:\/\/europe-visa.eu\/fr\/wp-json\/wp\/v2\/media?parent=28"}],"curies":[{"name":"wp","href":"https:\/\/api.w.org\/{rel}","templated":true}]}}