{"id":23,"date":"2026-02-28T18:46:23","date_gmt":"2026-02-28T18:46:23","guid":{"rendered":"https:\/\/europe-visa.eu\/?page_id=23"},"modified":"2026-02-28T20:16:36","modified_gmt":"2026-02-28T20:16:36","slug":"what-is-etias","status":"publish","type":"page","link":"https:\/\/europe-visa.eu\/pt\/what-is-etias\/","title":{"rendered":"O que \u00e9 o ETIAS?"},"content":{"rendered":"<div style=\"background:#e8f4f8;border-left:4px solid #0073aa;padding:20px;margin-bottom:30px;\">\n<strong>Principais conclus\u00f5es:<\/strong> O ETIAS (Sistema Europeu de Informa\u00e7\u00e3o e Autoriza\u00e7\u00e3o de Viagem) \u00e9 uma autoriza\u00e7\u00e3o de viagem digital obrigat\u00f3ria lan\u00e7ada no quarto trimestre de 2026 para cidad\u00e3os de 62 pa\u00edses isentos de visto que visitam o Espa\u00e7o Schengen da Europa. Ela custa \u20ac 20, \u00e9 v\u00e1lida por 3 anos e leva alguns minutos para ser obtida on-line.\n<\/div>\n<h2>O que \u00e9 o ETIAS?<\/h2>\n<p><strong>ETIAS (Sistema Europeu de Informa\u00e7\u00e3o e Autoriza\u00e7\u00e3o de Viagem)<\/strong> \u00e9 um sistema digital de triagem pr\u00e9-viagem criado pela Uni\u00e3o Europeia para aumentar a seguran\u00e7a nas fronteiras do Espa\u00e7o Schengen. Iniciado em <strong>Q4 2026<\/strong>, Em 2008, os cidad\u00e3os de 62 pa\u00edses isentos de visto - incluindo Estados Unidos, Reino Unido, Canad\u00e1, Austr\u00e1lia e Jap\u00e3o - devem obter um ETIAS aprovado antes de entrar em qualquer um dos 30 pa\u00edses europeus cobertos pelo sistema.<\/p>\n<p>O ETIAS foi criado sob <strong>Regulamento da UE 2018\/1240<\/strong> do Parlamento Europeu e do Conselho. O sistema \u00e9 desenvolvido e gerenciado por <strong>eu-LISA<\/strong> (Ag\u00eancia da Uni\u00e3o Europeia para o Gerenciamento Operacional de Sistemas de TI de Grande Escala no Espa\u00e7o de Liberdade, Seguran\u00e7a e Justi\u00e7a), a mesma ag\u00eancia que opera o Sistema de Informa\u00e7\u00f5es Schengen (SIS) e o Sistema de Informa\u00e7\u00f5es sobre Vistos (VIS).<\/p>\n<h3>O ETIAS n\u00e3o \u00e9 um visto<\/h3>\n<p>O ETIAS \u00e9 <strong>n\u00e3o \u00e9 um visto<\/strong>. Trata-se de uma autoriza\u00e7\u00e3o eletr\u00f4nica de viagem, semelhante \u00e0 dos Estados Unidos.\u2019 <strong>ESTA (Sistema Eletr\u00f4nico de Autoriza\u00e7\u00e3o de Viagem)<\/strong> ou do Reino Unido <strong>ETA (autoriza\u00e7\u00e3o eletr\u00f4nica de viagem)<\/strong>. Diferentemente do visto Schengen, o ETIAS n\u00e3o exige uma visita \u00e0 embaixada, entrevistas pessoais ou documentos comprobat\u00f3rios extensos. A solicita\u00e7\u00e3o completa \u00e9 feita on-line em aproximadamente 10 minutos.<\/p>\n<h3>Por que o ETIAS foi criado?<\/h3>\n<p>A Comiss\u00e3o Europeia prop\u00f4s o ETIAS em novembro de 2016 para abordar as lacunas de seguran\u00e7a na estrutura de viagens com isen\u00e7\u00e3o de visto. De acordo com a documenta\u00e7\u00e3o oficial da Comiss\u00e3o Europeia, o ETIAS foi projetado para:<\/p>\n<ul>\n<li><strong>Aumentar a seguran\u00e7a nas fronteiras<\/strong> por meio da triagem pr\u00e9via dos viajantes antes da chegada, cruzando refer\u00eancias com os bancos de dados da Europol, Interpol, SIS e VIS<\/li>\n<li><strong>Impedir a imigra\u00e7\u00e3o ilegal<\/strong> por meio de avalia\u00e7\u00e3o avan\u00e7ada e automatizada de riscos<\/li>\n<li><strong>Combater o terrorismo e os crimes graves<\/strong> identificando amea\u00e7as \u00e0 seguran\u00e7a antes que elas cheguem \u00e0s fronteiras da UE<\/li>\n<li><strong>Simplificar as travessias de fronteira<\/strong> permitindo um processamento mais r\u00e1pido nos pontos de entrada<\/li>\n<li><strong>Abordar os riscos \u00e0 sa\u00fade p\u00fablica<\/strong> incluindo perguntas de triagem relacionadas \u00e0 sa\u00fade<\/li>\n<\/ul>\n<h3>Como o ETIAS funciona?<\/h3>\n<p>O ETIAS usa um <strong>processo de triagem automatizado<\/strong> que cruza os dados do candidato com v\u00e1rios bancos de dados de seguran\u00e7a europeus e internacionais. De acordo com a eu-LISA, esses bancos de dados incluem:<\/p>\n<ol>\n<li><strong>Sistema de Informa\u00e7\u00e3o Schengen (SIS)<\/strong> - O banco de dados de seguran\u00e7a mais usado na Europa<\/li>\n<li><strong>Sistema de Informa\u00e7\u00f5es sobre Vistos (VIS)<\/strong> - Registros de pedidos de visto anteriores<\/li>\n<li><strong>Dados da Europol<\/strong> - Intelig\u00eancia de aplica\u00e7\u00e3o da lei<\/li>\n<li><strong>Bancos de dados da Interpol<\/strong> - Incluindo documentos de viagem roubados e perdidos<\/li>\n<li><strong>Eurodac<\/strong> - Banco de dados de impress\u00f5es digitais para solicitantes de asilo<\/li>\n<li><strong>ECRIS-TCN<\/strong> - Registros criminais de cidad\u00e3os de pa\u00edses terceiros<\/li>\n<\/ol>\n<p>Aproximadamente <strong>95% de aplicativos<\/strong> dever\u00e3o ser aprovados automaticamente em quest\u00e3o de minutos, de acordo com estimativas da Comiss\u00e3o Europeia. Os 5% restantes podem exigir revis\u00e3o manual pelas autoridades nacionais, o que pode levar at\u00e9 quatro semanas.<\/p>\n<h3>ETIAS em um relance<\/h3>\n<table>\n<thead>\n<tr>\n<th>Recurso<\/th>\n<th>Detalhes<\/th>\n<\/tr>\n<\/thead>\n<tbody>\n<tr>\n<td><strong>Nome completo<\/strong><\/td>\n<td>Sistema Europeu de Informa\u00e7\u00e3o e Autoriza\u00e7\u00e3o de Viagem<\/td>\n<\/tr>\n<tr>\n<td><strong>Base legal<\/strong><\/td>\n<td>Regulamento da UE 2018\/1240<\/td>\n<\/tr>\n<tr>\n<td><strong>Ag\u00eancia de gerenciamento<\/strong><\/td>\n<td>eu-LISA (Ag\u00eancia da Uni\u00e3o Europeia)<\/td>\n<\/tr>\n<tr>\n<td><strong>Custo<\/strong><\/td>\n<td>\u20ac 20 (gr\u00e1tis para menores de 18 anos e maiores de 70)<\/td>\n<\/tr>\n<tr>\n<td><strong>Validade<\/strong><\/td>\n<td>3 anos ou at\u00e9 o vencimento do passaporte<\/td>\n<\/tr>\n<tr>\n<td><strong>Perman\u00eancia m\u00e1xima<\/strong><\/td>\n<td>90 dias em um per\u00edodo de 180 dias<\/td>\n<\/tr>\n<tr>\n<td><strong>Tempo de processamento<\/strong><\/td>\n<td>Minutos (95% dos casos) a 4 semanas no m\u00e1ximo<\/td>\n<\/tr>\n<tr>\n<td><strong>M\u00e9todo de aplica\u00e7\u00e3o<\/strong><\/td>\n<td>100% on-line (site ou aplicativo m\u00f3vel)<\/td>\n<\/tr>\n<tr>\n<td><strong>Pa\u00edses cobertos<\/strong><\/td>\n<td>30 pa\u00edses europeus<\/td>\n<\/tr>\n<tr>\n<td><strong>Nacionalidades eleg\u00edveis<\/strong><\/td>\n<td>62 pa\u00edses isentos de visto<\/td>\n<\/tr>\n<tr>\n<td><strong>Data de lan\u00e7amento<\/strong><\/td>\n<td>Q4 2026<\/td>\n<\/tr>\n<\/tbody>\n<\/table>\n<h3>ETIAS vs. Visto Schengen: Principais diferen\u00e7as<\/h3>\n<p>Os vistos ETIAS e Schengen atendem a popula\u00e7\u00f5es e prop\u00f3sitos diferentes. Entender a distin\u00e7\u00e3o \u00e9 importante para os viajantes que planejam uma viagem \u00e0 Europa:<\/p>\n<table>\n<thead>\n<tr>\n<th>Recurso<\/th>\n<th>ETIAS<\/th>\n<th>Visto Schengen<\/th>\n<\/tr>\n<\/thead>\n<tbody>\n<tr>\n<td><strong>Para quem<\/strong><\/td>\n<td>62 pa\u00edses isentos de visto<\/td>\n<td>Pa\u00edses que exigem visto<\/td>\n<\/tr>\n<tr>\n<td><strong>Aplicativo<\/strong><\/td>\n<td>Somente on-line (10 minutos)<\/td>\n<td>Necessidade de visita \u00e0 embaixada\/consulado<\/td>\n<\/tr>\n<tr>\n<td><strong>Custo<\/strong><\/td>\n<td>\u20ac20<\/td>\n<td>\u20ac80<\/td>\n<\/tr>\n<tr>\n<td><strong>Processamento<\/strong><\/td>\n<td>Minutos a 4 semanas<\/td>\n<td>15 a 45 dias corridos<\/td>\n<\/tr>\n<tr>\n<td><strong>Validade<\/strong><\/td>\n<td>3 anos, v\u00e1rias entradas<\/td>\n<td>Varia (entrada \u00fanica\/m\u00faltipla)<\/td>\n<\/tr>\n<tr>\n<td><strong>Documentos necess\u00e1rios<\/strong><\/td>\n<td>Passaporte, e-mail, cart\u00e3o de pagamento<\/td>\n<td>Fotos, seguro, itiner\u00e1rio, extratos banc\u00e1rios, cartas-convite<\/td>\n<\/tr>\n<tr>\n<td><strong>Entrevista<\/strong><\/td>\n<td>N\u00e3o \u00e9 necess\u00e1rio<\/td>\n<td>Pode ser necess\u00e1rio<\/td>\n<\/tr>\n<\/tbody>\n<\/table>\n<h3>ETIAS vs. ESTA vs. ETA do Reino Unido<\/h3>\n<p>O ETIAS se junta a uma fam\u00edlia crescente de sistemas eletr\u00f4nicos de autoriza\u00e7\u00e3o de viagem usados em todo o mundo:<\/p>\n<table>\n<thead>\n<tr>\n<th>Recurso<\/th>\n<th>ETIAS (UE)<\/th>\n<th>ESTA (EUA)<\/th>\n<th>ETA (REINO UNIDO)<\/th>\n<\/tr>\n<\/thead>\n<tbody>\n<tr>\n<td><strong>Regi\u00e3o<\/strong><\/td>\n<td>30 pa\u00edses europeus<\/td>\n<td>Estados Unidos<\/td>\n<td>Reino Unido<\/td>\n<\/tr>\n<tr>\n<td><strong>Custo<\/strong><\/td>\n<td>\u20ac20<\/td>\n<td>$21 USD<\/td>\n<td>\u00a310<\/td>\n<\/tr>\n<tr>\n<td><strong>Validade<\/strong><\/td>\n<td>3 anos<\/td>\n<td>2 anos<\/td>\n<td>2 anos<\/td>\n<\/tr>\n<tr>\n<td><strong>Estadia m\u00e1xima por visita<\/strong><\/td>\n<td>90 dias \/ 180 dias<\/td>\n<td>90 dias<\/td>\n<td>6 meses<\/td>\n<\/tr>\n<tr>\n<td><strong>Processamento<\/strong><\/td>\n<td>Minutos a 4 semanas<\/td>\n<td>Normalmente 72 horas<\/td>\n<td>Normalmente 3 dias \u00fateis<\/td>\n<\/tr>\n<tr>\n<td><strong>Operacional desde<\/strong><\/td>\n<td>4\u00ba trimestre de 2026 (planejado)<\/td>\n<td>2009<\/td>\n<td>2025<\/td>\n<\/tr>\n<\/tbody>\n<\/table>\n<h3>Quando o ETIAS come\u00e7a?<\/h3>\n<p>O ETIAS est\u00e1 programado para ser lan\u00e7ado em <strong>Q4 2026<\/strong>, de acordo com o \u00faltimo cronograma confirmado pela Comiss\u00e3o Europeia. Ap\u00f3s o lan\u00e7amento, a UE planeja um <strong>Per\u00edodo de transi\u00e7\u00e3o de 6 meses<\/strong> durante o qual os viajantes sem o ETIAS ainda podem entrar no Espa\u00e7o Schengen. Ap\u00f3s esse per\u00edodo de car\u00eancia, o ETIAS se torna <strong>obrigat\u00f3rio<\/strong> para todos os viajantes qualificados.<\/p>\n<p><em>Fontes: Comiss\u00e3o Europeia (ec.europa.eu), Regulamento da UE 2018\/1240, eu-LISA (eulisa.europa.eu). \u00daltima atualiza\u00e7\u00e3o: Fevereiro de 2026.<\/em><\/p>","protected":false},"excerpt":{"rendered":"<p>Key Takeaway: ETIAS (European Travel Information and Authorisation System) is a mandatory digital travel authorisation launching in Q4 2026 for [&hellip;]<\/p>\n","protected":false},"author":2,"featured_media":0,"parent":0,"menu_order":0,"comment_status":"closed","ping_status":"closed","template":"","meta":{"site-sidebar-layout":"default","site-content-layout":"","ast-site-content-layout":"default","site-content-style":"default","site-sidebar-style":"default","ast-global-header-display":"","ast-banner-title-visibility":"","ast-main-header-display":"","ast-hfb-above-header-display":"","ast-hfb-below-header-display":"","ast-hfb-mobile-header-display":"","site-post-title":"","ast-breadcrumbs-content":"","ast-featured-img":"","footer-sml-layout":"","ast-disable-related-posts":"","theme-transparent-header-meta":"","adv-header-id-meta":"","stick-header-meta":"","header-above-stick-meta":"","header-main-stick-meta":"","header-below-stick-meta":"","astra-migrate-meta-layouts":"default","ast-page-background-enabled":"default","ast-page-background-meta":{"desktop":{"background-color":"var(--ast-global-color-5)","background-image":"","background-repeat":"repeat","background-position":"center center","background-size":"auto","background-attachment":"scroll","background-type":"","background-media":"","overlay-type":"","overlay-color":"","overlay-opacity":"","overlay-gradient":""},"tablet":{"background-color":"","background-image":"","background-repeat":"repeat","background-position":"center center","background-size":"auto","background-attachment":"scroll","background-type":"","background-media":"","overlay-type":"","overlay-color":"","overlay-opacity":"","overlay-gradient":""},"mobile":{"background-color":"","background-image":"","background-repeat":"repeat","background-position":"center center","background-size":"auto","background-attachment":"scroll","background-type":"","background-media":"","overlay-type":"","overlay-color":"","overlay-opacity":"","overlay-gradient":""}},"ast-content-background-meta":{"desktop":{"background-color":"var(--ast-global-color-4)","background-image":"","background-repeat":"repeat","background-position":"center center","background-size":"auto","background-attachment":"scroll","background-type":"","background-media":"","overlay-type":"","overlay-color":"","overlay-opacity":"","overlay-gradient":""},"tablet":{"background-color":"var(--ast-global-color-4)","background-image":"","background-repeat":"repeat","background-position":"center center","background-size":"auto","background-attachment":"scroll","background-type":"","background-media":"","overlay-type":"","overlay-color":"","overlay-opacity":"","overlay-gradient":""},"mobile":{"background-color":"var(--ast-global-color-4)","background-image":"","background-repeat":"repeat","background-position":"center center","background-size":"auto","background-attachment":"scroll","background-type":"","background-media":"","overlay-type":"","overlay-color":"","overlay-opacity":"","overlay-gradient":""}},"footnotes":""},"class_list":["post-23","page","type-page","status-publish","hentry"],"yoast_head":"<!-- This site is optimized with the Yoast SEO plugin v27.0 - https:\/\/yoast.com\/product\/yoast-seo-wordpress\/ -->\n<title>What is ETIAS? - ETIAS - Travel to Europe<\/title>\n<meta name=\"robots\" content=\"index, follow, max-snippet:-1, max-image-preview:large, max-video-preview:-1\" \/>\n<link rel=\"canonical\" href=\"https:\/\/europe-visa.eu\/pt\/what-is-etias\/\" \/>\n<meta property=\"og:locale\" content=\"pt_BR\" \/>\n<meta property=\"og:type\" content=\"article\" \/>\n<meta property=\"og:title\" content=\"What is ETIAS? - ETIAS - Travel to Europe\" \/>\n<meta property=\"og:description\" content=\"Key Takeaway: ETIAS (European Travel Information and Authorisation System) is a mandatory digital travel authorisation launching in Q4 2026 for [&hellip;]\" \/>\n<meta property=\"og:url\" content=\"https:\/\/europe-visa.eu\/pt\/what-is-etias\/\" \/>\n<meta property=\"og:site_name\" content=\"ETIAS - Travel to Europe\" \/>\n<meta property=\"article:modified_time\" content=\"2026-02-28T20:16:36+00:00\" \/>\n<meta name=\"twitter:card\" content=\"summary_large_image\" \/>\n<meta name=\"twitter:label1\" content=\"Est. tempo de leitura\" \/>\n\t<meta name=\"twitter:data1\" content=\"3 minutos\" \/>\n<script type=\"application\/ld+json\" class=\"yoast-schema-graph\">{\"@context\":\"https:\/\/schema.org\",\"@graph\":[{\"@type\":\"WebPage\",\"@id\":\"https:\/\/europe-visa.eu\/what-is-etias\/\",\"url\":\"https:\/\/europe-visa.eu\/what-is-etias\/\",\"name\":\"What is ETIAS? - ETIAS - Travel to Europe\",\"isPartOf\":{\"@id\":\"https:\/\/europe-visa.eu\/#website\"},\"datePublished\":\"2026-02-28T18:46:23+00:00\",\"dateModified\":\"2026-02-28T20:16:36+00:00\",\"breadcrumb\":{\"@id\":\"https:\/\/europe-visa.eu\/what-is-etias\/#breadcrumb\"},\"inLanguage\":\"pt-BR\",\"potentialAction\":[{\"@type\":\"ReadAction\",\"target\":[\"https:\/\/europe-visa.eu\/what-is-etias\/\"]}]},{\"@type\":\"BreadcrumbList\",\"@id\":\"https:\/\/europe-visa.eu\/what-is-etias\/#breadcrumb\",\"itemListElement\":[{\"@type\":\"ListItem\",\"position\":1,\"name\":\"Home\",\"item\":\"https:\/\/europe-visa.eu\/\"},{\"@type\":\"ListItem\",\"position\":2,\"name\":\"What is ETIAS?\"}]},{\"@type\":\"WebSite\",\"@id\":\"https:\/\/europe-visa.eu\/#website\",\"url\":\"https:\/\/europe-visa.eu\/\",\"name\":\"ETIAS - Travel to Europe\",\"description\":\"\",\"publisher\":{\"@id\":\"https:\/\/europe-visa.eu\/#organization\"},\"potentialAction\":[{\"@type\":\"SearchAction\",\"target\":{\"@type\":\"EntryPoint\",\"urlTemplate\":\"https:\/\/europe-visa.eu\/?s={search_term_string}\"},\"query-input\":{\"@type\":\"PropertyValueSpecification\",\"valueRequired\":true,\"valueName\":\"search_term_string\"}}],\"inLanguage\":\"pt-BR\"},{\"@type\":\"Organization\",\"@id\":\"https:\/\/europe-visa.eu\/#organization\",\"name\":\"Europe-Visa.eu\",\"url\":\"https:\/\/europe-visa.eu\/\",\"logo\":{\"@type\":\"ImageObject\",\"inLanguage\":\"pt-BR\",\"@id\":\"https:\/\/europe-visa.eu\/#\/schema\/logo\/image\/\",\"url\":\"https:\/\/europe-visa.eu\/wp-content\/uploads\/2026\/02\/etias-favicon.png\",\"contentUrl\":\"https:\/\/europe-visa.eu\/wp-content\/uploads\/2026\/02\/etias-favicon.png\",\"width\":512,\"height\":512,\"caption\":\"Europe-Visa.eu\"},\"image\":{\"@id\":\"https:\/\/europe-visa.eu\/#\/schema\/logo\/image\/\"}}]}<\/script>\n<!-- \/ Yoast SEO plugin. -->","yoast_head_json":{"title":"O que \u00e9 o ETIAS? - ETIAS - Viagem para a Europa","robots":{"index":"index","follow":"follow","max-snippet":"max-snippet:-1","max-image-preview":"max-image-preview:large","max-video-preview":"max-video-preview:-1"},"canonical":"https:\/\/europe-visa.eu\/pt\/what-is-etias\/","og_locale":"pt_BR","og_type":"article","og_title":"What is ETIAS? - ETIAS - Travel to Europe","og_description":"Key Takeaway: ETIAS (European Travel Information and Authorisation System) is a mandatory digital travel authorisation launching in Q4 2026 for [&hellip;]","og_url":"https:\/\/europe-visa.eu\/pt\/what-is-etias\/","og_site_name":"ETIAS - Travel to Europe","article_modified_time":"2026-02-28T20:16:36+00:00","twitter_card":"summary_large_image","twitter_misc":{"Est. tempo de leitura":"3 minutos"},"schema":{"@context":"https:\/\/schema.org","@graph":[{"@type":"WebPage","@id":"https:\/\/europe-visa.eu\/what-is-etias\/","url":"https:\/\/europe-visa.eu\/what-is-etias\/","name":"O que \u00e9 o ETIAS? - ETIAS - Viagem para a Europa","isPartOf":{"@id":"https:\/\/europe-visa.eu\/#website"},"datePublished":"2026-02-28T18:46:23+00:00","dateModified":"2026-02-28T20:16:36+00:00","breadcrumb":{"@id":"https:\/\/europe-visa.eu\/what-is-etias\/#breadcrumb"},"inLanguage":"pt-BR","potentialAction":[{"@type":"ReadAction","target":["https:\/\/europe-visa.eu\/what-is-etias\/"]}]},{"@type":"BreadcrumbList","@id":"https:\/\/europe-visa.eu\/what-is-etias\/#breadcrumb","itemListElement":[{"@type":"ListItem","position":1,"name":"Home","item":"https:\/\/europe-visa.eu\/"},{"@type":"ListItem","position":2,"name":"What is ETIAS?"}]},{"@type":"WebSite","@id":"https:\/\/europe-visa.eu\/#website","url":"https:\/\/europe-visa.eu\/","name":"ETIAS - Viagem para a Europa","description":"","publisher":{"@id":"https:\/\/europe-visa.eu\/#organization"},"potentialAction":[{"@type":"SearchAction","target":{"@type":"EntryPoint","urlTemplate":"https:\/\/europe-visa.eu\/?s={search_term_string}"},"query-input":{"@type":"PropertyValueSpecification","valueRequired":true,"valueName":"search_term_string"}}],"inLanguage":"pt-BR"},{"@type":"Organization","@id":"https:\/\/europe-visa.eu\/#organization","name":"Europa-Visa.eu","url":"https:\/\/europe-visa.eu\/","logo":{"@type":"ImageObject","inLanguage":"pt-BR","@id":"https:\/\/europe-visa.eu\/#\/schema\/logo\/image\/","url":"https:\/\/europe-visa.eu\/wp-content\/uploads\/2026\/02\/etias-favicon.png","contentUrl":"https:\/\/europe-visa.eu\/wp-content\/uploads\/2026\/02\/etias-favicon.png","width":512,"height":512,"caption":"Europe-Visa.eu"},"image":{"@id":"https:\/\/europe-visa.eu\/#\/schema\/logo\/image\/"}}]}},"_links":{"self":[{"href":"https:\/\/europe-visa.eu\/pt\/wp-json\/wp\/v2\/pages\/23","targetHints":{"allow":["GET"]}}],"collection":[{"href":"https:\/\/europe-visa.eu\/pt\/wp-json\/wp\/v2\/pages"}],"about":[{"href":"https:\/\/europe-visa.eu\/pt\/wp-json\/wp\/v2\/types\/page"}],"author":[{"embeddable":true,"href":"https:\/\/europe-visa.eu\/pt\/wp-json\/wp\/v2\/users\/2"}],"replies":[{"embeddable":true,"href":"https:\/\/europe-visa.eu\/pt\/wp-json\/wp\/v2\/comments?post=23"}],"version-history":[{"count":3,"href":"https:\/\/europe-visa.eu\/pt\/wp-json\/wp\/v2\/pages\/23\/revisions"}],"predecessor-version":[{"id":110,"href":"https:\/\/europe-visa.eu\/pt\/wp-json\/wp\/v2\/pages\/23\/revisions\/110"}],"wp:attachment":[{"href":"https:\/\/europe-visa.eu\/pt\/wp-json\/wp\/v2\/media?parent=23"}],"curies":[{"name":"wp","href":"https:\/\/api.w.org\/{rel}","templated":true}]}}