{"id":24,"date":"2026-02-28T18:46:26","date_gmt":"2026-02-28T18:46:26","guid":{"rendered":"https:\/\/europe-visa.eu\/?page_id=24"},"modified":"2026-02-28T20:16:36","modified_gmt":"2026-02-28T20:16:36","slug":"who-needs-etias","status":"publish","type":"page","link":"https:\/\/europe-visa.eu\/pt\/who-needs-etias\/","title":{"rendered":"Quem precisa do ETIAS?"},"content":{"rendered":"<div style=\"background:#e8f4f8;border-left:4px solid #0073aa;padding:20px;margin-bottom:30px;\">\n<strong>Principais conclus\u00f5es:<\/strong> Cidad\u00e3os de 62 pa\u00edses isentos de visto - incluindo Estados Unidos, Reino Unido, Canad\u00e1, Austr\u00e1lia, Jap\u00e3o e Brasil - precisar\u00e3o de uma autoriza\u00e7\u00e3o de viagem do ETIAS para entrar no Espa\u00e7o Schengen da Europa a partir do quarto trimestre de 2026. Cidad\u00e3os da UE\/Schengen e cidad\u00e3os com visto obrigat\u00f3rio n\u00e3o precisam do ETIAS.\n<\/div>\n<h2>Quem precisa do ETIAS para viajar para a Europa?<\/h2>\n<p><strong>O ETIAS \u00e9 exigido para cidad\u00e3os de 62 pa\u00edses<\/strong> que atualmente desfrutam de viagens sem visto para o Espa\u00e7o Schengen da Uni\u00e3o Europeia. De acordo com a Comiss\u00e3o Europeia, esses s\u00e3o pa\u00edses cujos cidad\u00e3os est\u00e3o isentos da exig\u00eancia de visto nos termos do Regulamento da UE 2018\/1806 (Anexo II). A partir do quarto trimestre de 2026, os viajantes desses pa\u00edses dever\u00e3o obter um ETIAS aprovado antes de embarcar em um voo, navio ou cruzar uma fronteira terrestre em qualquer um dos 30 pa\u00edses europeus cobertos pelo ETIAS.<\/p>\n<h3>Lista completa de pa\u00edses eleg\u00edveis para o ETIAS por regi\u00e3o<\/h3>\n<p>Os 62 pa\u00edses a seguir est\u00e3o listados no regulamento oficial do ETIAS (Regulamento da UE 2018\/1240, Artigo 2). Cidad\u00e3os e portadores de passaporte dessas na\u00e7\u00f5es devem se inscrever:<\/p>\n<h4>Am\u00e9ricas (26 pa\u00edses)<\/h4>\n<table>\n<thead>\n<tr>\n<th>Pa\u00eds<\/th>\n<th>Regi\u00e3o<\/th>\n<th>Estimativa de viajantes anuais para a UE<\/th>\n<\/tr>\n<\/thead>\n<tbody>\n<tr>\n<td>\ud83c\uddfa\ud83c\uddf8 Estados Unidos<\/td>\n<td>Am\u00e9rica do Norte<\/td>\n<td>~15 milh\u00f5es<\/td>\n<\/tr>\n<tr>\n<td>\ud83c\udde8\ud83c\udde6 Canad\u00e1<\/td>\n<td>Am\u00e9rica do Norte<\/td>\n<td>~4,5 milh\u00f5es<\/td>\n<\/tr>\n<tr>\n<td>\ud83c\udde7\ud83c\uddf7 Brasil<\/td>\n<td>Am\u00e9rica do Sul<\/td>\n<td>~2,5 milh\u00f5es<\/td>\n<\/tr>\n<tr>\n<td>\ud83c\uddf2\ud83c\uddfd M\u00e9xico<\/td>\n<td>Am\u00e9rica do Norte<\/td>\n<td>~1,5 milh\u00e3o<\/td>\n<\/tr>\n<tr>\n<td>\ud83c\udde6\ud83c\uddf7 Argentina<\/td>\n<td>Am\u00e9rica do Sul<\/td>\n<td>~1,2 milh\u00e3o<\/td>\n<\/tr>\n<tr>\n<td>\ud83c\udde8\ud83c\uddf1 Chile<\/td>\n<td>Am\u00e9rica do Sul<\/td>\n<td>~500,000<\/td>\n<\/tr>\n<tr>\n<td>\ud83c\udde8\ud83c\uddf4 Col\u00f4mbia<\/td>\n<td>Am\u00e9rica do Sul<\/td>\n<td>~400,000<\/td>\n<\/tr>\n<tr>\n<td>\ud83c\udde8\ud83c\uddf7 Costa Rica<\/td>\n<td>Am\u00e9rica Central<\/td>\n<td>-<\/td>\n<\/tr>\n<tr>\n<td>\ud83c\uddfa\ud83c\uddfe Uruguai<\/td>\n<td>Am\u00e9rica do Sul<\/td>\n<td>-<\/td>\n<\/tr>\n<tr>\n<td>\ud83c\uddf5\ud83c\udde6 Panam\u00e1<\/td>\n<td>Am\u00e9rica Central<\/td>\n<td>-<\/td>\n<\/tr>\n<tr>\n<td>\ud83c\uddf5\ud83c\uddfe Paraguai<\/td>\n<td>Am\u00e9rica do Sul<\/td>\n<td>-<\/td>\n<\/tr>\n<tr>\n<td>\ud83c\uddf5\ud83c\uddea Peru<\/td>\n<td>Am\u00e9rica do Sul<\/td>\n<td>-<\/td>\n<\/tr>\n<tr>\n<td>\ud83c\uddfb\ud83c\uddea Venezuela<\/td>\n<td>Am\u00e9rica do Sul<\/td>\n<td>-<\/td>\n<\/tr>\n<tr>\n<td>\ud83c\udded\ud83c\uddf3 Honduras<\/td>\n<td>Am\u00e9rica Central<\/td>\n<td>-<\/td>\n<\/tr>\n<tr>\n<td>\ud83c\uddf8\ud83c\uddfb El Salvador<\/td>\n<td>Am\u00e9rica Central<\/td>\n<td>-<\/td>\n<\/tr>\n<tr>\n<td>\ud83c\uddec\ud83c\uddf9 Guatemala<\/td>\n<td>Am\u00e9rica Central<\/td>\n<td>-<\/td>\n<\/tr>\n<tr>\n<td>\ud83c\uddf3\ud83c\uddee Nicar\u00e1gua<\/td>\n<td>Am\u00e9rica Central<\/td>\n<td>-<\/td>\n<\/tr>\n<tr>\n<td>\ud83c\udde9\ud83c\uddf2 Dominica<\/td>\n<td>Caribe<\/td>\n<td>-<\/td>\n<\/tr>\n<tr>\n<td>\ud83c\uddec\ud83c\udde9 Grenada<\/td>\n<td>Caribe<\/td>\n<td>-<\/td>\n<\/tr>\n<tr>\n<td>\ud83c\uddf0\ud83c\uddf3 Saint Kitts e Nevis<\/td>\n<td>Caribe<\/td>\n<td>-<\/td>\n<\/tr>\n<tr>\n<td>\ud83c\uddf1\ud83c\udde8 Santa L\u00facia<\/td>\n<td>Caribe<\/td>\n<td>-<\/td>\n<\/tr>\n<tr>\n<td>\ud83c\uddfb\ud83c\udde8 S\u00e3o Vicente e Granadinas<\/td>\n<td>Caribe<\/td>\n<td>-<\/td>\n<\/tr>\n<tr>\n<td>\ud83c\udde6\ud83c\uddec Ant\u00edgua e Barbuda<\/td>\n<td>Caribe<\/td>\n<td>-<\/td>\n<\/tr>\n<tr>\n<td>\ud83c\udde7\ud83c\uddf8 Bahamas<\/td>\n<td>Caribe<\/td>\n<td>-<\/td>\n<\/tr>\n<tr>\n<td>\ud83c\udde7\ud83c\udde7 Barbados<\/td>\n<td>Caribe<\/td>\n<td>-<\/td>\n<\/tr>\n<tr>\n<td>\ud83c\uddf9\ud83c\uddf9 Trinidad e Tobago<\/td>\n<td>Caribe<\/td>\n<td>-<\/td>\n<\/tr>\n<\/tbody>\n<\/table>\n<h4>\u00c1sia e Pac\u00edfico (18 pa\u00edses)<\/h4>\n<table>\n<thead>\n<tr>\n<th>Pa\u00eds<\/th>\n<th>Regi\u00e3o<\/th>\n<th>Estimativa de viajantes anuais para a UE<\/th>\n<\/tr>\n<\/thead>\n<tbody>\n<tr>\n<td>\ud83c\uddef\ud83c\uddf5 Jap\u00e3o<\/td>\n<td>Leste Asi\u00e1tico<\/td>\n<td>~3 milh\u00f5es<\/td>\n<\/tr>\n<tr>\n<td>\ud83c\uddf0\ud83c\uddf7 Coreia do Sul<\/td>\n<td>Leste Asi\u00e1tico<\/td>\n<td>~2,5 milh\u00f5es<\/td>\n<\/tr>\n<tr>\n<td>\ud83c\udde6\ud83c\uddfa Austr\u00e1lia<\/td>\n<td>Oceania<\/td>\n<td>~2 milh\u00f5es<\/td>\n<\/tr>\n<tr>\n<td>\ud83c\uddf3\ud83c\uddff Nova Zel\u00e2ndia<\/td>\n<td>Oceania<\/td>\n<td>~500,000<\/td>\n<\/tr>\n<tr>\n<td>\ud83c\uddf8\ud83c\uddec Cingapura<\/td>\n<td>Sudeste Asi\u00e1tico<\/td>\n<td>-<\/td>\n<\/tr>\n<tr>\n<td>\ud83c\uddf2\ud83c\uddfe Mal\u00e1sia<\/td>\n<td>Sudeste Asi\u00e1tico<\/td>\n<td>-<\/td>\n<\/tr>\n<tr>\n<td>\ud83c\uddf9\ud83c\uddfc Taiwan<\/td>\n<td>Leste Asi\u00e1tico<\/td>\n<td>-<\/td>\n<\/tr>\n<tr>\n<td>\ud83c\udde7\ud83c\uddf3 Brunei<\/td>\n<td>Sudeste Asi\u00e1tico<\/td>\n<td>-<\/td>\n<\/tr>\n<tr>\n<td>\ud83c\uddf9\ud83c\uddf4 Tonga<\/td>\n<td>Oceania<\/td>\n<td>-<\/td>\n<\/tr>\n<tr>\n<td>\ud83c\uddfc\ud83c\uddf8 Samoa<\/td>\n<td>Oceania<\/td>\n<td>-<\/td>\n<\/tr>\n<tr>\n<td>\ud83c\uddf8\ud83c\udde7 Ilhas Salom\u00e3o<\/td>\n<td>Oceania<\/td>\n<td>-<\/td>\n<\/tr>\n<tr>\n<td>\ud83c\uddf2\ud83c\udded Ilhas Marshall<\/td>\n<td>Oceania<\/td>\n<td>-<\/td>\n<\/tr>\n<tr>\n<td>\ud83c\uddeb\ud83c\uddf2 Micron\u00e9sia<\/td>\n<td>Oceania<\/td>\n<td>-<\/td>\n<\/tr>\n<tr>\n<td>\ud83c\uddf5\ud83c\uddfc Palau<\/td>\n<td>Oceania<\/td>\n<td>-<\/td>\n<\/tr>\n<tr>\n<td>\ud83c\uddf9\ud83c\uddf1 Timor-Leste<\/td>\n<td>Sudeste Asi\u00e1tico<\/td>\n<td>-<\/td>\n<\/tr>\n<tr>\n<td>\ud83c\uddfb\ud83c\uddfa Vanuatu<\/td>\n<td>Oceania<\/td>\n<td>-<\/td>\n<\/tr>\n<tr>\n<td>\ud83c\uddf9\ud83c\uddfb Tuvalu<\/td>\n<td>Oceania<\/td>\n<td>-<\/td>\n<\/tr>\n<tr>\n<td>\ud83c\uddf0\ud83c\uddee Kiribati<\/td>\n<td>Oceania<\/td>\n<td>-<\/td>\n<\/tr>\n<\/tbody>\n<\/table>\n<h4>Europa e Oriente M\u00e9dio (13 pa\u00edses)<\/h4>\n<table>\n<thead>\n<tr>\n<th>Pa\u00eds<\/th>\n<th>Regi\u00e3o<\/th>\n<th>Estimativa de viajantes anuais para a UE<\/th>\n<\/tr>\n<\/thead>\n<tbody>\n<tr>\n<td>\ud83c\uddec\ud83c\udde7 Reino Unido<\/td>\n<td>Europa Ocidental<\/td>\n<td>~50 milh\u00f5es<\/td>\n<\/tr>\n<tr>\n<td>\ud83c\uddfa\ud83c\udde6 Ucr\u00e2nia<\/td>\n<td>Europa Oriental<\/td>\n<td>~5 milh\u00f5es<\/td>\n<\/tr>\n<tr>\n<td>\ud83c\uddee\ud83c\uddf1 Israel<\/td>\n<td>Oriente M\u00e9dio<\/td>\n<td>~2 milh\u00f5es<\/td>\n<\/tr>\n<tr>\n<td>\ud83c\udde6\ud83c\uddea Emirados \u00c1rabes Unidos<\/td>\n<td>Oriente M\u00e9dio<\/td>\n<td>~1 milh\u00e3o<\/td>\n<\/tr>\n<tr>\n<td>\ud83c\uddf7\ud83c\uddf8 S\u00e9rvia<\/td>\n<td>B\u00e1lc\u00e3s<\/td>\n<td>-<\/td>\n<\/tr>\n<tr>\n<td>\ud83c\uddec\ud83c\uddea Ge\u00f3rgia<\/td>\n<td>C\u00e1ucaso<\/td>\n<td>-<\/td>\n<\/tr>\n<tr>\n<td>\ud83c\udde6\ud83c\uddf1 Alb\u00e2nia<\/td>\n<td>B\u00e1lc\u00e3s<\/td>\n<td>-<\/td>\n<\/tr>\n<tr>\n<td>\ud83c\uddf2\ud83c\udde9 Moldova<\/td>\n<td>Europa Oriental<\/td>\n<td>-<\/td>\n<\/tr>\n<tr>\n<td>\ud83c\udde7\ud83c\udde6 B\u00f3snia e Herzegovina<\/td>\n<td>B\u00e1lc\u00e3s<\/td>\n<td>-<\/td>\n<\/tr>\n<tr>\n<td>\ud83c\uddf2\ud83c\uddea Montenegro<\/td>\n<td>B\u00e1lc\u00e3s<\/td>\n<td>-<\/td>\n<\/tr>\n<tr>\n<td>\ud83c\uddf2\ud83c\uddf0 Maced\u00f4nia do Norte<\/td>\n<td>B\u00e1lc\u00e3s<\/td>\n<td>-<\/td>\n<\/tr>\n<tr>\n<td>\ud83c\uddf2\ud83c\uddfa Mauritius<\/td>\n<td>\u00c1frica<\/td>\n<td>-<\/td>\n<\/tr>\n<tr>\n<td>\ud83c\uddf8\ud83c\udde8 Seychelles<\/td>\n<td>\u00c1frica<\/td>\n<td>-<\/td>\n<\/tr>\n<\/tbody>\n<\/table>\n<h3>Quem N\u00c3O precisa do ETIAS?<\/h3>\n<p>Os seguintes grupos s\u00e3o <strong>isento do ETIAS<\/strong>, conforme especificado no artigo 2 do Regulamento da UE 2018\/1240:<\/p>\n<ul>\n<li><strong>Cidad\u00e3os da UE e de Schengen<\/strong> - Cidad\u00e3os de todos os 27 estados-membros da UE e de 4 pa\u00edses da EFTA\/Schengen (Isl\u00e2ndia, Liechtenstein, Noruega, Su\u00ed\u00e7a)<\/li>\n<li><strong>Cidad\u00e3os com visto obrigat\u00f3rio<\/strong> - Cidad\u00e3os de pa\u00edses listados no Anexo I do Regulamento da UE 2018\/1806 que precisam de um visto Schengen<\/li>\n<li><strong>Portadores de autoriza\u00e7\u00e3o de resid\u00eancia na UE<\/strong> - Cidad\u00e3os de fora da UE com uma autoriza\u00e7\u00e3o de resid\u00eancia de longo prazo v\u00e1lida em qualquer pa\u00eds da UE\/Schengen<\/li>\n<li><strong>Membros da fam\u00edlia de cidad\u00e3os da UE<\/strong> - Cidad\u00e3os de pa\u00edses n\u00e3o pertencentes \u00e0 UE que possuem um cart\u00e3o de resid\u00eancia nos termos da Diretiva de Livre Circula\u00e7\u00e3o da UE (2004\/38\/CE)<\/li>\n<li><strong>Portadores de passaportes diplom\u00e1ticos e de servi\u00e7o<\/strong> - Viajantes em miss\u00f5es diplom\u00e1ticas oficiais<\/li>\n<\/ul>\n<h3>Que tipos de viagem exigem o ETIAS?<\/h3>\n<p>O ETIAS \u00e9 necess\u00e1rio para <strong>visitas de curta dura\u00e7\u00e3o<\/strong> de at\u00e9 90 dias em um per\u00edodo de 180 dias. Isso abrange:<\/p>\n<table>\n<thead>\n<tr>\n<th>Objetivo da viagem<\/th>\n<th>O ETIAS \u00e9 necess\u00e1rio?<\/th>\n<th>Notas<\/th>\n<\/tr>\n<\/thead>\n<tbody>\n<tr>\n<td><strong>Turismo<\/strong><\/td>\n<td>Sim<\/td>\n<td>F\u00e9rias, passeios tur\u00edsticos, visitas culturais<\/td>\n<\/tr>\n<tr>\n<td><strong>Neg\u00f3cios<\/strong><\/td>\n<td>Sim<\/td>\n<td>Reuni\u00f5es, confer\u00eancias, feiras de neg\u00f3cios<\/td>\n<\/tr>\n<tr>\n<td><strong>Tr\u00e2nsito<\/strong><\/td>\n<td>Sim<\/td>\n<td>Voos de conex\u00e3o atrav\u00e9s de aeroportos Schengen<\/td>\n<\/tr>\n<tr>\n<td><strong>Tratamento m\u00e9dico<\/strong><\/td>\n<td>Sim<\/td>\n<td>Visitas m\u00e9dicas de curto prazo<\/td>\n<\/tr>\n<tr>\n<td><strong>Cursos de curta dura\u00e7\u00e3o<\/strong><\/td>\n<td>Sim<\/td>\n<td>Programas com menos de 90 dias<\/td>\n<\/tr>\n<tr>\n<td><strong>Estudo de longo prazo<\/strong><\/td>\n<td>N\u00e3o - \u00e9 necess\u00e1rio visto<\/td>\n<td>Programas com dura\u00e7\u00e3o superior a 90 dias precisam de um visto nacional<\/td>\n<\/tr>\n<tr>\n<td><strong>Emprego<\/strong><\/td>\n<td>N\u00e3o - \u00e9 necess\u00e1ria uma autoriza\u00e7\u00e3o de trabalho<\/td>\n<td>O trabalho remunerado requer um visto\/permiss\u00e3o de trabalho<\/td>\n<\/tr>\n<\/tbody>\n<\/table>\n<p><em>Fontes: Comiss\u00e3o Europeia (ec.europa.eu), Regulamento da UE 2018\/1240, Regulamento da UE 2018\/1806. Estimativas de volume de viagens com base nos dados do Eurostat e da OMT. \u00daltima atualiza\u00e7\u00e3o: Fevereiro de 2026.<\/em><\/p>","protected":false},"excerpt":{"rendered":"<p>Key Takeaway: Citizens of 62 visa-exempt countries &mdash; including the United States, United Kingdom, Canada, Australia, Japan, and Brazil &mdash; [&hellip;]<\/p>\n","protected":false},"author":2,"featured_media":0,"parent":0,"menu_order":0,"comment_status":"closed","ping_status":"closed","template":"","meta":{"site-sidebar-layout":"default","site-content-layout":"","ast-site-content-layout":"default","site-content-style":"default","site-sidebar-style":"default","ast-global-header-display":"","ast-banner-title-visibility":"","ast-main-header-display":"","ast-hfb-above-header-display":"","ast-hfb-below-header-display":"","ast-hfb-mobile-header-display":"","site-post-title":"","ast-breadcrumbs-content":"","ast-featured-img":"","footer-sml-layout":"","ast-disable-related-posts":"","theme-transparent-header-meta":"","adv-header-id-meta":"","stick-header-meta":"","header-above-stick-meta":"","header-main-stick-meta":"","header-below-stick-meta":"","astra-migrate-meta-layouts":"default","ast-page-background-enabled":"default","ast-page-background-meta":{"desktop":{"background-color":"var(--ast-global-color-5)","background-image":"","background-repeat":"repeat","background-position":"center center","background-size":"auto","background-attachment":"scroll","background-type":"","background-media":"","overlay-type":"","overlay-color":"","overlay-opacity":"","overlay-gradient":""},"tablet":{"background-color":"","background-image":"","background-repeat":"repeat","background-position":"center center","background-size":"auto","background-attachment":"scroll","background-type":"","background-media":"","overlay-type":"","overlay-color":"","overlay-opacity":"","overlay-gradient":""},"mobile":{"background-color":"","background-image":"","background-repeat":"repeat","background-position":"center center","background-size":"auto","background-attachment":"scroll","background-type":"","background-media":"","overlay-type":"","overlay-color":"","overlay-opacity":"","overlay-gradient":""}},"ast-content-background-meta":{"desktop":{"background-color":"var(--ast-global-color-4)","background-image":"","background-repeat":"repeat","background-position":"center center","background-size":"auto","background-attachment":"scroll","background-type":"","background-media":"","overlay-type":"","overlay-color":"","overlay-opacity":"","overlay-gradient":""},"tablet":{"background-color":"var(--ast-global-color-4)","background-image":"","background-repeat":"repeat","background-position":"center center","background-size":"auto","background-attachment":"scroll","background-type":"","background-media":"","overlay-type":"","overlay-color":"","overlay-opacity":"","overlay-gradient":""},"mobile":{"background-color":"var(--ast-global-color-4)","background-image":"","background-repeat":"repeat","background-position":"center center","background-size":"auto","background-attachment":"scroll","background-type":"","background-media":"","overlay-type":"","overlay-color":"","overlay-opacity":"","overlay-gradient":""}},"footnotes":""},"class_list":["post-24","page","type-page","status-publish","hentry"],"yoast_head":"<!-- This site is optimized with the Yoast SEO plugin v27.0 - https:\/\/yoast.com\/product\/yoast-seo-wordpress\/ -->\n<title>Who Needs ETIAS? - ETIAS - Travel to Europe<\/title>\n<meta name=\"robots\" content=\"index, follow, max-snippet:-1, max-image-preview:large, max-video-preview:-1\" \/>\n<link rel=\"canonical\" href=\"https:\/\/europe-visa.eu\/pt\/who-needs-etias\/\" \/>\n<meta property=\"og:locale\" content=\"pt_BR\" \/>\n<meta property=\"og:type\" content=\"article\" \/>\n<meta property=\"og:title\" content=\"Who Needs ETIAS? - ETIAS - Travel to Europe\" \/>\n<meta property=\"og:description\" content=\"Key Takeaway: Citizens of 62 visa-exempt countries &mdash; including the United States, United Kingdom, Canada, Australia, Japan, and Brazil &mdash; [&hellip;]\" \/>\n<meta property=\"og:url\" content=\"https:\/\/europe-visa.eu\/pt\/who-needs-etias\/\" \/>\n<meta property=\"og:site_name\" content=\"ETIAS - Travel to Europe\" \/>\n<meta property=\"article:modified_time\" content=\"2026-02-28T20:16:36+00:00\" \/>\n<meta name=\"twitter:card\" content=\"summary_large_image\" \/>\n<meta name=\"twitter:label1\" content=\"Est. tempo de leitura\" \/>\n\t<meta name=\"twitter:data1\" content=\"4 minutos\" \/>\n<script type=\"application\/ld+json\" class=\"yoast-schema-graph\">{\"@context\":\"https:\/\/schema.org\",\"@graph\":[{\"@type\":\"WebPage\",\"@id\":\"https:\/\/europe-visa.eu\/who-needs-etias\/\",\"url\":\"https:\/\/europe-visa.eu\/who-needs-etias\/\",\"name\":\"Who Needs ETIAS? - ETIAS - Travel to Europe\",\"isPartOf\":{\"@id\":\"https:\/\/europe-visa.eu\/#website\"},\"datePublished\":\"2026-02-28T18:46:26+00:00\",\"dateModified\":\"2026-02-28T20:16:36+00:00\",\"breadcrumb\":{\"@id\":\"https:\/\/europe-visa.eu\/who-needs-etias\/#breadcrumb\"},\"inLanguage\":\"pt-BR\",\"potentialAction\":[{\"@type\":\"ReadAction\",\"target\":[\"https:\/\/europe-visa.eu\/who-needs-etias\/\"]}]},{\"@type\":\"BreadcrumbList\",\"@id\":\"https:\/\/europe-visa.eu\/who-needs-etias\/#breadcrumb\",\"itemListElement\":[{\"@type\":\"ListItem\",\"position\":1,\"name\":\"Home\",\"item\":\"https:\/\/europe-visa.eu\/\"},{\"@type\":\"ListItem\",\"position\":2,\"name\":\"Who Needs ETIAS?\"}]},{\"@type\":\"WebSite\",\"@id\":\"https:\/\/europe-visa.eu\/#website\",\"url\":\"https:\/\/europe-visa.eu\/\",\"name\":\"ETIAS - Travel to Europe\",\"description\":\"\",\"publisher\":{\"@id\":\"https:\/\/europe-visa.eu\/#organization\"},\"potentialAction\":[{\"@type\":\"SearchAction\",\"target\":{\"@type\":\"EntryPoint\",\"urlTemplate\":\"https:\/\/europe-visa.eu\/?s={search_term_string}\"},\"query-input\":{\"@type\":\"PropertyValueSpecification\",\"valueRequired\":true,\"valueName\":\"search_term_string\"}}],\"inLanguage\":\"pt-BR\"},{\"@type\":\"Organization\",\"@id\":\"https:\/\/europe-visa.eu\/#organization\",\"name\":\"Europe-Visa.eu\",\"url\":\"https:\/\/europe-visa.eu\/\",\"logo\":{\"@type\":\"ImageObject\",\"inLanguage\":\"pt-BR\",\"@id\":\"https:\/\/europe-visa.eu\/#\/schema\/logo\/image\/\",\"url\":\"https:\/\/europe-visa.eu\/wp-content\/uploads\/2026\/02\/etias-favicon.png\",\"contentUrl\":\"https:\/\/europe-visa.eu\/wp-content\/uploads\/2026\/02\/etias-favicon.png\",\"width\":512,\"height\":512,\"caption\":\"Europe-Visa.eu\"},\"image\":{\"@id\":\"https:\/\/europe-visa.eu\/#\/schema\/logo\/image\/\"}}]}<\/script>\n<!-- \/ Yoast SEO plugin. -->","yoast_head_json":{"title":"Quem precisa do ETIAS? - ETIAS - Viagem \u00e0 Europa","robots":{"index":"index","follow":"follow","max-snippet":"max-snippet:-1","max-image-preview":"max-image-preview:large","max-video-preview":"max-video-preview:-1"},"canonical":"https:\/\/europe-visa.eu\/pt\/who-needs-etias\/","og_locale":"pt_BR","og_type":"article","og_title":"Who Needs ETIAS? - ETIAS - Travel to Europe","og_description":"Key Takeaway: Citizens of 62 visa-exempt countries &mdash; including the United States, United Kingdom, Canada, Australia, Japan, and Brazil &mdash; [&hellip;]","og_url":"https:\/\/europe-visa.eu\/pt\/who-needs-etias\/","og_site_name":"ETIAS - Travel to Europe","article_modified_time":"2026-02-28T20:16:36+00:00","twitter_card":"summary_large_image","twitter_misc":{"Est. tempo de leitura":"4 minutos"},"schema":{"@context":"https:\/\/schema.org","@graph":[{"@type":"WebPage","@id":"https:\/\/europe-visa.eu\/who-needs-etias\/","url":"https:\/\/europe-visa.eu\/who-needs-etias\/","name":"Quem precisa do ETIAS? - ETIAS - Viagem \u00e0 Europa","isPartOf":{"@id":"https:\/\/europe-visa.eu\/#website"},"datePublished":"2026-02-28T18:46:26+00:00","dateModified":"2026-02-28T20:16:36+00:00","breadcrumb":{"@id":"https:\/\/europe-visa.eu\/who-needs-etias\/#breadcrumb"},"inLanguage":"pt-BR","potentialAction":[{"@type":"ReadAction","target":["https:\/\/europe-visa.eu\/who-needs-etias\/"]}]},{"@type":"BreadcrumbList","@id":"https:\/\/europe-visa.eu\/who-needs-etias\/#breadcrumb","itemListElement":[{"@type":"ListItem","position":1,"name":"Home","item":"https:\/\/europe-visa.eu\/"},{"@type":"ListItem","position":2,"name":"Who Needs ETIAS?"}]},{"@type":"WebSite","@id":"https:\/\/europe-visa.eu\/#website","url":"https:\/\/europe-visa.eu\/","name":"ETIAS - Viagem para a Europa","description":"","publisher":{"@id":"https:\/\/europe-visa.eu\/#organization"},"potentialAction":[{"@type":"SearchAction","target":{"@type":"EntryPoint","urlTemplate":"https:\/\/europe-visa.eu\/?s={search_term_string}"},"query-input":{"@type":"PropertyValueSpecification","valueRequired":true,"valueName":"search_term_string"}}],"inLanguage":"pt-BR"},{"@type":"Organization","@id":"https:\/\/europe-visa.eu\/#organization","name":"Europa-Visa.eu","url":"https:\/\/europe-visa.eu\/","logo":{"@type":"ImageObject","inLanguage":"pt-BR","@id":"https:\/\/europe-visa.eu\/#\/schema\/logo\/image\/","url":"https:\/\/europe-visa.eu\/wp-content\/uploads\/2026\/02\/etias-favicon.png","contentUrl":"https:\/\/europe-visa.eu\/wp-content\/uploads\/2026\/02\/etias-favicon.png","width":512,"height":512,"caption":"Europe-Visa.eu"},"image":{"@id":"https:\/\/europe-visa.eu\/#\/schema\/logo\/image\/"}}]}},"_links":{"self":[{"href":"https:\/\/europe-visa.eu\/pt\/wp-json\/wp\/v2\/pages\/24","targetHints":{"allow":["GET"]}}],"collection":[{"href":"https:\/\/europe-visa.eu\/pt\/wp-json\/wp\/v2\/pages"}],"about":[{"href":"https:\/\/europe-visa.eu\/pt\/wp-json\/wp\/v2\/types\/page"}],"author":[{"embeddable":true,"href":"https:\/\/europe-visa.eu\/pt\/wp-json\/wp\/v2\/users\/2"}],"replies":[{"embeddable":true,"href":"https:\/\/europe-visa.eu\/pt\/wp-json\/wp\/v2\/comments?post=24"}],"version-history":[{"count":3,"href":"https:\/\/europe-visa.eu\/pt\/wp-json\/wp\/v2\/pages\/24\/revisions"}],"predecessor-version":[{"id":111,"href":"https:\/\/europe-visa.eu\/pt\/wp-json\/wp\/v2\/pages\/24\/revisions\/111"}],"wp:attachment":[{"href":"https:\/\/europe-visa.eu\/pt\/wp-json\/wp\/v2\/media?parent=24"}],"curies":[{"name":"wp","href":"https:\/\/api.w.org\/{rel}","templated":true}]}}