{"id":25,"date":"2026-02-28T18:46:27","date_gmt":"2026-02-28T18:46:27","guid":{"rendered":"https:\/\/europe-visa.eu\/?page_id=25"},"modified":"2026-02-28T20:16:37","modified_gmt":"2026-02-28T20:16:37","slug":"etias-requirements","status":"publish","type":"page","link":"https:\/\/europe-visa.eu\/pt\/etias-requirements\/","title":{"rendered":"Requisitos do ETIAS"},"content":{"rendered":"<div style=\"background:#e8f4f8;border-left:4px solid #0073aa;padding:20px;margin-bottom:30px;\">\n<strong>Principais conclus\u00f5es:<\/strong> Para se inscrever no ETIAS, voc\u00ea precisa de um passaporte biom\u00e9trico v\u00e1lido de um dos 62 pa\u00edses qualificados, um endere\u00e7o de e-mail ativo e um cart\u00e3o de cr\u00e9dito ou d\u00e9bito para a taxa de \u20ac20. A solicita\u00e7\u00e3o on-line leva aproximadamente 10 minutos para ser conclu\u00edda e pede informa\u00e7\u00f5es pessoais, de passaporte, de viagem e de seguran\u00e7a.\n<\/div>\n<h2>Requisitos de inscri\u00e7\u00e3o no ETIAS<\/h2>\n<p><strong>O aplicativo ETIAS requer tr\u00eas itens essenciais<\/strong>: um passaporte biom\u00e9trico v\u00e1lido de um pa\u00eds eleg\u00edvel ao ETIAS, um endere\u00e7o de e-mail e um m\u00e9todo de pagamento para a taxa de inscri\u00e7\u00e3o de 20 euros. O processo foi projetado para ser simples e acess\u00edvel - de acordo com a Comiss\u00e3o Europeia, o formul\u00e1rio de inscri\u00e7\u00e3o leva aproximadamente 10 minutos para ser preenchido e est\u00e1 dispon\u00edvel em todos os 24 idiomas oficiais da UE.<\/p>\n<h3>O que voc\u00ea precisa para se candidatar ao ETIAS<\/h3>\n<p>Antes de iniciar seu aplicativo ETIAS, verifique se voc\u00ea tem os seguintes itens prontos:<\/p>\n<table>\n<thead>\n<tr>\n<th>Requisito<\/th>\n<th>Detalhes<\/th>\n<th>Observa\u00e7\u00f5es importantes<\/th>\n<\/tr>\n<\/thead>\n<tbody>\n<tr>\n<td><strong>1. Passaporte v\u00e1lido<\/strong><\/td>\n<td>Passaporte biom\u00e9trico de um pa\u00eds eleg\u00edvel ao ETIAS<\/td>\n<td>Deve ser v\u00e1lido por pelo menos 3 meses ap\u00f3s a data planejada de sa\u00edda do Espa\u00e7o Schengen<\/td>\n<\/tr>\n<tr>\n<td><strong>2. Endere\u00e7o de e-mail<\/strong><\/td>\n<td>Conta de e-mail ativa<\/td>\n<td>Usado para receber sua autoriza\u00e7\u00e3o ETIAS e qualquer correspond\u00eancia<\/td>\n<\/tr>\n<tr>\n<td><strong>3. M\u00e9todo de pagamento<\/strong><\/td>\n<td>Cart\u00e3o de cr\u00e9dito ou cart\u00e3o de d\u00e9bito<\/td>\n<td>Taxa de \u20ac 20 (gratuita para viajantes com menos de 18 anos ou mais de 70)<\/td>\n<\/tr>\n<\/tbody>\n<\/table>\n<h3>Informa\u00e7\u00f5es necess\u00e1rias durante a solicita\u00e7\u00e3o do ETIAS<\/h3>\n<p>O formul\u00e1rio de solicita\u00e7\u00e3o do ETIAS coleta quatro categorias de informa\u00e7\u00f5es, conforme especificado em <strong>Artigo 17 do Regulamento da UE 2018\/1240<\/strong>:<\/p>\n<h4>1. Detalhes pessoais<\/h4>\n<ul>\n<li>Nome legal completo (exatamente como consta no passaporte)<\/li>\n<li>Data e local de nascimento<\/li>\n<li>Nacionalidade (atual e de nascimento, se diferente)<\/li>\n<li>G\u00eanero<\/li>\n<li>Endere\u00e7o residencial<\/li>\n<li>Endere\u00e7o de e-mail e n\u00famero de telefone<\/li>\n<li>Nome e sobrenome dos pais<\/li>\n<li>Ocupa\u00e7\u00e3o atual e empregador (se aplic\u00e1vel)<\/li>\n<\/ul>\n<h4>2. Informa\u00e7\u00f5es sobre o passaporte<\/h4>\n<ul>\n<li>N\u00famero do passaporte<\/li>\n<li>Pa\u00eds de emiss\u00e3o<\/li>\n<li>Data de emiss\u00e3o e data de expira\u00e7\u00e3o<\/li>\n<\/ul>\n<h4>3. Informa\u00e7\u00f5es de viagem<\/h4>\n<ul>\n<li>Primeiro pa\u00eds de entrada na UE\/Schengen<\/li>\n<li>Prop\u00f3sito da viagem (turismo, neg\u00f3cios, m\u00e9dico, tr\u00e2nsito, educa\u00e7\u00e3o ou outro)<\/li>\n<li>Endere\u00e7o da acomoda\u00e7\u00e3o pretendida na Europa<\/li>\n<\/ul>\n<h4>4. Perguntas sobre seguran\u00e7a, sa\u00fade e hist\u00f3rico<\/h4>\n<ul>\n<li>Hist\u00f3rico de antecedentes criminais (condena\u00e7\u00f5es por infra\u00e7\u00f5es criminais graves)<\/li>\n<li>Decis\u00f5es anteriores de imigra\u00e7\u00e3o (deporta\u00e7\u00f5es, recusas de visto, perman\u00eancia excessiva)<\/li>\n<li>Hist\u00f3rico de viagens a zonas de conflito ou regi\u00f5es afetadas pela guerra<\/li>\n<li>Perguntas relacionadas \u00e0 sa\u00fade (conforme aplic\u00e1vel de acordo com os regulamentos de sa\u00fade p\u00fablica da UE)<\/li>\n<\/ul>\n<h3>Crit\u00e9rios de elegibilidade do ETIAS<\/h3>\n<p>Para se qualificar para uma autoriza\u00e7\u00e3o de viagem do ETIAS, os solicitantes devem atender \u00e0s seguintes condi\u00e7\u00f5es:<\/p>\n<ol>\n<li><strong>Ter cidadania<\/strong> de um dos <a href=\"\/pt\/who-needs-etias\/\">62 pa\u00edses eleg\u00edveis para o ETIAS<\/a><\/li>\n<li><strong>Possuir um passaporte biom\u00e9trico v\u00e1lido<\/strong> com validade de pelo menos 3 meses al\u00e9m da estadia planejada<\/li>\n<li><strong>N\u00e3o possuir um visto Schengen ou uma autoriza\u00e7\u00e3o de resid\u00eancia da UE<\/strong> (esses documentos substituem a necessidade do ETIAS)<\/li>\n<li><strong>N\u00e3o representar um risco \u00e0 seguran\u00e7a, \u00e0 sa\u00fade ou \u00e0 imigra\u00e7\u00e3o ilegal<\/strong> conforme determinado pelo processo de triagem automatizado<\/li>\n<\/ol>\n<h3>Estrutura da taxa de inscri\u00e7\u00e3o do ETIAS<\/h3>\n<table>\n<thead>\n<tr>\n<th>Categoria do candidato<\/th>\n<th>Tarifa<\/th>\n<th>M\u00e9todo de pagamento<\/th>\n<\/tr>\n<\/thead>\n<tbody>\n<tr>\n<td>Adultos de 18 a 70 anos<\/td>\n<td><strong>\u20ac20<\/strong><\/td>\n<td>Cart\u00e3o de cr\u00e9dito ou d\u00e9bito<\/td>\n<\/tr>\n<tr>\n<td>Crian\u00e7as menores de 18 anos<\/td>\n<td><strong>Gr\u00e1tis<\/strong><\/td>\n<td>N\u00e3o \u00e9 necess\u00e1rio pagamento<\/td>\n<\/tr>\n<tr>\n<td>Adultos acima de 70 anos<\/td>\n<td><strong>Gr\u00e1tis<\/strong><\/td>\n<td>N\u00e3o \u00e9 necess\u00e1rio pagamento<\/td>\n<\/tr>\n<\/tbody>\n<\/table>\n<p>A taxa de \u20ac 20 foi definida pela Comiss\u00e3o Europeia para cobrir os custos operacionais do sistema ETIAS e, ao mesmo tempo, permanecer acess\u00edvel aos viajantes. Em compara\u00e7\u00e3o, o ESTA dos EUA custa $21 USD e o ETA do Reino Unido custa \u00a310.<\/p>\n<h3>Tempo de processamento do ETIAS<\/h3>\n<p>De acordo com a eu-LISA, as solicita\u00e7\u00f5es do ETIAS seguem um cronograma de processamento escalonado:<\/p>\n<table>\n<thead>\n<tr>\n<th>Est\u00e1gio de processamento<\/th>\n<th>Linha do tempo<\/th>\n<th>Porcentagem de pedidos<\/th>\n<\/tr>\n<\/thead>\n<tbody>\n<tr>\n<td><strong>Aprova\u00e7\u00e3o automatizada<\/strong><\/td>\n<td>Em poucos minutos<\/td>\n<td>~95% de todos os aplicativos<\/td>\n<\/tr>\n<tr>\n<td><strong>Informa\u00e7\u00f5es adicionais solicitadas<\/strong><\/td>\n<td>At\u00e9 96 horas<\/td>\n<td>~3% de aplicativos<\/td>\n<\/tr>\n<tr>\n<td><strong>Revis\u00e3o manual pelas autoridades nacionais<\/strong><\/td>\n<td>At\u00e9 4 semanas (30 dias)<\/td>\n<td>~2% de aplicativos<\/td>\n<\/tr>\n<\/tbody>\n<\/table>\n<p><strong>Recomenda\u00e7\u00e3o:<\/strong> Aplicar pelo menos <strong>72 horas antes da partida<\/strong> para dar tempo para qualquer processamento adicional. Embora a maioria das solicita\u00e7\u00f5es seja aprovada instantaneamente, o planejamento antecipado garante que sua viagem n\u00e3o seja interrompida.<\/p>\n<h3>O que acontece ap\u00f3s a aprova\u00e7\u00e3o do ETIAS?<\/h3>\n<p>Uma vez aprovada, sua autoriza\u00e7\u00e3o ETIAS \u00e9 <strong>vinculado eletronicamente ao seu passaporte<\/strong>. N\u00e3o h\u00e1 nenhum documento f\u00edsico, adesivo ou carimbo. Quando voc\u00ea chega a um posto de fronteira Schengen, os guardas de fronteira verificam automaticamente o status do seu ETIAS, escaneando o seu passaporte. Seu ETIAS \u00e9 v\u00e1lido por:<\/p>\n<ul>\n<li><strong>3 anos<\/strong> a partir da data de aprova\u00e7\u00e3o (ou at\u00e9 o vencimento de seu passaporte, o que ocorrer primeiro)<\/li>\n<li><strong>Entradas m\u00faltiplas<\/strong> no Espa\u00e7o Schengen durante o per\u00edodo de validade<\/li>\n<li><strong>M\u00e1ximo de 90 dias<\/strong> em qualquer per\u00edodo de 180 dias por estadia<\/li>\n<\/ul>\n<h3>Motivos comuns para a recusa do ETIAS<\/h3>\n<p>Com base nos crit\u00e9rios descritos no Regulamento da UE 2018\/1240, uma solicita\u00e7\u00e3o do ETIAS pode ser negada se:<\/p>\n<ul>\n<li>O candidato tem antecedentes criminais por crimes graves<\/li>\n<li>H\u00e1 um registro anterior de perman\u00eancia excessiva no Espa\u00e7o Schengen<\/li>\n<li>Os dados do candidato correspondem a um alerta de seguran\u00e7a nos bancos de dados do SIS, da Europol ou da Interpol<\/li>\n<li>O candidato \u00e9 considerado um risco de imigra\u00e7\u00e3o ilegal<\/li>\n<li>Um visto Schengen anterior foi revogado ou anulado<\/li>\n<\/ul>\n<p>Os candidatos recusados t\u00eam o direito de <strong>recorrer da decis\u00e3o<\/strong> por meio da autoridade nacional do estado membro da UE que processou a solicita\u00e7\u00e3o. A apela\u00e7\u00e3o deve ser apresentada dentro do prazo especificado no aviso de nega\u00e7\u00e3o.<\/p>\n<p><em>Fontes: Comiss\u00e3o Europeia (ec.europa.eu), Regulamento da UE 2018\/1240 Artigos 17-20, eu-LISA (eulisa.europa.eu). \u00daltima atualiza\u00e7\u00e3o: Fevereiro de 2026.<\/em><\/p>","protected":false},"excerpt":{"rendered":"<p>Key Takeaway: To apply for ETIAS, you need a valid biometric passport from one of 62 eligible countries, a working [&hellip;]<\/p>\n","protected":false},"author":2,"featured_media":0,"parent":0,"menu_order":0,"comment_status":"closed","ping_status":"closed","template":"","meta":{"site-sidebar-layout":"default","site-content-layout":"","ast-site-content-layout":"default","site-content-style":"default","site-sidebar-style":"default","ast-global-header-display":"","ast-banner-title-visibility":"","ast-main-header-display":"","ast-hfb-above-header-display":"","ast-hfb-below-header-display":"","ast-hfb-mobile-header-display":"","site-post-title":"","ast-breadcrumbs-content":"","ast-featured-img":"","footer-sml-layout":"","ast-disable-related-posts":"","theme-transparent-header-meta":"","adv-header-id-meta":"","stick-header-meta":"","header-above-stick-meta":"","header-main-stick-meta":"","header-below-stick-meta":"","astra-migrate-meta-layouts":"default","ast-page-background-enabled":"default","ast-page-background-meta":{"desktop":{"background-color":"var(--ast-global-color-5)","background-image":"","background-repeat":"repeat","background-position":"center center","background-size":"auto","background-attachment":"scroll","background-type":"","background-media":"","overlay-type":"","overlay-color":"","overlay-opacity":"","overlay-gradient":""},"tablet":{"background-color":"","background-image":"","background-repeat":"repeat","background-position":"center center","background-size":"auto","background-attachment":"scroll","background-type":"","background-media":"","overlay-type":"","overlay-color":"","overlay-opacity":"","overlay-gradient":""},"mobile":{"background-color":"","background-image":"","background-repeat":"repeat","background-position":"center center","background-size":"auto","background-attachment":"scroll","background-type":"","background-media":"","overlay-type":"","overlay-color":"","overlay-opacity":"","overlay-gradient":""}},"ast-content-background-meta":{"desktop":{"background-color":"var(--ast-global-color-4)","background-image":"","background-repeat":"repeat","background-position":"center center","background-size":"auto","background-attachment":"scroll","background-type":"","background-media":"","overlay-type":"","overlay-color":"","overlay-opacity":"","overlay-gradient":""},"tablet":{"background-color":"var(--ast-global-color-4)","background-image":"","background-repeat":"repeat","background-position":"center center","background-size":"auto","background-attachment":"scroll","background-type":"","background-media":"","overlay-type":"","overlay-color":"","overlay-opacity":"","overlay-gradient":""},"mobile":{"background-color":"var(--ast-global-color-4)","background-image":"","background-repeat":"repeat","background-position":"center center","background-size":"auto","background-attachment":"scroll","background-type":"","background-media":"","overlay-type":"","overlay-color":"","overlay-opacity":"","overlay-gradient":""}},"footnotes":""},"class_list":["post-25","page","type-page","status-publish","hentry"],"yoast_head":"<!-- This site is optimized with the Yoast SEO plugin v27.0 - https:\/\/yoast.com\/product\/yoast-seo-wordpress\/ -->\n<title>ETIAS Requirements - ETIAS - Travel to Europe<\/title>\n<meta name=\"robots\" content=\"index, follow, max-snippet:-1, max-image-preview:large, max-video-preview:-1\" \/>\n<link rel=\"canonical\" href=\"https:\/\/europe-visa.eu\/pt\/etias-requirements\/\" \/>\n<meta property=\"og:locale\" content=\"pt_BR\" \/>\n<meta property=\"og:type\" content=\"article\" \/>\n<meta property=\"og:title\" content=\"ETIAS Requirements - ETIAS - Travel to Europe\" \/>\n<meta property=\"og:description\" content=\"Key Takeaway: To apply for ETIAS, you need a valid biometric passport from one of 62 eligible countries, a working [&hellip;]\" \/>\n<meta property=\"og:url\" content=\"https:\/\/europe-visa.eu\/pt\/etias-requirements\/\" \/>\n<meta property=\"og:site_name\" content=\"ETIAS - Travel to Europe\" \/>\n<meta property=\"article:modified_time\" content=\"2026-02-28T20:16:37+00:00\" \/>\n<meta name=\"twitter:card\" content=\"summary_large_image\" \/>\n<meta name=\"twitter:label1\" content=\"Est. tempo de leitura\" \/>\n\t<meta name=\"twitter:data1\" content=\"4 minutos\" \/>\n<script type=\"application\/ld+json\" class=\"yoast-schema-graph\">{\"@context\":\"https:\/\/schema.org\",\"@graph\":[{\"@type\":\"WebPage\",\"@id\":\"https:\/\/europe-visa.eu\/etias-requirements\/\",\"url\":\"https:\/\/europe-visa.eu\/etias-requirements\/\",\"name\":\"ETIAS Requirements - ETIAS - Travel to Europe\",\"isPartOf\":{\"@id\":\"https:\/\/europe-visa.eu\/#website\"},\"datePublished\":\"2026-02-28T18:46:27+00:00\",\"dateModified\":\"2026-02-28T20:16:37+00:00\",\"breadcrumb\":{\"@id\":\"https:\/\/europe-visa.eu\/etias-requirements\/#breadcrumb\"},\"inLanguage\":\"pt-BR\",\"potentialAction\":[{\"@type\":\"ReadAction\",\"target\":[\"https:\/\/europe-visa.eu\/etias-requirements\/\"]}]},{\"@type\":\"BreadcrumbList\",\"@id\":\"https:\/\/europe-visa.eu\/etias-requirements\/#breadcrumb\",\"itemListElement\":[{\"@type\":\"ListItem\",\"position\":1,\"name\":\"Home\",\"item\":\"https:\/\/europe-visa.eu\/\"},{\"@type\":\"ListItem\",\"position\":2,\"name\":\"ETIAS Requirements\"}]},{\"@type\":\"WebSite\",\"@id\":\"https:\/\/europe-visa.eu\/#website\",\"url\":\"https:\/\/europe-visa.eu\/\",\"name\":\"ETIAS - Travel to Europe\",\"description\":\"\",\"publisher\":{\"@id\":\"https:\/\/europe-visa.eu\/#organization\"},\"potentialAction\":[{\"@type\":\"SearchAction\",\"target\":{\"@type\":\"EntryPoint\",\"urlTemplate\":\"https:\/\/europe-visa.eu\/?s={search_term_string}\"},\"query-input\":{\"@type\":\"PropertyValueSpecification\",\"valueRequired\":true,\"valueName\":\"search_term_string\"}}],\"inLanguage\":\"pt-BR\"},{\"@type\":\"Organization\",\"@id\":\"https:\/\/europe-visa.eu\/#organization\",\"name\":\"Europe-Visa.eu\",\"url\":\"https:\/\/europe-visa.eu\/\",\"logo\":{\"@type\":\"ImageObject\",\"inLanguage\":\"pt-BR\",\"@id\":\"https:\/\/europe-visa.eu\/#\/schema\/logo\/image\/\",\"url\":\"https:\/\/europe-visa.eu\/wp-content\/uploads\/2026\/02\/etias-favicon.png\",\"contentUrl\":\"https:\/\/europe-visa.eu\/wp-content\/uploads\/2026\/02\/etias-favicon.png\",\"width\":512,\"height\":512,\"caption\":\"Europe-Visa.eu\"},\"image\":{\"@id\":\"https:\/\/europe-visa.eu\/#\/schema\/logo\/image\/\"}}]}<\/script>\n<!-- \/ Yoast SEO plugin. -->","yoast_head_json":{"title":"Requisitos do ETIAS - ETIAS - Viagem \u00e0 Europa","robots":{"index":"index","follow":"follow","max-snippet":"max-snippet:-1","max-image-preview":"max-image-preview:large","max-video-preview":"max-video-preview:-1"},"canonical":"https:\/\/europe-visa.eu\/pt\/etias-requirements\/","og_locale":"pt_BR","og_type":"article","og_title":"ETIAS Requirements - ETIAS - Travel to Europe","og_description":"Key Takeaway: To apply for ETIAS, you need a valid biometric passport from one of 62 eligible countries, a working [&hellip;]","og_url":"https:\/\/europe-visa.eu\/pt\/etias-requirements\/","og_site_name":"ETIAS - Travel to Europe","article_modified_time":"2026-02-28T20:16:37+00:00","twitter_card":"summary_large_image","twitter_misc":{"Est. tempo de leitura":"4 minutos"},"schema":{"@context":"https:\/\/schema.org","@graph":[{"@type":"WebPage","@id":"https:\/\/europe-visa.eu\/etias-requirements\/","url":"https:\/\/europe-visa.eu\/etias-requirements\/","name":"Requisitos do ETIAS - ETIAS - Viagem \u00e0 Europa","isPartOf":{"@id":"https:\/\/europe-visa.eu\/#website"},"datePublished":"2026-02-28T18:46:27+00:00","dateModified":"2026-02-28T20:16:37+00:00","breadcrumb":{"@id":"https:\/\/europe-visa.eu\/etias-requirements\/#breadcrumb"},"inLanguage":"pt-BR","potentialAction":[{"@type":"ReadAction","target":["https:\/\/europe-visa.eu\/etias-requirements\/"]}]},{"@type":"BreadcrumbList","@id":"https:\/\/europe-visa.eu\/etias-requirements\/#breadcrumb","itemListElement":[{"@type":"ListItem","position":1,"name":"Home","item":"https:\/\/europe-visa.eu\/"},{"@type":"ListItem","position":2,"name":"ETIAS Requirements"}]},{"@type":"WebSite","@id":"https:\/\/europe-visa.eu\/#website","url":"https:\/\/europe-visa.eu\/","name":"ETIAS - Viagem para a Europa","description":"","publisher":{"@id":"https:\/\/europe-visa.eu\/#organization"},"potentialAction":[{"@type":"SearchAction","target":{"@type":"EntryPoint","urlTemplate":"https:\/\/europe-visa.eu\/?s={search_term_string}"},"query-input":{"@type":"PropertyValueSpecification","valueRequired":true,"valueName":"search_term_string"}}],"inLanguage":"pt-BR"},{"@type":"Organization","@id":"https:\/\/europe-visa.eu\/#organization","name":"Europa-Visa.eu","url":"https:\/\/europe-visa.eu\/","logo":{"@type":"ImageObject","inLanguage":"pt-BR","@id":"https:\/\/europe-visa.eu\/#\/schema\/logo\/image\/","url":"https:\/\/europe-visa.eu\/wp-content\/uploads\/2026\/02\/etias-favicon.png","contentUrl":"https:\/\/europe-visa.eu\/wp-content\/uploads\/2026\/02\/etias-favicon.png","width":512,"height":512,"caption":"Europe-Visa.eu"},"image":{"@id":"https:\/\/europe-visa.eu\/#\/schema\/logo\/image\/"}}]}},"_links":{"self":[{"href":"https:\/\/europe-visa.eu\/pt\/wp-json\/wp\/v2\/pages\/25","targetHints":{"allow":["GET"]}}],"collection":[{"href":"https:\/\/europe-visa.eu\/pt\/wp-json\/wp\/v2\/pages"}],"about":[{"href":"https:\/\/europe-visa.eu\/pt\/wp-json\/wp\/v2\/types\/page"}],"author":[{"embeddable":true,"href":"https:\/\/europe-visa.eu\/pt\/wp-json\/wp\/v2\/users\/2"}],"replies":[{"embeddable":true,"href":"https:\/\/europe-visa.eu\/pt\/wp-json\/wp\/v2\/comments?post=25"}],"version-history":[{"count":3,"href":"https:\/\/europe-visa.eu\/pt\/wp-json\/wp\/v2\/pages\/25\/revisions"}],"predecessor-version":[{"id":112,"href":"https:\/\/europe-visa.eu\/pt\/wp-json\/wp\/v2\/pages\/25\/revisions\/112"}],"wp:attachment":[{"href":"https:\/\/europe-visa.eu\/pt\/wp-json\/wp\/v2\/media?parent=25"}],"curies":[{"name":"wp","href":"https:\/\/api.w.org\/{rel}","templated":true}]}}