{"id":28,"date":"2026-02-28T18:46:31","date_gmt":"2026-02-28T18:46:31","guid":{"rendered":"https:\/\/europe-visa.eu\/?page_id=28"},"modified":"2026-03-02T01:13:19","modified_gmt":"2026-03-02T01:13:19","slug":"etias-countries","status":"publish","type":"page","link":"https:\/\/europe-visa.eu\/pt\/etias-countries\/","title":{"rendered":"Pa\u00edses ETIAS"},"content":{"rendered":"<div style=\"background: #e8f4f8; border-left: 4px solid #0073aa; padding: 20px; margin-bottom: 30px;\"><strong>Principais conclus\u00f5es:<\/strong> O ETIAS abrange 30 pa\u00edses europeus: 27 estados membros do Espa\u00e7o Schengen, al\u00e9m de Bulg\u00e1ria, Chipre e Rom\u00eania. Esses pa\u00edses v\u00e3o da Isl\u00e2ndia, ao norte, at\u00e9 Malta, ao sul, cobrindo mais de 4 milh\u00f5es de quil\u00f4metros quadrados e mais de 400 milh\u00f5es de habitantes.<\/div>\n<h2>Pa\u00edses ETIAS: Lista completa de 30 destinos europeus<\/h2>\n<p><strong>Um ETIAS aprovado concede acesso a 30 pa\u00edses europeus<\/strong>, O ETIAS \u00e9 uma zona de livre circula\u00e7\u00e3o, abrangendo todos os 27 estados membros do Espa\u00e7o Schengen mais 3 pa\u00edses adicionais que participam do sistema ETIAS. Juntas, essas na\u00e7\u00f5es formam a maior zona de viagem livre do mundo, permitindo que os portadores do ETIAS cruzem as fronteiras sem verifica\u00e7\u00f5es adicionais durante sua estadia. O Espa\u00e7o Schengen foi estabelecido pelo Acordo de Schengen de 1985 e se expandiu dos 5 membros fundadores originais para 27 pa\u00edses a partir de 2023.<\/p>\n<h3>Todos os 27 pa\u00edses do Espa\u00e7o Schengen<\/h3>\n<p>Os seguintes pa\u00edses s\u00e3o membros plenos do Espa\u00e7o Schengen. O ETIAS \u00e9 necess\u00e1rio para viajantes isentos de visto que entram em qualquer uma dessas na\u00e7\u00f5es:<\/p>\n<table>\n<thead>\n<tr>\n<th>Pa\u00eds<\/th>\n<th>Capital<\/th>\n<th>Membro do Acordo de Schengen desde<\/th>\n<th>Visitantes anuais (milh\u00f5es)<\/th>\n<\/tr>\n<\/thead>\n<tbody>\n<tr>\n<td>\ud83c\udde6\ud83c\uddf9 \u00c1ustria<\/td>\n<td>Viena<\/td>\n<td>1997<\/td>\n<td>~31<\/td>\n<\/tr>\n<tr>\n<td>\ud83c\udde7\ud83c\uddea B\u00e9lgica<\/td>\n<td>Bruxelas<\/td>\n<td>1995<\/td>\n<td>~10<\/td>\n<\/tr>\n<tr>\n<td>\ud83c\udded\ud83c\uddf7 Cro\u00e1cia<\/td>\n<td>Zagreb<\/td>\n<td>2023<\/td>\n<td>~20<\/td>\n<\/tr>\n<tr>\n<td>\ud83c\udde8\ud83c\uddff Rep\u00fablica Tcheca<\/td>\n<td>Praga<\/td>\n<td>2007<\/td>\n<td>~14<\/td>\n<\/tr>\n<tr>\n<td>\ud83c\udde9\ud83c\uddf0 Dinamarca<\/td>\n<td>Copenhague<\/td>\n<td>2001<\/td>\n<td>~12<\/td>\n<\/tr>\n<tr>\n<td>\ud83c\uddea\ud83c\uddea Est\u00f4nia<\/td>\n<td>Tallinn<\/td>\n<td>2007<\/td>\n<td>~4<\/td>\n<\/tr>\n<tr>\n<td>\ud83c\uddeb\ud83c\uddee Finl\u00e2ndia<\/td>\n<td>Helsinque<\/td>\n<td>2001<\/td>\n<td>~7<\/td>\n<\/tr>\n<tr>\n<td>\ud83c\uddeb\ud83c\uddf7 Fran\u00e7a<\/td>\n<td>Paris<\/td>\n<td>1995<\/td>\n<td>~100<\/td>\n<\/tr>\n<tr>\n<td>\ud83c\udde9\ud83c\uddea Alemanha<\/td>\n<td>Berlim<\/td>\n<td>1995<\/td>\n<td>~40<\/td>\n<\/tr>\n<tr>\n<td>\ud83c\uddec\ud83c\uddf7 Gr\u00e9cia<\/td>\n<td>Atenas<\/td>\n<td>2000<\/td>\n<td>~33<\/td>\n<\/tr>\n<tr>\n<td>\ud83c\udded\ud83c\uddfa Hungria<\/td>\n<td>Budapeste<\/td>\n<td>2007<\/td>\n<td>~16<\/td>\n<\/tr>\n<tr>\n<td>\ud83c\uddee\ud83c\uddf8 Isl\u00e2ndia<\/td>\n<td>Reykjavik<\/td>\n<td>2001<\/td>\n<td>~2<\/td>\n<\/tr>\n<tr>\n<td>\ud83c\uddee\ud83c\uddf9 It\u00e1lia<\/td>\n<td>Roma<\/td>\n<td>1997<\/td>\n<td>~65<\/td>\n<\/tr>\n<tr>\n<td>\ud83c\uddf1\ud83c\uddfb Let\u00f4nia<\/td>\n<td>Riga<\/td>\n<td>2007<\/td>\n<td>~3<\/td>\n<\/tr>\n<tr>\n<td>\ud83c\uddf1\ud83c\uddee Liechtenstein<\/td>\n<td>Vaduz<\/td>\n<td>2011<\/td>\n<td>&lt;1<\/td>\n<\/tr>\n<tr>\n<td>\ud83c\uddf1\ud83c\uddf9 Litu\u00e2nia<\/td>\n<td>Vilnius<\/td>\n<td>2007<\/td>\n<td>~3<\/td>\n<\/tr>\n<tr>\n<td>\ud83c\uddf1\ud83c\uddfa Luxemburgo<\/td>\n<td>Cidade de Luxemburgo<\/td>\n<td>1995<\/td>\n<td>~1<\/td>\n<\/tr>\n<tr>\n<td>\ud83c\uddf2\ud83c\uddf9 Malta<\/td>\n<td>Valeta<\/td>\n<td>2007<\/td>\n<td>~3<\/td>\n<\/tr>\n<tr>\n<td>\ud83c\uddf3\ud83c\uddf1 Holanda<\/td>\n<td>Amsterd\u00e3<\/td>\n<td>1995<\/td>\n<td>~21<\/td>\n<\/tr>\n<tr>\n<td>\ud83c\uddf3\ud83c\uddf4 Noruega<\/td>\n<td>Oslo<\/td>\n<td>2001<\/td>\n<td>~7<\/td>\n<\/tr>\n<tr>\n<td>\ud83c\uddf5\ud83c\uddf1 Pol\u00f4nia<\/td>\n<td>Vars\u00f3via<\/td>\n<td>2007<\/td>\n<td>~21<\/td>\n<\/tr>\n<tr>\n<td>\ud83c\uddf5\ud83c\uddf9 Portugal<\/td>\n<td>Lisboa<\/td>\n<td>1995<\/td>\n<td>~27<\/td>\n<\/tr>\n<tr>\n<td>\ud83c\uddf8\ud83c\uddf0 Eslov\u00e1quia<\/td>\n<td>Bratislava<\/td>\n<td>2007<\/td>\n<td>~6<\/td>\n<\/tr>\n<tr>\n<td>\ud83c\uddf8\ud83c\uddee Eslov\u00eania<\/td>\n<td>Ljubljana<\/td>\n<td>2007<\/td>\n<td>~6<\/td>\n<\/tr>\n<tr>\n<td>\ud83c\uddea\ud83c\uddf8 Espanha<\/td>\n<td>Madri<\/td>\n<td>1995<\/td>\n<td>~85<\/td>\n<\/tr>\n<tr>\n<td>\ud83c\uddf8\ud83c\uddea Su\u00e9cia<\/td>\n<td>Estocolmo<\/td>\n<td>2001<\/td>\n<td>~10<\/td>\n<\/tr>\n<tr>\n<td>\ud83c\udde8\ud83c\udded Su\u00ed\u00e7a<\/td>\n<td>Berna<\/td>\n<td>2008<\/td>\n<td>~12<\/td>\n<\/tr>\n<\/tbody>\n<\/table>\n<h3>3 Pa\u00edses adicionais do ETIAS<\/h3>\n<p>Esses pa\u00edses n\u00e3o s\u00e3o membros plenos de Schengen, mas participam do sistema ETIAS:<\/p>\n<table>\n<thead>\n<tr>\n<th>Pa\u00eds<\/th>\n<th>Capital<\/th>\n<th>Status<\/th>\n<th>Notas<\/th>\n<\/tr>\n<\/thead>\n<tbody>\n<tr>\n<td>\ud83c\udde7\ud83c\uddec Bulg\u00e1ria<\/td>\n<td>Sofia<\/td>\n<td>Fronteiras a\u00e9reas\/mar\u00edtimas Schengen (2024)<\/td>\n<td>Acesso total \u00e0 fronteira terrestre previsto para breve<\/td>\n<\/tr>\n<tr>\n<td>\ud83c\udde8\ud83c\uddfe Chipre<\/td>\n<td>Nic\u00f3sia<\/td>\n<td>Membro da UE, participante do ETIAS<\/td>\n<td>Ainda n\u00e3o \u00e9 membro do Acordo de Schengen, mas est\u00e1 inclu\u00eddo no ETIAS<\/td>\n<\/tr>\n<tr>\n<td>\ud83c\uddf7\ud83c\uddf4 Rom\u00eania<\/td>\n<td>Bucareste<\/td>\n<td>Fronteiras a\u00e9reas\/mar\u00edtimas Schengen (2024)<\/td>\n<td>Acesso total \u00e0 fronteira terrestre previsto para breve<\/td>\n<\/tr>\n<\/tbody>\n<\/table>\n<h3>Entendendo a regra de 90\/180 dias<\/h3>\n<p>Com o ETIAS, voc\u00ea pode viajar livremente entre todos os 30 pa\u00edses listados acima sem verifica\u00e7\u00f5es adicionais nas fronteiras. Entretanto, voc\u00ea deve seguir as <strong>Regra de 90\/180 dias<\/strong>:<\/p>\n<table>\n<thead>\n<tr>\n<th>Regra<\/th>\n<th>Detalhes<\/th>\n<\/tr>\n<\/thead>\n<tbody>\n<tr>\n<td><strong>Estadia m\u00e1xima<\/strong><\/td>\n<td>90 dias em um per\u00edodo de 180 dias consecutivos<\/td>\n<\/tr>\n<tr>\n<td><strong>M\u00e9todo de c\u00e1lculo<\/strong><\/td>\n<td>Janela de rolagem (n\u00e3o baseada em calend\u00e1rio)<\/td>\n<\/tr>\n<tr>\n<td><strong>Escopo<\/strong><\/td>\n<td>Todos os 30 pa\u00edses ETIAS combinados (os dias n\u00e3o s\u00e3o contados por pa\u00eds)<\/td>\n<\/tr>\n<tr>\n<td><strong>Entradas m\u00faltiplas<\/strong><\/td>\n<td>Permitido - voc\u00ea pode entrar e sair v\u00e1rias vezes dentro do limite de 90 dias<\/td>\n<\/tr>\n<tr>\n<td><strong>Excedendo o limite<\/strong><\/td>\n<td>O excesso de perman\u00eancia pode resultar em multas, deporta\u00e7\u00e3o e futuras proibi\u00e7\u00f5es de entrada<\/td>\n<\/tr>\n<\/tbody>\n<\/table>\n<h3>Pa\u00edses europeus N\u00c3O cobertos pelo ETIAS<\/h3>\n<p>Os seguintes pa\u00edses europeus s\u00e3o <strong>n\u00e3o faz parte do sistema ETIAS<\/strong> e t\u00eam seus pr\u00f3prios requisitos de entrada:<\/p>\n<table>\n<thead>\n<tr>\n<th>Pa\u00eds<\/th>\n<th>Sistema de entrada<\/th>\n<th>Notas<\/th>\n<\/tr>\n<\/thead>\n<tbody>\n<tr>\n<td>\ud83c\uddec\ud83c\udde7 Reino Unido<\/td>\n<td>ETA DO REINO UNIDO (20)<\/td>\n<td>Deixou a UE em 2020; tem seu pr\u00f3prio sistema de autoriza\u00e7\u00e3o eletr\u00f4nica de viagem<\/td>\n<\/tr>\n<tr>\n<td>\ud83c\uddee\ud83c\uddea Irlanda<\/td>\n<td>N\u00e3o \u00e9 necess\u00e1rio ETA (para a maioria das nacionalidades)<\/td>\n<td>Membro da UE, mas n\u00e3o faz parte do Espa\u00e7o Schengen; mant\u00e9m controles de fronteira separados<\/td>\n<\/tr>\n<tr>\n<td>\ud83c\uddf7\ud83c\uddfa R\u00fassia<\/td>\n<td>Visto necess\u00e1rio<\/td>\n<td>N\u00e3o faz parte da UE ou de Schengen<\/td>\n<\/tr>\n<tr>\n<td>\ud83c\uddf9\ud83c\uddf7 Turquia<\/td>\n<td>Visto eletr\u00f4nico ou visto na chegada<\/td>\n<td>N\u00e3o faz parte da UE ou de Schengen<\/td>\n<\/tr>\n<tr>\n<td>\ud83c\uddfa\ud83c\udde6 Ucr\u00e2nia<\/td>\n<td>Isen\u00e7\u00e3o de visto para a UE (at\u00e9 90 dias)<\/td>\n<td>Pa\u00eds candidato \u00e0 UE; viajantes PARA a Ucr\u00e2nia n\u00e3o precisam do ETIAS<\/td>\n<\/tr>\n<\/tbody>\n<\/table>\n<h3>Espa\u00e7o Schengen: Principais fatos<\/h3>\n<table>\n<thead>\n<tr>\n<th>Fato<\/th>\n<th>Detalhes<\/th>\n<\/tr>\n<\/thead>\n<tbody>\n<tr>\n<td><strong>Fundada<\/strong><\/td>\n<td>1985 (Acordo de Schengen assinado por 5 pa\u00edses)<\/td>\n<\/tr>\n<tr>\n<td><strong>Membros atuais<\/strong><\/td>\n<td>27 pa\u00edses (a partir de 2023, com a ades\u00e3o da Cro\u00e1cia)<\/td>\n<\/tr>\n<tr>\n<td><strong>\u00c1rea total<\/strong><\/td>\n<td>Mais de 4,3 milh\u00f5es de km\u00b2<\/td>\n<\/tr>\n<tr>\n<td><strong>Popula\u00e7\u00e3o total<\/strong><\/td>\n<td>Aproximadamente 420 milh\u00f5es de pessoas<\/td>\n<\/tr>\n<tr>\n<td><strong>Controles de fronteiras internas<\/strong><\/td>\n<td>Abolido entre os estados membros<\/td>\n<\/tr>\n<tr>\n<td><strong>Travessias de fronteiras externas<\/strong><\/td>\n<td>Mais de 1.800 pontos de passagem designados<\/td>\n<\/tr>\n<tr>\n<td><strong>Visitantes anuais de pa\u00edses isentos de visto<\/strong><\/td>\n<td>Mais de 30 milh\u00f5es (estimativa da Comiss\u00e3o Europeia)<\/td>\n<\/tr>\n<\/tbody>\n<\/table>\n<h2>Guias de nacionalidade do ETIAS: Informa\u00e7\u00f5es espec\u00edficas do pa\u00eds<\/h2>\n<p>Selecione seu pa\u00eds abaixo para obter um guia detalhado sobre as etapas de solicita\u00e7\u00e3o do ETIAS, custos em sua moeda local, documentos necess\u00e1rios e destinos europeus populares para viajantes de sua na\u00e7\u00e3o.<\/p>\n<div style=\"background:#f0f7ff;border:1px solid #bee3f8;border-radius:8px;padding:20px;margin:20px 0;\">\n<h3 style=\"color:#2b6cb0;margin-top:0;\">\ud83c\uddea\ud83c\uddfa Am\u00e9ricas<\/h3>\n<ul style=\"column-count:2;column-gap:20px;list-style:none;padding:0;\">\n<li style=\"margin-bottom:8px;\">\ud83c\uddfa\ud83c\uddf8 <a href=\"\/pt\/etias-for-american-citizens\/\">ETIAS para cidad\u00e3os americanos<\/a><\/li>\n<li style=\"margin-bottom:8px;\">\ud83c\udde8\ud83c\udde6 <a href=\"\/pt\/etias-for-canadian-citizens\/\">ETIAS para cidad\u00e3os canadenses<\/a><\/li>\n<li style=\"margin-bottom:8px;\">\ud83c\udde7\ud83c\uddf7 <a href=\"\/pt\/etias-for-brazilian-citizens\/\">ETIAS para cidad\u00e3os brasileiros<\/a><\/li>\n<li style=\"margin-bottom:8px;\">\ud83c\uddf2\ud83c\uddfd <a href=\"\/pt\/etias-for-mexican-citizens\/\">ETIAS para cidad\u00e3os mexicanos<\/a><\/li>\n<li style=\"margin-bottom:8px;\">\ud83c\udde6\ud83c\uddf7 <a href=\"\/pt\/etias-for-argentinian-citizens\/\">ETIAS para cidad\u00e3os argentinos<\/a><\/li>\n<li style=\"margin-bottom:8px;\">\ud83c\udde8\ud83c\uddf4 <a href=\"\/pt\/etias-for-colombian-citizens\/\">ETIAS para cidad\u00e3os colombianos<\/a><\/li>\n<li style=\"margin-bottom:8px;\">\ud83c\udde8\ud83c\uddf1 <a href=\"\/pt\/etias-for-chilean-citizens\/\">ETIAS para cidad\u00e3os chilenos<\/a><\/li>\n<li style=\"margin-bottom:8px;\">\ud83c\uddf5\ud83c\uddea <a href=\"\/pt\/etias-for-peruvian-citizens\/\">ETIAS para cidad\u00e3os peruanos<\/a><\/li>\n<li style=\"margin-bottom:8px;\">\ud83c\uddfa\ud83c\uddfe <a href=\"\/pt\/etias-for-uruguayan-citizens\/\">ETIAS para cidad\u00e3os uruguaios<\/a><\/li>\n<li style=\"margin-bottom:8px;\">\ud83c\udde8\ud83c\uddf7 <a href=\"\/pt\/etias-for-costa-rican-citizens\/\">ETIAS para cidad\u00e3os costa-riquenhos<\/a><\/li>\n<\/ul>\n<\/div>\n<div style=\"background:#f0fff4;border:1px solid #c6f6d5;border-radius:8px;padding:20px;margin:20px 0;\">\n<h3 style=\"color:#276749;margin-top:0;\">\ud83c\udf0f \u00c1sia e Pac\u00edfico<\/h3>\n<ul style=\"column-count:2;column-gap:20px;list-style:none;padding:0;\">\n<li style=\"margin-bottom:8px;\">\ud83c\udde6\ud83c\uddfa <a href=\"\/pt\/etias-for-australian-citizens\/\">ETIAS para cidad\u00e3os australianos<\/a><\/li>\n<li style=\"margin-bottom:8px;\">\ud83c\uddef\ud83c\uddf5 <a href=\"\/pt\/etias-for-japanese-citizens\/\">ETIAS para cidad\u00e3os japoneses<\/a><\/li>\n<li style=\"margin-bottom:8px;\">\ud83c\uddf0\ud83c\uddf7 <a href=\"\/pt\/etias-for-south-korean-citizens\/\">ETIAS para cidad\u00e3os sul-coreanos<\/a><\/li>\n<li style=\"margin-bottom:8px;\">\ud83c\uddf3\ud83c\uddff <a href=\"\/pt\/etias-for-new-zealand-citizens\/\">ETIAS para cidad\u00e3os da Nova Zel\u00e2ndia<\/a><\/li>\n<li style=\"margin-bottom:8px;\">\ud83c\uddf8\ud83c\uddec <a href=\"\/pt\/etias-for-singaporean-citizens\/\">ETIAS para cidad\u00e3os de Cingapura<\/a><\/li>\n<li style=\"margin-bottom:8px;\">\ud83c\uddf2\ud83c\uddfe <a href=\"\/pt\/etias-for-malaysian-citizens\/\">ETIAS para cidad\u00e3os da Mal\u00e1sia<\/a><\/li>\n<li style=\"margin-bottom:8px;\">\ud83c\uddf9\ud83c\uddfc <a href=\"\/pt\/etias-for-taiwanese-citizens\/\">ETIAS para cidad\u00e3os taiwaneses<\/a><\/li>\n<li style=\"margin-bottom:8px;\">\ud83c\udded\ud83c\uddf0 <a href=\"\/pt\/etias-for-hong-kong-citizens\/\">ETIAS para cidad\u00e3os de Hong Kong<\/a><\/li>\n<li style=\"margin-bottom:8px;\">\ud83c\udde6\ud83c\uddea <a href=\"\/pt\/etias-for-emirati-citizens\/\">ETIAS para cidad\u00e3os dos Emirados \u00c1rabes Unidos\/Emirados \u00c1rabes Unidos<\/a><\/li>\n<li style=\"margin-bottom:8px;\">\ud83c\uddee\ud83c\uddf1 <a href=\"\/pt\/etias-for-israeli-citizens\/\">ETIAS para cidad\u00e3os israelenses<\/a><\/li>\n<\/ul>\n<\/div>\n<div style=\"background:#faf5ff;border:1px solid #e9d8fd;border-radius:8px;padding:20px;margin:20px 0;\">\n<h3 style=\"color:#553c9a;margin-top:0;\">\ud83c\uddea\ud83c\uddfa Europa e outros<\/h3>\n<ul style=\"column-count:2;column-gap:20px;list-style:none;padding:0;\">\n<li style=\"margin-bottom:8px;\">\ud83c\uddec\ud83c\udde7 <a href=\"\/pt\/etias-for-british-citizens\/\">ETIAS para cidad\u00e3os brit\u00e2nicos<\/a><\/li>\n<li style=\"margin-bottom:8px;\">\ud83c\uddfa\ud83c\udde6 <a href=\"\/pt\/etias-for-ukrainian-citizens\/\">ETIAS para cidad\u00e3os ucranianos<\/a><\/li>\n<li style=\"margin-bottom:8px;\">\ud83c\uddf7\ud83c\uddf8 <a href=\"\/pt\/etias-for-serbian-citizens\/\">ETIAS para cidad\u00e3os s\u00e9rvios<\/a><\/li>\n<li style=\"margin-bottom:8px;\">\ud83c\udde6\ud83c\uddf1 <a href=\"\/pt\/etias-for-albanian-citizens\/\">ETIAS para cidad\u00e3os albaneses<\/a><\/li>\n<li style=\"margin-bottom:8px;\">\ud83c\udde7\ud83c\udde6 <a href=\"\/pt\/etias-for-bosnian-citizens\/\">ETIAS para cidad\u00e3os b\u00f3snios<\/a><\/li>\n<li style=\"margin-bottom:8px;\">\ud83c\uddf2\ud83c\udde9 <a href=\"\/pt\/etias-for-moldovan-citizens\/\">ETIAS para cidad\u00e3os da Mold\u00e1via<\/a><\/li>\n<li style=\"margin-bottom:8px;\">\ud83c\uddf2\ud83c\uddf0 <a href=\"\/pt\/etias-for-north-macedonian-citizens\/\">ETIAS para cidad\u00e3os da Maced\u00f4nia do Norte<\/a><\/li>\n<li style=\"margin-bottom:8px;\">\ud83c\uddf2\ud83c\uddea <a href=\"\/pt\/etias-for-montenegrin-citizens\/\">ETIAS para cidad\u00e3os montenegrinos<\/a><\/li>\n<li style=\"margin-bottom:8px;\">\ud83c\uddec\ud83c\uddea <a href=\"\/pt\/etias-for-georgian-citizens\/\">ETIAS para cidad\u00e3os da Ge\u00f3rgia<\/a><\/li>\n<\/ul>\n<\/div>\n<p><em>Fontes: Comiss\u00e3o Europeia (ec.europa.eu), estat\u00edsticas de turismo do Eurostat, Bar\u00f4metro Mundial de Turismo da OMT, estat\u00edsticas de vistos Schengen (dados de 2024). \u00daltima atualiza\u00e7\u00e3o: Fevereiro de 2026.<\/em><\/p>","protected":false},"excerpt":{"rendered":"<p>Key Takeaway: ETIAS covers 30 European countries: 27 Schengen Area member states plus Bulgaria, Cyprus, and Romania. These countries span [&hellip;]<\/p>\n","protected":false},"author":2,"featured_media":0,"parent":0,"menu_order":0,"comment_status":"closed","ping_status":"closed","template":"","meta":{"site-sidebar-layout":"default","site-content-layout":"","ast-site-content-layout":"default","site-content-style":"default","site-sidebar-style":"default","ast-global-header-display":"","ast-banner-title-visibility":"","ast-main-header-display":"","ast-hfb-above-header-display":"","ast-hfb-below-header-display":"","ast-hfb-mobile-header-display":"","site-post-title":"","ast-breadcrumbs-content":"","ast-featured-img":"","footer-sml-layout":"","ast-disable-related-posts":"","theme-transparent-header-meta":"default","adv-header-id-meta":"","stick-header-meta":"","header-above-stick-meta":"","header-main-stick-meta":"","header-below-stick-meta":"","astra-migrate-meta-layouts":"set","ast-page-background-enabled":"default","ast-page-background-meta":{"desktop":{"background-color":"var(--ast-global-color-5)","background-image":"","background-repeat":"repeat","background-position":"center center","background-size":"auto","background-attachment":"scroll","background-type":"","background-media":"","overlay-type":"","overlay-color":"","overlay-opacity":"","overlay-gradient":""},"tablet":{"background-color":"","background-image":"","background-repeat":"repeat","background-position":"center center","background-size":"auto","background-attachment":"scroll","background-type":"","background-media":"","overlay-type":"","overlay-color":"","overlay-opacity":"","overlay-gradient":""},"mobile":{"background-color":"","background-image":"","background-repeat":"repeat","background-position":"center center","background-size":"auto","background-attachment":"scroll","background-type":"","background-media":"","overlay-type":"","overlay-color":"","overlay-opacity":"","overlay-gradient":""}},"ast-content-background-meta":{"desktop":{"background-color":"var(--ast-global-color-4)","background-image":"","background-repeat":"repeat","background-position":"center center","background-size":"auto","background-attachment":"scroll","background-type":"","background-media":"","overlay-type":"","overlay-color":"","overlay-opacity":"","overlay-gradient":""},"tablet":{"background-color":"var(--ast-global-color-4)","background-image":"","background-repeat":"repeat","background-position":"center center","background-size":"auto","background-attachment":"scroll","background-type":"","background-media":"","overlay-type":"","overlay-color":"","overlay-opacity":"","overlay-gradient":""},"mobile":{"background-color":"var(--ast-global-color-4)","background-image":"","background-repeat":"repeat","background-position":"center center","background-size":"auto","background-attachment":"scroll","background-type":"","background-media":"","overlay-type":"","overlay-color":"","overlay-opacity":"","overlay-gradient":""}},"footnotes":""},"class_list":["post-28","page","type-page","status-publish","hentry"],"yoast_head":"<!-- This site is optimized with the Yoast SEO plugin v27.0 - https:\/\/yoast.com\/product\/yoast-seo-wordpress\/ -->\n<title>ETIAS Countries - ETIAS - Travel to Europe<\/title>\n<meta name=\"robots\" content=\"index, follow, max-snippet:-1, max-image-preview:large, max-video-preview:-1\" \/>\n<link rel=\"canonical\" href=\"https:\/\/europe-visa.eu\/pt\/etias-countries\/\" \/>\n<meta property=\"og:locale\" content=\"pt_BR\" \/>\n<meta property=\"og:type\" content=\"article\" \/>\n<meta property=\"og:title\" content=\"ETIAS Countries - ETIAS - Travel to Europe\" \/>\n<meta property=\"og:description\" content=\"Key Takeaway: ETIAS covers 30 European countries: 27 Schengen Area member states plus Bulgaria, Cyprus, and Romania. These countries span [&hellip;]\" \/>\n<meta property=\"og:url\" content=\"https:\/\/europe-visa.eu\/pt\/etias-countries\/\" \/>\n<meta property=\"og:site_name\" content=\"ETIAS - Travel to Europe\" \/>\n<meta property=\"article:modified_time\" content=\"2026-03-02T01:13:19+00:00\" \/>\n<meta name=\"twitter:card\" content=\"summary_large_image\" \/>\n<meta name=\"twitter:label1\" content=\"Est. tempo de leitura\" \/>\n\t<meta name=\"twitter:data1\" content=\"3 minutos\" \/>\n<script type=\"application\/ld+json\" class=\"yoast-schema-graph\">{\"@context\":\"https:\/\/schema.org\",\"@graph\":[{\"@type\":\"WebPage\",\"@id\":\"https:\/\/europe-visa.eu\/etias-countries\/\",\"url\":\"https:\/\/europe-visa.eu\/etias-countries\/\",\"name\":\"ETIAS Countries - ETIAS - Travel to Europe\",\"isPartOf\":{\"@id\":\"https:\/\/europe-visa.eu\/#website\"},\"datePublished\":\"2026-02-28T18:46:31+00:00\",\"dateModified\":\"2026-03-02T01:13:19+00:00\",\"breadcrumb\":{\"@id\":\"https:\/\/europe-visa.eu\/etias-countries\/#breadcrumb\"},\"inLanguage\":\"pt-BR\",\"potentialAction\":[{\"@type\":\"ReadAction\",\"target\":[\"https:\/\/europe-visa.eu\/etias-countries\/\"]}]},{\"@type\":\"BreadcrumbList\",\"@id\":\"https:\/\/europe-visa.eu\/etias-countries\/#breadcrumb\",\"itemListElement\":[{\"@type\":\"ListItem\",\"position\":1,\"name\":\"Home\",\"item\":\"https:\/\/europe-visa.eu\/\"},{\"@type\":\"ListItem\",\"position\":2,\"name\":\"ETIAS Countries\"}]},{\"@type\":\"WebSite\",\"@id\":\"https:\/\/europe-visa.eu\/#website\",\"url\":\"https:\/\/europe-visa.eu\/\",\"name\":\"ETIAS - Travel to Europe\",\"description\":\"\",\"publisher\":{\"@id\":\"https:\/\/europe-visa.eu\/#organization\"},\"potentialAction\":[{\"@type\":\"SearchAction\",\"target\":{\"@type\":\"EntryPoint\",\"urlTemplate\":\"https:\/\/europe-visa.eu\/?s={search_term_string}\"},\"query-input\":{\"@type\":\"PropertyValueSpecification\",\"valueRequired\":true,\"valueName\":\"search_term_string\"}}],\"inLanguage\":\"pt-BR\"},{\"@type\":\"Organization\",\"@id\":\"https:\/\/europe-visa.eu\/#organization\",\"name\":\"Europe-Visa.eu\",\"url\":\"https:\/\/europe-visa.eu\/\",\"logo\":{\"@type\":\"ImageObject\",\"inLanguage\":\"pt-BR\",\"@id\":\"https:\/\/europe-visa.eu\/#\/schema\/logo\/image\/\",\"url\":\"https:\/\/europe-visa.eu\/wp-content\/uploads\/2026\/02\/etias-favicon.png\",\"contentUrl\":\"https:\/\/europe-visa.eu\/wp-content\/uploads\/2026\/02\/etias-favicon.png\",\"width\":512,\"height\":512,\"caption\":\"Europe-Visa.eu\"},\"image\":{\"@id\":\"https:\/\/europe-visa.eu\/#\/schema\/logo\/image\/\"}}]}<\/script>\n<!-- \/ Yoast SEO plugin. -->","yoast_head_json":{"title":"Pa\u00edses ETIAS - ETIAS - Viajar para a Europa","robots":{"index":"index","follow":"follow","max-snippet":"max-snippet:-1","max-image-preview":"max-image-preview:large","max-video-preview":"max-video-preview:-1"},"canonical":"https:\/\/europe-visa.eu\/pt\/etias-countries\/","og_locale":"pt_BR","og_type":"article","og_title":"ETIAS Countries - ETIAS - Travel to Europe","og_description":"Key Takeaway: ETIAS covers 30 European countries: 27 Schengen Area member states plus Bulgaria, Cyprus, and Romania. These countries span [&hellip;]","og_url":"https:\/\/europe-visa.eu\/pt\/etias-countries\/","og_site_name":"ETIAS - Travel to Europe","article_modified_time":"2026-03-02T01:13:19+00:00","twitter_card":"summary_large_image","twitter_misc":{"Est. tempo de leitura":"3 minutos"},"schema":{"@context":"https:\/\/schema.org","@graph":[{"@type":"WebPage","@id":"https:\/\/europe-visa.eu\/etias-countries\/","url":"https:\/\/europe-visa.eu\/etias-countries\/","name":"Pa\u00edses ETIAS - ETIAS - Viajar para a Europa","isPartOf":{"@id":"https:\/\/europe-visa.eu\/#website"},"datePublished":"2026-02-28T18:46:31+00:00","dateModified":"2026-03-02T01:13:19+00:00","breadcrumb":{"@id":"https:\/\/europe-visa.eu\/etias-countries\/#breadcrumb"},"inLanguage":"pt-BR","potentialAction":[{"@type":"ReadAction","target":["https:\/\/europe-visa.eu\/etias-countries\/"]}]},{"@type":"BreadcrumbList","@id":"https:\/\/europe-visa.eu\/etias-countries\/#breadcrumb","itemListElement":[{"@type":"ListItem","position":1,"name":"Home","item":"https:\/\/europe-visa.eu\/"},{"@type":"ListItem","position":2,"name":"ETIAS Countries"}]},{"@type":"WebSite","@id":"https:\/\/europe-visa.eu\/#website","url":"https:\/\/europe-visa.eu\/","name":"ETIAS - Viagem para a Europa","description":"","publisher":{"@id":"https:\/\/europe-visa.eu\/#organization"},"potentialAction":[{"@type":"SearchAction","target":{"@type":"EntryPoint","urlTemplate":"https:\/\/europe-visa.eu\/?s={search_term_string}"},"query-input":{"@type":"PropertyValueSpecification","valueRequired":true,"valueName":"search_term_string"}}],"inLanguage":"pt-BR"},{"@type":"Organization","@id":"https:\/\/europe-visa.eu\/#organization","name":"Europa-Visa.eu","url":"https:\/\/europe-visa.eu\/","logo":{"@type":"ImageObject","inLanguage":"pt-BR","@id":"https:\/\/europe-visa.eu\/#\/schema\/logo\/image\/","url":"https:\/\/europe-visa.eu\/wp-content\/uploads\/2026\/02\/etias-favicon.png","contentUrl":"https:\/\/europe-visa.eu\/wp-content\/uploads\/2026\/02\/etias-favicon.png","width":512,"height":512,"caption":"Europe-Visa.eu"},"image":{"@id":"https:\/\/europe-visa.eu\/#\/schema\/logo\/image\/"}}]}},"_links":{"self":[{"href":"https:\/\/europe-visa.eu\/pt\/wp-json\/wp\/v2\/pages\/28","targetHints":{"allow":["GET"]}}],"collection":[{"href":"https:\/\/europe-visa.eu\/pt\/wp-json\/wp\/v2\/pages"}],"about":[{"href":"https:\/\/europe-visa.eu\/pt\/wp-json\/wp\/v2\/types\/page"}],"author":[{"embeddable":true,"href":"https:\/\/europe-visa.eu\/pt\/wp-json\/wp\/v2\/users\/2"}],"replies":[{"embeddable":true,"href":"https:\/\/europe-visa.eu\/pt\/wp-json\/wp\/v2\/comments?post=28"}],"version-history":[{"count":6,"href":"https:\/\/europe-visa.eu\/pt\/wp-json\/wp\/v2\/pages\/28\/revisions"}],"predecessor-version":[{"id":1059,"href":"https:\/\/europe-visa.eu\/pt\/wp-json\/wp\/v2\/pages\/28\/revisions\/1059"}],"wp:attachment":[{"href":"https:\/\/europe-visa.eu\/pt\/wp-json\/wp\/v2\/media?parent=28"}],"curies":[{"name":"wp","href":"https:\/\/api.w.org\/{rel}","templated":true}]}}