{"id":29,"date":"2026-02-28T18:46:32","date_gmt":"2026-02-28T18:46:32","guid":{"rendered":"https:\/\/europe-visa.eu\/?page_id=29"},"modified":"2026-02-28T20:16:39","modified_gmt":"2026-02-28T20:16:39","slug":"noticias-da-etias","status":"publish","type":"page","link":"https:\/\/europe-visa.eu\/pt\/etias-news\/","title":{"rendered":"Not\u00edcias do ETIAS"},"content":{"rendered":"<h2>Not\u00edcias e atualiza\u00e7\u00f5es do ETIAS<\/h2>\n<p>Mantenha-se informado com as \u00faltimas not\u00edcias sobre o ETIAS, regulamentos de viagem europeus e mudan\u00e7as na pol\u00edtica de vistos. Nossa equipe editorial monitora fontes oficiais da UE para lhe trazer atualiza\u00e7\u00f5es precisas e oportunas sobre o Sistema Europeu de Informa\u00e7\u00e3o e Autoriza\u00e7\u00e3o de Viagem.<\/p>\n<h3>Desenvolvimentos mais recentes do ETIAS<\/h3>\n<p>O lan\u00e7amento do sistema ETIAS est\u00e1 previsto para <strong>Q4 2026<\/strong>. \u00c0 medida que a data de lan\u00e7amento se aproxima, esta p\u00e1gina ser\u00e1 atualizada regularmente:<\/p>\n<ul>\n<li>An\u00fancios oficiais da Comiss\u00e3o Europeia<\/li>\n<li>Confirma\u00e7\u00f5es de datas de lan\u00e7amento e atualiza\u00e7\u00f5es de cronograma<\/li>\n<li>Altera\u00e7\u00f5es na lista de pa\u00edses eleg\u00edveis para o ETIAS<\/li>\n<li>Atualiza\u00e7\u00f5es t\u00e9cnicas sobre o processo de candidatura<\/li>\n<li>Avisos de viagem e mudan\u00e7as nas pol\u00edticas de fronteira<\/li>\n<\/ul>\n<h3>Assine para receber atualiza\u00e7\u00f5es<\/h3>\n<p>Adicione esta p\u00e1gina aos seus favoritos ou volte regularmente para ver as \u00faltimas not\u00edcias do ETIAS. Publicamos novos artigos assim que ocorrem desenvolvimentos importantes.<\/p>\n<h3>Categorias<\/h3>\n<ul>\n<li><strong>Guia ETIAS<\/strong> - Guias detalhados sobre o sistema ETIAS<\/li>\n<li><strong>Dicas de viagem<\/strong> - Conselhos pr\u00e1ticos para viajar para a Europa<\/li>\n<li><strong>Not\u00edcias e atualiza\u00e7\u00f5es<\/strong> - An\u00fancios oficiais e altera\u00e7\u00f5es de pol\u00edticas<\/li>\n<\/ul>","protected":false},"excerpt":{"rendered":"<p>ETIAS News &#038; Updates Stay informed with the latest news about ETIAS, European travel regulations, and visa policy changes. Our [&hellip;]<\/p>\n","protected":false},"author":2,"featured_media":0,"parent":0,"menu_order":0,"comment_status":"closed","ping_status":"closed","template":"","meta":{"site-sidebar-layout":"default","site-content-layout":"","ast-site-content-layout":"default","site-content-style":"default","site-sidebar-style":"default","ast-global-header-display":"","ast-banner-title-visibility":"","ast-main-header-display":"","ast-hfb-above-header-display":"","ast-hfb-below-header-display":"","ast-hfb-mobile-header-display":"","site-post-title":"","ast-breadcrumbs-content":"","ast-featured-img":"","footer-sml-layout":"","ast-disable-related-posts":"","theme-transparent-header-meta":"","adv-header-id-meta":"","stick-header-meta":"","header-above-stick-meta":"","header-main-stick-meta":"","header-below-stick-meta":"","astra-migrate-meta-layouts":"default","ast-page-background-enabled":"default","ast-page-background-meta":{"desktop":{"background-color":"var(--ast-global-color-5)","background-image":"","background-repeat":"repeat","background-position":"center center","background-size":"auto","background-attachment":"scroll","background-type":"","background-media":"","overlay-type":"","overlay-color":"","overlay-opacity":"","overlay-gradient":""},"tablet":{"background-color":"","background-image":"","background-repeat":"repeat","background-position":"center center","background-size":"auto","background-attachment":"scroll","background-type":"","background-media":"","overlay-type":"","overlay-color":"","overlay-opacity":"","overlay-gradient":""},"mobile":{"background-color":"","background-image":"","background-repeat":"repeat","background-position":"center center","background-size":"auto","background-attachment":"scroll","background-type":"","background-media":"","overlay-type":"","overlay-color":"","overlay-opacity":"","overlay-gradient":""}},"ast-content-background-meta":{"desktop":{"background-color":"var(--ast-global-color-4)","background-image":"","background-repeat":"repeat","background-position":"center center","background-size":"auto","background-attachment":"scroll","background-type":"","background-media":"","overlay-type":"","overlay-color":"","overlay-opacity":"","overlay-gradient":""},"tablet":{"background-color":"var(--ast-global-color-4)","background-image":"","background-repeat":"repeat","background-position":"center center","background-size":"auto","background-attachment":"scroll","background-type":"","background-media":"","overlay-type":"","overlay-color":"","overlay-opacity":"","overlay-gradient":""},"mobile":{"background-color":"var(--ast-global-color-4)","background-image":"","background-repeat":"repeat","background-position":"center center","background-size":"auto","background-attachment":"scroll","background-type":"","background-media":"","overlay-type":"","overlay-color":"","overlay-opacity":"","overlay-gradient":""}},"footnotes":""},"class_list":["post-29","page","type-page","status-publish","hentry"],"yoast_head":"<!-- This site is optimized with the Yoast SEO plugin v27.0 - https:\/\/yoast.com\/product\/yoast-seo-wordpress\/ -->\n<title>ETIAS News - ETIAS - Travel to Europe<\/title>\n<meta name=\"robots\" content=\"index, follow, max-snippet:-1, max-image-preview:large, max-video-preview:-1\" \/>\n<link rel=\"canonical\" href=\"https:\/\/europe-visa.eu\/pt\/etias-news\/\" \/>\n<meta property=\"og:locale\" content=\"pt_BR\" \/>\n<meta property=\"og:type\" content=\"article\" \/>\n<meta property=\"og:title\" content=\"ETIAS News - ETIAS - Travel to Europe\" \/>\n<meta property=\"og:description\" content=\"ETIAS News &#038; Updates Stay informed with the latest news about ETIAS, European travel regulations, and visa policy changes. Our [&hellip;]\" \/>\n<meta property=\"og:url\" content=\"https:\/\/europe-visa.eu\/pt\/etias-news\/\" \/>\n<meta property=\"og:site_name\" content=\"ETIAS - Travel to Europe\" \/>\n<meta property=\"article:modified_time\" content=\"2026-02-28T20:16:39+00:00\" \/>\n<meta name=\"twitter:card\" content=\"summary_large_image\" \/>\n<meta name=\"twitter:label1\" content=\"Est. tempo de leitura\" \/>\n\t<meta name=\"twitter:data1\" content=\"1 minuto\" \/>\n<script type=\"application\/ld+json\" class=\"yoast-schema-graph\">{\"@context\":\"https:\/\/schema.org\",\"@graph\":[{\"@type\":\"WebPage\",\"@id\":\"https:\/\/europe-visa.eu\/etias-news\/\",\"url\":\"https:\/\/europe-visa.eu\/etias-news\/\",\"name\":\"ETIAS News - ETIAS - Travel to Europe\",\"isPartOf\":{\"@id\":\"https:\/\/europe-visa.eu\/#website\"},\"datePublished\":\"2026-02-28T18:46:32+00:00\",\"dateModified\":\"2026-02-28T20:16:39+00:00\",\"breadcrumb\":{\"@id\":\"https:\/\/europe-visa.eu\/etias-news\/#breadcrumb\"},\"inLanguage\":\"pt-BR\",\"potentialAction\":[{\"@type\":\"ReadAction\",\"target\":[\"https:\/\/europe-visa.eu\/etias-news\/\"]}]},{\"@type\":\"BreadcrumbList\",\"@id\":\"https:\/\/europe-visa.eu\/etias-news\/#breadcrumb\",\"itemListElement\":[{\"@type\":\"ListItem\",\"position\":1,\"name\":\"Home\",\"item\":\"https:\/\/europe-visa.eu\/\"},{\"@type\":\"ListItem\",\"position\":2,\"name\":\"ETIAS News\"}]},{\"@type\":\"WebSite\",\"@id\":\"https:\/\/europe-visa.eu\/#website\",\"url\":\"https:\/\/europe-visa.eu\/\",\"name\":\"ETIAS - Travel to Europe\",\"description\":\"\",\"publisher\":{\"@id\":\"https:\/\/europe-visa.eu\/#organization\"},\"potentialAction\":[{\"@type\":\"SearchAction\",\"target\":{\"@type\":\"EntryPoint\",\"urlTemplate\":\"https:\/\/europe-visa.eu\/?s={search_term_string}\"},\"query-input\":{\"@type\":\"PropertyValueSpecification\",\"valueRequired\":true,\"valueName\":\"search_term_string\"}}],\"inLanguage\":\"pt-BR\"},{\"@type\":\"Organization\",\"@id\":\"https:\/\/europe-visa.eu\/#organization\",\"name\":\"Europe-Visa.eu\",\"url\":\"https:\/\/europe-visa.eu\/\",\"logo\":{\"@type\":\"ImageObject\",\"inLanguage\":\"pt-BR\",\"@id\":\"https:\/\/europe-visa.eu\/#\/schema\/logo\/image\/\",\"url\":\"https:\/\/europe-visa.eu\/wp-content\/uploads\/2026\/02\/etias-favicon.png\",\"contentUrl\":\"https:\/\/europe-visa.eu\/wp-content\/uploads\/2026\/02\/etias-favicon.png\",\"width\":512,\"height\":512,\"caption\":\"Europe-Visa.eu\"},\"image\":{\"@id\":\"https:\/\/europe-visa.eu\/#\/schema\/logo\/image\/\"}}]}<\/script>\n<!-- \/ Yoast SEO plugin. -->","yoast_head_json":{"title":"Not\u00edcias do ETIAS - ETIAS - Viajar para a Europa","robots":{"index":"index","follow":"follow","max-snippet":"max-snippet:-1","max-image-preview":"max-image-preview:large","max-video-preview":"max-video-preview:-1"},"canonical":"https:\/\/europe-visa.eu\/pt\/etias-news\/","og_locale":"pt_BR","og_type":"article","og_title":"ETIAS News - ETIAS - Travel to Europe","og_description":"ETIAS News &#038; Updates Stay informed with the latest news about ETIAS, European travel regulations, and visa policy changes. Our [&hellip;]","og_url":"https:\/\/europe-visa.eu\/pt\/etias-news\/","og_site_name":"ETIAS - Travel to Europe","article_modified_time":"2026-02-28T20:16:39+00:00","twitter_card":"summary_large_image","twitter_misc":{"Est. tempo de leitura":"1 minuto"},"schema":{"@context":"https:\/\/schema.org","@graph":[{"@type":"WebPage","@id":"https:\/\/europe-visa.eu\/etias-news\/","url":"https:\/\/europe-visa.eu\/etias-news\/","name":"Not\u00edcias do ETIAS - ETIAS - Viajar para a Europa","isPartOf":{"@id":"https:\/\/europe-visa.eu\/#website"},"datePublished":"2026-02-28T18:46:32+00:00","dateModified":"2026-02-28T20:16:39+00:00","breadcrumb":{"@id":"https:\/\/europe-visa.eu\/etias-news\/#breadcrumb"},"inLanguage":"pt-BR","potentialAction":[{"@type":"ReadAction","target":["https:\/\/europe-visa.eu\/etias-news\/"]}]},{"@type":"BreadcrumbList","@id":"https:\/\/europe-visa.eu\/etias-news\/#breadcrumb","itemListElement":[{"@type":"ListItem","position":1,"name":"Home","item":"https:\/\/europe-visa.eu\/"},{"@type":"ListItem","position":2,"name":"ETIAS News"}]},{"@type":"WebSite","@id":"https:\/\/europe-visa.eu\/#website","url":"https:\/\/europe-visa.eu\/","name":"ETIAS - Viagem para a Europa","description":"","publisher":{"@id":"https:\/\/europe-visa.eu\/#organization"},"potentialAction":[{"@type":"SearchAction","target":{"@type":"EntryPoint","urlTemplate":"https:\/\/europe-visa.eu\/?s={search_term_string}"},"query-input":{"@type":"PropertyValueSpecification","valueRequired":true,"valueName":"search_term_string"}}],"inLanguage":"pt-BR"},{"@type":"Organization","@id":"https:\/\/europe-visa.eu\/#organization","name":"Europa-Visa.eu","url":"https:\/\/europe-visa.eu\/","logo":{"@type":"ImageObject","inLanguage":"pt-BR","@id":"https:\/\/europe-visa.eu\/#\/schema\/logo\/image\/","url":"https:\/\/europe-visa.eu\/wp-content\/uploads\/2026\/02\/etias-favicon.png","contentUrl":"https:\/\/europe-visa.eu\/wp-content\/uploads\/2026\/02\/etias-favicon.png","width":512,"height":512,"caption":"Europe-Visa.eu"},"image":{"@id":"https:\/\/europe-visa.eu\/#\/schema\/logo\/image\/"}}]}},"_links":{"self":[{"href":"https:\/\/europe-visa.eu\/pt\/wp-json\/wp\/v2\/pages\/29","targetHints":{"allow":["GET"]}}],"collection":[{"href":"https:\/\/europe-visa.eu\/pt\/wp-json\/wp\/v2\/pages"}],"about":[{"href":"https:\/\/europe-visa.eu\/pt\/wp-json\/wp\/v2\/types\/page"}],"author":[{"embeddable":true,"href":"https:\/\/europe-visa.eu\/pt\/wp-json\/wp\/v2\/users\/2"}],"replies":[{"embeddable":true,"href":"https:\/\/europe-visa.eu\/pt\/wp-json\/wp\/v2\/comments?post=29"}],"version-history":[{"count":2,"href":"https:\/\/europe-visa.eu\/pt\/wp-json\/wp\/v2\/pages\/29\/revisions"}],"predecessor-version":[{"id":104,"href":"https:\/\/europe-visa.eu\/pt\/wp-json\/wp\/v2\/pages\/29\/revisions\/104"}],"wp:attachment":[{"href":"https:\/\/europe-visa.eu\/pt\/wp-json\/wp\/v2\/media?parent=29"}],"curies":[{"name":"wp","href":"https:\/\/api.w.org\/{rel}","templated":true}]}}