{"id":23,"date":"2026-02-28T18:46:23","date_gmt":"2026-02-28T18:46:23","guid":{"rendered":"https:\/\/europe-visa.eu\/?page_id=23"},"modified":"2026-02-28T20:16:36","modified_gmt":"2026-02-28T20:16:36","slug":"what-is-etias","status":"publish","type":"page","link":"https:\/\/europe-visa.eu\/ro\/what-is-etias\/","title":{"rendered":"Ce este ETIAS?"},"content":{"rendered":"<div style=\"background:#e8f4f8;border-left:4px solid #0073aa;padding:20px;margin-bottom:30px;\">\n<strong>Principala concluzie:<\/strong> ETIAS (Sistemul european de informa\u021bii \u0219i autorizare privind c\u0103l\u0103toriile) este o autoriza\u021bie de c\u0103l\u0103torie digital\u0103 obligatorie, care va fi lansat\u0103 \u00een T4 2026 pentru cet\u0103\u021benii din 62 de \u021b\u0103ri f\u0103r\u0103 viz\u0103 care viziteaz\u0103 Spa\u021biul Schengen din Europa. Aceasta cost\u0103 20 EUR, este valabil\u0103 timp de 3 ani \u0219i se ob\u021bine online \u00een c\u00e2teva minute.\n<\/div>\n<h2>Ce este ETIAS?<\/h2>\n<p><strong>ETIAS (Sistemul european de informa\u021bii \u0219i autorizare privind c\u0103l\u0103toriile)<\/strong> este un sistem digital de control \u00eenainte de c\u0103l\u0103torie creat de Uniunea European\u0103 pentru a spori securitatea frontierelor \u00een Spa\u021biul Schengen. \u00cencep\u00e2nd cu <strong>Q4 2026<\/strong>, cet\u0103\u021benii din 62 de \u021b\u0103ri scutite de viz\u0103 - inclusiv Statele Unite, Regatul Unit, Canada, Australia \u0219i Japonia - trebuie s\u0103 ob\u021bin\u0103 un ETIAS aprobat \u00eenainte de a intra \u00een oricare dintre cele 30 de \u021b\u0103ri europene acoperite de sistem.<\/p>\n<p>ETIAS a fost \u00eenfiin\u021bat \u00een temeiul <strong>Regulamentul UE 2018\/1240<\/strong> a Parlamentului European \u0219i a Consiliului. Sistemul este dezvoltat \u0219i gestionat de <strong>eu-LISA<\/strong> (Agen\u021bia Uniunii Europene pentru gestionarea opera\u021bional\u0103 a sistemelor informatice la scar\u0103 larg\u0103 \u00een spa\u021biul de libertate, securitate \u0219i justi\u021bie), aceea\u0219i agen\u021bie care gestioneaz\u0103 Sistemul de Informa\u021bii Schengen (SIS) \u0219i Sistemul de Informa\u021bii privind Vizele (VIS).<\/p>\n<h3>ETIAS nu este o viz\u0103<\/h3>\n<p>ETIAS este <strong>nu o viz\u0103<\/strong>. Este o autoriza\u021bie electronic\u0103 de c\u0103l\u0103torie, similar\u0103 cu cea din Statele Unite\u2019 <strong>ESTA (Sistemul electronic de autorizare a c\u0103l\u0103toriilor)<\/strong> sau a Regatului Unit <strong>ETA (Autoriza\u021bie electronic\u0103 de c\u0103l\u0103torie)<\/strong>. Spre deosebire de o viz\u0103 Schengen, ETIAS nu necesit\u0103 o vizit\u0103 la ambasad\u0103, interviuri \u00een persoan\u0103 sau documente justificative detaliate. \u00centreaga cerere se completeaz\u0103 online \u00een aproximativ 10 minute.<\/p>\n<h3>De ce a fost creat ETIAS?<\/h3>\n<p>Comisia European\u0103 a propus ETIAS \u00een noiembrie 2016 pentru a aborda lacunele de securitate din cadrul c\u0103l\u0103toriilor f\u0103r\u0103 viz\u0103. Conform documenta\u021biei oficiale a Comisiei Europene, ETIAS a fost conceput pentru:<\/p>\n<ul>\n<li><strong>Consolidarea securit\u0103\u021bii frontierelor<\/strong> prin verificarea prealabil\u0103 a c\u0103l\u0103torilor \u00eenainte de sosire, prin confruntarea cu bazele de date Europol, Interpol, SIS \u0219i VIS<\/li>\n<li><strong>Prevenirea imigra\u021biei ilegale<\/strong> prin evaluarea automat\u0103 avansat\u0103 a riscurilor<\/li>\n<li><strong>Combaterea terorismului \u0219i a infrac\u021biunilor grave<\/strong> prin identificarea amenin\u021b\u0103rilor la adresa securit\u0103\u021bii \u00eenainte ca acestea s\u0103 ajung\u0103 la frontierele UE<\/li>\n<li><strong>Simplificarea trecerii frontierelor<\/strong> permi\u021b\u00e2nd o prelucrare mai rapid\u0103 la punctele de intrare<\/li>\n<li><strong>Abordarea riscurilor pentru s\u0103n\u0103tatea public\u0103<\/strong> prin includerea unor \u00eentreb\u0103ri de screening legate de s\u0103n\u0103tate<\/li>\n<\/ul>\n<h3>Cum func\u021bioneaz\u0103 ETIAS?<\/h3>\n<p>ETIAS utilizeaz\u0103 un <strong>proces de screening automat<\/strong> care compar\u0103 datele solicitan\u021bilor cu mai multe baze de date de securitate europene \u0219i interna\u021bionale. Potrivit eu-LISA, acestea includ:<\/p>\n<ol>\n<li><strong>Sistemul de Informa\u021bii Schengen (SIS)<\/strong> - Cea mai utilizat\u0103 baz\u0103 de date de securitate din Europa<\/li>\n<li><strong>Sistemul de Informa\u021bii privind Vizele (VIS)<\/strong> - \u00cenregistr\u0103ri ale cererilor anterioare de viz\u0103<\/li>\n<li><strong>Date Europol<\/strong> - Informa\u021bii privind aplicarea legii<\/li>\n<li><strong>Baze de date Interpol<\/strong> - Inclusiv documente de c\u0103l\u0103torie furate \u0219i pierdute<\/li>\n<li><strong>Eurodac<\/strong> - Baza de date cu amprente digitale pentru solicitan\u021bii de azil<\/li>\n<li><strong>ECRIS-TCN<\/strong> - Cazierul judiciar al resortisan\u021bilor \u021b\u0103rilor ter\u021be<\/li>\n<\/ol>\n<p>Aproximativ <strong>95% de aplica\u021bii<\/strong> se a\u0219teapt\u0103 s\u0103 fie aprobate automat \u00een c\u00e2teva minute, conform estim\u0103rilor Comisiei Europene. Restul de 5% pot necesita revizuirea manual\u0103 de c\u0103tre autorit\u0103\u021bile na\u021bionale, care poate dura p\u00e2n\u0103 la 4 s\u0103pt\u0103m\u00e2ni.<\/p>\n<h3>ETIAS la o privire de ansamblu<\/h3>\n<table>\n<thead>\n<tr>\n<th>Caracteristic\u0103<\/th>\n<th>Detalii<\/th>\n<\/tr>\n<\/thead>\n<tbody>\n<tr>\n<td><strong>Nume \u0219i prenume<\/strong><\/td>\n<td>Sistemul european de informa\u021bii \u0219i de autorizare privind c\u0103l\u0103toriile<\/td>\n<\/tr>\n<tr>\n<td><strong>Temei juridic<\/strong><\/td>\n<td>Regulamentul UE 2018\/1240<\/td>\n<\/tr>\n<tr>\n<td><strong>Agen\u021bia de gestionare<\/strong><\/td>\n<td>eu-LISA (Agen\u021bia Uniunii Europene)<\/td>\n<\/tr>\n<tr>\n<td><strong>Costuri<\/strong><\/td>\n<td>20 \u20ac (gratuit pentru persoanele sub 18 ani \u0219i peste 70 de ani)<\/td>\n<\/tr>\n<tr>\n<td><strong>Valabilitate<\/strong><\/td>\n<td>3 ani sau p\u00e2n\u0103 la expirarea pa\u0219aportului<\/td>\n<\/tr>\n<tr>\n<td><strong>\u0218edere maxim\u0103<\/strong><\/td>\n<td>90 de zile \u00een orice perioad\u0103 de 180 de zile<\/td>\n<\/tr>\n<tr>\n<td><strong>Timp de procesare<\/strong><\/td>\n<td>Minute (95% din cazuri) p\u00e2n\u0103 la maximum 4 s\u0103pt\u0103m\u00e2ni<\/td>\n<\/tr>\n<tr>\n<td><strong>Metoda de aplicare<\/strong><\/td>\n<td>100% online (site web sau aplica\u021bie mobil\u0103)<\/td>\n<\/tr>\n<tr>\n<td><strong>\u021a\u0103ri acoperite<\/strong><\/td>\n<td>30 de \u021b\u0103ri europene<\/td>\n<\/tr>\n<tr>\n<td><strong>Na\u021bionalit\u0103\u021bi eligibile<\/strong><\/td>\n<td>62 de \u021b\u0103ri scutite de viz\u0103<\/td>\n<\/tr>\n<tr>\n<td><strong>Data lans\u0103rii<\/strong><\/td>\n<td>Q4 2026<\/td>\n<\/tr>\n<\/tbody>\n<\/table>\n<h3>ETIAS vs. Viza Schengen: Principalele diferen\u021be<\/h3>\n<p>Vizele ETIAS \u0219i Schengen deservesc popula\u021bii \u0219i scopuri diferite. \u00cen\u021belegerea distinc\u021biei este important\u0103 pentru c\u0103l\u0103torii care planific\u0103 o c\u0103l\u0103torie \u00een Europa:<\/p>\n<table>\n<thead>\n<tr>\n<th>Caracteristic\u0103<\/th>\n<th>ETIAS<\/th>\n<th>Viza Schengen<\/th>\n<\/tr>\n<\/thead>\n<tbody>\n<tr>\n<td><strong>Pentru cine<\/strong><\/td>\n<td>62 de \u021b\u0103ri scutite de viz\u0103<\/td>\n<td>\u021a\u0103ri care necesit\u0103 viz\u0103<\/td>\n<\/tr>\n<tr>\n<td><strong>Aplica\u021bie<\/strong><\/td>\n<td>Numai online (10 minute)<\/td>\n<td>Vizit\u0103 la ambasad\u0103\/consulat necesar\u0103<\/td>\n<\/tr>\n<tr>\n<td><strong>Costuri<\/strong><\/td>\n<td>\u20ac20<\/td>\n<td>\u20ac80<\/td>\n<\/tr>\n<tr>\n<td><strong>Procesare<\/strong><\/td>\n<td>Minute p\u00e2n\u0103 la 4 s\u0103pt\u0103m\u00e2ni<\/td>\n<td>\u00centre 15 \u0219i 45 de zile calendaristice<\/td>\n<\/tr>\n<tr>\n<td><strong>Valabilitate<\/strong><\/td>\n<td>3 ani, intr\u0103ri multiple<\/td>\n<td>Variaz\u0103 (intrare unic\u0103\/multipl\u0103)<\/td>\n<\/tr>\n<tr>\n<td><strong>Documente necesare<\/strong><\/td>\n<td>Pa\u0219aport, e-mail, card de plat\u0103<\/td>\n<td>Fotografii, asigurare, itinerar, extrase de cont, scrisori de invita\u021bie<\/td>\n<\/tr>\n<tr>\n<td><strong>Interviu<\/strong><\/td>\n<td>Nu este necesar<\/td>\n<td>Poate fi necesar<\/td>\n<\/tr>\n<\/tbody>\n<\/table>\n<h3>ETIAS vs. ESTA vs. UK ETA<\/h3>\n<p>ETIAS se al\u0103tur\u0103 unei familii tot mai numeroase de sisteme electronice de autorizare a c\u0103l\u0103toriilor utilizate \u00een \u00eentreaga lume:<\/p>\n<table>\n<thead>\n<tr>\n<th>Caracteristic\u0103<\/th>\n<th>ETIAS (UE)<\/th>\n<th>ESTA (SUA)<\/th>\n<th>ETA (REGATUL UNIT)<\/th>\n<\/tr>\n<\/thead>\n<tbody>\n<tr>\n<td><strong>Regiunea<\/strong><\/td>\n<td>30 de \u021b\u0103ri europene<\/td>\n<td>Statele Unite ale Americii<\/td>\n<td>Regatul Unit<\/td>\n<\/tr>\n<tr>\n<td><strong>Costuri<\/strong><\/td>\n<td>\u20ac20<\/td>\n<td>$21 USD<\/td>\n<td>\u00a310<\/td>\n<\/tr>\n<tr>\n<td><strong>Valabilitate<\/strong><\/td>\n<td>3 ani<\/td>\n<td>2 ani<\/td>\n<td>2 ani<\/td>\n<\/tr>\n<tr>\n<td><strong>Sejur maxim pe vizit\u0103<\/strong><\/td>\n<td>90 de zile \/ 180 de zile<\/td>\n<td>90 de zile<\/td>\n<td>6 luni<\/td>\n<\/tr>\n<tr>\n<td><strong>Procesare<\/strong><\/td>\n<td>Minute p\u00e2n\u0103 la 4 s\u0103pt\u0103m\u00e2ni<\/td>\n<td>De obicei 72 de ore<\/td>\n<td>De obicei 3 zile lucr\u0103toare<\/td>\n<\/tr>\n<tr>\n<td><strong>Opera\u021bional de la<\/strong><\/td>\n<td>Q4 2026 (planificat)<\/td>\n<td>2009<\/td>\n<td>2025<\/td>\n<\/tr>\n<\/tbody>\n<\/table>\n<h3>C\u00e2nd \u00eencepe ETIAS?<\/h3>\n<p>ETIAS este programat s\u0103 fie lansat \u00een <strong>Q4 2026<\/strong>, conform celui mai recent calendar confirmat de Comisia European\u0103. Dup\u0103 lansare, UE planific\u0103 o <strong>Perioad\u0103 de tranzi\u021bie de 6 luni<\/strong> \u00een timpul c\u0103reia c\u0103l\u0103torii f\u0103r\u0103 ETIAS pot intra \u00een continuare \u00een Spa\u021biul Schengen. Dup\u0103 aceast\u0103 perioad\u0103 de gra\u021bie, ETIAS devine <strong>obligatorii<\/strong> pentru to\u021bi c\u0103l\u0103torii eligibili.<\/p>\n<p><em>Surse: Comisia European\u0103 (ec.europa.eu), Regulamentul UE 2018\/1240, eu-LISA (eulisa.europa.eu). Ultima actualizare: Februarie 2026.<\/em><\/p>","protected":false},"excerpt":{"rendered":"<p>Key Takeaway: ETIAS (European Travel Information and Authorisation System) is a mandatory digital travel authorisation launching in Q4 2026 for [&hellip;]<\/p>\n","protected":false},"author":2,"featured_media":0,"parent":0,"menu_order":0,"comment_status":"closed","ping_status":"closed","template":"","meta":{"site-sidebar-layout":"default","site-content-layout":"","ast-site-content-layout":"default","site-content-style":"default","site-sidebar-style":"default","ast-global-header-display":"","ast-banner-title-visibility":"","ast-main-header-display":"","ast-hfb-above-header-display":"","ast-hfb-below-header-display":"","ast-hfb-mobile-header-display":"","site-post-title":"","ast-breadcrumbs-content":"","ast-featured-img":"","footer-sml-layout":"","ast-disable-related-posts":"","theme-transparent-header-meta":"","adv-header-id-meta":"","stick-header-meta":"","header-above-stick-meta":"","header-main-stick-meta":"","header-below-stick-meta":"","astra-migrate-meta-layouts":"default","ast-page-background-enabled":"default","ast-page-background-meta":{"desktop":{"background-color":"var(--ast-global-color-5)","background-image":"","background-repeat":"repeat","background-position":"center center","background-size":"auto","background-attachment":"scroll","background-type":"","background-media":"","overlay-type":"","overlay-color":"","overlay-opacity":"","overlay-gradient":""},"tablet":{"background-color":"","background-image":"","background-repeat":"repeat","background-position":"center center","background-size":"auto","background-attachment":"scroll","background-type":"","background-media":"","overlay-type":"","overlay-color":"","overlay-opacity":"","overlay-gradient":""},"mobile":{"background-color":"","background-image":"","background-repeat":"repeat","background-position":"center center","background-size":"auto","background-attachment":"scroll","background-type":"","background-media":"","overlay-type":"","overlay-color":"","overlay-opacity":"","overlay-gradient":""}},"ast-content-background-meta":{"desktop":{"background-color":"var(--ast-global-color-4)","background-image":"","background-repeat":"repeat","background-position":"center center","background-size":"auto","background-attachment":"scroll","background-type":"","background-media":"","overlay-type":"","overlay-color":"","overlay-opacity":"","overlay-gradient":""},"tablet":{"background-color":"var(--ast-global-color-4)","background-image":"","background-repeat":"repeat","background-position":"center center","background-size":"auto","background-attachment":"scroll","background-type":"","background-media":"","overlay-type":"","overlay-color":"","overlay-opacity":"","overlay-gradient":""},"mobile":{"background-color":"var(--ast-global-color-4)","background-image":"","background-repeat":"repeat","background-position":"center center","background-size":"auto","background-attachment":"scroll","background-type":"","background-media":"","overlay-type":"","overlay-color":"","overlay-opacity":"","overlay-gradient":""}},"footnotes":""},"class_list":["post-23","page","type-page","status-publish","hentry"],"yoast_head":"<!-- This site is optimized with the Yoast SEO plugin v27.0 - https:\/\/yoast.com\/product\/yoast-seo-wordpress\/ -->\n<title>What is ETIAS? - ETIAS - Travel to Europe<\/title>\n<meta name=\"robots\" content=\"index, follow, max-snippet:-1, max-image-preview:large, max-video-preview:-1\" \/>\n<link rel=\"canonical\" href=\"https:\/\/europe-visa.eu\/ro\/what-is-etias\/\" \/>\n<meta property=\"og:locale\" content=\"ro_RO\" \/>\n<meta property=\"og:type\" content=\"article\" \/>\n<meta property=\"og:title\" content=\"What is ETIAS? - ETIAS - Travel to Europe\" \/>\n<meta property=\"og:description\" content=\"Key Takeaway: ETIAS (European Travel Information and Authorisation System) is a mandatory digital travel authorisation launching in Q4 2026 for [&hellip;]\" \/>\n<meta property=\"og:url\" content=\"https:\/\/europe-visa.eu\/ro\/what-is-etias\/\" \/>\n<meta property=\"og:site_name\" content=\"ETIAS - Travel to Europe\" \/>\n<meta property=\"article:modified_time\" content=\"2026-02-28T20:16:36+00:00\" \/>\n<meta name=\"twitter:card\" content=\"summary_large_image\" \/>\n<meta name=\"twitter:label1\" content=\"Timp estimat pentru citire\" \/>\n\t<meta name=\"twitter:data1\" content=\"3 minute\" \/>\n<script type=\"application\/ld+json\" class=\"yoast-schema-graph\">{\"@context\":\"https:\/\/schema.org\",\"@graph\":[{\"@type\":\"WebPage\",\"@id\":\"https:\/\/europe-visa.eu\/what-is-etias\/\",\"url\":\"https:\/\/europe-visa.eu\/what-is-etias\/\",\"name\":\"What is ETIAS? - ETIAS - Travel to Europe\",\"isPartOf\":{\"@id\":\"https:\/\/europe-visa.eu\/#website\"},\"datePublished\":\"2026-02-28T18:46:23+00:00\",\"dateModified\":\"2026-02-28T20:16:36+00:00\",\"breadcrumb\":{\"@id\":\"https:\/\/europe-visa.eu\/what-is-etias\/#breadcrumb\"},\"inLanguage\":\"ro-RO\",\"potentialAction\":[{\"@type\":\"ReadAction\",\"target\":[\"https:\/\/europe-visa.eu\/what-is-etias\/\"]}]},{\"@type\":\"BreadcrumbList\",\"@id\":\"https:\/\/europe-visa.eu\/what-is-etias\/#breadcrumb\",\"itemListElement\":[{\"@type\":\"ListItem\",\"position\":1,\"name\":\"Home\",\"item\":\"https:\/\/europe-visa.eu\/\"},{\"@type\":\"ListItem\",\"position\":2,\"name\":\"What is ETIAS?\"}]},{\"@type\":\"WebSite\",\"@id\":\"https:\/\/europe-visa.eu\/#website\",\"url\":\"https:\/\/europe-visa.eu\/\",\"name\":\"ETIAS - Travel to Europe\",\"description\":\"\",\"publisher\":{\"@id\":\"https:\/\/europe-visa.eu\/#organization\"},\"potentialAction\":[{\"@type\":\"SearchAction\",\"target\":{\"@type\":\"EntryPoint\",\"urlTemplate\":\"https:\/\/europe-visa.eu\/?s={search_term_string}\"},\"query-input\":{\"@type\":\"PropertyValueSpecification\",\"valueRequired\":true,\"valueName\":\"search_term_string\"}}],\"inLanguage\":\"ro-RO\"},{\"@type\":\"Organization\",\"@id\":\"https:\/\/europe-visa.eu\/#organization\",\"name\":\"Europe-Visa.eu\",\"url\":\"https:\/\/europe-visa.eu\/\",\"logo\":{\"@type\":\"ImageObject\",\"inLanguage\":\"ro-RO\",\"@id\":\"https:\/\/europe-visa.eu\/#\/schema\/logo\/image\/\",\"url\":\"https:\/\/europe-visa.eu\/wp-content\/uploads\/2026\/02\/etias-favicon.png\",\"contentUrl\":\"https:\/\/europe-visa.eu\/wp-content\/uploads\/2026\/02\/etias-favicon.png\",\"width\":512,\"height\":512,\"caption\":\"Europe-Visa.eu\"},\"image\":{\"@id\":\"https:\/\/europe-visa.eu\/#\/schema\/logo\/image\/\"}}]}<\/script>\n<!-- \/ Yoast SEO plugin. -->","yoast_head_json":{"title":"Ce este ETIAS? - ETIAS - C\u0103l\u0103tori\u021bi \u00een Europa","robots":{"index":"index","follow":"follow","max-snippet":"max-snippet:-1","max-image-preview":"max-image-preview:large","max-video-preview":"max-video-preview:-1"},"canonical":"https:\/\/europe-visa.eu\/ro\/what-is-etias\/","og_locale":"ro_RO","og_type":"article","og_title":"What is ETIAS? - ETIAS - Travel to Europe","og_description":"Key Takeaway: ETIAS (European Travel Information and Authorisation System) is a mandatory digital travel authorisation launching in Q4 2026 for [&hellip;]","og_url":"https:\/\/europe-visa.eu\/ro\/what-is-etias\/","og_site_name":"ETIAS - Travel to Europe","article_modified_time":"2026-02-28T20:16:36+00:00","twitter_card":"summary_large_image","twitter_misc":{"Timp estimat pentru citire":"3 minute"},"schema":{"@context":"https:\/\/schema.org","@graph":[{"@type":"WebPage","@id":"https:\/\/europe-visa.eu\/what-is-etias\/","url":"https:\/\/europe-visa.eu\/what-is-etias\/","name":"Ce este ETIAS? - ETIAS - C\u0103l\u0103tori\u021bi \u00een Europa","isPartOf":{"@id":"https:\/\/europe-visa.eu\/#website"},"datePublished":"2026-02-28T18:46:23+00:00","dateModified":"2026-02-28T20:16:36+00:00","breadcrumb":{"@id":"https:\/\/europe-visa.eu\/what-is-etias\/#breadcrumb"},"inLanguage":"ro-RO","potentialAction":[{"@type":"ReadAction","target":["https:\/\/europe-visa.eu\/what-is-etias\/"]}]},{"@type":"BreadcrumbList","@id":"https:\/\/europe-visa.eu\/what-is-etias\/#breadcrumb","itemListElement":[{"@type":"ListItem","position":1,"name":"Home","item":"https:\/\/europe-visa.eu\/"},{"@type":"ListItem","position":2,"name":"What is ETIAS?"}]},{"@type":"WebSite","@id":"https:\/\/europe-visa.eu\/#website","url":"https:\/\/europe-visa.eu\/","name":"ETIAS - C\u0103l\u0103torie \u00een Europa","description":"","publisher":{"@id":"https:\/\/europe-visa.eu\/#organization"},"potentialAction":[{"@type":"SearchAction","target":{"@type":"EntryPoint","urlTemplate":"https:\/\/europe-visa.eu\/?s={search_term_string}"},"query-input":{"@type":"PropertyValueSpecification","valueRequired":true,"valueName":"search_term_string"}}],"inLanguage":"ro-RO"},{"@type":"Organization","@id":"https:\/\/europe-visa.eu\/#organization","name":"Europa-Visa.eu","url":"https:\/\/europe-visa.eu\/","logo":{"@type":"ImageObject","inLanguage":"ro-RO","@id":"https:\/\/europe-visa.eu\/#\/schema\/logo\/image\/","url":"https:\/\/europe-visa.eu\/wp-content\/uploads\/2026\/02\/etias-favicon.png","contentUrl":"https:\/\/europe-visa.eu\/wp-content\/uploads\/2026\/02\/etias-favicon.png","width":512,"height":512,"caption":"Europe-Visa.eu"},"image":{"@id":"https:\/\/europe-visa.eu\/#\/schema\/logo\/image\/"}}]}},"_links":{"self":[{"href":"https:\/\/europe-visa.eu\/ro\/wp-json\/wp\/v2\/pages\/23","targetHints":{"allow":["GET"]}}],"collection":[{"href":"https:\/\/europe-visa.eu\/ro\/wp-json\/wp\/v2\/pages"}],"about":[{"href":"https:\/\/europe-visa.eu\/ro\/wp-json\/wp\/v2\/types\/page"}],"author":[{"embeddable":true,"href":"https:\/\/europe-visa.eu\/ro\/wp-json\/wp\/v2\/users\/2"}],"replies":[{"embeddable":true,"href":"https:\/\/europe-visa.eu\/ro\/wp-json\/wp\/v2\/comments?post=23"}],"version-history":[{"count":3,"href":"https:\/\/europe-visa.eu\/ro\/wp-json\/wp\/v2\/pages\/23\/revisions"}],"predecessor-version":[{"id":110,"href":"https:\/\/europe-visa.eu\/ro\/wp-json\/wp\/v2\/pages\/23\/revisions\/110"}],"wp:attachment":[{"href":"https:\/\/europe-visa.eu\/ro\/wp-json\/wp\/v2\/media?parent=23"}],"curies":[{"name":"wp","href":"https:\/\/api.w.org\/{rel}","templated":true}]}}