{"id":24,"date":"2026-02-28T18:46:26","date_gmt":"2026-02-28T18:46:26","guid":{"rendered":"https:\/\/europe-visa.eu\/?page_id=24"},"modified":"2026-02-28T20:16:36","modified_gmt":"2026-02-28T20:16:36","slug":"who-needs-etias","status":"publish","type":"page","link":"https:\/\/europe-visa.eu\/ro\/who-needs-etias\/","title":{"rendered":"Cine are nevoie de ETIAS?"},"content":{"rendered":"<div style=\"background:#e8f4f8;border-left:4px solid #0073aa;padding:20px;margin-bottom:30px;\">\n<strong>Principala concluzie:<\/strong> Cet\u0103\u021benii din 62 de \u021b\u0103ri scutite de viz\u0103 - inclusiv Statele Unite, Regatul Unit, Canada, Australia, Japonia \u0219i Brazilia - vor avea nevoie de o autoriza\u021bie de c\u0103l\u0103torie ETIAS pentru a intra \u00een Spa\u021biul Schengen din Europa \u00eencep\u00e2nd cu T4 2026. Cet\u0103\u021benii UE\/Schengen \u0219i resortisan\u021bii care au obliga\u021bia de a de\u021bine viz\u0103 nu au nevoie de ETIAS.\n<\/div>\n<h2>Cine are nevoie de ETIAS pentru a c\u0103l\u0103tori \u00een Europa?<\/h2>\n<p><strong>ETIAS este obligatoriu pentru cet\u0103\u021benii din 62 de \u021b\u0103ri<\/strong> care beneficiaz\u0103 \u00een prezent de c\u0103l\u0103torii f\u0103r\u0103 viz\u0103 \u00een Spa\u021biul Schengen al Uniunii Europene. Potrivit Comisiei Europene, acestea sunt \u021b\u0103rile ai c\u0103ror resortisan\u021bi sunt scuti\u021bi de obliga\u021bia de a de\u021bine viz\u0103 \u00een temeiul Regulamentului UE 2018\/1806 (anexa II). \u00cencep\u00e2nd cu T4 2026, c\u0103l\u0103torii din aceste \u021b\u0103ri trebuie s\u0103 ob\u021bin\u0103 un ETIAS aprobat \u00eenainte de a se \u00eembarca pe un zbor, o nav\u0103 sau de a trece o frontier\u0103 terestr\u0103 \u00een oricare dintre cele 30 de \u021b\u0103ri europene acoperite de ETIAS.<\/p>\n<h3>Lista complet\u0103 a \u021b\u0103rilor eligibile pentru ETIAS pe regiuni<\/h3>\n<p>Urm\u0103toarele 62 de \u021b\u0103ri sunt enumerate \u00een regulamentul oficial ETIAS (Regulamentul UE 2018\/1240, articolul 2). Cet\u0103\u021benii \u0219i de\u021bin\u0103torii de pa\u0219apoarte din aceste na\u021biuni trebuie s\u0103 depun\u0103 o cerere:<\/p>\n<h4>America (26 de \u021b\u0103ri)<\/h4>\n<table>\n<thead>\n<tr>\n<th>\u021aara<\/th>\n<th>Regiunea<\/th>\n<th>Num\u0103rul anual estimat de c\u0103l\u0103tori c\u0103tre UE<\/th>\n<\/tr>\n<\/thead>\n<tbody>\n<tr>\n<td>\ud83c\uddfa\ud83c\uddf8 Statele Unite ale Americii<\/td>\n<td>America de Nord<\/td>\n<td>~15 milioane<\/td>\n<\/tr>\n<tr>\n<td>\ud83c\udde8\ud83c\udde6 Canada<\/td>\n<td>America de Nord<\/td>\n<td>~4,5 milioane<\/td>\n<\/tr>\n<tr>\n<td>\ud83c\udde7\ud83c\uddf7 Brazilia<\/td>\n<td>America de Sud<\/td>\n<td>~2,5 milioane<\/td>\n<\/tr>\n<tr>\n<td>\ud83c\uddf2\ud83c\uddfd Mexic<\/td>\n<td>America de Nord<\/td>\n<td>~1,5 milioane<\/td>\n<\/tr>\n<tr>\n<td>\ud83c\udde6\ud83c\uddf7 Argentina<\/td>\n<td>America de Sud<\/td>\n<td>~1,2 milioane<\/td>\n<\/tr>\n<tr>\n<td>\ud83c\udde8\ud83c\uddf1 Chile<\/td>\n<td>America de Sud<\/td>\n<td>~500,000<\/td>\n<\/tr>\n<tr>\n<td>\ud83c\udde8\ud83c\uddf4 Columbia<\/td>\n<td>America de Sud<\/td>\n<td>~400,000<\/td>\n<\/tr>\n<tr>\n<td>\ud83c\udde8\ud83c\uddf7 Costa Rica<\/td>\n<td>America Central\u0103<\/td>\n<td>-<\/td>\n<\/tr>\n<tr>\n<td>\ud83c\uddfa\ud83c\uddfe Uruguay<\/td>\n<td>America de Sud<\/td>\n<td>-<\/td>\n<\/tr>\n<tr>\n<td>\ud83c\uddf5\ud83c\udde6 Panama<\/td>\n<td>America Central\u0103<\/td>\n<td>-<\/td>\n<\/tr>\n<tr>\n<td>\ud83c\uddf5\ud83c\uddfe Paraguay<\/td>\n<td>America de Sud<\/td>\n<td>-<\/td>\n<\/tr>\n<tr>\n<td>\ud83c\uddf5\ud83c\uddea Peru<\/td>\n<td>America de Sud<\/td>\n<td>-<\/td>\n<\/tr>\n<tr>\n<td>\ud83c\uddfb\ud83c\uddea Venezuela<\/td>\n<td>America de Sud<\/td>\n<td>-<\/td>\n<\/tr>\n<tr>\n<td>\ud83c\udded\ud83c\uddf3 Honduras<\/td>\n<td>America Central\u0103<\/td>\n<td>-<\/td>\n<\/tr>\n<tr>\n<td>\ud83c\uddf8\ud83c\uddfb El Salvador<\/td>\n<td>America Central\u0103<\/td>\n<td>-<\/td>\n<\/tr>\n<tr>\n<td>\ud83c\uddec\ud83c\uddf9 Guatemala<\/td>\n<td>America Central\u0103<\/td>\n<td>-<\/td>\n<\/tr>\n<tr>\n<td>\ud83c\uddf3\ud83c\uddee Nicaragua<\/td>\n<td>America Central\u0103<\/td>\n<td>-<\/td>\n<\/tr>\n<tr>\n<td>\ud83c\udde9\ud83c\uddf2 Dominica<\/td>\n<td>Caraibe<\/td>\n<td>-<\/td>\n<\/tr>\n<tr>\n<td>\ud83c\uddec\ud83c\udde9 Grenada<\/td>\n<td>Caraibe<\/td>\n<td>-<\/td>\n<\/tr>\n<tr>\n<td>\ud83c\uddf0\ud83c\uddf3 Saint Kitts \u0219i Nevis<\/td>\n<td>Caraibe<\/td>\n<td>-<\/td>\n<\/tr>\n<tr>\n<td>\ud83c\uddf1\ud83c\udde8 Sf\u00e2nta Lucia<\/td>\n<td>Caraibe<\/td>\n<td>-<\/td>\n<\/tr>\n<tr>\n<td>\ud83c\uddfb\ud83c\udde8 Saint Vincent \u0219i Grenadine<\/td>\n<td>Caraibe<\/td>\n<td>-<\/td>\n<\/tr>\n<tr>\n<td>\ud83c\udde6\ud83c\uddec Antigua \u0219i Barbuda<\/td>\n<td>Caraibe<\/td>\n<td>-<\/td>\n<\/tr>\n<tr>\n<td>\ud83c\udde7\ud83c\uddf8 Bahamas<\/td>\n<td>Caraibe<\/td>\n<td>-<\/td>\n<\/tr>\n<tr>\n<td>\ud83c\udde7\ud83c\udde7 Barbados<\/td>\n<td>Caraibe<\/td>\n<td>-<\/td>\n<\/tr>\n<tr>\n<td>\ud83c\uddf9\ud83c\uddf9 Trinidad \u0219i Tobago<\/td>\n<td>Caraibe<\/td>\n<td>-<\/td>\n<\/tr>\n<\/tbody>\n<\/table>\n<h4>Asia \u0219i Pacific (18 \u021b\u0103ri)<\/h4>\n<table>\n<thead>\n<tr>\n<th>\u021aara<\/th>\n<th>Regiunea<\/th>\n<th>Num\u0103rul anual estimat de c\u0103l\u0103tori c\u0103tre UE<\/th>\n<\/tr>\n<\/thead>\n<tbody>\n<tr>\n<td>\ud83c\uddef\ud83c\uddf5 Japonia<\/td>\n<td>Asia de Est<\/td>\n<td>~3 milioane<\/td>\n<\/tr>\n<tr>\n<td>\ud83c\uddf0\ud83c\uddf7 Coreea de Sud<\/td>\n<td>Asia de Est<\/td>\n<td>~2,5 milioane<\/td>\n<\/tr>\n<tr>\n<td>\ud83c\udde6\ud83c\uddfa Australia<\/td>\n<td>Oceania<\/td>\n<td>~2 milioane<\/td>\n<\/tr>\n<tr>\n<td>\ud83c\uddf3\ud83c\uddff Noua Zeeland\u0103<\/td>\n<td>Oceania<\/td>\n<td>~500,000<\/td>\n<\/tr>\n<tr>\n<td>\ud83c\uddf8\ud83c\uddec Singapore<\/td>\n<td>Asia de sud-est<\/td>\n<td>-<\/td>\n<\/tr>\n<tr>\n<td>\ud83c\uddf2\ud83c\uddfe Malaezia<\/td>\n<td>Asia de sud-est<\/td>\n<td>-<\/td>\n<\/tr>\n<tr>\n<td>\ud83c\uddf9\ud83c\uddfc Taiwan<\/td>\n<td>Asia de Est<\/td>\n<td>-<\/td>\n<\/tr>\n<tr>\n<td>\ud83c\udde7\ud83c\uddf3 Brunei<\/td>\n<td>Asia de sud-est<\/td>\n<td>-<\/td>\n<\/tr>\n<tr>\n<td>\ud83c\uddf9\ud83c\uddf4 Tonga<\/td>\n<td>Oceania<\/td>\n<td>-<\/td>\n<\/tr>\n<tr>\n<td>\ud83c\uddfc\ud83c\uddf8 Samoa<\/td>\n<td>Oceania<\/td>\n<td>-<\/td>\n<\/tr>\n<tr>\n<td>\ud83c\uddf8\ud83c\udde7 Insulele Solomon<\/td>\n<td>Oceania<\/td>\n<td>-<\/td>\n<\/tr>\n<tr>\n<td>\ud83c\uddf2\ud83c\udded Insulele Marshall<\/td>\n<td>Oceania<\/td>\n<td>-<\/td>\n<\/tr>\n<tr>\n<td>\ud83c\uddeb\ud83c\uddf2 Micronezia<\/td>\n<td>Oceania<\/td>\n<td>-<\/td>\n<\/tr>\n<tr>\n<td>\ud83c\uddf5\ud83c\uddfc Palau<\/td>\n<td>Oceania<\/td>\n<td>-<\/td>\n<\/tr>\n<tr>\n<td>\ud83c\uddf9\ud83c\uddf1 Timorul de Est<\/td>\n<td>Asia de sud-est<\/td>\n<td>-<\/td>\n<\/tr>\n<tr>\n<td>\ud83c\uddfb\ud83c\uddfa Vanuatu<\/td>\n<td>Oceania<\/td>\n<td>-<\/td>\n<\/tr>\n<tr>\n<td>\ud83c\uddf9\ud83c\uddfb Tuvalu<\/td>\n<td>Oceania<\/td>\n<td>-<\/td>\n<\/tr>\n<tr>\n<td>\ud83c\uddf0\ud83c\uddee Kiribati<\/td>\n<td>Oceania<\/td>\n<td>-<\/td>\n<\/tr>\n<\/tbody>\n<\/table>\n<h4>Europa \u0219i Orientul Mijlociu (13 \u021b\u0103ri)<\/h4>\n<table>\n<thead>\n<tr>\n<th>\u021aara<\/th>\n<th>Regiunea<\/th>\n<th>Num\u0103rul anual estimat de c\u0103l\u0103tori c\u0103tre UE<\/th>\n<\/tr>\n<\/thead>\n<tbody>\n<tr>\n<td>\ud83c\uddec\ud83c\udde7 Regatul Unit<\/td>\n<td>Europa de Vest<\/td>\n<td>~50 milioane<\/td>\n<\/tr>\n<tr>\n<td>\ud83c\uddfa\ud83c\udde6 Ucraina<\/td>\n<td>Europa de Est<\/td>\n<td>~5 milioane<\/td>\n<\/tr>\n<tr>\n<td>\ud83c\uddee\ud83c\uddf1 Israel<\/td>\n<td>Orientul Mijlociu<\/td>\n<td>~2 milioane<\/td>\n<\/tr>\n<tr>\n<td>\ud83c\udde6\ud83c\uddea Emiratele Arabe Unite<\/td>\n<td>Orientul Mijlociu<\/td>\n<td>~1 milion<\/td>\n<\/tr>\n<tr>\n<td>\ud83c\uddf7\ud83c\uddf8 Serbia<\/td>\n<td>Balcani<\/td>\n<td>-<\/td>\n<\/tr>\n<tr>\n<td>\ud83c\uddec\ud83c\uddea Georgia<\/td>\n<td>Caucaz<\/td>\n<td>-<\/td>\n<\/tr>\n<tr>\n<td>\ud83c\udde6\ud83c\uddf1 Albania<\/td>\n<td>Balcani<\/td>\n<td>-<\/td>\n<\/tr>\n<tr>\n<td>\ud83c\uddf2\ud83c\udde9 Moldova<\/td>\n<td>Europa de Est<\/td>\n<td>-<\/td>\n<\/tr>\n<tr>\n<td>\ud83c\udde7\ud83c\udde6 Bosnia \u0219i Her\u021begovina<\/td>\n<td>Balcani<\/td>\n<td>-<\/td>\n<\/tr>\n<tr>\n<td>\ud83c\uddf2\ud83c\uddea Muntenegru<\/td>\n<td>Balcani<\/td>\n<td>-<\/td>\n<\/tr>\n<tr>\n<td>\ud83c\uddf2\ud83c\uddf0 Macedonia de Nord<\/td>\n<td>Balcani<\/td>\n<td>-<\/td>\n<\/tr>\n<tr>\n<td>\ud83c\uddf2\ud83c\uddfa Mauritius<\/td>\n<td>Africa<\/td>\n<td>-<\/td>\n<\/tr>\n<tr>\n<td>\ud83c\uddf8\ud83c\udde8 Seychelles<\/td>\n<td>Africa<\/td>\n<td>-<\/td>\n<\/tr>\n<\/tbody>\n<\/table>\n<h3>Cine NU are nevoie de ETIAS?<\/h3>\n<p>Urm\u0103toarele grupuri sunt <strong>scutit de ETIAS<\/strong>, astfel cum se specific\u0103 la articolul 2 din Regulamentul UE 2018\/1240:<\/p>\n<ul>\n<li><strong>Cet\u0103\u021beni UE \u0219i Schengen<\/strong> - Cet\u0103\u021beni din toate cele 27 de state membre ale UE \u0219i 4 \u021b\u0103ri AELS\/Schengen (Islanda, Liechtenstein, Norvegia, Elve\u021bia)<\/li>\n<li><strong>Cet\u0103\u021beni care au obliga\u021bia de a de\u021bine viz\u0103<\/strong> - Cet\u0103\u021benii din \u021b\u0103rile enumerate \u00een anexa I la Regulamentul UE 2018\/1806 care au nevoie de viz\u0103 Schengen<\/li>\n<li><strong>Titularii permisului de \u0219edere UE<\/strong> - Cet\u0103\u021beni din afara UE cu un permis de \u0219edere pe termen lung valabil \u00een orice \u021bar\u0103 UE\/Schengen<\/li>\n<li><strong>Membrii de familie ai cet\u0103\u021benilor UE<\/strong> - Cet\u0103\u021benii din afara UE care de\u021bin un permis de \u0219edere \u00een temeiul Directivei UE privind libera circula\u021bie (2004\/38\/CE)<\/li>\n<li><strong>De\u021bin\u0103tori de pa\u0219apoarte diplomatice \u0219i de serviciu<\/strong> - C\u0103l\u0103tori \u00een misiuni diplomatice oficiale<\/li>\n<\/ul>\n<h3>Ce tipuri de c\u0103l\u0103torii necesit\u0103 ETIAS?<\/h3>\n<p>ETIAS este necesar pentru <strong>vizite de scurt\u0103 durat\u0103<\/strong> de p\u00e2n\u0103 la 90 de zile \u00een orice perioad\u0103 de 180 de zile. Aceasta acoper\u0103:<\/p>\n<table>\n<thead>\n<tr>\n<th>Scopul c\u0103l\u0103toriei<\/th>\n<th>ETIAS necesar?<\/th>\n<th>Note<\/th>\n<\/tr>\n<\/thead>\n<tbody>\n<tr>\n<td><strong>Turism<\/strong><\/td>\n<td>Da<\/td>\n<td>Vacan\u021be, vizitarea obiectivelor turistice, vizite culturale<\/td>\n<\/tr>\n<tr>\n<td><strong>Afaceri<\/strong><\/td>\n<td>Da<\/td>\n<td>\u00cent\u00e2lniri, conferin\u021be, t\u00e2rguri comerciale<\/td>\n<\/tr>\n<tr>\n<td><strong>Tranzit<\/strong><\/td>\n<td>Da<\/td>\n<td>Zboruri de leg\u0103tur\u0103 prin aeroporturile Schengen<\/td>\n<\/tr>\n<tr>\n<td><strong>Tratament medical<\/strong><\/td>\n<td>Da<\/td>\n<td>Vizite medicale pe termen scurt<\/td>\n<\/tr>\n<tr>\n<td><strong>Cursuri de scurt\u0103 durat\u0103<\/strong><\/td>\n<td>Da<\/td>\n<td>Programe sub 90 de zile<\/td>\n<\/tr>\n<tr>\n<td><strong>Studiu pe termen lung<\/strong><\/td>\n<td>Nu - necesit\u0103 viz\u0103<\/td>\n<td>Programele care dep\u0103\u0219esc 90 de zile necesit\u0103 o viz\u0103 na\u021bional\u0103<\/td>\n<\/tr>\n<tr>\n<td><strong>Ocuparea for\u021bei de munc\u0103<\/strong><\/td>\n<td>Nu - este necesar un permis de munc\u0103<\/td>\n<td>Munca remunerat\u0103 necesit\u0103 viz\u0103\/permis de munc\u0103<\/td>\n<\/tr>\n<\/tbody>\n<\/table>\n<p><em>Surse: Comisia European\u0103 (ec.europa.eu), Regulamentul UE 2018\/1240, Regulamentul UE 2018\/1806. Estim\u0103rile privind volumul c\u0103l\u0103toriilor se bazeaz\u0103 pe datele Eurostat \u0219i UNWTO. Ultima actualizare: Februarie 2026.<\/em><\/p>","protected":false},"excerpt":{"rendered":"<p>Key Takeaway: Citizens of 62 visa-exempt countries &mdash; including the United States, United Kingdom, Canada, Australia, Japan, and Brazil &mdash; [&hellip;]<\/p>\n","protected":false},"author":2,"featured_media":0,"parent":0,"menu_order":0,"comment_status":"closed","ping_status":"closed","template":"","meta":{"site-sidebar-layout":"default","site-content-layout":"","ast-site-content-layout":"default","site-content-style":"default","site-sidebar-style":"default","ast-global-header-display":"","ast-banner-title-visibility":"","ast-main-header-display":"","ast-hfb-above-header-display":"","ast-hfb-below-header-display":"","ast-hfb-mobile-header-display":"","site-post-title":"","ast-breadcrumbs-content":"","ast-featured-img":"","footer-sml-layout":"","ast-disable-related-posts":"","theme-transparent-header-meta":"","adv-header-id-meta":"","stick-header-meta":"","header-above-stick-meta":"","header-main-stick-meta":"","header-below-stick-meta":"","astra-migrate-meta-layouts":"default","ast-page-background-enabled":"default","ast-page-background-meta":{"desktop":{"background-color":"var(--ast-global-color-5)","background-image":"","background-repeat":"repeat","background-position":"center center","background-size":"auto","background-attachment":"scroll","background-type":"","background-media":"","overlay-type":"","overlay-color":"","overlay-opacity":"","overlay-gradient":""},"tablet":{"background-color":"","background-image":"","background-repeat":"repeat","background-position":"center center","background-size":"auto","background-attachment":"scroll","background-type":"","background-media":"","overlay-type":"","overlay-color":"","overlay-opacity":"","overlay-gradient":""},"mobile":{"background-color":"","background-image":"","background-repeat":"repeat","background-position":"center center","background-size":"auto","background-attachment":"scroll","background-type":"","background-media":"","overlay-type":"","overlay-color":"","overlay-opacity":"","overlay-gradient":""}},"ast-content-background-meta":{"desktop":{"background-color":"var(--ast-global-color-4)","background-image":"","background-repeat":"repeat","background-position":"center center","background-size":"auto","background-attachment":"scroll","background-type":"","background-media":"","overlay-type":"","overlay-color":"","overlay-opacity":"","overlay-gradient":""},"tablet":{"background-color":"var(--ast-global-color-4)","background-image":"","background-repeat":"repeat","background-position":"center center","background-size":"auto","background-attachment":"scroll","background-type":"","background-media":"","overlay-type":"","overlay-color":"","overlay-opacity":"","overlay-gradient":""},"mobile":{"background-color":"var(--ast-global-color-4)","background-image":"","background-repeat":"repeat","background-position":"center center","background-size":"auto","background-attachment":"scroll","background-type":"","background-media":"","overlay-type":"","overlay-color":"","overlay-opacity":"","overlay-gradient":""}},"footnotes":""},"class_list":["post-24","page","type-page","status-publish","hentry"],"yoast_head":"<!-- This site is optimized with the Yoast SEO plugin v27.0 - https:\/\/yoast.com\/product\/yoast-seo-wordpress\/ -->\n<title>Who Needs ETIAS? - ETIAS - Travel to Europe<\/title>\n<meta name=\"robots\" content=\"index, follow, max-snippet:-1, max-image-preview:large, max-video-preview:-1\" \/>\n<link rel=\"canonical\" href=\"https:\/\/europe-visa.eu\/ro\/who-needs-etias\/\" \/>\n<meta property=\"og:locale\" content=\"ro_RO\" \/>\n<meta property=\"og:type\" content=\"article\" \/>\n<meta property=\"og:title\" content=\"Who Needs ETIAS? - ETIAS - Travel to Europe\" \/>\n<meta property=\"og:description\" content=\"Key Takeaway: Citizens of 62 visa-exempt countries &mdash; including the United States, United Kingdom, Canada, Australia, Japan, and Brazil &mdash; [&hellip;]\" \/>\n<meta property=\"og:url\" content=\"https:\/\/europe-visa.eu\/ro\/who-needs-etias\/\" \/>\n<meta property=\"og:site_name\" content=\"ETIAS - Travel to Europe\" \/>\n<meta property=\"article:modified_time\" content=\"2026-02-28T20:16:36+00:00\" \/>\n<meta name=\"twitter:card\" content=\"summary_large_image\" \/>\n<meta name=\"twitter:label1\" content=\"Timp estimat pentru citire\" \/>\n\t<meta name=\"twitter:data1\" content=\"4 minute\" \/>\n<script type=\"application\/ld+json\" class=\"yoast-schema-graph\">{\"@context\":\"https:\/\/schema.org\",\"@graph\":[{\"@type\":\"WebPage\",\"@id\":\"https:\/\/europe-visa.eu\/who-needs-etias\/\",\"url\":\"https:\/\/europe-visa.eu\/who-needs-etias\/\",\"name\":\"Who Needs ETIAS? - ETIAS - Travel to Europe\",\"isPartOf\":{\"@id\":\"https:\/\/europe-visa.eu\/#website\"},\"datePublished\":\"2026-02-28T18:46:26+00:00\",\"dateModified\":\"2026-02-28T20:16:36+00:00\",\"breadcrumb\":{\"@id\":\"https:\/\/europe-visa.eu\/who-needs-etias\/#breadcrumb\"},\"inLanguage\":\"ro-RO\",\"potentialAction\":[{\"@type\":\"ReadAction\",\"target\":[\"https:\/\/europe-visa.eu\/who-needs-etias\/\"]}]},{\"@type\":\"BreadcrumbList\",\"@id\":\"https:\/\/europe-visa.eu\/who-needs-etias\/#breadcrumb\",\"itemListElement\":[{\"@type\":\"ListItem\",\"position\":1,\"name\":\"Home\",\"item\":\"https:\/\/europe-visa.eu\/\"},{\"@type\":\"ListItem\",\"position\":2,\"name\":\"Who Needs ETIAS?\"}]},{\"@type\":\"WebSite\",\"@id\":\"https:\/\/europe-visa.eu\/#website\",\"url\":\"https:\/\/europe-visa.eu\/\",\"name\":\"ETIAS - Travel to Europe\",\"description\":\"\",\"publisher\":{\"@id\":\"https:\/\/europe-visa.eu\/#organization\"},\"potentialAction\":[{\"@type\":\"SearchAction\",\"target\":{\"@type\":\"EntryPoint\",\"urlTemplate\":\"https:\/\/europe-visa.eu\/?s={search_term_string}\"},\"query-input\":{\"@type\":\"PropertyValueSpecification\",\"valueRequired\":true,\"valueName\":\"search_term_string\"}}],\"inLanguage\":\"ro-RO\"},{\"@type\":\"Organization\",\"@id\":\"https:\/\/europe-visa.eu\/#organization\",\"name\":\"Europe-Visa.eu\",\"url\":\"https:\/\/europe-visa.eu\/\",\"logo\":{\"@type\":\"ImageObject\",\"inLanguage\":\"ro-RO\",\"@id\":\"https:\/\/europe-visa.eu\/#\/schema\/logo\/image\/\",\"url\":\"https:\/\/europe-visa.eu\/wp-content\/uploads\/2026\/02\/etias-favicon.png\",\"contentUrl\":\"https:\/\/europe-visa.eu\/wp-content\/uploads\/2026\/02\/etias-favicon.png\",\"width\":512,\"height\":512,\"caption\":\"Europe-Visa.eu\"},\"image\":{\"@id\":\"https:\/\/europe-visa.eu\/#\/schema\/logo\/image\/\"}}]}<\/script>\n<!-- \/ Yoast SEO plugin. -->","yoast_head_json":{"title":"Cine are nevoie de ETIAS? - ETIAS - C\u0103l\u0103tori\u021bi \u00een Europa","robots":{"index":"index","follow":"follow","max-snippet":"max-snippet:-1","max-image-preview":"max-image-preview:large","max-video-preview":"max-video-preview:-1"},"canonical":"https:\/\/europe-visa.eu\/ro\/who-needs-etias\/","og_locale":"ro_RO","og_type":"article","og_title":"Who Needs ETIAS? - ETIAS - Travel to Europe","og_description":"Key Takeaway: Citizens of 62 visa-exempt countries &mdash; including the United States, United Kingdom, Canada, Australia, Japan, and Brazil &mdash; [&hellip;]","og_url":"https:\/\/europe-visa.eu\/ro\/who-needs-etias\/","og_site_name":"ETIAS - Travel to Europe","article_modified_time":"2026-02-28T20:16:36+00:00","twitter_card":"summary_large_image","twitter_misc":{"Timp estimat pentru citire":"4 minute"},"schema":{"@context":"https:\/\/schema.org","@graph":[{"@type":"WebPage","@id":"https:\/\/europe-visa.eu\/who-needs-etias\/","url":"https:\/\/europe-visa.eu\/who-needs-etias\/","name":"Cine are nevoie de ETIAS? - ETIAS - C\u0103l\u0103tori\u021bi \u00een Europa","isPartOf":{"@id":"https:\/\/europe-visa.eu\/#website"},"datePublished":"2026-02-28T18:46:26+00:00","dateModified":"2026-02-28T20:16:36+00:00","breadcrumb":{"@id":"https:\/\/europe-visa.eu\/who-needs-etias\/#breadcrumb"},"inLanguage":"ro-RO","potentialAction":[{"@type":"ReadAction","target":["https:\/\/europe-visa.eu\/who-needs-etias\/"]}]},{"@type":"BreadcrumbList","@id":"https:\/\/europe-visa.eu\/who-needs-etias\/#breadcrumb","itemListElement":[{"@type":"ListItem","position":1,"name":"Home","item":"https:\/\/europe-visa.eu\/"},{"@type":"ListItem","position":2,"name":"Who Needs ETIAS?"}]},{"@type":"WebSite","@id":"https:\/\/europe-visa.eu\/#website","url":"https:\/\/europe-visa.eu\/","name":"ETIAS - C\u0103l\u0103torie \u00een Europa","description":"","publisher":{"@id":"https:\/\/europe-visa.eu\/#organization"},"potentialAction":[{"@type":"SearchAction","target":{"@type":"EntryPoint","urlTemplate":"https:\/\/europe-visa.eu\/?s={search_term_string}"},"query-input":{"@type":"PropertyValueSpecification","valueRequired":true,"valueName":"search_term_string"}}],"inLanguage":"ro-RO"},{"@type":"Organization","@id":"https:\/\/europe-visa.eu\/#organization","name":"Europa-Visa.eu","url":"https:\/\/europe-visa.eu\/","logo":{"@type":"ImageObject","inLanguage":"ro-RO","@id":"https:\/\/europe-visa.eu\/#\/schema\/logo\/image\/","url":"https:\/\/europe-visa.eu\/wp-content\/uploads\/2026\/02\/etias-favicon.png","contentUrl":"https:\/\/europe-visa.eu\/wp-content\/uploads\/2026\/02\/etias-favicon.png","width":512,"height":512,"caption":"Europe-Visa.eu"},"image":{"@id":"https:\/\/europe-visa.eu\/#\/schema\/logo\/image\/"}}]}},"_links":{"self":[{"href":"https:\/\/europe-visa.eu\/ro\/wp-json\/wp\/v2\/pages\/24","targetHints":{"allow":["GET"]}}],"collection":[{"href":"https:\/\/europe-visa.eu\/ro\/wp-json\/wp\/v2\/pages"}],"about":[{"href":"https:\/\/europe-visa.eu\/ro\/wp-json\/wp\/v2\/types\/page"}],"author":[{"embeddable":true,"href":"https:\/\/europe-visa.eu\/ro\/wp-json\/wp\/v2\/users\/2"}],"replies":[{"embeddable":true,"href":"https:\/\/europe-visa.eu\/ro\/wp-json\/wp\/v2\/comments?post=24"}],"version-history":[{"count":3,"href":"https:\/\/europe-visa.eu\/ro\/wp-json\/wp\/v2\/pages\/24\/revisions"}],"predecessor-version":[{"id":111,"href":"https:\/\/europe-visa.eu\/ro\/wp-json\/wp\/v2\/pages\/24\/revisions\/111"}],"wp:attachment":[{"href":"https:\/\/europe-visa.eu\/ro\/wp-json\/wp\/v2\/media?parent=24"}],"curies":[{"name":"wp","href":"https:\/\/api.w.org\/{rel}","templated":true}]}}