{"id":27,"date":"2026-02-28T18:46:30","date_gmt":"2026-02-28T18:46:30","guid":{"rendered":"https:\/\/europe-visa.eu\/?page_id=27"},"modified":"2026-02-28T20:16:38","modified_gmt":"2026-02-28T20:16:38","slug":"etias-faq","status":"publish","type":"page","link":"https:\/\/europe-visa.eu\/ro\/etias-faq\/","title":{"rendered":"ETIAS \u00ceNTREB\u0102RI FRECVENTE"},"content":{"rendered":"<div style=\"background:#e8f4f8;border-left:4px solid #0073aa;padding:20px;margin-bottom:30px;\">\n<strong>Principala concluzie:<\/strong> ETIAS este o autoriza\u021bie digital\u0103 de c\u0103l\u0103torie \u00een valoare de 20 EUR, necesar\u0103 pentru cet\u0103\u021benii din 62 de \u021b\u0103ri scutite de viz\u0103 care viziteaz\u0103 Spa\u021biul Schengen din Europa \u00eencep\u00e2nd cu Q4 2026. Aceasta nu este o viz\u0103, se ob\u021bine online \u00een c\u00e2teva minute \u0219i este valabil\u0103 timp de 3 ani.\n<\/div>\n<h2>\u00centreb\u0103ri frecvente despre ETIAS<\/h2>\n<p>G\u0103si\u021bi r\u0103spunsuri complete la cele mai frecvente \u00eentreb\u0103ri despre Sistemul european de informa\u021bii \u0219i de autorizare privind c\u0103l\u0103toriile (ETIAS), bazate pe surse oficiale ale UE, inclusiv Regulamentul UE 2018\/1240 \u0219i publica\u021biile Comisiei Europene.<\/p>\n<h3>\u00centreb\u0103ri generale ETIAS<\/h3>\n<details>\n<summary><strong>Ce este ETIAS?<\/strong><\/summary>\n<p><strong>ETIAS (Sistemul european de informa\u021bii \u0219i autorizare privind c\u0103l\u0103toriile)<\/strong> este o autoriza\u021bie de c\u0103l\u0103torie digital\u0103 obligatorie creat\u0103 de Uniunea European\u0103 \u00een temeiul Regulamentului UE 2018\/1240. \u00cencep\u00e2nd cu Q4 2026, cet\u0103\u021benii din 62 de \u021b\u0103ri scutite de viz\u0103 trebuie s\u0103 ob\u021bin\u0103 un ETIAS aprobat \u00eenainte de a intra \u00een oricare dintre cele 30 de \u021b\u0103ri europene din Spa\u021biul Schengen. ETIAS nu este o viz\u0103 - este un sistem electronic de control \u00eenainte de c\u0103l\u0103torie similar cu ESTA din SUA sau ETA din Regatul Unit, conceput pentru a spori securitatea frontierelor, men\u021bin\u00e2nd \u00een acela\u0219i timp c\u0103l\u0103toria f\u0103r\u0103 viz\u0103.<\/p>\n<\/details>\n<details>\n<summary><strong>C\u00e2nd \u00eencepe ETIAS?<\/strong><\/summary>\n<p>ETIAS este programat s\u0103 fie lansat \u00een <strong>Q4 2026<\/strong>, conform ultimului calendar al Comisiei Europene. Dup\u0103 lansare, va exista o <strong>Perioad\u0103 de tranzi\u021bie de 6 luni<\/strong> \u00een timpul c\u0103reia c\u0103l\u0103torilor care nu beneficiaz\u0103 de ETIAS li se poate permite \u00een continuare intrarea. Dup\u0103 aceast\u0103 perioad\u0103 de gra\u021bie, ETIAS devine obligatoriu pentru to\u021bi c\u0103l\u0103torii eligibili. Sistemul a fost dezvoltat de eu-LISA (Agen\u021bia Uniunii Europene pentru sisteme informatice la scar\u0103 larg\u0103).<\/p>\n<\/details>\n<details>\n<summary><strong>Este ETIAS o viz\u0103?<\/strong><\/summary>\n<p><strong>Nu, ETIAS nu este o viz\u0103.<\/strong> Este o autoriza\u021bie electronic\u0103 de c\u0103l\u0103torie, fundamental diferit\u0103 de o viz\u0103 Schengen. Principalele diferen\u021be: ETIAS se solicit\u0103 \u00een \u00eentregime online (f\u0103r\u0103 vizit\u0103 la ambasad\u0103), cost\u0103 doar 20 de euro (fa\u021b\u0103 de 80 de euro pentru o viz\u0103), se proceseaz\u0103 \u00een c\u00e2teva minute (fa\u021b\u0103 de 15-45 de zile) \u0219i necesit\u0103 doar un pa\u0219aport, un e-mail \u0219i un card de plat\u0103 (fa\u021b\u0103 de o documenta\u021bie extins\u0103, inclusiv extrase bancare, asigur\u0103ri de c\u0103l\u0103torie \u0219i scrisori de invita\u021bie). ETIAS este comparabil cu ESTA din Statele Unite \u0219i cu ETA din Regatul Unit.<\/p>\n<\/details>\n<details>\n<summary><strong>C\u00e2t cost\u0103 ETIAS?<\/strong><\/summary>\n<p><strong>ETIAS cost\u0103 20 EUR<\/strong> pentru c\u0103l\u0103torii cu v\u00e2rste cuprinse \u00eentre 18 \u0219i 70 de ani. Acesta este <strong>complet gratuit<\/strong> pentru copiii sub 18 ani \u0219i adul\u021bii peste 70 de ani. Taxa acoper\u0103 costurile administrative de procesare a cererii \u0219i se pl\u0103te\u0219te online prin card de credit sau de debit. Pentru compara\u021bie, ESTA din SUA cost\u0103 $21 USD, iar ETA din Regatul Unit cost\u0103 10 \u00a3. Taxa de 20 EUR a fost stabilit\u0103 de Comisia European\u0103 pentru ca sistemul s\u0103 fie accesibil, acoperind \u00een acela\u0219i timp costurile opera\u021bionale.<\/p>\n<\/details>\n<details>\n<summary><strong>C\u00e2t timp este valabil ETIAS?<\/strong><\/summary>\n<p>Un ETIAS aprobat este valabil pentru <strong>3 ani<\/strong> de la data aprob\u0103rii sau p\u00e2n\u0103 la data expir\u0103rii pa\u0219aportului, \u00een func\u021bie de ce se \u00eent\u00e2mpl\u0103 mai \u00eent\u00e2i. \u00cen timpul acestei perioade de valabilitate, pute\u021bi face <strong>c\u0103l\u0103torii nelimitate<\/strong> \u00een oricare dintre cele 30 de \u021b\u0103ri europene acoperite de ETIAS. Fiecare vizit\u0103 este limitat\u0103 la un num\u0103r maxim de <strong>90 de zile \u00een orice perioad\u0103 de 180 de zile<\/strong>. Dac\u0103 ob\u021bine\u021bi un pa\u0219aport nou, trebuie s\u0103 solicita\u021bi un nou ETIAS.<\/p>\n<\/details>\n<details>\n<summary><strong>Care \u021b\u0103ri solicit\u0103 ETIAS?<\/strong><\/summary>\n<p>ETIAS este necesar pentru intrarea \u00een <strong>30 de \u021b\u0103ri europene<\/strong>: cele 27 de state membre ale Spa\u021biului Schengen (Austria, Belgia, Croa\u021bia, Republica Ceh\u0103, Danemarca, Estonia, Finlanda, Fran\u021ba, Germania, Grecia, Ungaria, Islanda, Italia, Letonia, Liechtenstein, Lituania, Luxemburg, Malta, Olanda, Norvegia, Polonia, Portugalia, Slovacia, Slovenia, Spania, Suedia, Elve\u021bia) plus Bulgaria, Cipru \u0219i Rom\u00e2nia. Consulta\u021bi site-ul nostru <a href=\"\/ro\/etias-countries\/\">lista complet\u0103 a \u021b\u0103rilor ETIAS<\/a> pentru detalii.<\/p>\n<\/details>\n<h3>Procesul de aplicare ETIAS<\/h3>\n<details>\n<summary><strong>Cum pot aplica pentru ETIAS?<\/strong><\/summary>\n<p>Aplica\u021bi pentru ETIAS prin intermediul <strong>site-ul oficial ETIAS sau aplica\u021bia mobil\u0103<\/strong> (disponibil pentru iOS \u0219i Android din Q4 2026). Procesul are 5 pa\u0219i: (1) accesa\u021bi portalul oficial, (2) completa\u021bi formularul de cerere cu datele personale, pa\u0219aportul \u0219i detaliile de c\u0103l\u0103torie (~10 minute), (3) pl\u0103ti\u021bi taxa de 20 \u20ac prin card, (4) primi\u021bi decizia prin e-mail (de obicei \u00een c\u00e2teva minute) \u0219i (5) c\u0103l\u0103tori\u021bi \u00een Europa cu pa\u0219aportul (ETIAS este legat electronic). Consulta\u021bi site-ul nostru <a href=\"\/ro\/etias-application\/\">ghid complet de aplicare<\/a>.<\/p>\n<\/details>\n<details>\n<summary><strong>C\u00e2t dureaz\u0103 procesarea ETIAS?<\/strong><\/summary>\n<p>Conform eu-LISA, aproximativ <strong>95% din cererile ETIAS sunt prelucrate automat \u00een c\u00e2teva minute<\/strong>. Dac\u0103 se solicit\u0103 informa\u021bii suplimentare, timpul de procesare se prelunge\u0219te p\u00e2n\u0103 la <strong>96 de ore<\/strong>. \u00cen cazurile rare care necesit\u0103 examinarea manual\u0103 de c\u0103tre autorit\u0103\u021bile na\u021bionale (aproximativ 2% din cereri), prelucrarea poate dura p\u00e2n\u0103 la <strong>4 s\u0103pt\u0103m\u00e2ni (30 de zile)<\/strong>. Comisia European\u0103 recomand\u0103 depunerea cererii cu cel pu\u021bin 72 de ore \u00eenainte de plecare.<\/p>\n<\/details>\n<details>\n<summary><strong>Pot aplica pentru ETIAS acum?<\/strong><\/summary>\n<p><strong>Nu, aplica\u021biile ETIAS nu sunt \u00eenc\u0103 deschise.<\/strong> Sistemul este programat s\u0103 fie lansat \u00een T4 2026. Orice site care pretinde c\u0103 accept\u0103 cereri ETIAS \u00eenainte de data oficial\u0103 de lansare nu este un serviciu oficial al UE. V\u0103 recomand\u0103m s\u0103 marca\u021bi portalul oficial de turism al UE (travel-europe.europa.eu) \u0219i aceast\u0103 pagin\u0103 pentru actualiz\u0103ri privind data exact\u0103 a lans\u0103rii.<\/p>\n<\/details>\n<details>\n<summary><strong>Copiii au nevoie de ETIAS?<\/strong><\/summary>\n<p><strong>Da, to\u021bi c\u0103l\u0103torii au nevoie de propriul ETIAS<\/strong>, inclusiv copii \u0219i sugari. Cu toate acestea, cererea pentru minorii sub 18 ani este <strong>complet gratuit<\/strong> (f\u0103r\u0103 tax\u0103 de 20 EUR). Un p\u0103rinte sau un tutore legal poate completa cererea \u00een numele unui copil. Copilul are nevoie \u00een continuare de propriul pa\u0219aport biometric valabil, iar ETIAS este legat de pa\u0219aportul copilului.<\/p>\n<\/details>\n<details>\n<summary><strong>Pot depune o cerere \u00een numele altei persoane?<\/strong><\/summary>\n<p><strong>Da.<\/strong> Pute\u021bi depune cereri ETIAS pentru membrii familiei, inclusiv copii, rude \u00een v\u00e2rst\u0103 \u0219i alte persoane aflate \u00een \u00eentre\u021binere. Fiecare persoan\u0103 are nevoie de propriul ETIAS individual legat de propriul pa\u0219aport. Sistemul accept\u0103, de asemenea <strong>aplica\u021bii de grup<\/strong>, permi\u021b\u00e2ndu-v\u0103 s\u0103 depune\u021bi mai multe cereri \u00eentr-o singur\u0103 sesiune - deosebit de util pentru familiile care c\u0103l\u0103toresc \u00eempreun\u0103.<\/p>\n<\/details>\n<details>\n<summary><strong>De ce documente am nevoie pentru ETIAS?<\/strong><\/summary>\n<p>Ave\u021bi nevoie doar de trei lucruri: (1) un <strong>pa\u0219aport biometric valabil<\/strong> dintr-o \u021bar\u0103 eligibil\u0103 pentru ETIAS, cu o valabilitate de cel pu\u021bin 3 luni dincolo de perioada de \u0219edere planificat\u0103, (2) un <strong>adresa de e-mail de lucru<\/strong> pentru a primi autoriza\u021bia dumneavoastr\u0103, \u0219i (3) un <strong>card de credit sau de debit<\/strong> pentru taxa de 20 EUR. Nu sunt necesare fotografii, asigurare de c\u0103l\u0103torie, declara\u021bii bancare sau scrisori de invita\u021bie - spre deosebire de o cerere de viz\u0103 Schengen. Consulta\u021bi site-ul nostru <a href=\"\/ro\/etias-requirements\/\">pagina cerin\u021belor complete<\/a>.<\/p>\n<\/details>\n<h3>Reguli de c\u0103l\u0103torie \u0219i \u0219edere<\/h3>\n<details>\n<summary><strong>Ce \u021b\u0103ri pot vizita cu ETIAS?<\/strong><\/summary>\n<p>Cu un ETIAS aprobat, pute\u021bi vizita <strong>30 de \u021b\u0103ri europene<\/strong>: toate cele 27 de state membre ale Spa\u021biului Schengen plus Bulgaria, Cipru \u0219i Rom\u00e2nia. Pute\u021bi c\u0103l\u0103tori liber \u00eentre aceste \u021b\u0103ri \u00een timpul \u0219ederii dumneavoastr\u0103. ETIAS face <strong>nu<\/strong> acoper\u0103 \u021b\u0103rile UE care nu fac parte din Schengen, precum Irlanda, sau \u021b\u0103rile care nu fac parte din UE, precum Regatul Unit (care are propriul sistem ETA). Consulta\u021bi site-ul nostru <a href=\"\/ro\/etias-countries\/\">Pagina \u021b\u0103rilor ETIAS<\/a> pentru lista complet\u0103.<\/p>\n<\/details>\n<details>\n<summary><strong>Ce este regula celor 90\/180 de zile?<\/strong><\/summary>\n<p>The <strong>Regula celor 90\/180 de zile<\/strong> \u00eenseamn\u0103 c\u0103 pute\u021bi r\u0103m\u00e2ne \u00een Spa\u021biul Schengen pentru o perioad\u0103 maxim\u0103 de <strong>90 de zile \u00eentr-o perioad\u0103 continu\u0103 de 180 de zile<\/strong>. Acest lucru se aplic\u0103 tuturor c\u0103l\u0103torilor scuti\u021bi de viz\u0103, indiferent de num\u0103rul de \u021b\u0103ri pe care le vizita\u021bi. Perioada de 180 de zile este calculat\u0103 ca o fereastr\u0103 continu\u0103, nu ca o perioad\u0103 calendaristic\u0103 fix\u0103. De exemplu, dac\u0103 intra\u021bi la 1 ianuarie \u0219i sta\u021bi 90 de zile, nu pute\u021bi intra din nou p\u00e2n\u0103 aproximativ la 1 iulie. Utiliza\u021bi site-ul oficial al Comisiei Europene <a href=\"https:\/\/ec.europa.eu\/home-affairs\/content\/visa\/short-stay-visa-calculator_en\" rel=\"nofollow noopener\" target=\"_blank\">calculator de scurt\u0103 \u0219edere<\/a> pentru a v\u0103 planifica c\u0103l\u0103toriile.<\/p>\n<\/details>\n<details>\n<summary><strong>Pot lucra \u00een Europa cu ETIAS?<\/strong><\/summary>\n<p><strong>Nu, ETIAS nu permite angajarea remunerat\u0103<\/strong> \u00een orice \u021bar\u0103 european\u0103. ETIAS acoper\u0103 vizitele de scurt\u0103 durat\u0103 pentru turism, \u00eent\u00e2lniri de afaceri, conferin\u021be, tranzit, tratament medical \u0219i programe educa\u021bionale de scurt\u0103 durat\u0103 (sub 90 de zile). Dac\u0103 dori\u021bi s\u0103 lucra\u021bi, s\u0103 studia\u021bi pe termen lung sau s\u0103 locui\u021bi \u00eentr-o \u021bar\u0103 european\u0103, trebuie s\u0103 solicita\u021bi viza na\u021bional\u0103 corespunz\u0103toare sau permisul de \u0219edere prin intermediul ambasadei sau consulatului \u021b\u0103rii respective.<\/p>\n<\/details>\n<details>\n<summary><strong>Ce se \u00eent\u00e2mpl\u0103 dac\u0103 ETIAS \u00eemi este refuzat?<\/strong><\/summary>\n<p>Dac\u0103 cererea dumneavoastr\u0103 ETIAS este respins\u0103, ve\u021bi primi un e-mail \u00een care se specific\u0103 <strong>motive de refuz<\/strong>. \u00cen conformitate cu articolul 40 din Regulamentul UE 2018\/1240, ave\u021bi dreptul la <strong>apel<\/strong> decizia prin intermediul autorit\u0103\u021bii na\u021bionale a statului membru al UE care a procesat cererea dumneavoastr\u0103. De asemenea, pute\u021bi depune o <strong>aplica\u021bie nou\u0103<\/strong> \u00een cazul \u00een care circumstan\u021bele se schimb\u0103. Alternativ, pute\u021bi solicita un <strong>Viza Schengen<\/strong> prin intermediul unei ambasade sau al unui consulat.<\/p>\n<\/details>\n<details>\n<summary><strong>Ce se \u00eent\u00e2mpl\u0103 dac\u0103 primesc un pa\u0219aport nou?<\/strong><\/summary>\n<p>Dac\u0103 ob\u021bine\u021bi un <strong>pa\u0219aport nou<\/strong> \u00een timp ce ETIAS este \u00eenc\u0103 valabil, trebuie <strong>aplica\u021bi pentru un nou ETIAS<\/strong>. ETIAS-ul anterior a fost legat de vechiul pa\u0219aport \u0219i nu poate fi transferat. Noua cerere necesit\u0103 o tax\u0103 standard de 20 EUR \u0219i urmeaz\u0103 acela\u0219i proces. Noul ETIAS va fi valabil timp de 3 ani de la noua dat\u0103 de aprobare.<\/p>\n<\/details>\n<p><em>Surse: Comisia European\u0103 (ec.europa.eu), Regulamentul UE 2018\/1240, eu-LISA (eulisa.europa.eu). Ultima actualizare: Februarie 2026.<\/em><\/p>","protected":false},"excerpt":{"rendered":"<p>Key Takeaway: ETIAS is a &euro;20 digital travel authorisation required for citizens of 62 visa-exempt countries visiting Europe&#8217;s Schengen Area [&hellip;]<\/p>\n","protected":false},"author":2,"featured_media":0,"parent":0,"menu_order":0,"comment_status":"closed","ping_status":"closed","template":"","meta":{"site-sidebar-layout":"default","site-content-layout":"","ast-site-content-layout":"default","site-content-style":"default","site-sidebar-style":"default","ast-global-header-display":"","ast-banner-title-visibility":"","ast-main-header-display":"","ast-hfb-above-header-display":"","ast-hfb-below-header-display":"","ast-hfb-mobile-header-display":"","site-post-title":"","ast-breadcrumbs-content":"","ast-featured-img":"","footer-sml-layout":"","ast-disable-related-posts":"","theme-transparent-header-meta":"","adv-header-id-meta":"","stick-header-meta":"","header-above-stick-meta":"","header-main-stick-meta":"","header-below-stick-meta":"","astra-migrate-meta-layouts":"default","ast-page-background-enabled":"default","ast-page-background-meta":{"desktop":{"background-color":"var(--ast-global-color-5)","background-image":"","background-repeat":"repeat","background-position":"center center","background-size":"auto","background-attachment":"scroll","background-type":"","background-media":"","overlay-type":"","overlay-color":"","overlay-opacity":"","overlay-gradient":""},"tablet":{"background-color":"","background-image":"","background-repeat":"repeat","background-position":"center center","background-size":"auto","background-attachment":"scroll","background-type":"","background-media":"","overlay-type":"","overlay-color":"","overlay-opacity":"","overlay-gradient":""},"mobile":{"background-color":"","background-image":"","background-repeat":"repeat","background-position":"center center","background-size":"auto","background-attachment":"scroll","background-type":"","background-media":"","overlay-type":"","overlay-color":"","overlay-opacity":"","overlay-gradient":""}},"ast-content-background-meta":{"desktop":{"background-color":"var(--ast-global-color-4)","background-image":"","background-repeat":"repeat","background-position":"center center","background-size":"auto","background-attachment":"scroll","background-type":"","background-media":"","overlay-type":"","overlay-color":"","overlay-opacity":"","overlay-gradient":""},"tablet":{"background-color":"var(--ast-global-color-4)","background-image":"","background-repeat":"repeat","background-position":"center center","background-size":"auto","background-attachment":"scroll","background-type":"","background-media":"","overlay-type":"","overlay-color":"","overlay-opacity":"","overlay-gradient":""},"mobile":{"background-color":"var(--ast-global-color-4)","background-image":"","background-repeat":"repeat","background-position":"center center","background-size":"auto","background-attachment":"scroll","background-type":"","background-media":"","overlay-type":"","overlay-color":"","overlay-opacity":"","overlay-gradient":""}},"footnotes":""},"class_list":["post-27","page","type-page","status-publish","hentry"],"yoast_head":"<!-- This site is optimized with the Yoast SEO plugin v27.0 - https:\/\/yoast.com\/product\/yoast-seo-wordpress\/ -->\n<title>ETIAS FAQ - ETIAS - Travel to Europe<\/title>\n<meta name=\"robots\" content=\"index, follow, max-snippet:-1, max-image-preview:large, max-video-preview:-1\" \/>\n<link rel=\"canonical\" href=\"https:\/\/europe-visa.eu\/ro\/etias-faq\/\" \/>\n<meta property=\"og:locale\" content=\"ro_RO\" \/>\n<meta property=\"og:type\" content=\"article\" \/>\n<meta property=\"og:title\" content=\"ETIAS FAQ - ETIAS - Travel to Europe\" \/>\n<meta property=\"og:description\" content=\"Key Takeaway: ETIAS is a &euro;20 digital travel authorisation required for citizens of 62 visa-exempt countries visiting Europe&#8217;s Schengen Area [&hellip;]\" \/>\n<meta property=\"og:url\" content=\"https:\/\/europe-visa.eu\/ro\/etias-faq\/\" \/>\n<meta property=\"og:site_name\" content=\"ETIAS - Travel to Europe\" \/>\n<meta property=\"article:modified_time\" content=\"2026-02-28T20:16:38+00:00\" \/>\n<meta name=\"twitter:card\" content=\"summary_large_image\" \/>\n<meta name=\"twitter:label1\" content=\"Timp estimat pentru citire\" \/>\n\t<meta name=\"twitter:data1\" content=\"6 minute\" \/>\n<script type=\"application\/ld+json\" class=\"yoast-schema-graph\">{\"@context\":\"https:\/\/schema.org\",\"@graph\":[{\"@type\":\"WebPage\",\"@id\":\"https:\/\/europe-visa.eu\/etias-faq\/\",\"url\":\"https:\/\/europe-visa.eu\/etias-faq\/\",\"name\":\"ETIAS FAQ - ETIAS - Travel to Europe\",\"isPartOf\":{\"@id\":\"https:\/\/europe-visa.eu\/#website\"},\"datePublished\":\"2026-02-28T18:46:30+00:00\",\"dateModified\":\"2026-02-28T20:16:38+00:00\",\"breadcrumb\":{\"@id\":\"https:\/\/europe-visa.eu\/etias-faq\/#breadcrumb\"},\"inLanguage\":\"ro-RO\",\"potentialAction\":[{\"@type\":\"ReadAction\",\"target\":[\"https:\/\/europe-visa.eu\/etias-faq\/\"]}]},{\"@type\":\"BreadcrumbList\",\"@id\":\"https:\/\/europe-visa.eu\/etias-faq\/#breadcrumb\",\"itemListElement\":[{\"@type\":\"ListItem\",\"position\":1,\"name\":\"Home\",\"item\":\"https:\/\/europe-visa.eu\/\"},{\"@type\":\"ListItem\",\"position\":2,\"name\":\"ETIAS FAQ\"}]},{\"@type\":\"WebSite\",\"@id\":\"https:\/\/europe-visa.eu\/#website\",\"url\":\"https:\/\/europe-visa.eu\/\",\"name\":\"ETIAS - Travel to Europe\",\"description\":\"\",\"publisher\":{\"@id\":\"https:\/\/europe-visa.eu\/#organization\"},\"potentialAction\":[{\"@type\":\"SearchAction\",\"target\":{\"@type\":\"EntryPoint\",\"urlTemplate\":\"https:\/\/europe-visa.eu\/?s={search_term_string}\"},\"query-input\":{\"@type\":\"PropertyValueSpecification\",\"valueRequired\":true,\"valueName\":\"search_term_string\"}}],\"inLanguage\":\"ro-RO\"},{\"@type\":\"Organization\",\"@id\":\"https:\/\/europe-visa.eu\/#organization\",\"name\":\"Europe-Visa.eu\",\"url\":\"https:\/\/europe-visa.eu\/\",\"logo\":{\"@type\":\"ImageObject\",\"inLanguage\":\"ro-RO\",\"@id\":\"https:\/\/europe-visa.eu\/#\/schema\/logo\/image\/\",\"url\":\"https:\/\/europe-visa.eu\/wp-content\/uploads\/2026\/02\/etias-favicon.png\",\"contentUrl\":\"https:\/\/europe-visa.eu\/wp-content\/uploads\/2026\/02\/etias-favicon.png\",\"width\":512,\"height\":512,\"caption\":\"Europe-Visa.eu\"},\"image\":{\"@id\":\"https:\/\/europe-visa.eu\/#\/schema\/logo\/image\/\"}}]}<\/script>\n<!-- \/ Yoast SEO plugin. -->","yoast_head_json":{"title":"\u00centreb\u0103ri frecvente ETIAS - ETIAS - C\u0103l\u0103tori\u021bi \u00een Europa","robots":{"index":"index","follow":"follow","max-snippet":"max-snippet:-1","max-image-preview":"max-image-preview:large","max-video-preview":"max-video-preview:-1"},"canonical":"https:\/\/europe-visa.eu\/ro\/etias-faq\/","og_locale":"ro_RO","og_type":"article","og_title":"ETIAS FAQ - ETIAS - Travel to Europe","og_description":"Key Takeaway: ETIAS is a &euro;20 digital travel authorisation required for citizens of 62 visa-exempt countries visiting Europe&#8217;s Schengen Area [&hellip;]","og_url":"https:\/\/europe-visa.eu\/ro\/etias-faq\/","og_site_name":"ETIAS - Travel to Europe","article_modified_time":"2026-02-28T20:16:38+00:00","twitter_card":"summary_large_image","twitter_misc":{"Timp estimat pentru citire":"6 minute"},"schema":{"@context":"https:\/\/schema.org","@graph":[{"@type":"WebPage","@id":"https:\/\/europe-visa.eu\/etias-faq\/","url":"https:\/\/europe-visa.eu\/etias-faq\/","name":"\u00centreb\u0103ri frecvente ETIAS - ETIAS - C\u0103l\u0103tori\u021bi \u00een Europa","isPartOf":{"@id":"https:\/\/europe-visa.eu\/#website"},"datePublished":"2026-02-28T18:46:30+00:00","dateModified":"2026-02-28T20:16:38+00:00","breadcrumb":{"@id":"https:\/\/europe-visa.eu\/etias-faq\/#breadcrumb"},"inLanguage":"ro-RO","potentialAction":[{"@type":"ReadAction","target":["https:\/\/europe-visa.eu\/etias-faq\/"]}]},{"@type":"BreadcrumbList","@id":"https:\/\/europe-visa.eu\/etias-faq\/#breadcrumb","itemListElement":[{"@type":"ListItem","position":1,"name":"Home","item":"https:\/\/europe-visa.eu\/"},{"@type":"ListItem","position":2,"name":"ETIAS FAQ"}]},{"@type":"WebSite","@id":"https:\/\/europe-visa.eu\/#website","url":"https:\/\/europe-visa.eu\/","name":"ETIAS - C\u0103l\u0103torie \u00een Europa","description":"","publisher":{"@id":"https:\/\/europe-visa.eu\/#organization"},"potentialAction":[{"@type":"SearchAction","target":{"@type":"EntryPoint","urlTemplate":"https:\/\/europe-visa.eu\/?s={search_term_string}"},"query-input":{"@type":"PropertyValueSpecification","valueRequired":true,"valueName":"search_term_string"}}],"inLanguage":"ro-RO"},{"@type":"Organization","@id":"https:\/\/europe-visa.eu\/#organization","name":"Europa-Visa.eu","url":"https:\/\/europe-visa.eu\/","logo":{"@type":"ImageObject","inLanguage":"ro-RO","@id":"https:\/\/europe-visa.eu\/#\/schema\/logo\/image\/","url":"https:\/\/europe-visa.eu\/wp-content\/uploads\/2026\/02\/etias-favicon.png","contentUrl":"https:\/\/europe-visa.eu\/wp-content\/uploads\/2026\/02\/etias-favicon.png","width":512,"height":512,"caption":"Europe-Visa.eu"},"image":{"@id":"https:\/\/europe-visa.eu\/#\/schema\/logo\/image\/"}}]}},"_links":{"self":[{"href":"https:\/\/europe-visa.eu\/ro\/wp-json\/wp\/v2\/pages\/27","targetHints":{"allow":["GET"]}}],"collection":[{"href":"https:\/\/europe-visa.eu\/ro\/wp-json\/wp\/v2\/pages"}],"about":[{"href":"https:\/\/europe-visa.eu\/ro\/wp-json\/wp\/v2\/types\/page"}],"author":[{"embeddable":true,"href":"https:\/\/europe-visa.eu\/ro\/wp-json\/wp\/v2\/users\/2"}],"replies":[{"embeddable":true,"href":"https:\/\/europe-visa.eu\/ro\/wp-json\/wp\/v2\/comments?post=27"}],"version-history":[{"count":3,"href":"https:\/\/europe-visa.eu\/ro\/wp-json\/wp\/v2\/pages\/27\/revisions"}],"predecessor-version":[{"id":114,"href":"https:\/\/europe-visa.eu\/ro\/wp-json\/wp\/v2\/pages\/27\/revisions\/114"}],"wp:attachment":[{"href":"https:\/\/europe-visa.eu\/ro\/wp-json\/wp\/v2\/media?parent=27"}],"curies":[{"name":"wp","href":"https:\/\/api.w.org\/{rel}","templated":true}]}}