{"id":28,"date":"2026-02-28T18:46:31","date_gmt":"2026-02-28T18:46:31","guid":{"rendered":"https:\/\/europe-visa.eu\/?page_id=28"},"modified":"2026-03-02T01:13:19","modified_gmt":"2026-03-02T01:13:19","slug":"etias-countries","status":"publish","type":"page","link":"https:\/\/europe-visa.eu\/ro\/etias-countries\/","title":{"rendered":"\u021a\u0103rile ETIAS"},"content":{"rendered":"<div style=\"background: #e8f4f8; border-left: 4px solid #0073aa; padding: 20px; margin-bottom: 30px;\"><strong>Principala concluzie:<\/strong> ETIAS acoper\u0103 30 de \u021b\u0103ri europene: 27 de state membre ale Spa\u021biului Schengen plus Bulgaria, Cipru \u0219i Rom\u00e2nia. Aceste \u021b\u0103ri se \u00eentind de la Islanda \u00een nord p\u00e2n\u0103 la Malta \u00een sud, acoperind peste 4 milioane de kilometri p\u0103tra\u021bi \u0219i peste 400 de milioane de locuitori.<\/div>\n<h2>\u021a\u0103rile ETIAS: Lista complet\u0103 a 30 de destina\u021bii europene<\/h2>\n<p><strong>Un ETIAS aprobat acord\u0103 acces \u00een 30 de \u021b\u0103ri europene<\/strong>, care cuprinde toate cele 27 de state membre ale Spa\u021biului Schengen plus alte 3 \u021b\u0103ri care particip\u0103 la sistemul ETIAS. \u00cempreun\u0103, aceste na\u021biuni formeaz\u0103 cea mai mare zon\u0103 de liber\u0103 circula\u021bie din lume, permi\u021b\u00e2nd de\u021bin\u0103torilor ETIAS s\u0103 treac\u0103 frontierele f\u0103r\u0103 controale suplimentare \u00een timpul \u0219ederii. Spa\u021biul Schengen a fost instituit prin Acordul Schengen din 1985 \u0219i s-a extins de la cei 5 membri fondatori ini\u021biali la 27 de \u021b\u0103ri \u00eencep\u00e2nd din 2023.<\/p>\n<h3>Toate cele 27 de \u021b\u0103ri din Spa\u021biul Schengen<\/h3>\n<p>Urm\u0103toarele \u021b\u0103ri sunt membre cu drepturi depline ale Spa\u021biului Schengen. ETIAS este necesar pentru c\u0103l\u0103torii scuti\u021bi de viz\u0103 care intr\u0103 \u00een oricare dintre aceste \u021b\u0103ri:<\/p>\n<table>\n<thead>\n<tr>\n<th>\u021aara<\/th>\n<th>Capital<\/th>\n<th>Membru Schengen de la<\/th>\n<th>Vizitatori anual (milioane)<\/th>\n<\/tr>\n<\/thead>\n<tbody>\n<tr>\n<td>\ud83c\udde6\ud83c\uddf9 Austria<\/td>\n<td>Viena<\/td>\n<td>1997<\/td>\n<td>~31<\/td>\n<\/tr>\n<tr>\n<td>\ud83c\udde7\ud83c\uddea Belgia<\/td>\n<td>Bruxelles<\/td>\n<td>1995<\/td>\n<td>~10<\/td>\n<\/tr>\n<tr>\n<td>\ud83c\udded\ud83c\uddf7 Croa\u021bia<\/td>\n<td>Zagreb<\/td>\n<td>2023<\/td>\n<td>~20<\/td>\n<\/tr>\n<tr>\n<td>\ud83c\udde8\ud83c\uddff Republica Ceh\u0103<\/td>\n<td>Praga<\/td>\n<td>2007<\/td>\n<td>~14<\/td>\n<\/tr>\n<tr>\n<td>\ud83c\udde9\ud83c\uddf0 Danemarca<\/td>\n<td>Copenhaga<\/td>\n<td>2001<\/td>\n<td>~12<\/td>\n<\/tr>\n<tr>\n<td>\ud83c\uddea\ud83c\uddea Estonia<\/td>\n<td>Tallinn<\/td>\n<td>2007<\/td>\n<td>~4<\/td>\n<\/tr>\n<tr>\n<td>\ud83c\uddeb\ud83c\uddee Finlanda<\/td>\n<td>Helsinki<\/td>\n<td>2001<\/td>\n<td>~7<\/td>\n<\/tr>\n<tr>\n<td>\ud83c\uddeb\ud83c\uddf7 Fran\u021ba<\/td>\n<td>Paris<\/td>\n<td>1995<\/td>\n<td>~100<\/td>\n<\/tr>\n<tr>\n<td>\ud83c\udde9\ud83c\uddea Germania<\/td>\n<td>Berlin<\/td>\n<td>1995<\/td>\n<td>~40<\/td>\n<\/tr>\n<tr>\n<td>\ud83c\uddec\ud83c\uddf7 Grecia<\/td>\n<td>Atena<\/td>\n<td>2000<\/td>\n<td>~33<\/td>\n<\/tr>\n<tr>\n<td>\ud83c\udded\ud83c\uddfa Ungaria<\/td>\n<td>Budapesta<\/td>\n<td>2007<\/td>\n<td>~16<\/td>\n<\/tr>\n<tr>\n<td>\ud83c\uddee\ud83c\uddf8 Islanda<\/td>\n<td>Reykjavik<\/td>\n<td>2001<\/td>\n<td>~2<\/td>\n<\/tr>\n<tr>\n<td>\ud83c\uddee\ud83c\uddf9 Italia<\/td>\n<td>Roma<\/td>\n<td>1997<\/td>\n<td>~65<\/td>\n<\/tr>\n<tr>\n<td>\ud83c\uddf1\ud83c\uddfb Letonia<\/td>\n<td>Riga<\/td>\n<td>2007<\/td>\n<td>~3<\/td>\n<\/tr>\n<tr>\n<td>\ud83c\uddf1\ud83c\uddee Liechtenstein<\/td>\n<td>Vaduz<\/td>\n<td>2011<\/td>\n<td>&lt;1<\/td>\n<\/tr>\n<tr>\n<td>\ud83c\uddf1\ud83c\uddf9 Lituania<\/td>\n<td>Vilnius<\/td>\n<td>2007<\/td>\n<td>~3<\/td>\n<\/tr>\n<tr>\n<td>\ud83c\uddf1\ud83c\uddfa Luxemburg<\/td>\n<td>Ora\u0219ul Luxemburg<\/td>\n<td>1995<\/td>\n<td>~1<\/td>\n<\/tr>\n<tr>\n<td>\ud83c\uddf2\ud83c\uddf9 Malta<\/td>\n<td>Valletta<\/td>\n<td>2007<\/td>\n<td>~3<\/td>\n<\/tr>\n<tr>\n<td>\ud83c\uddf3\ud83c\uddf1 \u021a\u0103rile de Jos<\/td>\n<td>Amsterdam<\/td>\n<td>1995<\/td>\n<td>~21<\/td>\n<\/tr>\n<tr>\n<td>\ud83c\uddf3\ud83c\uddf4 Norvegia<\/td>\n<td>Oslo<\/td>\n<td>2001<\/td>\n<td>~7<\/td>\n<\/tr>\n<tr>\n<td>\ud83c\uddf5\ud83c\uddf1 Polonia<\/td>\n<td>Var\u0219ovia<\/td>\n<td>2007<\/td>\n<td>~21<\/td>\n<\/tr>\n<tr>\n<td>\ud83c\uddf5\ud83c\uddf9 Portugalia<\/td>\n<td>Lisabona<\/td>\n<td>1995<\/td>\n<td>~27<\/td>\n<\/tr>\n<tr>\n<td>\ud83c\uddf8\ud83c\uddf0 Slovacia<\/td>\n<td>Bratislava<\/td>\n<td>2007<\/td>\n<td>~6<\/td>\n<\/tr>\n<tr>\n<td>\ud83c\uddf8\ud83c\uddee Slovenia<\/td>\n<td>Ljubljana<\/td>\n<td>2007<\/td>\n<td>~6<\/td>\n<\/tr>\n<tr>\n<td>\ud83c\uddea\ud83c\uddf8 Spania<\/td>\n<td>Madrid<\/td>\n<td>1995<\/td>\n<td>~85<\/td>\n<\/tr>\n<tr>\n<td>\ud83c\uddf8\ud83c\uddea Suedia<\/td>\n<td>Stockholm<\/td>\n<td>2001<\/td>\n<td>~10<\/td>\n<\/tr>\n<tr>\n<td>\ud83c\udde8\ud83c\udded Elve\u021bia<\/td>\n<td>Berna<\/td>\n<td>2008<\/td>\n<td>~12<\/td>\n<\/tr>\n<\/tbody>\n<\/table>\n<h3>3 \u021a\u0103ri ETIAS suplimentare<\/h3>\n<p>Aceste \u021b\u0103ri nu sunt membre Schengen cu drepturi depline, dar particip\u0103 la sistemul ETIAS:<\/p>\n<table>\n<thead>\n<tr>\n<th>\u021aara<\/th>\n<th>Capital<\/th>\n<th>Statut<\/th>\n<th>Note<\/th>\n<\/tr>\n<\/thead>\n<tbody>\n<tr>\n<td>\ud83c\udde7\ud83c\uddec Bulgaria<\/td>\n<td>Sofia<\/td>\n<td>Frontiere Schengen aeriene\/marine (2024)<\/td>\n<td>Accesul deplin la frontiera terestr\u0103 este a\u0219teptat \u00een cur\u00e2nd<\/td>\n<\/tr>\n<tr>\n<td>\ud83c\udde8\ud83c\uddfe Cipru<\/td>\n<td>Nicosia<\/td>\n<td>Membru UE, participant ETIAS<\/td>\n<td>Nu este \u00eenc\u0103 membru Schengen, dar este inclus \u00een ETIAS<\/td>\n<\/tr>\n<tr>\n<td>\ud83c\uddf7\ud83c\uddf4 Rom\u00e2nia<\/td>\n<td>Bucure\u0219ti<\/td>\n<td>Frontiere Schengen aeriene\/marine (2024)<\/td>\n<td>Accesul deplin la frontiera terestr\u0103 este a\u0219teptat \u00een cur\u00e2nd<\/td>\n<\/tr>\n<\/tbody>\n<\/table>\n<h3>\u00cen\u021belegerea regulii 90\/180 de zile<\/h3>\n<p>Cu ETIAS, pute\u021bi c\u0103l\u0103tori liber \u00eentre toate cele 30 de \u021b\u0103ri enumerate mai sus, f\u0103r\u0103 controale suplimentare la frontier\u0103. Cu toate acestea, trebuie s\u0103 urma\u021bi <strong>Regula celor 90\/180 de zile<\/strong>:<\/p>\n<table>\n<thead>\n<tr>\n<th>Regul\u0103<\/th>\n<th>Detalii<\/th>\n<\/tr>\n<\/thead>\n<tbody>\n<tr>\n<td><strong>\u0218edere maxim\u0103<\/strong><\/td>\n<td>90 de zile \u00een orice perioad\u0103 continu\u0103 de 180 de zile<\/td>\n<\/tr>\n<tr>\n<td><strong>Metoda de calcul<\/strong><\/td>\n<td>Fereastr\u0103 continu\u0103 (nu bazat\u0103 pe calendar)<\/td>\n<\/tr>\n<tr>\n<td><strong>Domeniul de aplicare<\/strong><\/td>\n<td>Toate cele 30 de \u021b\u0103ri ETIAS combinate (zilele nu sunt num\u0103rate pe \u021bar\u0103)<\/td>\n<\/tr>\n<tr>\n<td><strong>Intr\u0103ri multiple<\/strong><\/td>\n<td>Permise - pute\u021bi intra \u0219i ie\u0219i de mai multe ori \u00een limita de 90 de zile<\/td>\n<\/tr>\n<tr>\n<td><strong>Dep\u0103\u0219irea limitei<\/strong><\/td>\n<td>Dep\u0103\u0219irea termenului de \u0219edere poate duce la amenzi, deportare \u0219i interdic\u021bii viitoare de intrare<\/td>\n<\/tr>\n<\/tbody>\n<\/table>\n<h3>\u021a\u0103ri europene care NU sunt acoperite de ETIAS<\/h3>\n<p>Urm\u0103toarele \u021b\u0103ri europene sunt <strong>nu face parte din sistemul ETIAS<\/strong> \u0219i au propriile cerin\u021be de admitere:<\/p>\n<table>\n<thead>\n<tr>\n<th>\u021aara<\/th>\n<th>Sistemul de intrare<\/th>\n<th>Note<\/th>\n<\/tr>\n<\/thead>\n<tbody>\n<tr>\n<td>\ud83c\uddec\ud83c\udde7 Regatul Unit<\/td>\n<td>UK ETA (20)<\/td>\n<td>A p\u0103r\u0103sit UE \u00een 2020; are propriul s\u0103u sistem de autorizare electronic\u0103 a c\u0103l\u0103toriilor<\/td>\n<\/tr>\n<tr>\n<td>\ud83c\uddee\ud83c\uddea Irlanda<\/td>\n<td>Nu este necesar\u0103 ETA (pentru majoritatea na\u021bionalit\u0103\u021bilor)<\/td>\n<td>Membru al UE, dar nu face parte din Spa\u021biul Schengen; men\u021bine controale separate la frontiere<\/td>\n<\/tr>\n<tr>\n<td>\ud83c\uddf7\ud83c\uddfa Rusia<\/td>\n<td>Necesit\u0103 viz\u0103<\/td>\n<td>Nu face parte din UE sau Schengen<\/td>\n<\/tr>\n<tr>\n<td>\ud83c\uddf9\ud83c\uddf7 Turcia<\/td>\n<td>Viza electronic\u0103 sau viza la sosire<\/td>\n<td>Nu face parte din UE sau Schengen<\/td>\n<\/tr>\n<tr>\n<td>\ud83c\uddfa\ud83c\udde6 Ucraina<\/td>\n<td>F\u0103r\u0103 viz\u0103 pentru UE (p\u00e2n\u0103 la 90 de zile)<\/td>\n<td>\u021aara candidat\u0103 la UE; c\u0103l\u0103torii care se \u00eendreapt\u0103 spre Ucraina nu au nevoie de ETIAS<\/td>\n<\/tr>\n<\/tbody>\n<\/table>\n<h3>Spa\u021biul Schengen: Principalele fapte<\/h3>\n<table>\n<thead>\n<tr>\n<th>Fapt<\/th>\n<th>Detalii<\/th>\n<\/tr>\n<\/thead>\n<tbody>\n<tr>\n<td><strong>Fondat\u0103<\/strong><\/td>\n<td>1985 (Acordul Schengen semnat de 5 \u021b\u0103ri)<\/td>\n<\/tr>\n<tr>\n<td><strong>Membri actuali<\/strong><\/td>\n<td>27 de \u021b\u0103ri (din 2023, cu aderarea Croa\u021biei)<\/td>\n<\/tr>\n<tr>\n<td><strong>Suprafa\u021ba total\u0103<\/strong><\/td>\n<td>Peste 4,3 milioane km\u00b2<\/td>\n<\/tr>\n<tr>\n<td><strong>Popula\u021bia total\u0103<\/strong><\/td>\n<td>Aproximativ 420 de milioane de persoane<\/td>\n<\/tr>\n<tr>\n<td><strong>Controale la frontierele interne<\/strong><\/td>\n<td>Abolit\u0103 \u00eentre statele membre<\/td>\n<\/tr>\n<tr>\n<td><strong>Trecerea frontierelor externe<\/strong><\/td>\n<td>Peste 1 800 de puncte de trecere desemnate<\/td>\n<\/tr>\n<tr>\n<td><strong>Vizitatori anuali din \u021b\u0103ri scutite de viz\u0103<\/strong><\/td>\n<td>Peste 30 de milioane (estimarea Comisiei Europene)<\/td>\n<\/tr>\n<\/tbody>\n<\/table>\n<h2>Ghiduri de na\u021bionalitate ETIAS: Informa\u021bii specifice fiec\u0103rei \u021b\u0103ri<\/h2>\n<p>Selecta\u021bi \u021bara dvs. mai jos pentru un ghid detaliat care cuprinde etapele de aplicare ETIAS, costurile \u00een moneda local\u0103, documentele necesare \u0219i destina\u021biile europene populare pentru c\u0103l\u0103torii din \u021bara dvs.<\/p>\n<div style=\"background:#f0f7ff;border:1px solid #bee3f8;border-radius:8px;padding:20px;margin:20px 0;\">\n<h3 style=\"color:#2b6cb0;margin-top:0;\">\ud83c\uddea\ud83c\uddfa America<\/h3>\n<ul style=\"column-count:2;column-gap:20px;list-style:none;padding:0;\">\n<li style=\"margin-bottom:8px;\">\ud83c\uddfa\ud83c\uddf8 <a href=\"\/ro\/etias-for-american-citizens\/\">ETIAS pentru cet\u0103\u021benii SUA<\/a><\/li>\n<li style=\"margin-bottom:8px;\">\ud83c\udde8\ud83c\udde6 <a href=\"\/ro\/etias-for-canadian-citizens\/\">ETIAS pentru cet\u0103\u021benii canadieni<\/a><\/li>\n<li style=\"margin-bottom:8px;\">\ud83c\udde7\ud83c\uddf7 <a href=\"\/ro\/etias-for-brazilian-citizens\/\">ETIAS pentru cet\u0103\u021benii brazilieni<\/a><\/li>\n<li style=\"margin-bottom:8px;\">\ud83c\uddf2\ud83c\uddfd <a href=\"\/ro\/etias-for-mexican-citizens\/\">ETIAS pentru cet\u0103\u021benii mexicani<\/a><\/li>\n<li style=\"margin-bottom:8px;\">\ud83c\udde6\ud83c\uddf7 <a href=\"\/ro\/etias-for-argentinian-citizens\/\">ETIAS pentru cet\u0103\u021benii argentinieni<\/a><\/li>\n<li style=\"margin-bottom:8px;\">\ud83c\udde8\ud83c\uddf4 <a href=\"\/ro\/etias-for-colombian-citizens\/\">ETIAS pentru cet\u0103\u021benii columbieni<\/a><\/li>\n<li style=\"margin-bottom:8px;\">\ud83c\udde8\ud83c\uddf1 <a href=\"\/ro\/etias-for-chilean-citizens\/\">ETIAS pentru cet\u0103\u021benii chilieni<\/a><\/li>\n<li style=\"margin-bottom:8px;\">\ud83c\uddf5\ud83c\uddea <a href=\"\/ro\/etias-for-peruvian-citizens\/\">ETIAS pentru cet\u0103\u021benii peruani<\/a><\/li>\n<li style=\"margin-bottom:8px;\">\ud83c\uddfa\ud83c\uddfe <a href=\"\/ro\/etias-for-uruguayan-citizens\/\">ETIAS pentru cet\u0103\u021benii uruguayeni<\/a><\/li>\n<li style=\"margin-bottom:8px;\">\ud83c\udde8\ud83c\uddf7 <a href=\"\/ro\/etias-for-costa-rican-citizens\/\">ETIAS pentru cet\u0103\u021benii costaricani<\/a><\/li>\n<\/ul>\n<\/div>\n<div style=\"background:#f0fff4;border:1px solid #c6f6d5;border-radius:8px;padding:20px;margin:20px 0;\">\n<h3 style=\"color:#276749;margin-top:0;\">\ud83c\udf0f Asia \u0219i Pacific<\/h3>\n<ul style=\"column-count:2;column-gap:20px;list-style:none;padding:0;\">\n<li style=\"margin-bottom:8px;\">\ud83c\udde6\ud83c\uddfa <a href=\"\/ro\/etias-for-australian-citizens\/\">ETIAS pentru cet\u0103\u021benii australieni<\/a><\/li>\n<li style=\"margin-bottom:8px;\">\ud83c\uddef\ud83c\uddf5 <a href=\"\/ro\/etias-for-japanese-citizens\/\">ETIAS pentru cet\u0103\u021benii japonezi<\/a><\/li>\n<li style=\"margin-bottom:8px;\">\ud83c\uddf0\ud83c\uddf7 <a href=\"\/ro\/etias-for-south-korean-citizens\/\">ETIAS pentru cet\u0103\u021benii sud-coreeni<\/a><\/li>\n<li style=\"margin-bottom:8px;\">\ud83c\uddf3\ud83c\uddff <a href=\"\/ro\/etias-for-new-zealand-citizens\/\">ETIAS pentru cet\u0103\u021benii Noii Zeelande<\/a><\/li>\n<li style=\"margin-bottom:8px;\">\ud83c\uddf8\ud83c\uddec <a href=\"\/ro\/etias-for-singaporean-citizens\/\">ETIAS pentru cet\u0103\u021benii singaporezi<\/a><\/li>\n<li style=\"margin-bottom:8px;\">\ud83c\uddf2\ud83c\uddfe <a href=\"\/ro\/etias-for-malaysian-citizens\/\">ETIAS pentru cet\u0103\u021benii malaezieni<\/a><\/li>\n<li style=\"margin-bottom:8px;\">\ud83c\uddf9\ud83c\uddfc <a href=\"\/ro\/etias-for-taiwanese-citizens\/\">ETIAS pentru cet\u0103\u021benii taiwanezi<\/a><\/li>\n<li style=\"margin-bottom:8px;\">\ud83c\udded\ud83c\uddf0 <a href=\"\/ro\/etias-for-hong-kong-citizens\/\">ETIAS pentru cet\u0103\u021benii din Hong Kong<\/a><\/li>\n<li style=\"margin-bottom:8px;\">\ud83c\udde6\ud83c\uddea <a href=\"\/ro\/etias-for-emirati-citizens\/\">ETIAS pentru cet\u0103\u021benii EAU\/Emirati<\/a><\/li>\n<li style=\"margin-bottom:8px;\">\ud83c\uddee\ud83c\uddf1 <a href=\"\/ro\/etias-for-israeli-citizens\/\">ETIAS pentru cet\u0103\u021benii israelieni<\/a><\/li>\n<\/ul>\n<\/div>\n<div style=\"background:#faf5ff;border:1px solid #e9d8fd;border-radius:8px;padding:20px;margin:20px 0;\">\n<h3 style=\"color:#553c9a;margin-top:0;\">\ud83c\uddea\ud83c\uddfa Europa \u0219i altele<\/h3>\n<ul style=\"column-count:2;column-gap:20px;list-style:none;padding:0;\">\n<li style=\"margin-bottom:8px;\">\ud83c\uddec\ud83c\udde7 <a href=\"\/ro\/etias-for-british-citizens\/\">ETIAS pentru cet\u0103\u021benii britanici<\/a><\/li>\n<li style=\"margin-bottom:8px;\">\ud83c\uddfa\ud83c\udde6 <a href=\"\/ro\/etias-for-ukrainian-citizens\/\">ETIAS pentru cet\u0103\u021benii ucraineni<\/a><\/li>\n<li style=\"margin-bottom:8px;\">\ud83c\uddf7\ud83c\uddf8 <a href=\"\/ro\/etias-for-serbian-citizens\/\">ETIAS pentru cet\u0103\u021benii s\u00e2rbi<\/a><\/li>\n<li style=\"margin-bottom:8px;\">\ud83c\udde6\ud83c\uddf1 <a href=\"\/ro\/etias-for-albanian-citizens\/\">ETIAS pentru cet\u0103\u021benii albanezi<\/a><\/li>\n<li style=\"margin-bottom:8px;\">\ud83c\udde7\ud83c\udde6 <a href=\"\/ro\/etias-for-bosnian-citizens\/\">ETIAS pentru cet\u0103\u021benii bosniaci<\/a><\/li>\n<li style=\"margin-bottom:8px;\">\ud83c\uddf2\ud83c\udde9 <a href=\"\/ro\/etias-for-moldovan-citizens\/\">ETIAS pentru cet\u0103\u021benii moldoveni<\/a><\/li>\n<li style=\"margin-bottom:8px;\">\ud83c\uddf2\ud83c\uddf0 <a href=\"\/ro\/etias-for-north-macedonian-citizens\/\">ETIAS pentru cet\u0103\u021benii Macedoniei de Nord<\/a><\/li>\n<li style=\"margin-bottom:8px;\">\ud83c\uddf2\ud83c\uddea <a href=\"\/ro\/etias-for-montenegrin-citizens\/\">ETIAS pentru cet\u0103\u021benii muntenegreni<\/a><\/li>\n<li style=\"margin-bottom:8px;\">\ud83c\uddec\ud83c\uddea <a href=\"\/ro\/etias-for-georgian-citizens\/\">ETIAS pentru cet\u0103\u021benii georgieni<\/a><\/li>\n<\/ul>\n<\/div>\n<p><em>Surse: Comisia European\u0103 (ec.europa.eu), statistici Eurostat privind turismul, Barometrul mondial al turismului al OMT, statistici privind vizele Schengen (date pentru 2024). Ultima actualizare: Februarie 2026.<\/em><\/p>","protected":false},"excerpt":{"rendered":"<p>Key Takeaway: ETIAS covers 30 European countries: 27 Schengen Area member states plus Bulgaria, Cyprus, and Romania. These countries span [&hellip;]<\/p>\n","protected":false},"author":2,"featured_media":0,"parent":0,"menu_order":0,"comment_status":"closed","ping_status":"closed","template":"","meta":{"site-sidebar-layout":"default","site-content-layout":"","ast-site-content-layout":"default","site-content-style":"default","site-sidebar-style":"default","ast-global-header-display":"","ast-banner-title-visibility":"","ast-main-header-display":"","ast-hfb-above-header-display":"","ast-hfb-below-header-display":"","ast-hfb-mobile-header-display":"","site-post-title":"","ast-breadcrumbs-content":"","ast-featured-img":"","footer-sml-layout":"","ast-disable-related-posts":"","theme-transparent-header-meta":"default","adv-header-id-meta":"","stick-header-meta":"","header-above-stick-meta":"","header-main-stick-meta":"","header-below-stick-meta":"","astra-migrate-meta-layouts":"set","ast-page-background-enabled":"default","ast-page-background-meta":{"desktop":{"background-color":"var(--ast-global-color-5)","background-image":"","background-repeat":"repeat","background-position":"center center","background-size":"auto","background-attachment":"scroll","background-type":"","background-media":"","overlay-type":"","overlay-color":"","overlay-opacity":"","overlay-gradient":""},"tablet":{"background-color":"","background-image":"","background-repeat":"repeat","background-position":"center center","background-size":"auto","background-attachment":"scroll","background-type":"","background-media":"","overlay-type":"","overlay-color":"","overlay-opacity":"","overlay-gradient":""},"mobile":{"background-color":"","background-image":"","background-repeat":"repeat","background-position":"center center","background-size":"auto","background-attachment":"scroll","background-type":"","background-media":"","overlay-type":"","overlay-color":"","overlay-opacity":"","overlay-gradient":""}},"ast-content-background-meta":{"desktop":{"background-color":"var(--ast-global-color-4)","background-image":"","background-repeat":"repeat","background-position":"center center","background-size":"auto","background-attachment":"scroll","background-type":"","background-media":"","overlay-type":"","overlay-color":"","overlay-opacity":"","overlay-gradient":""},"tablet":{"background-color":"var(--ast-global-color-4)","background-image":"","background-repeat":"repeat","background-position":"center center","background-size":"auto","background-attachment":"scroll","background-type":"","background-media":"","overlay-type":"","overlay-color":"","overlay-opacity":"","overlay-gradient":""},"mobile":{"background-color":"var(--ast-global-color-4)","background-image":"","background-repeat":"repeat","background-position":"center center","background-size":"auto","background-attachment":"scroll","background-type":"","background-media":"","overlay-type":"","overlay-color":"","overlay-opacity":"","overlay-gradient":""}},"footnotes":""},"class_list":["post-28","page","type-page","status-publish","hentry"],"yoast_head":"<!-- This site is optimized with the Yoast SEO plugin v27.0 - https:\/\/yoast.com\/product\/yoast-seo-wordpress\/ -->\n<title>ETIAS Countries - ETIAS - Travel to Europe<\/title>\n<meta name=\"robots\" content=\"index, follow, max-snippet:-1, max-image-preview:large, max-video-preview:-1\" \/>\n<link rel=\"canonical\" href=\"https:\/\/europe-visa.eu\/ro\/etias-countries\/\" \/>\n<meta property=\"og:locale\" content=\"ro_RO\" \/>\n<meta property=\"og:type\" content=\"article\" \/>\n<meta property=\"og:title\" content=\"ETIAS Countries - ETIAS - Travel to Europe\" \/>\n<meta property=\"og:description\" content=\"Key Takeaway: ETIAS covers 30 European countries: 27 Schengen Area member states plus Bulgaria, Cyprus, and Romania. These countries span [&hellip;]\" \/>\n<meta property=\"og:url\" content=\"https:\/\/europe-visa.eu\/ro\/etias-countries\/\" \/>\n<meta property=\"og:site_name\" content=\"ETIAS - Travel to Europe\" \/>\n<meta property=\"article:modified_time\" content=\"2026-03-02T01:13:19+00:00\" \/>\n<meta name=\"twitter:card\" content=\"summary_large_image\" \/>\n<meta name=\"twitter:label1\" content=\"Timp estimat pentru citire\" \/>\n\t<meta name=\"twitter:data1\" content=\"3 minute\" \/>\n<script type=\"application\/ld+json\" class=\"yoast-schema-graph\">{\"@context\":\"https:\/\/schema.org\",\"@graph\":[{\"@type\":\"WebPage\",\"@id\":\"https:\/\/europe-visa.eu\/etias-countries\/\",\"url\":\"https:\/\/europe-visa.eu\/etias-countries\/\",\"name\":\"ETIAS Countries - ETIAS - Travel to Europe\",\"isPartOf\":{\"@id\":\"https:\/\/europe-visa.eu\/#website\"},\"datePublished\":\"2026-02-28T18:46:31+00:00\",\"dateModified\":\"2026-03-02T01:13:19+00:00\",\"breadcrumb\":{\"@id\":\"https:\/\/europe-visa.eu\/etias-countries\/#breadcrumb\"},\"inLanguage\":\"ro-RO\",\"potentialAction\":[{\"@type\":\"ReadAction\",\"target\":[\"https:\/\/europe-visa.eu\/etias-countries\/\"]}]},{\"@type\":\"BreadcrumbList\",\"@id\":\"https:\/\/europe-visa.eu\/etias-countries\/#breadcrumb\",\"itemListElement\":[{\"@type\":\"ListItem\",\"position\":1,\"name\":\"Home\",\"item\":\"https:\/\/europe-visa.eu\/\"},{\"@type\":\"ListItem\",\"position\":2,\"name\":\"ETIAS Countries\"}]},{\"@type\":\"WebSite\",\"@id\":\"https:\/\/europe-visa.eu\/#website\",\"url\":\"https:\/\/europe-visa.eu\/\",\"name\":\"ETIAS - Travel to Europe\",\"description\":\"\",\"publisher\":{\"@id\":\"https:\/\/europe-visa.eu\/#organization\"},\"potentialAction\":[{\"@type\":\"SearchAction\",\"target\":{\"@type\":\"EntryPoint\",\"urlTemplate\":\"https:\/\/europe-visa.eu\/?s={search_term_string}\"},\"query-input\":{\"@type\":\"PropertyValueSpecification\",\"valueRequired\":true,\"valueName\":\"search_term_string\"}}],\"inLanguage\":\"ro-RO\"},{\"@type\":\"Organization\",\"@id\":\"https:\/\/europe-visa.eu\/#organization\",\"name\":\"Europe-Visa.eu\",\"url\":\"https:\/\/europe-visa.eu\/\",\"logo\":{\"@type\":\"ImageObject\",\"inLanguage\":\"ro-RO\",\"@id\":\"https:\/\/europe-visa.eu\/#\/schema\/logo\/image\/\",\"url\":\"https:\/\/europe-visa.eu\/wp-content\/uploads\/2026\/02\/etias-favicon.png\",\"contentUrl\":\"https:\/\/europe-visa.eu\/wp-content\/uploads\/2026\/02\/etias-favicon.png\",\"width\":512,\"height\":512,\"caption\":\"Europe-Visa.eu\"},\"image\":{\"@id\":\"https:\/\/europe-visa.eu\/#\/schema\/logo\/image\/\"}}]}<\/script>\n<!-- \/ Yoast SEO plugin. -->","yoast_head_json":{"title":"\u021a\u0103rile ETIAS - ETIAS - C\u0103l\u0103tori\u021bi \u00een Europa","robots":{"index":"index","follow":"follow","max-snippet":"max-snippet:-1","max-image-preview":"max-image-preview:large","max-video-preview":"max-video-preview:-1"},"canonical":"https:\/\/europe-visa.eu\/ro\/etias-countries\/","og_locale":"ro_RO","og_type":"article","og_title":"ETIAS Countries - ETIAS - Travel to Europe","og_description":"Key Takeaway: ETIAS covers 30 European countries: 27 Schengen Area member states plus Bulgaria, Cyprus, and Romania. These countries span [&hellip;]","og_url":"https:\/\/europe-visa.eu\/ro\/etias-countries\/","og_site_name":"ETIAS - Travel to Europe","article_modified_time":"2026-03-02T01:13:19+00:00","twitter_card":"summary_large_image","twitter_misc":{"Timp estimat pentru citire":"3 minute"},"schema":{"@context":"https:\/\/schema.org","@graph":[{"@type":"WebPage","@id":"https:\/\/europe-visa.eu\/etias-countries\/","url":"https:\/\/europe-visa.eu\/etias-countries\/","name":"\u021a\u0103rile ETIAS - ETIAS - C\u0103l\u0103tori\u021bi \u00een Europa","isPartOf":{"@id":"https:\/\/europe-visa.eu\/#website"},"datePublished":"2026-02-28T18:46:31+00:00","dateModified":"2026-03-02T01:13:19+00:00","breadcrumb":{"@id":"https:\/\/europe-visa.eu\/etias-countries\/#breadcrumb"},"inLanguage":"ro-RO","potentialAction":[{"@type":"ReadAction","target":["https:\/\/europe-visa.eu\/etias-countries\/"]}]},{"@type":"BreadcrumbList","@id":"https:\/\/europe-visa.eu\/etias-countries\/#breadcrumb","itemListElement":[{"@type":"ListItem","position":1,"name":"Home","item":"https:\/\/europe-visa.eu\/"},{"@type":"ListItem","position":2,"name":"ETIAS Countries"}]},{"@type":"WebSite","@id":"https:\/\/europe-visa.eu\/#website","url":"https:\/\/europe-visa.eu\/","name":"ETIAS - C\u0103l\u0103torie \u00een Europa","description":"","publisher":{"@id":"https:\/\/europe-visa.eu\/#organization"},"potentialAction":[{"@type":"SearchAction","target":{"@type":"EntryPoint","urlTemplate":"https:\/\/europe-visa.eu\/?s={search_term_string}"},"query-input":{"@type":"PropertyValueSpecification","valueRequired":true,"valueName":"search_term_string"}}],"inLanguage":"ro-RO"},{"@type":"Organization","@id":"https:\/\/europe-visa.eu\/#organization","name":"Europa-Visa.eu","url":"https:\/\/europe-visa.eu\/","logo":{"@type":"ImageObject","inLanguage":"ro-RO","@id":"https:\/\/europe-visa.eu\/#\/schema\/logo\/image\/","url":"https:\/\/europe-visa.eu\/wp-content\/uploads\/2026\/02\/etias-favicon.png","contentUrl":"https:\/\/europe-visa.eu\/wp-content\/uploads\/2026\/02\/etias-favicon.png","width":512,"height":512,"caption":"Europe-Visa.eu"},"image":{"@id":"https:\/\/europe-visa.eu\/#\/schema\/logo\/image\/"}}]}},"_links":{"self":[{"href":"https:\/\/europe-visa.eu\/ro\/wp-json\/wp\/v2\/pages\/28","targetHints":{"allow":["GET"]}}],"collection":[{"href":"https:\/\/europe-visa.eu\/ro\/wp-json\/wp\/v2\/pages"}],"about":[{"href":"https:\/\/europe-visa.eu\/ro\/wp-json\/wp\/v2\/types\/page"}],"author":[{"embeddable":true,"href":"https:\/\/europe-visa.eu\/ro\/wp-json\/wp\/v2\/users\/2"}],"replies":[{"embeddable":true,"href":"https:\/\/europe-visa.eu\/ro\/wp-json\/wp\/v2\/comments?post=28"}],"version-history":[{"count":6,"href":"https:\/\/europe-visa.eu\/ro\/wp-json\/wp\/v2\/pages\/28\/revisions"}],"predecessor-version":[{"id":1059,"href":"https:\/\/europe-visa.eu\/ro\/wp-json\/wp\/v2\/pages\/28\/revisions\/1059"}],"wp:attachment":[{"href":"https:\/\/europe-visa.eu\/ro\/wp-json\/wp\/v2\/media?parent=28"}],"curies":[{"name":"wp","href":"https:\/\/api.w.org\/{rel}","templated":true}]}}