{"id":29,"date":"2026-02-28T18:46:32","date_gmt":"2026-02-28T18:46:32","guid":{"rendered":"https:\/\/europe-visa.eu\/?page_id=29"},"modified":"2026-02-28T20:16:39","modified_gmt":"2026-02-28T20:16:39","slug":"etias-news","status":"publish","type":"page","link":"https:\/\/europe-visa.eu\/ro\/etias-news\/","title":{"rendered":"\u0218tiri ETIAS"},"content":{"rendered":"<h2>\u0218tiri \u0219i actualiz\u0103ri ETIAS<\/h2>\n<p>R\u0103m\u00e2ne\u021bi informa\u021bi cu cele mai recente \u0219tiri despre ETIAS, reglement\u0103rile europene privind c\u0103l\u0103toriile \u0219i modific\u0103rile politicii \u00een materie de vize. Echipa noastr\u0103 editorial\u0103 monitorizeaz\u0103 sursele oficiale ale UE pentru a v\u0103 oferi actualiz\u0103ri exacte \u0219i \u00een timp util cu privire la Sistemul european de informa\u021bii \u0219i autorizare privind c\u0103l\u0103toriile.<\/p>\n<h3>Ultimele evolu\u021bii ETIAS<\/h3>\n<p>Sistemul ETIAS este a\u0219teptat s\u0103 fie lansat \u00een <strong>Q4 2026<\/strong>. Pe m\u0103sur\u0103 ce se apropie data lans\u0103rii, aceast\u0103 pagin\u0103 va fi actualizat\u0103 periodic cu:<\/p>\n<ul>\n<li>Anun\u021buri oficiale din partea Comisiei Europene<\/li>\n<li>Confirm\u0103ri ale datei de lansare \u0219i actualiz\u0103ri ale calendarului<\/li>\n<li>Modific\u0103ri ale listei \u021b\u0103rilor eligibile pentru ETIAS<\/li>\n<li>Actualiz\u0103ri tehnice privind procesul de aplicare<\/li>\n<li>Recomand\u0103ri de c\u0103l\u0103torie \u0219i modific\u0103ri ale politicii de frontier\u0103<\/li>\n<\/ul>\n<h3>Abonare pentru actualiz\u0103ri<\/h3>\n<p>Marca\u021bi aceast\u0103 pagin\u0103 sau reveni\u021bi \u00een mod regulat pentru cele mai recente \u0219tiri ETIAS. Public\u0103m articole noi de \u00eendat\u0103 ce apar evolu\u021bii importante.<\/p>\n<h3>Categorii<\/h3>\n<ul>\n<li><strong>Ghidul ETIAS<\/strong> - Ghiduri detaliate despre sistemul ETIAS<\/li>\n<li><strong>Sfaturi de c\u0103l\u0103torie<\/strong> - Sfaturi practice pentru c\u0103l\u0103toriile \u00een Europa<\/li>\n<li><strong>\u0218tiri \u0219i actualiz\u0103ri<\/strong> - Anun\u021buri oficiale \u0219i modific\u0103ri ale politicilor<\/li>\n<\/ul>","protected":false},"excerpt":{"rendered":"<p>ETIAS News &#038; Updates Stay informed with the latest news about ETIAS, European travel regulations, and visa policy changes. Our [&hellip;]<\/p>\n","protected":false},"author":2,"featured_media":0,"parent":0,"menu_order":0,"comment_status":"closed","ping_status":"closed","template":"","meta":{"site-sidebar-layout":"default","site-content-layout":"","ast-site-content-layout":"default","site-content-style":"default","site-sidebar-style":"default","ast-global-header-display":"","ast-banner-title-visibility":"","ast-main-header-display":"","ast-hfb-above-header-display":"","ast-hfb-below-header-display":"","ast-hfb-mobile-header-display":"","site-post-title":"","ast-breadcrumbs-content":"","ast-featured-img":"","footer-sml-layout":"","ast-disable-related-posts":"","theme-transparent-header-meta":"","adv-header-id-meta":"","stick-header-meta":"","header-above-stick-meta":"","header-main-stick-meta":"","header-below-stick-meta":"","astra-migrate-meta-layouts":"default","ast-page-background-enabled":"default","ast-page-background-meta":{"desktop":{"background-color":"var(--ast-global-color-5)","background-image":"","background-repeat":"repeat","background-position":"center center","background-size":"auto","background-attachment":"scroll","background-type":"","background-media":"","overlay-type":"","overlay-color":"","overlay-opacity":"","overlay-gradient":""},"tablet":{"background-color":"","background-image":"","background-repeat":"repeat","background-position":"center center","background-size":"auto","background-attachment":"scroll","background-type":"","background-media":"","overlay-type":"","overlay-color":"","overlay-opacity":"","overlay-gradient":""},"mobile":{"background-color":"","background-image":"","background-repeat":"repeat","background-position":"center center","background-size":"auto","background-attachment":"scroll","background-type":"","background-media":"","overlay-type":"","overlay-color":"","overlay-opacity":"","overlay-gradient":""}},"ast-content-background-meta":{"desktop":{"background-color":"var(--ast-global-color-4)","background-image":"","background-repeat":"repeat","background-position":"center center","background-size":"auto","background-attachment":"scroll","background-type":"","background-media":"","overlay-type":"","overlay-color":"","overlay-opacity":"","overlay-gradient":""},"tablet":{"background-color":"var(--ast-global-color-4)","background-image":"","background-repeat":"repeat","background-position":"center center","background-size":"auto","background-attachment":"scroll","background-type":"","background-media":"","overlay-type":"","overlay-color":"","overlay-opacity":"","overlay-gradient":""},"mobile":{"background-color":"var(--ast-global-color-4)","background-image":"","background-repeat":"repeat","background-position":"center center","background-size":"auto","background-attachment":"scroll","background-type":"","background-media":"","overlay-type":"","overlay-color":"","overlay-opacity":"","overlay-gradient":""}},"footnotes":""},"class_list":["post-29","page","type-page","status-publish","hentry"],"yoast_head":"<!-- This site is optimized with the Yoast SEO plugin v27.0 - https:\/\/yoast.com\/product\/yoast-seo-wordpress\/ -->\n<title>ETIAS News - ETIAS - Travel to Europe<\/title>\n<meta name=\"robots\" content=\"index, follow, max-snippet:-1, max-image-preview:large, max-video-preview:-1\" \/>\n<link rel=\"canonical\" href=\"https:\/\/europe-visa.eu\/ro\/etias-news\/\" \/>\n<meta property=\"og:locale\" content=\"ro_RO\" \/>\n<meta property=\"og:type\" content=\"article\" \/>\n<meta property=\"og:title\" content=\"ETIAS News - ETIAS - Travel to Europe\" \/>\n<meta property=\"og:description\" content=\"ETIAS News &#038; Updates Stay informed with the latest news about ETIAS, European travel regulations, and visa policy changes. Our [&hellip;]\" \/>\n<meta property=\"og:url\" content=\"https:\/\/europe-visa.eu\/ro\/etias-news\/\" \/>\n<meta property=\"og:site_name\" content=\"ETIAS - Travel to Europe\" \/>\n<meta property=\"article:modified_time\" content=\"2026-02-28T20:16:39+00:00\" \/>\n<meta name=\"twitter:card\" content=\"summary_large_image\" \/>\n<meta name=\"twitter:label1\" content=\"Timp estimat pentru citire\" \/>\n\t<meta name=\"twitter:data1\" content=\"1 minut\" \/>\n<script type=\"application\/ld+json\" class=\"yoast-schema-graph\">{\"@context\":\"https:\/\/schema.org\",\"@graph\":[{\"@type\":\"WebPage\",\"@id\":\"https:\/\/europe-visa.eu\/etias-news\/\",\"url\":\"https:\/\/europe-visa.eu\/etias-news\/\",\"name\":\"ETIAS News - ETIAS - Travel to Europe\",\"isPartOf\":{\"@id\":\"https:\/\/europe-visa.eu\/#website\"},\"datePublished\":\"2026-02-28T18:46:32+00:00\",\"dateModified\":\"2026-02-28T20:16:39+00:00\",\"breadcrumb\":{\"@id\":\"https:\/\/europe-visa.eu\/etias-news\/#breadcrumb\"},\"inLanguage\":\"ro-RO\",\"potentialAction\":[{\"@type\":\"ReadAction\",\"target\":[\"https:\/\/europe-visa.eu\/etias-news\/\"]}]},{\"@type\":\"BreadcrumbList\",\"@id\":\"https:\/\/europe-visa.eu\/etias-news\/#breadcrumb\",\"itemListElement\":[{\"@type\":\"ListItem\",\"position\":1,\"name\":\"Home\",\"item\":\"https:\/\/europe-visa.eu\/\"},{\"@type\":\"ListItem\",\"position\":2,\"name\":\"ETIAS News\"}]},{\"@type\":\"WebSite\",\"@id\":\"https:\/\/europe-visa.eu\/#website\",\"url\":\"https:\/\/europe-visa.eu\/\",\"name\":\"ETIAS - Travel to Europe\",\"description\":\"\",\"publisher\":{\"@id\":\"https:\/\/europe-visa.eu\/#organization\"},\"potentialAction\":[{\"@type\":\"SearchAction\",\"target\":{\"@type\":\"EntryPoint\",\"urlTemplate\":\"https:\/\/europe-visa.eu\/?s={search_term_string}\"},\"query-input\":{\"@type\":\"PropertyValueSpecification\",\"valueRequired\":true,\"valueName\":\"search_term_string\"}}],\"inLanguage\":\"ro-RO\"},{\"@type\":\"Organization\",\"@id\":\"https:\/\/europe-visa.eu\/#organization\",\"name\":\"Europe-Visa.eu\",\"url\":\"https:\/\/europe-visa.eu\/\",\"logo\":{\"@type\":\"ImageObject\",\"inLanguage\":\"ro-RO\",\"@id\":\"https:\/\/europe-visa.eu\/#\/schema\/logo\/image\/\",\"url\":\"https:\/\/europe-visa.eu\/wp-content\/uploads\/2026\/02\/etias-favicon.png\",\"contentUrl\":\"https:\/\/europe-visa.eu\/wp-content\/uploads\/2026\/02\/etias-favicon.png\",\"width\":512,\"height\":512,\"caption\":\"Europe-Visa.eu\"},\"image\":{\"@id\":\"https:\/\/europe-visa.eu\/#\/schema\/logo\/image\/\"}}]}<\/script>\n<!-- \/ Yoast SEO plugin. -->","yoast_head_json":{"title":"\u0218tiri ETIAS - ETIAS - C\u0103l\u0103tori\u021bi \u00een Europa","robots":{"index":"index","follow":"follow","max-snippet":"max-snippet:-1","max-image-preview":"max-image-preview:large","max-video-preview":"max-video-preview:-1"},"canonical":"https:\/\/europe-visa.eu\/ro\/etias-news\/","og_locale":"ro_RO","og_type":"article","og_title":"ETIAS News - ETIAS - Travel to Europe","og_description":"ETIAS News &#038; Updates Stay informed with the latest news about ETIAS, European travel regulations, and visa policy changes. Our [&hellip;]","og_url":"https:\/\/europe-visa.eu\/ro\/etias-news\/","og_site_name":"ETIAS - Travel to Europe","article_modified_time":"2026-02-28T20:16:39+00:00","twitter_card":"summary_large_image","twitter_misc":{"Timp estimat pentru citire":"1 minut"},"schema":{"@context":"https:\/\/schema.org","@graph":[{"@type":"WebPage","@id":"https:\/\/europe-visa.eu\/etias-news\/","url":"https:\/\/europe-visa.eu\/etias-news\/","name":"\u0218tiri ETIAS - ETIAS - C\u0103l\u0103tori\u021bi \u00een Europa","isPartOf":{"@id":"https:\/\/europe-visa.eu\/#website"},"datePublished":"2026-02-28T18:46:32+00:00","dateModified":"2026-02-28T20:16:39+00:00","breadcrumb":{"@id":"https:\/\/europe-visa.eu\/etias-news\/#breadcrumb"},"inLanguage":"ro-RO","potentialAction":[{"@type":"ReadAction","target":["https:\/\/europe-visa.eu\/etias-news\/"]}]},{"@type":"BreadcrumbList","@id":"https:\/\/europe-visa.eu\/etias-news\/#breadcrumb","itemListElement":[{"@type":"ListItem","position":1,"name":"Home","item":"https:\/\/europe-visa.eu\/"},{"@type":"ListItem","position":2,"name":"ETIAS News"}]},{"@type":"WebSite","@id":"https:\/\/europe-visa.eu\/#website","url":"https:\/\/europe-visa.eu\/","name":"ETIAS - C\u0103l\u0103torie \u00een Europa","description":"","publisher":{"@id":"https:\/\/europe-visa.eu\/#organization"},"potentialAction":[{"@type":"SearchAction","target":{"@type":"EntryPoint","urlTemplate":"https:\/\/europe-visa.eu\/?s={search_term_string}"},"query-input":{"@type":"PropertyValueSpecification","valueRequired":true,"valueName":"search_term_string"}}],"inLanguage":"ro-RO"},{"@type":"Organization","@id":"https:\/\/europe-visa.eu\/#organization","name":"Europa-Visa.eu","url":"https:\/\/europe-visa.eu\/","logo":{"@type":"ImageObject","inLanguage":"ro-RO","@id":"https:\/\/europe-visa.eu\/#\/schema\/logo\/image\/","url":"https:\/\/europe-visa.eu\/wp-content\/uploads\/2026\/02\/etias-favicon.png","contentUrl":"https:\/\/europe-visa.eu\/wp-content\/uploads\/2026\/02\/etias-favicon.png","width":512,"height":512,"caption":"Europe-Visa.eu"},"image":{"@id":"https:\/\/europe-visa.eu\/#\/schema\/logo\/image\/"}}]}},"_links":{"self":[{"href":"https:\/\/europe-visa.eu\/ro\/wp-json\/wp\/v2\/pages\/29","targetHints":{"allow":["GET"]}}],"collection":[{"href":"https:\/\/europe-visa.eu\/ro\/wp-json\/wp\/v2\/pages"}],"about":[{"href":"https:\/\/europe-visa.eu\/ro\/wp-json\/wp\/v2\/types\/page"}],"author":[{"embeddable":true,"href":"https:\/\/europe-visa.eu\/ro\/wp-json\/wp\/v2\/users\/2"}],"replies":[{"embeddable":true,"href":"https:\/\/europe-visa.eu\/ro\/wp-json\/wp\/v2\/comments?post=29"}],"version-history":[{"count":2,"href":"https:\/\/europe-visa.eu\/ro\/wp-json\/wp\/v2\/pages\/29\/revisions"}],"predecessor-version":[{"id":104,"href":"https:\/\/europe-visa.eu\/ro\/wp-json\/wp\/v2\/pages\/29\/revisions\/104"}],"wp:attachment":[{"href":"https:\/\/europe-visa.eu\/ro\/wp-json\/wp\/v2\/media?parent=29"}],"curies":[{"name":"wp","href":"https:\/\/api.w.org\/{rel}","templated":true}]}}