{"id":27,"date":"2026-02-28T18:46:30","date_gmt":"2026-02-28T18:46:30","guid":{"rendered":"https:\/\/europe-visa.eu\/?page_id=27"},"modified":"2026-02-28T20:16:38","modified_gmt":"2026-02-28T20:16:38","slug":"etias-faq","status":"publish","type":"page","link":"https:\/\/europe-visa.eu\/sq\/etias-faq\/","title":{"rendered":"ETIAS Pyetje t\u00eb Shpeshta"},"content":{"rendered":"<div style=\"background:#e8f4f8;border-left:4px solid #0073aa;padding:20px;margin-bottom:30px;\">\n<strong>Pika kryesore:<\/strong> ETIAS \u00ebsht\u00eb nj\u00eb autorizim dixhital udh\u00ebtimi me tarif\u00eb 20 \u20ac q\u00eb k\u00ebrkohet p\u00ebr qytetar\u00ebt e 62 vendeve t\u00eb p\u00ebrjashtuara nga viza q\u00eb vizitojn\u00eb Zon\u00ebn Schengen t\u00eb Evrop\u00ebs duke filluar nga tremujori i kat\u00ebrt i vitit 2026. Ai nuk \u00ebsht\u00eb viz\u00eb, merr vet\u00ebm disa minuta p\u00ebr t'u marr\u00eb online dhe \u00ebsht\u00eb i vlefsh\u00ebm p\u00ebr 3 vjet.\n<\/div>\n<h2>Pyetje t\u00eb shpeshta rreth ETIAS<\/h2>\n<p>Gjeni p\u00ebrgjigje t\u00eb plota p\u00ebr pyetjet m\u00eb t\u00eb zakonshme rreth Sistemit Evropian t\u00eb Informacionit dhe Autorizimit p\u00ebr Udh\u00ebtim (ETIAS), bazuar n\u00eb burime zyrtare t\u00eb BE-s\u00eb, p\u00ebrfshir\u00eb Rregulloren e BE-s\u00eb 2018\/1240 dhe botimet e Komisionit Evropian.<\/p>\n<h3>Pyetje t\u00eb p\u00ebrgjithshme p\u00ebr ETIAS<\/h3>\n<details>\n<summary><strong>\u00c7far\u00eb \u00ebsht\u00eb ETIAS?<\/strong><\/summary>\n<p><strong>ETIAS (Sistemi Evropian i Informacionit dhe Autorizimit t\u00eb Udh\u00ebtimit)<\/strong> \u00ebsht\u00eb nj\u00eb autorizim dixhital i detyruesh\u00ebm p\u00ebr udh\u00ebtim, krijuar nga Bashkimi Evropian n\u00eb kuad\u00ebr t\u00eb Rregullores s\u00eb BE-s\u00eb 2018\/1240. Duke filluar nga tremujori i kat\u00ebrt i vitit 2026, qytetar\u00ebt e 62 vendeve t\u00eb p\u00ebrjashtuara nga viza duhet t\u00eb marrin nj\u00eb ETIAS t\u00eb miratuar para se t\u00eb hyjn\u00eb n\u00eb ndonj\u00eb nga 30 vendet evropiane t\u00eb Zon\u00ebs Schengen. ETIAS nuk \u00ebsht\u00eb nj\u00eb viz\u00eb \u2014 \u00ebsht\u00eb nj\u00eb sistem elektronik i kontrollit paraprak t\u00eb udh\u00ebtimit, i ngjash\u00ebm me ESTA-n e SHBA-s\u00eb ose ETA-n e Mbret\u00ebris\u00eb s\u00eb Bashkuar, i krijuar p\u00ebr t\u00eb forcuar sigurin\u00eb kufitare duke ruajtur udh\u00ebtimin pa viza.<\/p>\n<\/details>\n<details>\n<summary><strong>Kur fillon ETIAS?<\/strong><\/summary>\n<p>ETIAS pritet t\u00eb nis\u00eb n\u00eb <strong>Tetori i kat\u00ebrt 2026<\/strong>, sipas afatit kohor m\u00eb t\u00eb fundit t\u00eb Komisionit Evropian. Pas lansimit, do t\u00eb ket\u00eb nj\u00eb <strong>Periudh\u00eb tranzicioni 6-mujore<\/strong> gjat\u00eb s\u00eb cil\u00ebs udh\u00ebtar\u00ebve pa ETIAS mund t'u lejohet ende hyrja. Pas k\u00ebsaj periudhe kalimtare, ETIAS b\u00ebhet i detyruesh\u00ebm p\u00ebr t\u00eb gjith\u00eb udh\u00ebtar\u00ebt e kualifikuar. Sistemi \u00ebsht\u00eb zhvilluar nga eu-LISA (Agjencia e Bashkimit Evropian p\u00ebr Sistemet e M\u00ebdha t\u00eb Teknologjis\u00eb s\u00eb Informacionit).<\/p>\n<\/details>\n<details>\n<summary><strong>A \u00ebsht\u00eb ETIAS nj\u00eb viz\u00eb?<\/strong><\/summary>\n<p><strong>Jo, ETIAS nuk \u00ebsht\u00eb nj\u00eb viz\u00eb.<\/strong> \u00cbsht\u00eb nj\u00eb autorizim elektronik udh\u00ebtimi, thelb\u00ebsisht i ndrysh\u00ebm nga viza Schengen. Dallimet kryesore: ETIAS aplikohet t\u00ebr\u00ebsisht online (pa vizit\u00eb n\u00eb ambasad\u00eb), kushton vet\u00ebm 20 \u20ac (krahasuar me 80 \u20ac p\u00ebr nj\u00eb viz\u00eb), p\u00ebrpunohet n\u00eb pak minuta (krahasuar me 15\u201345 dit\u00eb), dhe k\u00ebrkon vet\u00ebm pasaport\u00eb, email dhe kart\u00eb pagese (krahasuar me dokumentacion t\u00eb gjer\u00eb q\u00eb p\u00ebrfshin ekstrakte bankare, sigurim udh\u00ebtimi dhe letra ftesa). ETIAS \u00ebsht\u00eb e krahasueshme me ESTA-n e Shteteve t\u00eb Bashkuara dhe ETA-n e Mbret\u00ebris\u00eb s\u00eb Bashkuar.<\/p>\n<\/details>\n<details>\n<summary><strong>Sa kushton ETIAS?<\/strong><\/summary>\n<p><strong>ETIAS kushton 20 euro.<\/strong> p\u00ebr udh\u00ebtar\u00ebt e mosh\u00ebs 18 deri n\u00eb 70 vje\u00e7. \u00cbsht\u00eb <strong>plot\u00ebsisht falas<\/strong> p\u00ebr f\u00ebmij\u00ebt n\u00ebn 18 vje\u00e7 dhe t\u00eb rriturit mbi 70 vje\u00e7. Tarifa mbulon kostot administrative t\u00eb p\u00ebrpunimit t\u00eb aplikimit dhe paguhet online me kart\u00eb krediti ose debiti. P\u00ebr krahasim, ESTA e SHBA-s\u00eb kushton $21 USD dhe ETA e Mbret\u00ebris\u00eb s\u00eb Bashkuar kushton \u00a310. Tarifa prej 20 \u20ac u vendos nga Komisioni Evropian p\u00ebr ta b\u00ebr\u00eb sistemin t\u00eb p\u00ebrballuesh\u00ebm, duke mbuluar nj\u00ebkoh\u00ebsisht kostot operative.<\/p>\n<\/details>\n<details>\n<summary><strong>Sa koh\u00eb \u00ebsht\u00eb i vlefsh\u00ebm ETIAS?<\/strong><\/summary>\n<p>Nj\u00eb ETIAS i miratuar \u00ebsht\u00eb i vlefsh\u00ebm p\u00ebr <strong>3 vjet<\/strong> nga data e miratimit, ose deri n\u00eb skadimin e pasaport\u00ebs suaj \u2014 cilado q\u00eb t\u00eb vij\u00eb e para. Gjat\u00eb k\u00ebsaj periudhe vlefshm\u00ebrie, mund t\u00eb b\u00ebni <strong>udh\u00ebtime t\u00eb pakufizuara<\/strong> n\u00eb cilindo nga 30 vendet evropiane t\u00eb mbuluar nga ETIAS. \u00c7do vizit\u00eb \u00ebsht\u00eb e kufizuar n\u00eb maksimum <strong>90 dit\u00eb brenda \u00e7do periudhe 180-ditore<\/strong>. N\u00ebse merrni nj\u00eb pasaport\u00eb t\u00eb re, duhet t\u00eb aplikoni p\u00ebr nj\u00eb ETIAS t\u00eb ri.<\/p>\n<\/details>\n<details>\n<summary><strong>Cilat vende k\u00ebrkojn\u00eb ETIAS?<\/strong><\/summary>\n<p>ETIAS k\u00ebrkohet p\u00ebr hyrje n\u00eb <strong>30 vende evropiane<\/strong>: 27 shtetet an\u00ebtare t\u00eb Zon\u00ebs Schengen (Austria, Belgjika, Kroacia, Republika \u00c7eke, Danimarka, Estonia, Finlanda, Franca, Gjermania, Greqia, Hungaria, Islanda, Italia, Letonia, Lihtenshtejni, Lituania, Luksemburgu, Malta, Hollanda, Norvegjia, Polonia, Portugalia, Sllovakia, Sllovenia, Spanja, Suedia, Zvicra) plus Bullgaria, Qiproja dhe Rumania. Shihni ton\u00ebn <a href=\"\/sq\/etias-countries\/\">lista e plot\u00eb e vendeve t\u00eb ETIAS<\/a> p\u00ebr detaje.<\/p>\n<\/details>\n<h3>Procesi i aplikimit p\u00ebr ETIAS<\/h3>\n<details>\n<summary><strong>Si t\u00eb aplikoj p\u00ebr ETIAS?<\/strong><\/summary>\n<p>Ju aplikoni p\u00ebr ETIAS p\u00ebrmes <strong>faqja zyrtare e ETIAS ose aplikacioni mobil<\/strong> (disponuesh\u00ebm p\u00ebr iOS dhe Android nga tremujori i kat\u00ebrt i vitit 2026). Procesi ka 5 hapa: (1) hyni n\u00eb portalin zyrtar, (2) plot\u00ebsoni formularin e aplikimit me t\u00eb dh\u00ebna personale, pasaporte dhe detaje udh\u00ebtimi (~10 minuta), (3) paguani tarif\u00ebn prej 20 \u20ac me kart\u00eb, (4) merrni vendimin tuaj me email (zakonisht brenda disa minutash), dhe (5) udh\u00ebtoni n\u00eb Evrop\u00eb me pasaport\u00ebn tuaj (ETIAS \u00ebsht\u00eb i lidhur elektronikisht). Shihni ton\u00ebn <a href=\"\/sq\/etias-application\/\">udh\u00ebzues i plot\u00eb i aplikimit<\/a>.<\/p>\n<\/details>\n<details>\n<summary><strong>Sa koh\u00eb zgjat p\u00ebrpunimi i ETIAS?<\/strong><\/summary>\n<p>Sipas eu-LISA, af\u00ebrsisht <strong>95% e aplikimeve p\u00ebr ETIAS p\u00ebrpunohen automatikisht brenda disa minutash.<\/strong>. N\u00ebse k\u00ebrkohen informacione shtes\u00eb, koha e p\u00ebrpunimit zgjat deri n\u00eb <strong>96 or\u00eb<\/strong>. N\u00eb raste t\u00eb rralla q\u00eb k\u00ebrkojn\u00eb rishikim manual nga autoritetet komb\u00ebtare (af\u00ebrsisht 2% t\u00eb aplikacioneve), p\u00ebrpunimi mund t\u00eb zgjas\u00eb deri n\u00eb <strong>4 jav\u00eb (30 dit\u00eb)<\/strong>. Komisioni Evropian rekomandon t\u00eb aplikoni t\u00eb pakt\u00ebn 72 or\u00eb para nisjes suaj.<\/p>\n<\/details>\n<details>\n<summary><strong>A mund t\u00eb aplikoj p\u00ebr ETIAS tani?<\/strong><\/summary>\n<p><strong>Jo, aplikimet p\u00ebr ETIAS ende nuk jan\u00eb hapur.<\/strong> Sistemi pritet t\u00eb nis\u00eb n\u00eb tremujorin e kat\u00ebrt t\u00eb vitit 2026. \u00c7do faqe interneti q\u00eb pretendon t\u00eb pranoj\u00eb aplikimet p\u00ebr ETIAS para dat\u00ebs zyrtare t\u00eb nisjes nuk \u00ebsht\u00eb nj\u00eb sh\u00ebrbim zyrtar i BE-s\u00eb. Ne rekomandojm\u00eb t\u00eb shtoni n\u00eb t\u00eb preferuarat portalin zyrtar t\u00eb udh\u00ebtimit t\u00eb BE-s\u00eb (travel-europe.europa.eu) dhe k\u00ebt\u00eb faqe p\u00ebr p\u00ebrdit\u00ebsime mbi dat\u00ebn e sakt\u00eb t\u00eb nisjes.<\/p>\n<\/details>\n<details>\n<summary><strong>A u nevojitet f\u00ebmij\u00ebve ETIAS?<\/strong><\/summary>\n<p><strong>Po, t\u00eb gjith\u00eb udh\u00ebtar\u00ebt kan\u00eb nevoj\u00eb p\u00ebr ETIAS-in e tyre.<\/strong>, duke p\u00ebrfshir\u00eb f\u00ebmij\u00ebt dhe foshnjat. Megjithat\u00eb, aplikimi p\u00ebr t\u00eb miturit n\u00ebn mosh\u00ebn 18 vje\u00e7 \u00ebsht\u00eb <strong>plot\u00ebsisht falas<\/strong> (pa tarif\u00eb prej 20 \u20ac). Nj\u00eb prind ose kujdestar ligjor mund t\u00eb plot\u00ebsoj\u00eb aplikimin n\u00eb em\u00ebr t\u00eb f\u00ebmij\u00ebs. F\u00ebmija gjithsesi ka nevoj\u00eb p\u00ebr pasaport\u00ebn e tij\/saj biometrike t\u00eb vlefshme, dhe ETIAS-i lidhet me pasaport\u00ebn e f\u00ebmij\u00ebs.<\/p>\n<\/details>\n<details>\n<summary><strong>A mund t\u00eb aplikoj n\u00eb em\u00ebr t\u00eb dikujt tjet\u00ebr?<\/strong><\/summary>\n<p><strong>Po.<\/strong> Ju mund t\u00eb dor\u00ebzoni aplikime ETIAS p\u00ebr an\u00ebtar\u00ebt e familjes, duke p\u00ebrfshir\u00eb f\u00ebmij\u00ebt, t\u00eb moshuarit dhe t\u00eb tjer\u00eb t\u00eb varur. \u00c7do person ka nevoj\u00eb p\u00ebr ETIAS individual t\u00eb lidhur me pasaport\u00ebn e vet. Sistemi gjithashtu mb\u00ebshtet <strong>Aplikime grupore<\/strong>, duke ju lejuar t\u00eb dor\u00ebzoni aplikime t\u00eb shumta n\u00eb nj\u00eb seanc\u00eb t\u00eb vetme \u2014 ve\u00e7an\u00ebrisht e dobishme p\u00ebr familjet q\u00eb udh\u00ebtojn\u00eb s\u00eb bashku.<\/p>\n<\/details>\n<details>\n<summary><strong>\u00c7far\u00eb dokumentesh m\u00eb duhen p\u00ebr ETIAS?<\/strong><\/summary>\n<p>Ju nevojiten vet\u00ebm tre gj\u00ebra: (1) nj\u00eb <strong>Pasaport\u00eb biometrike e vlefshme<\/strong> nga nj\u00eb vend i pranuesh\u00ebm p\u00ebr ETIAS me vlefshm\u00ebri t\u00eb pakt\u00ebn 3 muaj m\u00eb shum\u00eb se q\u00ebndrimi juaj i planifikuar, (2) nj\u00eb <strong>Adres\u00eb emaili pune<\/strong> p\u00ebr t\u00eb marr\u00eb autorizimin tuaj, dhe (3) nj\u00eb <strong>kart\u00eb krediti ose debiti<\/strong> p\u00ebr tarif\u00ebn prej 20 \u20ac. Nuk k\u00ebrkohen foto, sigurim udh\u00ebtimi, ekstrakte bankare ose letra ftesa \u2014 ndryshe nga aplikimi p\u00ebr viz\u00eb Schengen. Shih ton\u00ebn <a href=\"\/sq\/etias-requirements\/\">Faqja e plot\u00eb e k\u00ebrkesave<\/a>.<\/p>\n<\/details>\n<h3>Rregullat e udh\u00ebtimit dhe q\u00ebndrimit<\/h3>\n<details>\n<summary><strong>Cilat vende mund t\u00eb vizitoj me ETIAS?<\/strong><\/summary>\n<p>Me nj\u00eb ETIAS t\u00eb miratuar, mund t\u00eb vizitoni <strong>30 vende evropiane<\/strong>: t\u00eb gjith\u00eb 27 shtetet an\u00ebtare t\u00eb Zon\u00ebs Schengen plus Bullgaria, Qiproja dhe Rumania. Ju mund t\u00eb udh\u00ebtoni lirsh\u00ebm midis k\u00ebtyre vendeve gjat\u00eb q\u00ebndrimit tuaj. ETIAS b\u00ebn <strong>jo<\/strong> t\u00eb mbuloj\u00eb vendet e BE-s\u00eb q\u00eb nuk jan\u00eb n\u00eb zon\u00ebn Schengen, si Irlanda, ose vendet jo-an\u00ebtare t\u00eb BE-s\u00eb si Mbret\u00ebria e Bashkuar (e cila ka sistemin e vet ETA). Shihni tonin <a href=\"\/sq\/etias-countries\/\">Faqja e vendeve ETIAS<\/a> p\u00ebr list\u00ebn e plot\u00eb.<\/p>\n<\/details>\n<details>\n<summary><strong>\u00c7far\u00eb \u00ebsht\u00eb rregulli 90\/180-ditor?<\/strong><\/summary>\n<p>E <strong>Rregulli 90\/180-ditor<\/strong> do t\u00eb thot\u00eb q\u00eb mund t\u00eb q\u00ebndroni n\u00eb Zon\u00ebn Schengen p\u00ebr nj\u00eb maksimum prej <strong>90 dit\u00eb brenda \u00e7do periudhe prej 180 dit\u00ebsh rrjedh\u00ebse<\/strong>. Kjo vlen p\u00ebr t\u00eb gjith\u00eb udh\u00ebtar\u00ebt e p\u00ebrjashtuar nga viza, pavar\u00ebsisht se sa vende vizitoni. Periudha 180-ditore llogaritet si nj\u00eb dritare e l\u00ebvizshme, jo si nj\u00eb periudh\u00eb fikse kalendarike. P\u00ebr shembull, n\u00ebse hyni m\u00eb 1 janar dhe q\u00ebndroni 90 dit\u00eb, nuk mund t\u00eb hyni p\u00ebrs\u00ebri deri rreth 1 korrikut. P\u00ebrdorni zyrtarin e Komisionit Evropian <a href=\"https:\/\/ec.europa.eu\/home-affairs\/content\/visa\/short-stay-visa-calculator_en\" rel=\"nofollow noopener\" target=\"_blank\">Kalkulator p\u00ebr q\u00ebndrim t\u00eb shkurt\u00ebr<\/a> p\u00ebr t\u00eb planifikuar udh\u00ebtimet tuaja.<\/p>\n<\/details>\n<details>\n<summary><strong>A mund t\u00eb punoj n\u00eb Evrop\u00eb me ETIAS?<\/strong><\/summary>\n<p><strong>Jo, ETIAS nuk lejon pun\u00ebsim t\u00eb paguar.<\/strong> n\u00eb \u00e7do vend evropian. ETIAS mbulon vizitat e q\u00ebndrimit t\u00eb shkurt\u00ebr p\u00ebr turiz\u00ebm, takime pune, konferenca, tranzit, trajtim mjek\u00ebsor dhe programe t\u00eb shkurtra arsimore (m\u00eb pak se 90 dit\u00eb). N\u00ebse d\u00ebshironi t\u00eb punoni, t\u00eb studioni afatgjat\u00eb ose t\u00eb banoni n\u00eb nj\u00eb vend evropian, duhet t\u00eb aplikoni p\u00ebr viz\u00ebn komb\u00ebtare ose lejen e q\u00ebndrimit p\u00ebrkat\u00ebse p\u00ebrmes ambasad\u00ebs ose konsullat\u00ebs s\u00eb atij vendi.<\/p>\n<\/details>\n<details>\n<summary><strong>\u00c7far\u00eb ndodh n\u00ebse ETIAS-i im refuzohet?<\/strong><\/summary>\n<p>N\u00ebse aplikimi juaj p\u00ebr ETIAS refuzohet, do t\u00eb merrni nj\u00eb email q\u00eb specifikon <strong>arsye p\u00ebr refuzim<\/strong>. Sipas Nenit 40 t\u00eb Rregullores s\u00eb BE-s\u00eb 2018\/1240, ju keni t\u00eb drejt\u00eb t\u00eb <strong>Apel<\/strong> vendimin p\u00ebrmes autoritetit komb\u00ebtar t\u00eb shtetit an\u00ebtar t\u00eb BE-s\u00eb q\u00eb p\u00ebrpunoi aplikimin tuaj. Ju gjithashtu mund t\u00eb dor\u00ebzoni nj\u00eb <strong>Aplikim i ri<\/strong> n\u00ebse rrethanat ndryshojn\u00eb. Alternativisht, mund t\u00eb aplikoni p\u00ebr nj\u00eb tradicional <strong>Viza Schengen<\/strong> p\u00ebrmes nj\u00eb ambasade ose konsullate.<\/p>\n<\/details>\n<details>\n<summary><strong>Po t\u00eb marr nj\u00eb pasaport\u00eb t\u00eb re?<\/strong><\/summary>\n<p>N\u00ebse merrni nj\u00eb <strong>pasaport\u00eb e re<\/strong> Nd\u00ebrkoh\u00eb q\u00eb ETIAS-i juaj \u00ebsht\u00eb ende i vlefsh\u00ebm, ju duhet <strong>Aplikoni p\u00ebr nj\u00eb ETIAS t\u00eb ri<\/strong>. ETIAS-i juaj i m\u00ebparsh\u00ebm ishte i lidhur me pasaport\u00ebn tuaj t\u00eb vjet\u00ebr dhe nuk mund t\u00eb transferohet. Aplikimi i ri k\u00ebrkon tarif\u00ebn standarde prej 20 \u20ac dhe ndjek t\u00eb nj\u00ebjtin proces. ETIAS-i juaj i ri do t\u00eb jet\u00eb i vlefsh\u00ebm p\u00ebr 3 vjet nga data e re e miratimit.<\/p>\n<\/details>\n<p><em>Burimet: Komisioni Evropian (ec.europa.eu), Rregullorja e BE-s\u00eb 2018\/1240, eu-LISA (eulisa.europa.eu). P\u00ebrdit\u00ebsuar s\u00eb fundi: shkurt 2026.<\/em><\/p>","protected":false},"excerpt":{"rendered":"<p>Key Takeaway: ETIAS is a &euro;20 digital travel authorisation required for citizens of 62 visa-exempt countries visiting Europe&#8217;s Schengen Area [&hellip;]<\/p>\n","protected":false},"author":2,"featured_media":0,"parent":0,"menu_order":0,"comment_status":"closed","ping_status":"closed","template":"","meta":{"site-sidebar-layout":"default","site-content-layout":"","ast-site-content-layout":"default","site-content-style":"default","site-sidebar-style":"default","ast-global-header-display":"","ast-banner-title-visibility":"","ast-main-header-display":"","ast-hfb-above-header-display":"","ast-hfb-below-header-display":"","ast-hfb-mobile-header-display":"","site-post-title":"","ast-breadcrumbs-content":"","ast-featured-img":"","footer-sml-layout":"","ast-disable-related-posts":"","theme-transparent-header-meta":"","adv-header-id-meta":"","stick-header-meta":"","header-above-stick-meta":"","header-main-stick-meta":"","header-below-stick-meta":"","astra-migrate-meta-layouts":"default","ast-page-background-enabled":"default","ast-page-background-meta":{"desktop":{"background-color":"var(--ast-global-color-5)","background-image":"","background-repeat":"repeat","background-position":"center center","background-size":"auto","background-attachment":"scroll","background-type":"","background-media":"","overlay-type":"","overlay-color":"","overlay-opacity":"","overlay-gradient":""},"tablet":{"background-color":"","background-image":"","background-repeat":"repeat","background-position":"center center","background-size":"auto","background-attachment":"scroll","background-type":"","background-media":"","overlay-type":"","overlay-color":"","overlay-opacity":"","overlay-gradient":""},"mobile":{"background-color":"","background-image":"","background-repeat":"repeat","background-position":"center center","background-size":"auto","background-attachment":"scroll","background-type":"","background-media":"","overlay-type":"","overlay-color":"","overlay-opacity":"","overlay-gradient":""}},"ast-content-background-meta":{"desktop":{"background-color":"var(--ast-global-color-4)","background-image":"","background-repeat":"repeat","background-position":"center center","background-size":"auto","background-attachment":"scroll","background-type":"","background-media":"","overlay-type":"","overlay-color":"","overlay-opacity":"","overlay-gradient":""},"tablet":{"background-color":"var(--ast-global-color-4)","background-image":"","background-repeat":"repeat","background-position":"center center","background-size":"auto","background-attachment":"scroll","background-type":"","background-media":"","overlay-type":"","overlay-color":"","overlay-opacity":"","overlay-gradient":""},"mobile":{"background-color":"var(--ast-global-color-4)","background-image":"","background-repeat":"repeat","background-position":"center center","background-size":"auto","background-attachment":"scroll","background-type":"","background-media":"","overlay-type":"","overlay-color":"","overlay-opacity":"","overlay-gradient":""}},"footnotes":""},"class_list":["post-27","page","type-page","status-publish","hentry"],"yoast_head":"<!-- This site is optimized with the Yoast SEO plugin v27.0 - https:\/\/yoast.com\/product\/yoast-seo-wordpress\/ -->\n<title>ETIAS FAQ - ETIAS - Travel to Europe<\/title>\n<meta name=\"robots\" content=\"index, follow, max-snippet:-1, max-image-preview:large, max-video-preview:-1\" \/>\n<link rel=\"canonical\" href=\"https:\/\/europe-visa.eu\/sq\/etias-faq\/\" \/>\n<meta property=\"og:locale\" content=\"sq_AL\" \/>\n<meta property=\"og:type\" content=\"article\" \/>\n<meta property=\"og:title\" content=\"ETIAS FAQ - ETIAS - Travel to Europe\" \/>\n<meta property=\"og:description\" content=\"Key Takeaway: ETIAS is a &euro;20 digital travel authorisation required for citizens of 62 visa-exempt countries visiting Europe&#8217;s Schengen Area [&hellip;]\" \/>\n<meta property=\"og:url\" content=\"https:\/\/europe-visa.eu\/sq\/etias-faq\/\" \/>\n<meta property=\"og:site_name\" content=\"ETIAS - Travel to Europe\" \/>\n<meta property=\"article:modified_time\" content=\"2026-02-28T20:16:38+00:00\" \/>\n<meta name=\"twitter:card\" content=\"summary_large_image\" \/>\n<meta name=\"twitter:label1\" content=\"Est. reading time\" \/>\n\t<meta name=\"twitter:data1\" content=\"6 minuta\" \/>\n<script type=\"application\/ld+json\" class=\"yoast-schema-graph\">{\"@context\":\"https:\/\/schema.org\",\"@graph\":[{\"@type\":\"WebPage\",\"@id\":\"https:\/\/europe-visa.eu\/etias-faq\/\",\"url\":\"https:\/\/europe-visa.eu\/etias-faq\/\",\"name\":\"ETIAS FAQ - ETIAS - Travel to Europe\",\"isPartOf\":{\"@id\":\"https:\/\/europe-visa.eu\/#website\"},\"datePublished\":\"2026-02-28T18:46:30+00:00\",\"dateModified\":\"2026-02-28T20:16:38+00:00\",\"breadcrumb\":{\"@id\":\"https:\/\/europe-visa.eu\/etias-faq\/#breadcrumb\"},\"inLanguage\":\"sq\",\"potentialAction\":[{\"@type\":\"ReadAction\",\"target\":[\"https:\/\/europe-visa.eu\/etias-faq\/\"]}]},{\"@type\":\"BreadcrumbList\",\"@id\":\"https:\/\/europe-visa.eu\/etias-faq\/#breadcrumb\",\"itemListElement\":[{\"@type\":\"ListItem\",\"position\":1,\"name\":\"Home\",\"item\":\"https:\/\/europe-visa.eu\/\"},{\"@type\":\"ListItem\",\"position\":2,\"name\":\"ETIAS FAQ\"}]},{\"@type\":\"WebSite\",\"@id\":\"https:\/\/europe-visa.eu\/#website\",\"url\":\"https:\/\/europe-visa.eu\/\",\"name\":\"ETIAS - Travel to Europe\",\"description\":\"\",\"publisher\":{\"@id\":\"https:\/\/europe-visa.eu\/#organization\"},\"potentialAction\":[{\"@type\":\"SearchAction\",\"target\":{\"@type\":\"EntryPoint\",\"urlTemplate\":\"https:\/\/europe-visa.eu\/?s={search_term_string}\"},\"query-input\":{\"@type\":\"PropertyValueSpecification\",\"valueRequired\":true,\"valueName\":\"search_term_string\"}}],\"inLanguage\":\"sq\"},{\"@type\":\"Organization\",\"@id\":\"https:\/\/europe-visa.eu\/#organization\",\"name\":\"Europe-Visa.eu\",\"url\":\"https:\/\/europe-visa.eu\/\",\"logo\":{\"@type\":\"ImageObject\",\"inLanguage\":\"sq\",\"@id\":\"https:\/\/europe-visa.eu\/#\/schema\/logo\/image\/\",\"url\":\"https:\/\/europe-visa.eu\/wp-content\/uploads\/2026\/02\/etias-favicon.png\",\"contentUrl\":\"https:\/\/europe-visa.eu\/wp-content\/uploads\/2026\/02\/etias-favicon.png\",\"width\":512,\"height\":512,\"caption\":\"Europe-Visa.eu\"},\"image\":{\"@id\":\"https:\/\/europe-visa.eu\/#\/schema\/logo\/image\/\"}}]}<\/script>\n<!-- \/ Yoast SEO plugin. -->","yoast_head_json":{"title":"ETIAS Pyetje t\u00eb Shpeshta - ETIAS - Udh\u00ebtim n\u00eb Evrop\u00eb","robots":{"index":"index","follow":"follow","max-snippet":"max-snippet:-1","max-image-preview":"max-image-preview:large","max-video-preview":"max-video-preview:-1"},"canonical":"https:\/\/europe-visa.eu\/sq\/etias-faq\/","og_locale":"sq_AL","og_type":"article","og_title":"ETIAS FAQ - ETIAS - Travel to Europe","og_description":"Key Takeaway: ETIAS is a &euro;20 digital travel authorisation required for citizens of 62 visa-exempt countries visiting Europe&#8217;s Schengen Area [&hellip;]","og_url":"https:\/\/europe-visa.eu\/sq\/etias-faq\/","og_site_name":"ETIAS - Travel to Europe","article_modified_time":"2026-02-28T20:16:38+00:00","twitter_card":"summary_large_image","twitter_misc":{"Est. reading time":"6 minuta"},"schema":{"@context":"https:\/\/schema.org","@graph":[{"@type":"WebPage","@id":"https:\/\/europe-visa.eu\/etias-faq\/","url":"https:\/\/europe-visa.eu\/etias-faq\/","name":"ETIAS Pyetje t\u00eb Shpeshta - ETIAS - Udh\u00ebtim n\u00eb Evrop\u00eb","isPartOf":{"@id":"https:\/\/europe-visa.eu\/#website"},"datePublished":"2026-02-28T18:46:30+00:00","dateModified":"2026-02-28T20:16:38+00:00","breadcrumb":{"@id":"https:\/\/europe-visa.eu\/etias-faq\/#breadcrumb"},"inLanguage":"sq","potentialAction":[{"@type":"ReadAction","target":["https:\/\/europe-visa.eu\/etias-faq\/"]}]},{"@type":"BreadcrumbList","@id":"https:\/\/europe-visa.eu\/etias-faq\/#breadcrumb","itemListElement":[{"@type":"ListItem","position":1,"name":"Home","item":"https:\/\/europe-visa.eu\/"},{"@type":"ListItem","position":2,"name":"ETIAS FAQ"}]},{"@type":"WebSite","@id":"https:\/\/europe-visa.eu\/#website","url":"https:\/\/europe-visa.eu\/","name":"ETIAS - Udh\u00ebtim n\u00eb Evrop\u00eb","description":"","publisher":{"@id":"https:\/\/europe-visa.eu\/#organization"},"potentialAction":[{"@type":"SearchAction","target":{"@type":"EntryPoint","urlTemplate":"https:\/\/europe-visa.eu\/?s={search_term_string}"},"query-input":{"@type":"PropertyValueSpecification","valueRequired":true,"valueName":"search_term_string"}}],"inLanguage":"sq"},{"@type":"Organization","@id":"https:\/\/europe-visa.eu\/#organization","name":"Europe-Visa.eu","url":"https:\/\/europe-visa.eu\/","logo":{"@type":"ImageObject","inLanguage":"sq","@id":"https:\/\/europe-visa.eu\/#\/schema\/logo\/image\/","url":"https:\/\/europe-visa.eu\/wp-content\/uploads\/2026\/02\/etias-favicon.png","contentUrl":"https:\/\/europe-visa.eu\/wp-content\/uploads\/2026\/02\/etias-favicon.png","width":512,"height":512,"caption":"Europe-Visa.eu"},"image":{"@id":"https:\/\/europe-visa.eu\/#\/schema\/logo\/image\/"}}]}},"_links":{"self":[{"href":"https:\/\/europe-visa.eu\/sq\/wp-json\/wp\/v2\/pages\/27","targetHints":{"allow":["GET"]}}],"collection":[{"href":"https:\/\/europe-visa.eu\/sq\/wp-json\/wp\/v2\/pages"}],"about":[{"href":"https:\/\/europe-visa.eu\/sq\/wp-json\/wp\/v2\/types\/page"}],"author":[{"embeddable":true,"href":"https:\/\/europe-visa.eu\/sq\/wp-json\/wp\/v2\/users\/2"}],"replies":[{"embeddable":true,"href":"https:\/\/europe-visa.eu\/sq\/wp-json\/wp\/v2\/comments?post=27"}],"version-history":[{"count":3,"href":"https:\/\/europe-visa.eu\/sq\/wp-json\/wp\/v2\/pages\/27\/revisions"}],"predecessor-version":[{"id":114,"href":"https:\/\/europe-visa.eu\/sq\/wp-json\/wp\/v2\/pages\/27\/revisions\/114"}],"wp:attachment":[{"href":"https:\/\/europe-visa.eu\/sq\/wp-json\/wp\/v2\/media?parent=27"}],"curies":[{"name":"wp","href":"https:\/\/api.w.org\/{rel}","templated":true}]}}